{"id":9829,"date":"2023-01-17T07:41:39","date_gmt":"2023-01-17T07:41:39","guid":{"rendered":"http:\/\/mandabokor.lutheran.hu\/?page_id=9829"},"modified":"2023-01-18T07:56:00","modified_gmt":"2023-01-18T07:56:00","slug":"ifjusagi-hetvege-balatonszarszo","status":"publish","type":"page","link":"https:\/\/mandabokor.lutheran.hu\/?page_id=9829","title":{"rendered":"Ifj\u00fas\u00e1gi h\u00e9tv\u00e9ge &#8211; Balatonsz\u00e1rsz\u00f3"},"content":{"rendered":"<div id=\"amw_galleria_slideshow_1\" class=\"amw-galleria-slideshow\"><\/div>\n<script type=\"text\/javascript\">jQuery(document).ready(function(){ jQuery(\"#amw_galleria_slideshow_1\").galleria({\"dataSource\":[{\"image\":\"https:\\\/\\\/mandabokor.lutheran.hu\\\/wp-content\\\/uploads\\\/2023\\\/01\\\/Csoportkep-2-EKE-221113-1024x576.jpeg\",\"big\":\"https:\\\/\\\/mandabokor.lutheran.hu\\\/wp-content\\\/uploads\\\/2023\\\/01\\\/Csoportkep-2-EKE-221113-1024x576.jpeg\",\"thumb\":\"https:\\\/\\\/mandabokor.lutheran.hu\\\/wp-content\\\/uploads\\\/2023\\\/01\\\/Csoportkep-2-EKE-221113-150x150.jpeg\",\"title\":\"Csoportk\\u00e9p 2 EKE 221113\",\"description\":\"\"},{\"image\":\"https:\\\/\\\/mandabokor.lutheran.hu\\\/wp-content\\\/uploads\\\/2023\\\/01\\\/Csoportkep-EKE-221113-1024x625.jpeg\",\"big\":\"https:\\\/\\\/mandabokor.lutheran.hu\\\/wp-content\\\/uploads\\\/2023\\\/01\\\/Csoportkep-EKE-221113-1024x625.jpeg\",\"thumb\":\"https:\\\/\\\/mandabokor.lutheran.hu\\\/wp-content\\\/uploads\\\/2023\\\/01\\\/Csoportkep-EKE-221113-150x150.jpeg\",\"title\":\"Csoportk\\u00e9p EKE 221113\",\"description\":\"\"},{\"image\":\"https:\\\/\\\/mandabokor.lutheran.hu\\\/wp-content\\\/uploads\\\/2023\\\/01\\\/Filadelfia-2_1-1024x768.jpeg\",\"big\":\"https:\\\/\\\/mandabokor.lutheran.hu\\\/wp-content\\\/uploads\\\/2023\\\/01\\\/Filadelfia-2_1-1024x768.jpeg\",\"thumb\":\"https:\\\/\\\/mandabokor.lutheran.hu\\\/wp-content\\\/uploads\\\/2023\\\/01\\\/Filadelfia-2_1-150x150.jpeg\",\"title\":\"Filadelfia (2)_1\",\"description\":\"\"},{\"image\":\"https:\\\/\\\/mandabokor.lutheran.hu\\\/wp-content\\\/uploads\\\/2023\\\/01\\\/IMG_E0842-1024x768.jpg\",\"big\":\"https:\\\/\\\/mandabokor.lutheran.hu\\\/wp-content\\\/uploads\\\/2023\\\/01\\\/IMG_E0842-1024x768.jpg\",\"thumb\":\"https:\\\/\\\/mandabokor.lutheran.hu\\\/wp-content\\\/uploads\\\/2023\\\/01\\\/IMG_E0842-150x150.jpg\",\"title\":\"IMG_E0842\",\"description\":\"\"},{\"image\":\"https:\\\/\\\/mandabokor.lutheran.hu\\\/wp-content\\\/uploads\\\/2023\\\/01\\\/IMG_E0855-1024x768.jpg\",\"big\":\"https:\\\/\\\/mandabokor.lutheran.hu\\\/wp-content\\\/uploads\\\/2023\\\/01\\\/IMG_E0855-1024x768.jpg\",\"thumb\":\"https:\\\/\\\/mandabokor.lutheran.hu\\\/wp-content\\\/uploads\\\/2023\\\/01\\\/IMG_E0855-150x150.jpg\",\"title\":\"IMG_E0855\",\"description\":\"\"},{\"image\":\"https:\\\/\\\/mandabokor.lutheran.hu\\\/wp-content\\\/uploads\\\/2023\\\/01\\\/IMG_E0863-1024x768.jpg\",\"big\":\"https:\\\/\\\/mandabokor.lutheran.hu\\\/wp-content\\\/uploads\\\/2023\\\/01\\\/IMG_E0863-1024x768.jpg\",\"thumb\":\"https:\\\/\\\/mandabokor.lutheran.hu\\\/wp-content\\\/uploads\\\/2023\\\/01\\\/IMG_E0863-150x150.jpg\",\"title\":\"IMG_E0863\",\"description\":\"\"},{\"image\":\"https:\\\/\\\/mandabokor.lutheran.hu\\\/wp-content\\\/uploads\\\/2023\\\/01\\\/IMG_E0864-1024x768.jpg\",\"big\":\"https:\\\/\\\/mandabokor.lutheran.hu\\\/wp-content\\\/uploads\\\/2023\\\/01\\\/IMG_E0864-1024x768.jpg\",\"thumb\":\"https:\\\/\\\/mandabokor.lutheran.hu\\\/wp-content\\\/uploads\\\/2023\\\/01\\\/IMG_E0864-150x150.jpg\",\"title\":\"IMG_E0864\",\"description\":\"\"},{\"image\":\"https:\\\/\\\/mandabokor.lutheran.hu\\\/wp-content\\\/uploads\\\/2023\\\/01\\\/IMG_E0865-1024x768.jpg\",\"big\":\"https:\\\/\\\/mandabokor.lutheran.hu\\\/wp-content\\\/uploads\\\/2023\\\/01\\\/IMG_E0865-1024x768.jpg\",\"thumb\":\"https:\\\/\\\/mandabokor.lutheran.hu\\\/wp-content\\\/uploads\\\/2023\\\/01\\\/IMG_E0865-150x150.jpg\",\"title\":\"IMG_E0865\",\"description\":\"\"},{\"image\":\"https:\\\/\\\/mandabokor.lutheran.hu\\\/wp-content\\\/uploads\\\/2023\\\/01\\\/Szabolcsiak-1-1024x576.jpeg\",\"big\":\"https:\\\/\\\/mandabokor.lutheran.hu\\\/wp-content\\\/uploads\\\/2023\\\/01\\\/Szabolcsiak-1-1024x576.jpeg\",\"thumb\":\"https:\\\/\\\/mandabokor.lutheran.hu\\\/wp-content\\\/uploads\\\/2023\\\/01\\\/Szabolcsiak-1-150x150.jpeg\",\"title\":\"Szabolcsiak (1)\",\"description\":\"\"},{\"image\":\"https:\\\/\\\/mandabokor.lutheran.hu\\\/wp-content\\\/uploads\\\/2023\\\/01\\\/Szabolcsiak-2-1024x576.jpeg\",\"big\":\"https:\\\/\\\/mandabokor.lutheran.hu\\\/wp-content\\\/uploads\\\/2023\\\/01\\\/Szabolcsiak-2-1024x576.jpeg\",\"thumb\":\"https:\\\/\\\/mandabokor.lutheran.hu\\\/wp-content\\\/uploads\\\/2023\\\/01\\\/Szabolcsiak-2-150x150.jpeg\",\"title\":\"Szabolcsiak (2)\",\"description\":\"\"}],\"width\":\"auto\",\"height\":0.76,\"autoplay\":false,\"transition\":\"slide\",\"initialTransition\":\"fade\",\"transitionSpeed\":0,\"_delayTime\":4000,\"_hideControls\":false,\"_thumbnailMode\":\"grid\",\"_captionMode\":\"on_expand\"}); });<\/script>\n","protected":false},"excerpt":{"rendered":"","protected":false},"author":2,"featured_media":0,"parent":0,"menu_order":0,"comment_status":"closed","ping_status":"closed","template":"","meta":{"_monsterinsights_skip_tracking":false,"_monsterinsights_sitenote_active":false,"_monsterinsights_sitenote_note":"","_monsterinsights_sitenote_category":0},"_links":{"self":[{"href":"https:\/\/mandabokor.lutheran.hu\/index.php?rest_route=\/wp\/v2\/pages\/9829"}],"collection":[{"href":"https:\/\/mandabokor.lutheran.hu\/index.php?rest_route=\/wp\/v2\/pages"}],"about":[{"href":"https:\/\/mandabokor.lutheran.hu\/index.php?rest_route=\/wp\/v2\/types\/page"}],"author":[{"embeddable":true,"href":"https:\/\/mandabokor.lutheran.hu\/index.php?rest_route=\/wp\/v2\/users\/2"}],"replies":[{"embeddable":true,"href":"https:\/\/mandabokor.lutheran.hu\/index.php?rest_route=%2Fwp%2Fv2%2Fcomments&post=9829"}],"version-history":[{"count":2,"href":"https:\/\/mandabokor.lutheran.hu\/index.php?rest_route=\/wp\/v2\/pages\/9829\/revisions"}],"predecessor-version":[{"id":10038,"href":"https:\/\/mandabokor.lutheran.hu\/index.php?rest_route=\/wp\/v2\/pages\/9829\/revisions\/10038"}],"wp:attachment":[{"href":"https:\/\/mandabokor.lutheran.hu\/index.php?rest_route=%2Fwp%2Fv2%2Fmedia&parent=9829"}],"curies":[{"name":"wp","href":"https:\/\/api.w.org\/{rel}","templated":true}]}}