{"id":9826,"date":"2023-01-17T07:40:59","date_gmt":"2023-01-17T07:40:59","guid":{"rendered":"http:\/\/mandabokor.lutheran.hu\/?page_id=9826"},"modified":"2023-01-18T07:31:09","modified_gmt":"2023-01-18T07:31:09","slug":"csalados-hetvege","status":"publish","type":"page","link":"https:\/\/mandabokor.lutheran.hu\/?page_id=9826","title":{"rendered":"Csal\u00e1dos h\u00e9tv\u00e9ge"},"content":{"rendered":"<div id=\"amw_galleria_slideshow_1\" class=\"amw-galleria-slideshow\"><\/div>\n<script type=\"text\/javascript\">jQuery(document).ready(function(){ jQuery(\"#amw_galleria_slideshow_1\").galleria({\"dataSource\":[{\"image\":\"https:\\\/\\\/mandabokor.lutheran.hu\\\/wp-content\\\/uploads\\\/2023\\\/01\\\/IMG_0565-1024x768.jpg\",\"big\":\"https:\\\/\\\/mandabokor.lutheran.hu\\\/wp-content\\\/uploads\\\/2023\\\/01\\\/IMG_0565-1024x768.jpg\",\"thumb\":\"https:\\\/\\\/mandabokor.lutheran.hu\\\/wp-content\\\/uploads\\\/2023\\\/01\\\/IMG_0565-150x150.jpg\",\"title\":\"IMG_0565\",\"description\":\"\"},{\"image\":\"https:\\\/\\\/mandabokor.lutheran.hu\\\/wp-content\\\/uploads\\\/2023\\\/01\\\/IMG_0566-1024x284.jpg\",\"big\":\"https:\\\/\\\/mandabokor.lutheran.hu\\\/wp-content\\\/uploads\\\/2023\\\/01\\\/IMG_0566-1024x284.jpg\",\"thumb\":\"https:\\\/\\\/mandabokor.lutheran.hu\\\/wp-content\\\/uploads\\\/2023\\\/01\\\/IMG_0566-150x150.jpg\",\"title\":\"IMG_0566\",\"description\":\"\"},{\"image\":\"https:\\\/\\\/mandabokor.lutheran.hu\\\/wp-content\\\/uploads\\\/2023\\\/01\\\/IMG_0567-1024x768.jpg\",\"big\":\"https:\\\/\\\/mandabokor.lutheran.hu\\\/wp-content\\\/uploads\\\/2023\\\/01\\\/IMG_0567-1024x768.jpg\",\"thumb\":\"https:\\\/\\\/mandabokor.lutheran.hu\\\/wp-content\\\/uploads\\\/2023\\\/01\\\/IMG_0567-150x150.jpg\",\"title\":\"IMG_0567\",\"description\":\"\"},{\"image\":\"https:\\\/\\\/mandabokor.lutheran.hu\\\/wp-content\\\/uploads\\\/2023\\\/01\\\/IMG_0570-1024x768.jpg\",\"big\":\"https:\\\/\\\/mandabokor.lutheran.hu\\\/wp-content\\\/uploads\\\/2023\\\/01\\\/IMG_0570-1024x768.jpg\",\"thumb\":\"https:\\\/\\\/mandabokor.lutheran.hu\\\/wp-content\\\/uploads\\\/2023\\\/01\\\/IMG_0570-150x150.jpg\",\"title\":\"IMG_0570\",\"description\":\"\"},{\"image\":\"https:\\\/\\\/mandabokor.lutheran.hu\\\/wp-content\\\/uploads\\\/2023\\\/01\\\/IMG_0571-1024x768.jpg\",\"big\":\"https:\\\/\\\/mandabokor.lutheran.hu\\\/wp-content\\\/uploads\\\/2023\\\/01\\\/IMG_0571-1024x768.jpg\",\"thumb\":\"https:\\\/\\\/mandabokor.lutheran.hu\\\/wp-content\\\/uploads\\\/2023\\\/01\\\/IMG_0571-150x150.jpg\",\"title\":\"IMG_0571\",\"description\":\"\"},{\"image\":\"https:\\\/\\\/mandabokor.lutheran.hu\\\/wp-content\\\/uploads\\\/2023\\\/01\\\/IMG_0574-1024x768.jpg\",\"big\":\"https:\\\/\\\/mandabokor.lutheran.hu\\\/wp-content\\\/uploads\\\/2023\\\/01\\\/IMG_0574-1024x768.jpg\",\"thumb\":\"https:\\\/\\\/mandabokor.lutheran.hu\\\/wp-content\\\/uploads\\\/2023\\\/01\\\/IMG_0574-150x150.jpg\",\"title\":\"IMG_0574\",\"description\":\"\"},{\"image\":\"https:\\\/\\\/mandabokor.lutheran.hu\\\/wp-content\\\/uploads\\\/2023\\\/01\\\/IMG_0576-1024x768.jpg\",\"big\":\"https:\\\/\\\/mandabokor.lutheran.hu\\\/wp-content\\\/uploads\\\/2023\\\/01\\\/IMG_0576-1024x768.jpg\",\"thumb\":\"https:\\\/\\\/mandabokor.lutheran.hu\\\/wp-content\\\/uploads\\\/2023\\\/01\\\/IMG_0576-150x150.jpg\",\"title\":\"IMG_0576\",\"description\":\"\"},{\"image\":\"https:\\\/\\\/mandabokor.lutheran.hu\\\/wp-content\\\/uploads\\\/2023\\\/01\\\/IMG_0577-1024x768.jpg\",\"big\":\"https:\\\/\\\/mandabokor.lutheran.hu\\\/wp-content\\\/uploads\\\/2023\\\/01\\\/IMG_0577-1024x768.jpg\",\"thumb\":\"https:\\\/\\\/mandabokor.lutheran.hu\\\/wp-content\\\/uploads\\\/2023\\\/01\\\/IMG_0577-150x150.jpg\",\"title\":\"IMG_0577\",\"description\":\"\"},{\"image\":\"https:\\\/\\\/mandabokor.lutheran.hu\\\/wp-content\\\/uploads\\\/2023\\\/01\\\/IMG_0579-1024x768.jpg\",\"big\":\"https:\\\/\\\/mandabokor.lutheran.hu\\\/wp-content\\\/uploads\\\/2023\\\/01\\\/IMG_0579-1024x768.jpg\",\"thumb\":\"https:\\\/\\\/mandabokor.lutheran.hu\\\/wp-content\\\/uploads\\\/2023\\\/01\\\/IMG_0579-150x150.jpg\",\"title\":\"IMG_0579\",\"description\":\"\"},{\"image\":\"https:\\\/\\\/mandabokor.lutheran.hu\\\/wp-content\\\/uploads\\\/2023\\\/01\\\/IMG_0580-1024x470.jpg\",\"big\":\"https:\\\/\\\/mandabokor.lutheran.hu\\\/wp-content\\\/uploads\\\/2023\\\/01\\\/IMG_0580-1024x470.jpg\",\"thumb\":\"https:\\\/\\\/mandabokor.lutheran.hu\\\/wp-content\\\/uploads\\\/2023\\\/01\\\/IMG_0580-150x150.jpg\",\"title\":\"IMG_0580\",\"description\":\"\"},{\"image\":\"https:\\\/\\\/mandabokor.lutheran.hu\\\/wp-content\\\/uploads\\\/2023\\\/01\\\/IMG_0581-1024x768.jpg\",\"big\":\"https:\\\/\\\/mandabokor.lutheran.hu\\\/wp-content\\\/uploads\\\/2023\\\/01\\\/IMG_0581-1024x768.jpg\",\"thumb\":\"https:\\\/\\\/mandabokor.lutheran.hu\\\/wp-content\\\/uploads\\\/2023\\\/01\\\/IMG_0581-150x150.jpg\",\"title\":\"IMG_0581\",\"description\":\"\"},{\"image\":\"https:\\\/\\\/mandabokor.lutheran.hu\\\/wp-content\\\/uploads\\\/2023\\\/01\\\/IMG_0585-1024x768.jpg\",\"big\":\"https:\\\/\\\/mandabokor.lutheran.hu\\\/wp-content\\\/uploads\\\/2023\\\/01\\\/IMG_0585-1024x768.jpg\",\"thumb\":\"https:\\\/\\\/mandabokor.lutheran.hu\\\/wp-content\\\/uploads\\\/2023\\\/01\\\/IMG_0585-150x150.jpg\",\"title\":\"IMG_0585\",\"description\":\"\"},{\"image\":\"https:\\\/\\\/mandabokor.lutheran.hu\\\/wp-content\\\/uploads\\\/2023\\\/01\\\/IMG_0593-1024x768.jpg\",\"big\":\"https:\\\/\\\/mandabokor.lutheran.hu\\\/wp-content\\\/uploads\\\/2023\\\/01\\\/IMG_0593-1024x768.jpg\",\"thumb\":\"https:\\\/\\\/mandabokor.lutheran.hu\\\/wp-content\\\/uploads\\\/2023\\\/01\\\/IMG_0593-150x150.jpg\",\"title\":\"IMG_0593\",\"description\":\"\"},{\"image\":\"https:\\\/\\\/mandabokor.lutheran.hu\\\/wp-content\\\/uploads\\\/2023\\\/01\\\/IMG_0595-1024x768.jpg\",\"big\":\"https:\\\/\\\/mandabokor.lutheran.hu\\\/wp-content\\\/uploads\\\/2023\\\/01\\\/IMG_0595-1024x768.jpg\",\"thumb\":\"https:\\\/\\\/mandabokor.lutheran.hu\\\/wp-content\\\/uploads\\\/2023\\\/01\\\/IMG_0595-150x150.jpg\",\"title\":\"IMG_0595\",\"description\":\"\"},{\"image\":\"https:\\\/\\\/mandabokor.lutheran.hu\\\/wp-content\\\/uploads\\\/2023\\\/01\\\/IMG_0601-1024x768.jpg\",\"big\":\"https:\\\/\\\/mandabokor.lutheran.hu\\\/wp-content\\\/uploads\\\/2023\\\/01\\\/IMG_0601-1024x768.jpg\",\"thumb\":\"https:\\\/\\\/mandabokor.lutheran.hu\\\/wp-content\\\/uploads\\\/2023\\\/01\\\/IMG_0601-150x150.jpg\",\"title\":\"IMG_0601\",\"description\":\"\"},{\"image\":\"https:\\\/\\\/mandabokor.lutheran.hu\\\/wp-content\\\/uploads\\\/2023\\\/01\\\/IMG_0605-1024x768.jpg\",\"big\":\"https:\\\/\\\/mandabokor.lutheran.hu\\\/wp-content\\\/uploads\\\/2023\\\/01\\\/IMG_0605-1024x768.jpg\",\"thumb\":\"https:\\\/\\\/mandabokor.lutheran.hu\\\/wp-content\\\/uploads\\\/2023\\\/01\\\/IMG_0605-150x150.jpg\",\"title\":\"IMG_0605\",\"description\":\"\"},{\"image\":\"https:\\\/\\\/mandabokor.lutheran.hu\\\/wp-content\\\/uploads\\\/2023\\\/01\\\/IMG_0606-1024x768.jpg\",\"big\":\"https:\\\/\\\/mandabokor.lutheran.hu\\\/wp-content\\\/uploads\\\/2023\\\/01\\\/IMG_0606-1024x768.jpg\",\"thumb\":\"https:\\\/\\\/mandabokor.lutheran.hu\\\/wp-content\\\/uploads\\\/2023\\\/01\\\/IMG_0606-150x150.jpg\",\"title\":\"IMG_0606\",\"description\":\"\"},{\"image\":\"https:\\\/\\\/mandabokor.lutheran.hu\\\/wp-content\\\/uploads\\\/2023\\\/01\\\/IMG_0608-1024x768.jpg\",\"big\":\"https:\\\/\\\/mandabokor.lutheran.hu\\\/wp-content\\\/uploads\\\/2023\\\/01\\\/IMG_0608-1024x768.jpg\",\"thumb\":\"https:\\\/\\\/mandabokor.lutheran.hu\\\/wp-content\\\/uploads\\\/2023\\\/01\\\/IMG_0608-150x150.jpg\",\"title\":\"IMG_0608\",\"description\":\"\"},{\"image\":\"https:\\\/\\\/mandabokor.lutheran.hu\\\/wp-content\\\/uploads\\\/2023\\\/01\\\/IMG_0613-768x1024.jpg\",\"big\":\"https:\\\/\\\/mandabokor.lutheran.hu\\\/wp-content\\\/uploads\\\/2023\\\/01\\\/IMG_0613-768x1024.jpg\",\"thumb\":\"https:\\\/\\\/mandabokor.lutheran.hu\\\/wp-content\\\/uploads\\\/2023\\\/01\\\/IMG_0613-150x150.jpg\",\"title\":\"IMG_0613\",\"description\":\"\"},{\"image\":\"https:\\\/\\\/mandabokor.lutheran.hu\\\/wp-content\\\/uploads\\\/2023\\\/01\\\/IMG_0619-1024x768.jpg\",\"big\":\"https:\\\/\\\/mandabokor.lutheran.hu\\\/wp-content\\\/uploads\\\/2023\\\/01\\\/IMG_0619-1024x768.jpg\",\"thumb\":\"https:\\\/\\\/mandabokor.lutheran.hu\\\/wp-content\\\/uploads\\\/2023\\\/01\\\/IMG_0619-150x150.jpg\",\"title\":\"IMG_0619\",\"description\":\"\"},{\"image\":\"https:\\\/\\\/mandabokor.lutheran.hu\\\/wp-content\\\/uploads\\\/2023\\\/01\\\/IMG_0620-1024x768.jpg\",\"big\":\"https:\\\/\\\/mandabokor.lutheran.hu\\\/wp-content\\\/uploads\\\/2023\\\/01\\\/IMG_0620-1024x768.jpg\",\"thumb\":\"https:\\\/\\\/mandabokor.lutheran.hu\\\/wp-content\\\/uploads\\\/2023\\\/01\\\/IMG_0620-150x150.jpg\",\"title\":\"IMG_0620\",\"description\":\"\"},{\"image\":\"https:\\\/\\\/mandabokor.lutheran.hu\\\/wp-content\\\/uploads\\\/2023\\\/01\\\/IMG_0625-1024x768.jpg\",\"big\":\"https:\\\/\\\/mandabokor.lutheran.hu\\\/wp-content\\\/uploads\\\/2023\\\/01\\\/IMG_0625-1024x768.jpg\",\"thumb\":\"https:\\\/\\\/mandabokor.lutheran.hu\\\/wp-content\\\/uploads\\\/2023\\\/01\\\/IMG_0625-150x150.jpg\",\"title\":\"IMG_0625\",\"description\":\"\"}],\"width\":\"auto\",\"height\":0.76,\"autoplay\":false,\"transition\":\"slide\",\"initialTransition\":\"fade\",\"transitionSpeed\":0,\"_delayTime\":4000,\"_hideControls\":false,\"_thumbnailMode\":\"grid\",\"_captionMode\":\"on_expand\"}); });<\/script>\n","protected":false},"excerpt":{"rendered":"","protected":false},"author":2,"featured_media":0,"parent":0,"menu_order":0,"comment_status":"closed","ping_status":"closed","template":"","meta":{"_monsterinsights_skip_tracking":false,"_monsterinsights_sitenote_active":false,"_monsterinsights_sitenote_note":"","_monsterinsights_sitenote_category":0},"_links":{"self":[{"href":"https:\/\/mandabokor.lutheran.hu\/index.php?rest_route=\/wp\/v2\/pages\/9826"}],"collection":[{"href":"https:\/\/mandabokor.lutheran.hu\/index.php?rest_route=\/wp\/v2\/pages"}],"about":[{"href":"https:\/\/mandabokor.lutheran.hu\/index.php?rest_route=\/wp\/v2\/types\/page"}],"author":[{"embeddable":true,"href":"https:\/\/mandabokor.lutheran.hu\/index.php?rest_route=\/wp\/v2\/users\/2"}],"replies":[{"embeddable":true,"href":"https:\/\/mandabokor.lutheran.hu\/index.php?rest_route=%2Fwp%2Fv2%2Fcomments&post=9826"}],"version-history":[{"count":2,"href":"https:\/\/mandabokor.lutheran.hu\/index.php?rest_route=\/wp\/v2\/pages\/9826\/revisions"}],"predecessor-version":[{"id":10027,"href":"https:\/\/mandabokor.lutheran.hu\/index.php?rest_route=\/wp\/v2\/pages\/9826\/revisions\/10027"}],"wp:attachment":[{"href":"https:\/\/mandabokor.lutheran.hu\/index.php?rest_route=%2Fwp%2Fv2%2Fmedia&parent=9826"}],"curies":[{"name":"wp","href":"https:\/\/api.w.org\/{rel}","templated":true}]}}