{"id":9805,"date":"2023-01-17T07:36:06","date_gmt":"2023-01-17T07:36:06","guid":{"rendered":"http:\/\/mandabokor.lutheran.hu\/?page_id=9805"},"modified":"2023-01-18T07:13:40","modified_gmt":"2023-01-18T07:13:40","slug":"konfirmacios-tabor-2","status":"publish","type":"page","link":"https:\/\/mandabokor.lutheran.hu\/?page_id=9805","title":{"rendered":"Konfirm\u00e1ci\u00f3s t\u00e1bor"},"content":{"rendered":"<div id=\"amw_galleria_slideshow_1\" class=\"amw-galleria-slideshow\"><\/div>\n<script type=\"text\/javascript\">jQuery(document).ready(function(){ jQuery(\"#amw_galleria_slideshow_1\").galleria({\"dataSource\":[{\"image\":\"https:\\\/\\\/mandabokor.lutheran.hu\\\/wp-content\\\/uploads\\\/2023\\\/01\\\/IMG_E8969-1024x768.jpg\",\"big\":\"https:\\\/\\\/mandabokor.lutheran.hu\\\/wp-content\\\/uploads\\\/2023\\\/01\\\/IMG_E8969-1024x768.jpg\",\"thumb\":\"https:\\\/\\\/mandabokor.lutheran.hu\\\/wp-content\\\/uploads\\\/2023\\\/01\\\/IMG_E8969-150x150.jpg\",\"title\":\"IMG_E8969\",\"description\":\"\"},{\"image\":\"https:\\\/\\\/mandabokor.lutheran.hu\\\/wp-content\\\/uploads\\\/2023\\\/01\\\/IMG_E8975-1024x768.jpg\",\"big\":\"https:\\\/\\\/mandabokor.lutheran.hu\\\/wp-content\\\/uploads\\\/2023\\\/01\\\/IMG_E8975-1024x768.jpg\",\"thumb\":\"https:\\\/\\\/mandabokor.lutheran.hu\\\/wp-content\\\/uploads\\\/2023\\\/01\\\/IMG_E8975-150x150.jpg\",\"title\":\"IMG_E8975\",\"description\":\"\"},{\"image\":\"https:\\\/\\\/mandabokor.lutheran.hu\\\/wp-content\\\/uploads\\\/2023\\\/01\\\/IMG_E8980-1024x768.jpg\",\"big\":\"https:\\\/\\\/mandabokor.lutheran.hu\\\/wp-content\\\/uploads\\\/2023\\\/01\\\/IMG_E8980-1024x768.jpg\",\"thumb\":\"https:\\\/\\\/mandabokor.lutheran.hu\\\/wp-content\\\/uploads\\\/2023\\\/01\\\/IMG_E8980-150x150.jpg\",\"title\":\"IMG_E8980\",\"description\":\"\"},{\"image\":\"https:\\\/\\\/mandabokor.lutheran.hu\\\/wp-content\\\/uploads\\\/2023\\\/01\\\/IMG_E8988-1024x768.jpg\",\"big\":\"https:\\\/\\\/mandabokor.lutheran.hu\\\/wp-content\\\/uploads\\\/2023\\\/01\\\/IMG_E8988-1024x768.jpg\",\"thumb\":\"https:\\\/\\\/mandabokor.lutheran.hu\\\/wp-content\\\/uploads\\\/2023\\\/01\\\/IMG_E8988-150x150.jpg\",\"title\":\"IMG_E8988\",\"description\":\"\"},{\"image\":\"https:\\\/\\\/mandabokor.lutheran.hu\\\/wp-content\\\/uploads\\\/2023\\\/01\\\/IMG_E8989-1024x768.jpg\",\"big\":\"https:\\\/\\\/mandabokor.lutheran.hu\\\/wp-content\\\/uploads\\\/2023\\\/01\\\/IMG_E8989-1024x768.jpg\",\"thumb\":\"https:\\\/\\\/mandabokor.lutheran.hu\\\/wp-content\\\/uploads\\\/2023\\\/01\\\/IMG_E8989-150x150.jpg\",\"title\":\"IMG_E8989\",\"description\":\"\"},{\"image\":\"https:\\\/\\\/mandabokor.lutheran.hu\\\/wp-content\\\/uploads\\\/2023\\\/01\\\/IMG_E8993-1024x768.jpg\",\"big\":\"https:\\\/\\\/mandabokor.lutheran.hu\\\/wp-content\\\/uploads\\\/2023\\\/01\\\/IMG_E8993-1024x768.jpg\",\"thumb\":\"https:\\\/\\\/mandabokor.lutheran.hu\\\/wp-content\\\/uploads\\\/2023\\\/01\\\/IMG_E8993-150x150.jpg\",\"title\":\"IMG_E8993\",\"description\":\"\"},{\"image\":\"https:\\\/\\\/mandabokor.lutheran.hu\\\/wp-content\\\/uploads\\\/2023\\\/01\\\/IMG_E8994-1024x768.jpg\",\"big\":\"https:\\\/\\\/mandabokor.lutheran.hu\\\/wp-content\\\/uploads\\\/2023\\\/01\\\/IMG_E8994-1024x768.jpg\",\"thumb\":\"https:\\\/\\\/mandabokor.lutheran.hu\\\/wp-content\\\/uploads\\\/2023\\\/01\\\/IMG_E8994-150x150.jpg\",\"title\":\"IMG_E8994\",\"description\":\"\"},{\"image\":\"https:\\\/\\\/mandabokor.lutheran.hu\\\/wp-content\\\/uploads\\\/2023\\\/01\\\/IMG_E8998-1024x768.jpg\",\"big\":\"https:\\\/\\\/mandabokor.lutheran.hu\\\/wp-content\\\/uploads\\\/2023\\\/01\\\/IMG_E8998-1024x768.jpg\",\"thumb\":\"https:\\\/\\\/mandabokor.lutheran.hu\\\/wp-content\\\/uploads\\\/2023\\\/01\\\/IMG_E8998-150x150.jpg\",\"title\":\"IMG_E8998\",\"description\":\"\"},{\"image\":\"https:\\\/\\\/mandabokor.lutheran.hu\\\/wp-content\\\/uploads\\\/2023\\\/01\\\/tabor2022-005-1024x678.jpg\",\"big\":\"https:\\\/\\\/mandabokor.lutheran.hu\\\/wp-content\\\/uploads\\\/2023\\\/01\\\/tabor2022-005-1024x678.jpg\",\"thumb\":\"https:\\\/\\\/mandabokor.lutheran.hu\\\/wp-content\\\/uploads\\\/2023\\\/01\\\/tabor2022-005-150x150.jpg\",\"title\":\"t\\u00e1bor2022 005\",\"description\":\"\"},{\"image\":\"https:\\\/\\\/mandabokor.lutheran.hu\\\/wp-content\\\/uploads\\\/2023\\\/01\\\/tabor2022-008-1024x678.jpg\",\"big\":\"https:\\\/\\\/mandabokor.lutheran.hu\\\/wp-content\\\/uploads\\\/2023\\\/01\\\/tabor2022-008-1024x678.jpg\",\"thumb\":\"https:\\\/\\\/mandabokor.lutheran.hu\\\/wp-content\\\/uploads\\\/2023\\\/01\\\/tabor2022-008-150x150.jpg\",\"title\":\"t\\u00e1bor2022 008\",\"description\":\"\"},{\"image\":\"https:\\\/\\\/mandabokor.lutheran.hu\\\/wp-content\\\/uploads\\\/2023\\\/01\\\/tabor2022-011-1024x678.jpg\",\"big\":\"https:\\\/\\\/mandabokor.lutheran.hu\\\/wp-content\\\/uploads\\\/2023\\\/01\\\/tabor2022-011-1024x678.jpg\",\"thumb\":\"https:\\\/\\\/mandabokor.lutheran.hu\\\/wp-content\\\/uploads\\\/2023\\\/01\\\/tabor2022-011-150x150.jpg\",\"title\":\"t\\u00e1bor2022 011\",\"description\":\"\"},{\"image\":\"https:\\\/\\\/mandabokor.lutheran.hu\\\/wp-content\\\/uploads\\\/2023\\\/01\\\/tabor2022-014-1024x678.jpg\",\"big\":\"https:\\\/\\\/mandabokor.lutheran.hu\\\/wp-content\\\/uploads\\\/2023\\\/01\\\/tabor2022-014-1024x678.jpg\",\"thumb\":\"https:\\\/\\\/mandabokor.lutheran.hu\\\/wp-content\\\/uploads\\\/2023\\\/01\\\/tabor2022-014-150x150.jpg\",\"title\":\"t\\u00e1bor2022 014\",\"description\":\"\"},{\"image\":\"https:\\\/\\\/mandabokor.lutheran.hu\\\/wp-content\\\/uploads\\\/2023\\\/01\\\/tabor2022-015-1024x678.jpg\",\"big\":\"https:\\\/\\\/mandabokor.lutheran.hu\\\/wp-content\\\/uploads\\\/2023\\\/01\\\/tabor2022-015-1024x678.jpg\",\"thumb\":\"https:\\\/\\\/mandabokor.lutheran.hu\\\/wp-content\\\/uploads\\\/2023\\\/01\\\/tabor2022-015-150x150.jpg\",\"title\":\"t\\u00e1bor2022 015\",\"description\":\"\"},{\"image\":\"https:\\\/\\\/mandabokor.lutheran.hu\\\/wp-content\\\/uploads\\\/2023\\\/01\\\/tabor2022-018-1024x678.jpg\",\"big\":\"https:\\\/\\\/mandabokor.lutheran.hu\\\/wp-content\\\/uploads\\\/2023\\\/01\\\/tabor2022-018-1024x678.jpg\",\"thumb\":\"https:\\\/\\\/mandabokor.lutheran.hu\\\/wp-content\\\/uploads\\\/2023\\\/01\\\/tabor2022-018-150x150.jpg\",\"title\":\"t\\u00e1bor2022 018\",\"description\":\"\"},{\"image\":\"https:\\\/\\\/mandabokor.lutheran.hu\\\/wp-content\\\/uploads\\\/2023\\\/01\\\/tabor2022-022-1024x678.jpg\",\"big\":\"https:\\\/\\\/mandabokor.lutheran.hu\\\/wp-content\\\/uploads\\\/2023\\\/01\\\/tabor2022-022-1024x678.jpg\",\"thumb\":\"https:\\\/\\\/mandabokor.lutheran.hu\\\/wp-content\\\/uploads\\\/2023\\\/01\\\/tabor2022-022-150x150.jpg\",\"title\":\"t\\u00e1bor2022 022\",\"description\":\"\"},{\"image\":\"https:\\\/\\\/mandabokor.lutheran.hu\\\/wp-content\\\/uploads\\\/2023\\\/01\\\/tabor2022-023-1024x678.jpg\",\"big\":\"https:\\\/\\\/mandabokor.lutheran.hu\\\/wp-content\\\/uploads\\\/2023\\\/01\\\/tabor2022-023-1024x678.jpg\",\"thumb\":\"https:\\\/\\\/mandabokor.lutheran.hu\\\/wp-content\\\/uploads\\\/2023\\\/01\\\/tabor2022-023-150x150.jpg\",\"title\":\"t\\u00e1bor2022 023\",\"description\":\"\"},{\"image\":\"https:\\\/\\\/mandabokor.lutheran.hu\\\/wp-content\\\/uploads\\\/2023\\\/01\\\/tabor2022-029-1024x678.jpg\",\"big\":\"https:\\\/\\\/mandabokor.lutheran.hu\\\/wp-content\\\/uploads\\\/2023\\\/01\\\/tabor2022-029-1024x678.jpg\",\"thumb\":\"https:\\\/\\\/mandabokor.lutheran.hu\\\/wp-content\\\/uploads\\\/2023\\\/01\\\/tabor2022-029-150x150.jpg\",\"title\":\"t\\u00e1bor2022 029\",\"description\":\"\"},{\"image\":\"https:\\\/\\\/mandabokor.lutheran.hu\\\/wp-content\\\/uploads\\\/2023\\\/01\\\/tabor2022-033-1024x678.jpg\",\"big\":\"https:\\\/\\\/mandabokor.lutheran.hu\\\/wp-content\\\/uploads\\\/2023\\\/01\\\/tabor2022-033-1024x678.jpg\",\"thumb\":\"https:\\\/\\\/mandabokor.lutheran.hu\\\/wp-content\\\/uploads\\\/2023\\\/01\\\/tabor2022-033-150x150.jpg\",\"title\":\"t\\u00e1bor2022 033\",\"description\":\"\"},{\"image\":\"https:\\\/\\\/mandabokor.lutheran.hu\\\/wp-content\\\/uploads\\\/2023\\\/01\\\/tabor2022-034-1024x678.jpg\",\"big\":\"https:\\\/\\\/mandabokor.lutheran.hu\\\/wp-content\\\/uploads\\\/2023\\\/01\\\/tabor2022-034-1024x678.jpg\",\"thumb\":\"https:\\\/\\\/mandabokor.lutheran.hu\\\/wp-content\\\/uploads\\\/2023\\\/01\\\/tabor2022-034-150x150.jpg\",\"title\":\"t\\u00e1bor2022 034\",\"description\":\"\"},{\"image\":\"https:\\\/\\\/mandabokor.lutheran.hu\\\/wp-content\\\/uploads\\\/2023\\\/01\\\/tabor2022-036-1024x678.jpg\",\"big\":\"https:\\\/\\\/mandabokor.lutheran.hu\\\/wp-content\\\/uploads\\\/2023\\\/01\\\/tabor2022-036-1024x678.jpg\",\"thumb\":\"https:\\\/\\\/mandabokor.lutheran.hu\\\/wp-content\\\/uploads\\\/2023\\\/01\\\/tabor2022-036-150x150.jpg\",\"title\":\"t\\u00e1bor2022 036\",\"description\":\"\"},{\"image\":\"https:\\\/\\\/mandabokor.lutheran.hu\\\/wp-content\\\/uploads\\\/2023\\\/01\\\/tabor2022-063-1024x678.jpg\",\"big\":\"https:\\\/\\\/mandabokor.lutheran.hu\\\/wp-content\\\/uploads\\\/2023\\\/01\\\/tabor2022-063-1024x678.jpg\",\"thumb\":\"https:\\\/\\\/mandabokor.lutheran.hu\\\/wp-content\\\/uploads\\\/2023\\\/01\\\/tabor2022-063-150x150.jpg\",\"title\":\"t\\u00e1bor2022 063\",\"description\":\"\"},{\"image\":\"https:\\\/\\\/mandabokor.lutheran.hu\\\/wp-content\\\/uploads\\\/2023\\\/01\\\/tabor2022-064-1024x678.jpg\",\"big\":\"https:\\\/\\\/mandabokor.lutheran.hu\\\/wp-content\\\/uploads\\\/2023\\\/01\\\/tabor2022-064-1024x678.jpg\",\"thumb\":\"https:\\\/\\\/mandabokor.lutheran.hu\\\/wp-content\\\/uploads\\\/2023\\\/01\\\/tabor2022-064-150x150.jpg\",\"title\":\"t\\u00e1bor2022 064\",\"description\":\"\"},{\"image\":\"https:\\\/\\\/mandabokor.lutheran.hu\\\/wp-content\\\/uploads\\\/2023\\\/01\\\/tabor2022-065-1024x678.jpg\",\"big\":\"https:\\\/\\\/mandabokor.lutheran.hu\\\/wp-content\\\/uploads\\\/2023\\\/01\\\/tabor2022-065-1024x678.jpg\",\"thumb\":\"https:\\\/\\\/mandabokor.lutheran.hu\\\/wp-content\\\/uploads\\\/2023\\\/01\\\/tabor2022-065-150x150.jpg\",\"title\":\"t\\u00e1bor2022 065\",\"description\":\"\"},{\"image\":\"https:\\\/\\\/mandabokor.lutheran.hu\\\/wp-content\\\/uploads\\\/2023\\\/01\\\/tabor2022-082-1024x678.jpg\",\"big\":\"https:\\\/\\\/mandabokor.lutheran.hu\\\/wp-content\\\/uploads\\\/2023\\\/01\\\/tabor2022-082-1024x678.jpg\",\"thumb\":\"https:\\\/\\\/mandabokor.lutheran.hu\\\/wp-content\\\/uploads\\\/2023\\\/01\\\/tabor2022-082-150x150.jpg\",\"title\":\"t\\u00e1bor2022 082\",\"description\":\"\"},{\"image\":\"https:\\\/\\\/mandabokor.lutheran.hu\\\/wp-content\\\/uploads\\\/2023\\\/01\\\/tabor2022-092-1024x678.jpg\",\"big\":\"https:\\\/\\\/mandabokor.lutheran.hu\\\/wp-content\\\/uploads\\\/2023\\\/01\\\/tabor2022-092-1024x678.jpg\",\"thumb\":\"https:\\\/\\\/mandabokor.lutheran.hu\\\/wp-content\\\/uploads\\\/2023\\\/01\\\/tabor2022-092-150x150.jpg\",\"title\":\"t\\u00e1bor2022 092\",\"description\":\"\"},{\"image\":\"https:\\\/\\\/mandabokor.lutheran.hu\\\/wp-content\\\/uploads\\\/2023\\\/01\\\/tabor2022-096-1024x678.jpg\",\"big\":\"https:\\\/\\\/mandabokor.lutheran.hu\\\/wp-content\\\/uploads\\\/2023\\\/01\\\/tabor2022-096-1024x678.jpg\",\"thumb\":\"https:\\\/\\\/mandabokor.lutheran.hu\\\/wp-content\\\/uploads\\\/2023\\\/01\\\/tabor2022-096-150x150.jpg\",\"title\":\"t\\u00e1bor2022 096\",\"description\":\"\"},{\"image\":\"https:\\\/\\\/mandabokor.lutheran.hu\\\/wp-content\\\/uploads\\\/2023\\\/01\\\/tabor2022-101-1024x678.jpg\",\"big\":\"https:\\\/\\\/mandabokor.lutheran.hu\\\/wp-content\\\/uploads\\\/2023\\\/01\\\/tabor2022-101-1024x678.jpg\",\"thumb\":\"https:\\\/\\\/mandabokor.lutheran.hu\\\/wp-content\\\/uploads\\\/2023\\\/01\\\/tabor2022-101-150x150.jpg\",\"title\":\"t\\u00e1bor2022 101\",\"description\":\"\"},{\"image\":\"https:\\\/\\\/mandabokor.lutheran.hu\\\/wp-content\\\/uploads\\\/2023\\\/01\\\/tabor2022-116-1024x678.jpg\",\"big\":\"https:\\\/\\\/mandabokor.lutheran.hu\\\/wp-content\\\/uploads\\\/2023\\\/01\\\/tabor2022-116-1024x678.jpg\",\"thumb\":\"https:\\\/\\\/mandabokor.lutheran.hu\\\/wp-content\\\/uploads\\\/2023\\\/01\\\/tabor2022-116-150x150.jpg\",\"title\":\"t\\u00e1bor2022 116\",\"description\":\"\"},{\"image\":\"https:\\\/\\\/mandabokor.lutheran.hu\\\/wp-content\\\/uploads\\\/2023\\\/01\\\/tabor2022-131-1024x678.jpg\",\"big\":\"https:\\\/\\\/mandabokor.lutheran.hu\\\/wp-content\\\/uploads\\\/2023\\\/01\\\/tabor2022-131-1024x678.jpg\",\"thumb\":\"https:\\\/\\\/mandabokor.lutheran.hu\\\/wp-content\\\/uploads\\\/2023\\\/01\\\/tabor2022-131-150x150.jpg\",\"title\":\"t\\u00e1bor2022 131\",\"description\":\"\"},{\"image\":\"https:\\\/\\\/mandabokor.lutheran.hu\\\/wp-content\\\/uploads\\\/2023\\\/01\\\/tabor2022-132-1024x678.jpg\",\"big\":\"https:\\\/\\\/mandabokor.lutheran.hu\\\/wp-content\\\/uploads\\\/2023\\\/01\\\/tabor2022-132-1024x678.jpg\",\"thumb\":\"https:\\\/\\\/mandabokor.lutheran.hu\\\/wp-content\\\/uploads\\\/2023\\\/01\\\/tabor2022-132-150x150.jpg\",\"title\":\"t\\u00e1bor2022 132\",\"description\":\"\"},{\"image\":\"https:\\\/\\\/mandabokor.lutheran.hu\\\/wp-content\\\/uploads\\\/2023\\\/01\\\/tabor2022-141-1024x678.jpg\",\"big\":\"https:\\\/\\\/mandabokor.lutheran.hu\\\/wp-content\\\/uploads\\\/2023\\\/01\\\/tabor2022-141-1024x678.jpg\",\"thumb\":\"https:\\\/\\\/mandabokor.lutheran.hu\\\/wp-content\\\/uploads\\\/2023\\\/01\\\/tabor2022-141-150x150.jpg\",\"title\":\"t\\u00e1bor2022 141\",\"description\":\"\"},{\"image\":\"https:\\\/\\\/mandabokor.lutheran.hu\\\/wp-content\\\/uploads\\\/2023\\\/01\\\/tabor2022-142-1024x678.jpg\",\"big\":\"https:\\\/\\\/mandabokor.lutheran.hu\\\/wp-content\\\/uploads\\\/2023\\\/01\\\/tabor2022-142-1024x678.jpg\",\"thumb\":\"https:\\\/\\\/mandabokor.lutheran.hu\\\/wp-content\\\/uploads\\\/2023\\\/01\\\/tabor2022-142-150x150.jpg\",\"title\":\"t\\u00e1bor2022 142\",\"description\":\"\"},{\"image\":\"https:\\\/\\\/mandabokor.lutheran.hu\\\/wp-content\\\/uploads\\\/2023\\\/01\\\/tabor2022-145-1024x678.jpg\",\"big\":\"https:\\\/\\\/mandabokor.lutheran.hu\\\/wp-content\\\/uploads\\\/2023\\\/01\\\/tabor2022-145-1024x678.jpg\",\"thumb\":\"https:\\\/\\\/mandabokor.lutheran.hu\\\/wp-content\\\/uploads\\\/2023\\\/01\\\/tabor2022-145-150x150.jpg\",\"title\":\"t\\u00e1bor2022 145\",\"description\":\"\"},{\"image\":\"https:\\\/\\\/mandabokor.lutheran.hu\\\/wp-content\\\/uploads\\\/2023\\\/01\\\/tabor2022-172-1024x678.jpg\",\"big\":\"https:\\\/\\\/mandabokor.lutheran.hu\\\/wp-content\\\/uploads\\\/2023\\\/01\\\/tabor2022-172-1024x678.jpg\",\"thumb\":\"https:\\\/\\\/mandabokor.lutheran.hu\\\/wp-content\\\/uploads\\\/2023\\\/01\\\/tabor2022-172-150x150.jpg\",\"title\":\"t\\u00e1bor2022 172\",\"description\":\"\"},{\"image\":\"https:\\\/\\\/mandabokor.lutheran.hu\\\/wp-content\\\/uploads\\\/2023\\\/01\\\/tabor2022-173-1024x678.jpg\",\"big\":\"https:\\\/\\\/mandabokor.lutheran.hu\\\/wp-content\\\/uploads\\\/2023\\\/01\\\/tabor2022-173-1024x678.jpg\",\"thumb\":\"https:\\\/\\\/mandabokor.lutheran.hu\\\/wp-content\\\/uploads\\\/2023\\\/01\\\/tabor2022-173-150x150.jpg\",\"title\":\"t\\u00e1bor2022 173\",\"description\":\"\"},{\"image\":\"https:\\\/\\\/mandabokor.lutheran.hu\\\/wp-content\\\/uploads\\\/2023\\\/01\\\/tabor2022-176-678x1024.jpg\",\"big\":\"https:\\\/\\\/mandabokor.lutheran.hu\\\/wp-content\\\/uploads\\\/2023\\\/01\\\/tabor2022-176-678x1024.jpg\",\"thumb\":\"https:\\\/\\\/mandabokor.lutheran.hu\\\/wp-content\\\/uploads\\\/2023\\\/01\\\/tabor2022-176-150x150.jpg\",\"title\":\"t\\u00e1bor2022 176\",\"description\":\"\"},{\"image\":\"https:\\\/\\\/mandabokor.lutheran.hu\\\/wp-content\\\/uploads\\\/2023\\\/01\\\/tabor2022-177-1024x678.jpg\",\"big\":\"https:\\\/\\\/mandabokor.lutheran.hu\\\/wp-content\\\/uploads\\\/2023\\\/01\\\/tabor2022-177-1024x678.jpg\",\"thumb\":\"https:\\\/\\\/mandabokor.lutheran.hu\\\/wp-content\\\/uploads\\\/2023\\\/01\\\/tabor2022-177-150x150.jpg\",\"title\":\"t\\u00e1bor2022 177\",\"description\":\"\"},{\"image\":\"https:\\\/\\\/mandabokor.lutheran.hu\\\/wp-content\\\/uploads\\\/2023\\\/01\\\/tabor2022-178-678x1024.jpg\",\"big\":\"https:\\\/\\\/mandabokor.lutheran.hu\\\/wp-content\\\/uploads\\\/2023\\\/01\\\/tabor2022-178-678x1024.jpg\",\"thumb\":\"https:\\\/\\\/mandabokor.lutheran.hu\\\/wp-content\\\/uploads\\\/2023\\\/01\\\/tabor2022-178-150x150.jpg\",\"title\":\"t\\u00e1bor2022 178\",\"description\":\"\"},{\"image\":\"https:\\\/\\\/mandabokor.lutheran.hu\\\/wp-content\\\/uploads\\\/2023\\\/01\\\/tabor2022-182-678x1024.jpg\",\"big\":\"https:\\\/\\\/mandabokor.lutheran.hu\\\/wp-content\\\/uploads\\\/2023\\\/01\\\/tabor2022-182-678x1024.jpg\",\"thumb\":\"https:\\\/\\\/mandabokor.lutheran.hu\\\/wp-content\\\/uploads\\\/2023\\\/01\\\/tabor2022-182-150x150.jpg\",\"title\":\"t\\u00e1bor2022 182\",\"description\":\"\"},{\"image\":\"https:\\\/\\\/mandabokor.lutheran.hu\\\/wp-content\\\/uploads\\\/2023\\\/01\\\/tabor2022-183-1024x678.jpg\",\"big\":\"https:\\\/\\\/mandabokor.lutheran.hu\\\/wp-content\\\/uploads\\\/2023\\\/01\\\/tabor2022-183-1024x678.jpg\",\"thumb\":\"https:\\\/\\\/mandabokor.lutheran.hu\\\/wp-content\\\/uploads\\\/2023\\\/01\\\/tabor2022-183-150x150.jpg\",\"title\":\"t\\u00e1bor2022 183\",\"description\":\"\"},{\"image\":\"https:\\\/\\\/mandabokor.lutheran.hu\\\/wp-content\\\/uploads\\\/2023\\\/01\\\/tabor2022-193-1024x678.jpg\",\"big\":\"https:\\\/\\\/mandabokor.lutheran.hu\\\/wp-content\\\/uploads\\\/2023\\\/01\\\/tabor2022-193-1024x678.jpg\",\"thumb\":\"https:\\\/\\\/mandabokor.lutheran.hu\\\/wp-content\\\/uploads\\\/2023\\\/01\\\/tabor2022-193-150x150.jpg\",\"title\":\"t\\u00e1bor2022 193\",\"description\":\"????????????????????????????????????\"},{\"image\":\"https:\\\/\\\/mandabokor.lutheran.hu\\\/wp-content\\\/uploads\\\/2023\\\/01\\\/tabor2022-198-1024x678.jpg\",\"big\":\"https:\\\/\\\/mandabokor.lutheran.hu\\\/wp-content\\\/uploads\\\/2023\\\/01\\\/tabor2022-198-1024x678.jpg\",\"thumb\":\"https:\\\/\\\/mandabokor.lutheran.hu\\\/wp-content\\\/uploads\\\/2023\\\/01\\\/tabor2022-198-150x150.jpg\",\"title\":\"t\\u00e1bor2022 198\",\"description\":\"\"},{\"image\":\"https:\\\/\\\/mandabokor.lutheran.hu\\\/wp-content\\\/uploads\\\/2023\\\/01\\\/tabor2022-216-1024x678.jpg\",\"big\":\"https:\\\/\\\/mandabokor.lutheran.hu\\\/wp-content\\\/uploads\\\/2023\\\/01\\\/tabor2022-216-1024x678.jpg\",\"thumb\":\"https:\\\/\\\/mandabokor.lutheran.hu\\\/wp-content\\\/uploads\\\/2023\\\/01\\\/tabor2022-216-150x150.jpg\",\"title\":\"t\\u00e1bor2022 216\",\"description\":\"\"},{\"image\":\"https:\\\/\\\/mandabokor.lutheran.hu\\\/wp-content\\\/uploads\\\/2023\\\/01\\\/tabor2022-218-1024x678.jpg\",\"big\":\"https:\\\/\\\/mandabokor.lutheran.hu\\\/wp-content\\\/uploads\\\/2023\\\/01\\\/tabor2022-218-1024x678.jpg\",\"thumb\":\"https:\\\/\\\/mandabokor.lutheran.hu\\\/wp-content\\\/uploads\\\/2023\\\/01\\\/tabor2022-218-150x150.jpg\",\"title\":\"t\\u00e1bor2022 218\",\"description\":\"\"},{\"image\":\"https:\\\/\\\/mandabokor.lutheran.hu\\\/wp-content\\\/uploads\\\/2023\\\/01\\\/tabor2022-233-1024x678.jpg\",\"big\":\"https:\\\/\\\/mandabokor.lutheran.hu\\\/wp-content\\\/uploads\\\/2023\\\/01\\\/tabor2022-233-1024x678.jpg\",\"thumb\":\"https:\\\/\\\/mandabokor.lutheran.hu\\\/wp-content\\\/uploads\\\/2023\\\/01\\\/tabor2022-233-150x150.jpg\",\"title\":\"t\\u00e1bor2022 233\",\"description\":\"\"},{\"image\":\"https:\\\/\\\/mandabokor.lutheran.hu\\\/wp-content\\\/uploads\\\/2023\\\/01\\\/tabor2022-239-1024x1024.jpg\",\"big\":\"https:\\\/\\\/mandabokor.lutheran.hu\\\/wp-content\\\/uploads\\\/2023\\\/01\\\/tabor2022-239-1024x1024.jpg\",\"thumb\":\"https:\\\/\\\/mandabokor.lutheran.hu\\\/wp-content\\\/uploads\\\/2023\\\/01\\\/tabor2022-239-150x150.jpg\",\"title\":\"t\\u00e1bor2022 239\",\"description\":\"\"},{\"image\":\"https:\\\/\\\/mandabokor.lutheran.hu\\\/wp-content\\\/uploads\\\/2023\\\/01\\\/tabor2022-315-1024x678.jpg\",\"big\":\"https:\\\/\\\/mandabokor.lutheran.hu\\\/wp-content\\\/uploads\\\/2023\\\/01\\\/tabor2022-315-1024x678.jpg\",\"thumb\":\"https:\\\/\\\/mandabokor.lutheran.hu\\\/wp-content\\\/uploads\\\/2023\\\/01\\\/tabor2022-315-150x150.jpg\",\"title\":\"t\\u00e1bor2022 315\",\"description\":\"\"},{\"image\":\"https:\\\/\\\/mandabokor.lutheran.hu\\\/wp-content\\\/uploads\\\/2023\\\/01\\\/tabor2022-318-1024x678.jpg\",\"big\":\"https:\\\/\\\/mandabokor.lutheran.hu\\\/wp-content\\\/uploads\\\/2023\\\/01\\\/tabor2022-318-1024x678.jpg\",\"thumb\":\"https:\\\/\\\/mandabokor.lutheran.hu\\\/wp-content\\\/uploads\\\/2023\\\/01\\\/tabor2022-318-150x150.jpg\",\"title\":\"t\\u00e1bor2022 318\",\"description\":\"\"},{\"image\":\"https:\\\/\\\/mandabokor.lutheran.hu\\\/wp-content\\\/uploads\\\/2023\\\/01\\\/tabor2022-319-1024x678.jpg\",\"big\":\"https:\\\/\\\/mandabokor.lutheran.hu\\\/wp-content\\\/uploads\\\/2023\\\/01\\\/tabor2022-319-1024x678.jpg\",\"thumb\":\"https:\\\/\\\/mandabokor.lutheran.hu\\\/wp-content\\\/uploads\\\/2023\\\/01\\\/tabor2022-319-150x150.jpg\",\"title\":\"t\\u00e1bor2022 319\",\"description\":\"\"},{\"image\":\"https:\\\/\\\/mandabokor.lutheran.hu\\\/wp-content\\\/uploads\\\/2023\\\/01\\\/tabor2022-362-1024x678.jpg\",\"big\":\"https:\\\/\\\/mandabokor.lutheran.hu\\\/wp-content\\\/uploads\\\/2023\\\/01\\\/tabor2022-362-1024x678.jpg\",\"thumb\":\"https:\\\/\\\/mandabokor.lutheran.hu\\\/wp-content\\\/uploads\\\/2023\\\/01\\\/tabor2022-362-150x150.jpg\",\"title\":\"t\\u00e1bor2022 362\",\"description\":\"\"},{\"image\":\"https:\\\/\\\/mandabokor.lutheran.hu\\\/wp-content\\\/uploads\\\/2023\\\/01\\\/tabor2022-364-1024x477.jpg\",\"big\":\"https:\\\/\\\/mandabokor.lutheran.hu\\\/wp-content\\\/uploads\\\/2023\\\/01\\\/tabor2022-364-1024x477.jpg\",\"thumb\":\"https:\\\/\\\/mandabokor.lutheran.hu\\\/wp-content\\\/uploads\\\/2023\\\/01\\\/tabor2022-364-150x150.jpg\",\"title\":\"t\\u00e1bor2022 364\",\"description\":\"\"},{\"image\":\"https:\\\/\\\/mandabokor.lutheran.hu\\\/wp-content\\\/uploads\\\/2023\\\/01\\\/tabor2022-366-1024x678.jpg\",\"big\":\"https:\\\/\\\/mandabokor.lutheran.hu\\\/wp-content\\\/uploads\\\/2023\\\/01\\\/tabor2022-366-1024x678.jpg\",\"thumb\":\"https:\\\/\\\/mandabokor.lutheran.hu\\\/wp-content\\\/uploads\\\/2023\\\/01\\\/tabor2022-366-150x150.jpg\",\"title\":\"t\\u00e1bor2022 366\",\"description\":\"\"},{\"image\":\"https:\\\/\\\/mandabokor.lutheran.hu\\\/wp-content\\\/uploads\\\/2023\\\/01\\\/tabor2022-371-1024x678.jpg\",\"big\":\"https:\\\/\\\/mandabokor.lutheran.hu\\\/wp-content\\\/uploads\\\/2023\\\/01\\\/tabor2022-371-1024x678.jpg\",\"thumb\":\"https:\\\/\\\/mandabokor.lutheran.hu\\\/wp-content\\\/uploads\\\/2023\\\/01\\\/tabor2022-371-150x150.jpg\",\"title\":\"t\\u00e1bor2022 371\",\"description\":\"\"},{\"image\":\"https:\\\/\\\/mandabokor.lutheran.hu\\\/wp-content\\\/uploads\\\/2023\\\/01\\\/tabor2022-390-1024x678.jpg\",\"big\":\"https:\\\/\\\/mandabokor.lutheran.hu\\\/wp-content\\\/uploads\\\/2023\\\/01\\\/tabor2022-390-1024x678.jpg\",\"thumb\":\"https:\\\/\\\/mandabokor.lutheran.hu\\\/wp-content\\\/uploads\\\/2023\\\/01\\\/tabor2022-390-150x150.jpg\",\"title\":\"t\\u00e1bor2022 390\",\"description\":\"\"},{\"image\":\"https:\\\/\\\/mandabokor.lutheran.hu\\\/wp-content\\\/uploads\\\/2023\\\/01\\\/tabor2022-394-1024x678.jpg\",\"big\":\"https:\\\/\\\/mandabokor.lutheran.hu\\\/wp-content\\\/uploads\\\/2023\\\/01\\\/tabor2022-394-1024x678.jpg\",\"thumb\":\"https:\\\/\\\/mandabokor.lutheran.hu\\\/wp-content\\\/uploads\\\/2023\\\/01\\\/tabor2022-394-150x150.jpg\",\"title\":\"t\\u00e1bor2022 394\",\"description\":\"\"},{\"image\":\"https:\\\/\\\/mandabokor.lutheran.hu\\\/wp-content\\\/uploads\\\/2023\\\/01\\\/tabor2022-395-1024x678.jpg\",\"big\":\"https:\\\/\\\/mandabokor.lutheran.hu\\\/wp-content\\\/uploads\\\/2023\\\/01\\\/tabor2022-395-1024x678.jpg\",\"thumb\":\"https:\\\/\\\/mandabokor.lutheran.hu\\\/wp-content\\\/uploads\\\/2023\\\/01\\\/tabor2022-395-150x150.jpg\",\"title\":\"t\\u00e1bor2022 395\",\"description\":\"\"},{\"image\":\"https:\\\/\\\/mandabokor.lutheran.hu\\\/wp-content\\\/uploads\\\/2023\\\/01\\\/tabor2022-399-1024x678.jpg\",\"big\":\"https:\\\/\\\/mandabokor.lutheran.hu\\\/wp-content\\\/uploads\\\/2023\\\/01\\\/tabor2022-399-1024x678.jpg\",\"thumb\":\"https:\\\/\\\/mandabokor.lutheran.hu\\\/wp-content\\\/uploads\\\/2023\\\/01\\\/tabor2022-399-150x150.jpg\",\"title\":\"t\\u00e1bor2022 399\",\"description\":\"????????????????????????????????????\"},{\"image\":\"https:\\\/\\\/mandabokor.lutheran.hu\\\/wp-content\\\/uploads\\\/2023\\\/01\\\/tabor2022-401-1024x678.jpg\",\"big\":\"https:\\\/\\\/mandabokor.lutheran.hu\\\/wp-content\\\/uploads\\\/2023\\\/01\\\/tabor2022-401-1024x678.jpg\",\"thumb\":\"https:\\\/\\\/mandabokor.lutheran.hu\\\/wp-content\\\/uploads\\\/2023\\\/01\\\/tabor2022-401-150x150.jpg\",\"title\":\"t\\u00e1bor2022 401\",\"description\":\"\"},{\"image\":\"https:\\\/\\\/mandabokor.lutheran.hu\\\/wp-content\\\/uploads\\\/2023\\\/01\\\/tabor2022-405-1024x678.jpg\",\"big\":\"https:\\\/\\\/mandabokor.lutheran.hu\\\/wp-content\\\/uploads\\\/2023\\\/01\\\/tabor2022-405-1024x678.jpg\",\"thumb\":\"https:\\\/\\\/mandabokor.lutheran.hu\\\/wp-content\\\/uploads\\\/2023\\\/01\\\/tabor2022-405-150x150.jpg\",\"title\":\"t\\u00e1bor2022 405\",\"description\":\"\"},{\"image\":\"https:\\\/\\\/mandabokor.lutheran.hu\\\/wp-content\\\/uploads\\\/2023\\\/01\\\/tabor2022-406-1024x678.jpg\",\"big\":\"https:\\\/\\\/mandabokor.lutheran.hu\\\/wp-content\\\/uploads\\\/2023\\\/01\\\/tabor2022-406-1024x678.jpg\",\"thumb\":\"https:\\\/\\\/mandabokor.lutheran.hu\\\/wp-content\\\/uploads\\\/2023\\\/01\\\/tabor2022-406-150x150.jpg\",\"title\":\"t\\u00e1bor2022 406\",\"description\":\"\"}],\"width\":\"auto\",\"height\":0.76,\"autoplay\":false,\"transition\":\"slide\",\"initialTransition\":\"fade\",\"transitionSpeed\":0,\"_delayTime\":4000,\"_hideControls\":false,\"_thumbnailMode\":\"grid\",\"_captionMode\":\"on_expand\"}); });<\/script>\n","protected":false},"excerpt":{"rendered":"","protected":false},"author":2,"featured_media":0,"parent":0,"menu_order":0,"comment_status":"closed","ping_status":"closed","template":"","meta":{"_monsterinsights_skip_tracking":false,"_monsterinsights_sitenote_active":false,"_monsterinsights_sitenote_note":"","_monsterinsights_sitenote_category":0},"_links":{"self":[{"href":"https:\/\/mandabokor.lutheran.hu\/index.php?rest_route=\/wp\/v2\/pages\/9805"}],"collection":[{"href":"https:\/\/mandabokor.lutheran.hu\/index.php?rest_route=\/wp\/v2\/pages"}],"about":[{"href":"https:\/\/mandabokor.lutheran.hu\/index.php?rest_route=\/wp\/v2\/types\/page"}],"author":[{"embeddable":true,"href":"https:\/\/mandabokor.lutheran.hu\/index.php?rest_route=\/wp\/v2\/users\/2"}],"replies":[{"embeddable":true,"href":"https:\/\/mandabokor.lutheran.hu\/index.php?rest_route=%2Fwp%2Fv2%2Fcomments&post=9805"}],"version-history":[{"count":2,"href":"https:\/\/mandabokor.lutheran.hu\/index.php?rest_route=\/wp\/v2\/pages\/9805\/revisions"}],"predecessor-version":[{"id":10004,"href":"https:\/\/mandabokor.lutheran.hu\/index.php?rest_route=\/wp\/v2\/pages\/9805\/revisions\/10004"}],"wp:attachment":[{"href":"https:\/\/mandabokor.lutheran.hu\/index.php?rest_route=%2Fwp%2Fv2%2Fmedia&parent=9805"}],"curies":[{"name":"wp","href":"https:\/\/api.w.org\/{rel}","templated":true}]}}