{"id":901,"date":"2017-02-22T18:43:20","date_gmt":"2017-02-22T18:43:20","guid":{"rendered":"http:\/\/mandabokor.lutheran.hu\/?page_id=901"},"modified":"2017-02-23T10:21:29","modified_gmt":"2017-02-23T10:21:29","slug":"evangelizacio","status":"publish","type":"page","link":"https:\/\/mandabokor.lutheran.hu\/?page_id=901","title":{"rendered":"Evang\u00e9liz\u00e1ci\u00f3"},"content":{"rendered":"<div id=\"amw_galleria_slideshow_1\" class=\"amw-galleria-slideshow\"><\/div>\n<script type=\"text\/javascript\">jQuery(document).ready(function(){ jQuery(\"#amw_galleria_slideshow_1\").galleria({\"dataSource\":[{\"image\":\"https:\\\/\\\/mandabokor.lutheran.hu\\\/wp-content\\\/uploads\\\/2017\\\/02\\\/DSC_0663-1024x681.jpg\",\"big\":\"https:\\\/\\\/mandabokor.lutheran.hu\\\/wp-content\\\/uploads\\\/2017\\\/02\\\/DSC_0663-1024x681.jpg\",\"thumb\":\"https:\\\/\\\/mandabokor.lutheran.hu\\\/wp-content\\\/uploads\\\/2017\\\/02\\\/DSC_0663-150x150.jpg\",\"title\":\"DSC_0663\",\"description\":\"\"},{\"image\":\"https:\\\/\\\/mandabokor.lutheran.hu\\\/wp-content\\\/uploads\\\/2017\\\/02\\\/DSC_0664-1024x681.jpg\",\"big\":\"https:\\\/\\\/mandabokor.lutheran.hu\\\/wp-content\\\/uploads\\\/2017\\\/02\\\/DSC_0664-1024x681.jpg\",\"thumb\":\"https:\\\/\\\/mandabokor.lutheran.hu\\\/wp-content\\\/uploads\\\/2017\\\/02\\\/DSC_0664-150x150.jpg\",\"title\":\"DSC_0664\",\"description\":\"\"},{\"image\":\"https:\\\/\\\/mandabokor.lutheran.hu\\\/wp-content\\\/uploads\\\/2017\\\/02\\\/DSC_0667-1024x681.jpg\",\"big\":\"https:\\\/\\\/mandabokor.lutheran.hu\\\/wp-content\\\/uploads\\\/2017\\\/02\\\/DSC_0667-1024x681.jpg\",\"thumb\":\"https:\\\/\\\/mandabokor.lutheran.hu\\\/wp-content\\\/uploads\\\/2017\\\/02\\\/DSC_0667-150x150.jpg\",\"title\":\"DSC_0667\",\"description\":\"\"},{\"image\":\"https:\\\/\\\/mandabokor.lutheran.hu\\\/wp-content\\\/uploads\\\/2017\\\/02\\\/DSC_0668-1024x681.jpg\",\"big\":\"https:\\\/\\\/mandabokor.lutheran.hu\\\/wp-content\\\/uploads\\\/2017\\\/02\\\/DSC_0668-1024x681.jpg\",\"thumb\":\"https:\\\/\\\/mandabokor.lutheran.hu\\\/wp-content\\\/uploads\\\/2017\\\/02\\\/DSC_0668-150x150.jpg\",\"title\":\"DSC_0668\",\"description\":\"\"},{\"image\":\"https:\\\/\\\/mandabokor.lutheran.hu\\\/wp-content\\\/uploads\\\/2017\\\/02\\\/DSC_0669-1024x681.jpg\",\"big\":\"https:\\\/\\\/mandabokor.lutheran.hu\\\/wp-content\\\/uploads\\\/2017\\\/02\\\/DSC_0669-1024x681.jpg\",\"thumb\":\"https:\\\/\\\/mandabokor.lutheran.hu\\\/wp-content\\\/uploads\\\/2017\\\/02\\\/DSC_0669-150x150.jpg\",\"title\":\"DSC_0669\",\"description\":\"\"},{\"image\":\"https:\\\/\\\/mandabokor.lutheran.hu\\\/wp-content\\\/uploads\\\/2017\\\/02\\\/DSC_0670-1024x681.jpg\",\"big\":\"https:\\\/\\\/mandabokor.lutheran.hu\\\/wp-content\\\/uploads\\\/2017\\\/02\\\/DSC_0670-1024x681.jpg\",\"thumb\":\"https:\\\/\\\/mandabokor.lutheran.hu\\\/wp-content\\\/uploads\\\/2017\\\/02\\\/DSC_0670-150x150.jpg\",\"title\":\"DSC_0670\",\"description\":\"\"},{\"image\":\"https:\\\/\\\/mandabokor.lutheran.hu\\\/wp-content\\\/uploads\\\/2017\\\/02\\\/DSC_0671-1024x681.jpg\",\"big\":\"https:\\\/\\\/mandabokor.lutheran.hu\\\/wp-content\\\/uploads\\\/2017\\\/02\\\/DSC_0671-1024x681.jpg\",\"thumb\":\"https:\\\/\\\/mandabokor.lutheran.hu\\\/wp-content\\\/uploads\\\/2017\\\/02\\\/DSC_0671-150x150.jpg\",\"title\":\"DSC_0671\",\"description\":\"\"},{\"image\":\"https:\\\/\\\/mandabokor.lutheran.hu\\\/wp-content\\\/uploads\\\/2017\\\/02\\\/DSC_0673-1024x681.jpg\",\"big\":\"https:\\\/\\\/mandabokor.lutheran.hu\\\/wp-content\\\/uploads\\\/2017\\\/02\\\/DSC_0673-1024x681.jpg\",\"thumb\":\"https:\\\/\\\/mandabokor.lutheran.hu\\\/wp-content\\\/uploads\\\/2017\\\/02\\\/DSC_0673-150x150.jpg\",\"title\":\"DSC_0673\",\"description\":\"\"},{\"image\":\"https:\\\/\\\/mandabokor.lutheran.hu\\\/wp-content\\\/uploads\\\/2017\\\/02\\\/DSC_0674-1024x681.jpg\",\"big\":\"https:\\\/\\\/mandabokor.lutheran.hu\\\/wp-content\\\/uploads\\\/2017\\\/02\\\/DSC_0674-1024x681.jpg\",\"thumb\":\"https:\\\/\\\/mandabokor.lutheran.hu\\\/wp-content\\\/uploads\\\/2017\\\/02\\\/DSC_0674-150x150.jpg\",\"title\":\"DSC_0674\",\"description\":\"\"},{\"image\":\"https:\\\/\\\/mandabokor.lutheran.hu\\\/wp-content\\\/uploads\\\/2017\\\/02\\\/DSC_0675-1024x681.jpg\",\"big\":\"https:\\\/\\\/mandabokor.lutheran.hu\\\/wp-content\\\/uploads\\\/2017\\\/02\\\/DSC_0675-1024x681.jpg\",\"thumb\":\"https:\\\/\\\/mandabokor.lutheran.hu\\\/wp-content\\\/uploads\\\/2017\\\/02\\\/DSC_0675-150x150.jpg\",\"title\":\"DSC_0675\",\"description\":\"\"},{\"image\":\"https:\\\/\\\/mandabokor.lutheran.hu\\\/wp-content\\\/uploads\\\/2017\\\/02\\\/DSC_0676-1024x681.jpg\",\"big\":\"https:\\\/\\\/mandabokor.lutheran.hu\\\/wp-content\\\/uploads\\\/2017\\\/02\\\/DSC_0676-1024x681.jpg\",\"thumb\":\"https:\\\/\\\/mandabokor.lutheran.hu\\\/wp-content\\\/uploads\\\/2017\\\/02\\\/DSC_0676-150x150.jpg\",\"title\":\"DSC_0676\",\"description\":\"\"},{\"image\":\"https:\\\/\\\/mandabokor.lutheran.hu\\\/wp-content\\\/uploads\\\/2017\\\/02\\\/DSC_0677-1024x681.jpg\",\"big\":\"https:\\\/\\\/mandabokor.lutheran.hu\\\/wp-content\\\/uploads\\\/2017\\\/02\\\/DSC_0677-1024x681.jpg\",\"thumb\":\"https:\\\/\\\/mandabokor.lutheran.hu\\\/wp-content\\\/uploads\\\/2017\\\/02\\\/DSC_0677-150x150.jpg\",\"title\":\"DSC_0677\",\"description\":\"\"},{\"image\":\"https:\\\/\\\/mandabokor.lutheran.hu\\\/wp-content\\\/uploads\\\/2017\\\/02\\\/DSC_0678-1024x681.jpg\",\"big\":\"https:\\\/\\\/mandabokor.lutheran.hu\\\/wp-content\\\/uploads\\\/2017\\\/02\\\/DSC_0678-1024x681.jpg\",\"thumb\":\"https:\\\/\\\/mandabokor.lutheran.hu\\\/wp-content\\\/uploads\\\/2017\\\/02\\\/DSC_0678-150x150.jpg\",\"title\":\"DSC_0678\",\"description\":\"\"},{\"image\":\"https:\\\/\\\/mandabokor.lutheran.hu\\\/wp-content\\\/uploads\\\/2017\\\/02\\\/DSC_0680-1024x681.jpg\",\"big\":\"https:\\\/\\\/mandabokor.lutheran.hu\\\/wp-content\\\/uploads\\\/2017\\\/02\\\/DSC_0680-1024x681.jpg\",\"thumb\":\"https:\\\/\\\/mandabokor.lutheran.hu\\\/wp-content\\\/uploads\\\/2017\\\/02\\\/DSC_0680-150x150.jpg\",\"title\":\"DSC_0680\",\"description\":\"\"},{\"image\":\"https:\\\/\\\/mandabokor.lutheran.hu\\\/wp-content\\\/uploads\\\/2017\\\/02\\\/DSC_0682-1024x681.jpg\",\"big\":\"https:\\\/\\\/mandabokor.lutheran.hu\\\/wp-content\\\/uploads\\\/2017\\\/02\\\/DSC_0682-1024x681.jpg\",\"thumb\":\"https:\\\/\\\/mandabokor.lutheran.hu\\\/wp-content\\\/uploads\\\/2017\\\/02\\\/DSC_0682-150x150.jpg\",\"title\":\"DSC_0682\",\"description\":\"\"},{\"image\":\"https:\\\/\\\/mandabokor.lutheran.hu\\\/wp-content\\\/uploads\\\/2017\\\/02\\\/DSC_0683-1024x681.jpg\",\"big\":\"https:\\\/\\\/mandabokor.lutheran.hu\\\/wp-content\\\/uploads\\\/2017\\\/02\\\/DSC_0683-1024x681.jpg\",\"thumb\":\"https:\\\/\\\/mandabokor.lutheran.hu\\\/wp-content\\\/uploads\\\/2017\\\/02\\\/DSC_0683-150x150.jpg\",\"title\":\"DSC_0683\",\"description\":\"\"},{\"image\":\"https:\\\/\\\/mandabokor.lutheran.hu\\\/wp-content\\\/uploads\\\/2017\\\/02\\\/DSC_0685-1024x681.jpg\",\"big\":\"https:\\\/\\\/mandabokor.lutheran.hu\\\/wp-content\\\/uploads\\\/2017\\\/02\\\/DSC_0685-1024x681.jpg\",\"thumb\":\"https:\\\/\\\/mandabokor.lutheran.hu\\\/wp-content\\\/uploads\\\/2017\\\/02\\\/DSC_0685-150x150.jpg\",\"title\":\"DSC_0685\",\"description\":\"\"},{\"image\":\"https:\\\/\\\/mandabokor.lutheran.hu\\\/wp-content\\\/uploads\\\/2017\\\/02\\\/DSC_0686-1024x681.jpg\",\"big\":\"https:\\\/\\\/mandabokor.lutheran.hu\\\/wp-content\\\/uploads\\\/2017\\\/02\\\/DSC_0686-1024x681.jpg\",\"thumb\":\"https:\\\/\\\/mandabokor.lutheran.hu\\\/wp-content\\\/uploads\\\/2017\\\/02\\\/DSC_0686-150x150.jpg\",\"title\":\"DSC_0686\",\"description\":\"\"},{\"image\":\"https:\\\/\\\/mandabokor.lutheran.hu\\\/wp-content\\\/uploads\\\/2017\\\/02\\\/DSC_0687-1024x681.jpg\",\"big\":\"https:\\\/\\\/mandabokor.lutheran.hu\\\/wp-content\\\/uploads\\\/2017\\\/02\\\/DSC_0687-1024x681.jpg\",\"thumb\":\"https:\\\/\\\/mandabokor.lutheran.hu\\\/wp-content\\\/uploads\\\/2017\\\/02\\\/DSC_0687-150x150.jpg\",\"title\":\"DSC_0687\",\"description\":\"\"},{\"image\":\"https:\\\/\\\/mandabokor.lutheran.hu\\\/wp-content\\\/uploads\\\/2017\\\/02\\\/DSC_0688-1024x681.jpg\",\"big\":\"https:\\\/\\\/mandabokor.lutheran.hu\\\/wp-content\\\/uploads\\\/2017\\\/02\\\/DSC_0688-1024x681.jpg\",\"thumb\":\"https:\\\/\\\/mandabokor.lutheran.hu\\\/wp-content\\\/uploads\\\/2017\\\/02\\\/DSC_0688-150x150.jpg\",\"title\":\"DSC_0688\",\"description\":\"\"},{\"image\":\"https:\\\/\\\/mandabokor.lutheran.hu\\\/wp-content\\\/uploads\\\/2017\\\/02\\\/DSC_0689-1024x681.jpg\",\"big\":\"https:\\\/\\\/mandabokor.lutheran.hu\\\/wp-content\\\/uploads\\\/2017\\\/02\\\/DSC_0689-1024x681.jpg\",\"thumb\":\"https:\\\/\\\/mandabokor.lutheran.hu\\\/wp-content\\\/uploads\\\/2017\\\/02\\\/DSC_0689-150x150.jpg\",\"title\":\"DSC_0689\",\"description\":\"\"},{\"image\":\"https:\\\/\\\/mandabokor.lutheran.hu\\\/wp-content\\\/uploads\\\/2017\\\/02\\\/DSC_0690-1024x681.jpg\",\"big\":\"https:\\\/\\\/mandabokor.lutheran.hu\\\/wp-content\\\/uploads\\\/2017\\\/02\\\/DSC_0690-1024x681.jpg\",\"thumb\":\"https:\\\/\\\/mandabokor.lutheran.hu\\\/wp-content\\\/uploads\\\/2017\\\/02\\\/DSC_0690-150x150.jpg\",\"title\":\"DSC_0690\",\"description\":\"\"},{\"image\":\"https:\\\/\\\/mandabokor.lutheran.hu\\\/wp-content\\\/uploads\\\/2017\\\/02\\\/DSC_0691-1024x681.jpg\",\"big\":\"https:\\\/\\\/mandabokor.lutheran.hu\\\/wp-content\\\/uploads\\\/2017\\\/02\\\/DSC_0691-1024x681.jpg\",\"thumb\":\"https:\\\/\\\/mandabokor.lutheran.hu\\\/wp-content\\\/uploads\\\/2017\\\/02\\\/DSC_0691-150x150.jpg\",\"title\":\"DSC_0691\",\"description\":\"\"},{\"image\":\"https:\\\/\\\/mandabokor.lutheran.hu\\\/wp-content\\\/uploads\\\/2017\\\/02\\\/DSC_0692-1024x681.jpg\",\"big\":\"https:\\\/\\\/mandabokor.lutheran.hu\\\/wp-content\\\/uploads\\\/2017\\\/02\\\/DSC_0692-1024x681.jpg\",\"thumb\":\"https:\\\/\\\/mandabokor.lutheran.hu\\\/wp-content\\\/uploads\\\/2017\\\/02\\\/DSC_0692-150x150.jpg\",\"title\":\"DSC_0692\",\"description\":\"\"},{\"image\":\"https:\\\/\\\/mandabokor.lutheran.hu\\\/wp-content\\\/uploads\\\/2017\\\/02\\\/DSC_0693-1024x681.jpg\",\"big\":\"https:\\\/\\\/mandabokor.lutheran.hu\\\/wp-content\\\/uploads\\\/2017\\\/02\\\/DSC_0693-1024x681.jpg\",\"thumb\":\"https:\\\/\\\/mandabokor.lutheran.hu\\\/wp-content\\\/uploads\\\/2017\\\/02\\\/DSC_0693-150x150.jpg\",\"title\":\"DSC_0693\",\"description\":\"\"},{\"image\":\"https:\\\/\\\/mandabokor.lutheran.hu\\\/wp-content\\\/uploads\\\/2017\\\/02\\\/DSC_0694-1024x681.jpg\",\"big\":\"https:\\\/\\\/mandabokor.lutheran.hu\\\/wp-content\\\/uploads\\\/2017\\\/02\\\/DSC_0694-1024x681.jpg\",\"thumb\":\"https:\\\/\\\/mandabokor.lutheran.hu\\\/wp-content\\\/uploads\\\/2017\\\/02\\\/DSC_0694-150x150.jpg\",\"title\":\"DSC_0694\",\"description\":\"\"},{\"image\":\"https:\\\/\\\/mandabokor.lutheran.hu\\\/wp-content\\\/uploads\\\/2017\\\/02\\\/DSC_0695-1024x681.jpg\",\"big\":\"https:\\\/\\\/mandabokor.lutheran.hu\\\/wp-content\\\/uploads\\\/2017\\\/02\\\/DSC_0695-1024x681.jpg\",\"thumb\":\"https:\\\/\\\/mandabokor.lutheran.hu\\\/wp-content\\\/uploads\\\/2017\\\/02\\\/DSC_0695-150x150.jpg\",\"title\":\"DSC_0695\",\"description\":\"\"},{\"image\":\"https:\\\/\\\/mandabokor.lutheran.hu\\\/wp-content\\\/uploads\\\/2017\\\/02\\\/DSC_0697-1024x681.jpg\",\"big\":\"https:\\\/\\\/mandabokor.lutheran.hu\\\/wp-content\\\/uploads\\\/2017\\\/02\\\/DSC_0697-1024x681.jpg\",\"thumb\":\"https:\\\/\\\/mandabokor.lutheran.hu\\\/wp-content\\\/uploads\\\/2017\\\/02\\\/DSC_0697-150x150.jpg\",\"title\":\"DSC_0697\",\"description\":\"\"},{\"image\":\"https:\\\/\\\/mandabokor.lutheran.hu\\\/wp-content\\\/uploads\\\/2017\\\/02\\\/DSC_0702-1024x681.jpg\",\"big\":\"https:\\\/\\\/mandabokor.lutheran.hu\\\/wp-content\\\/uploads\\\/2017\\\/02\\\/DSC_0702-1024x681.jpg\",\"thumb\":\"https:\\\/\\\/mandabokor.lutheran.hu\\\/wp-content\\\/uploads\\\/2017\\\/02\\\/DSC_0702-150x150.jpg\",\"title\":\"DSC_0702\",\"description\":\"\"},{\"image\":\"https:\\\/\\\/mandabokor.lutheran.hu\\\/wp-content\\\/uploads\\\/2017\\\/02\\\/DSC_0705-1024x681.jpg\",\"big\":\"https:\\\/\\\/mandabokor.lutheran.hu\\\/wp-content\\\/uploads\\\/2017\\\/02\\\/DSC_0705-1024x681.jpg\",\"thumb\":\"https:\\\/\\\/mandabokor.lutheran.hu\\\/wp-content\\\/uploads\\\/2017\\\/02\\\/DSC_0705-150x150.jpg\",\"title\":\"DSC_0705\",\"description\":\"\"},{\"image\":\"https:\\\/\\\/mandabokor.lutheran.hu\\\/wp-content\\\/uploads\\\/2017\\\/02\\\/DSC_0706-1024x681.jpg\",\"big\":\"https:\\\/\\\/mandabokor.lutheran.hu\\\/wp-content\\\/uploads\\\/2017\\\/02\\\/DSC_0706-1024x681.jpg\",\"thumb\":\"https:\\\/\\\/mandabokor.lutheran.hu\\\/wp-content\\\/uploads\\\/2017\\\/02\\\/DSC_0706-150x150.jpg\",\"title\":\"DSC_0706\",\"description\":\"\"},{\"image\":\"https:\\\/\\\/mandabokor.lutheran.hu\\\/wp-content\\\/uploads\\\/2017\\\/02\\\/DSC_0708-1024x681.jpg\",\"big\":\"https:\\\/\\\/mandabokor.lutheran.hu\\\/wp-content\\\/uploads\\\/2017\\\/02\\\/DSC_0708-1024x681.jpg\",\"thumb\":\"https:\\\/\\\/mandabokor.lutheran.hu\\\/wp-content\\\/uploads\\\/2017\\\/02\\\/DSC_0708-150x150.jpg\",\"title\":\"DSC_0708\",\"description\":\"\"},{\"image\":\"https:\\\/\\\/mandabokor.lutheran.hu\\\/wp-content\\\/uploads\\\/2017\\\/02\\\/DSC_0709-1024x681.jpg\",\"big\":\"https:\\\/\\\/mandabokor.lutheran.hu\\\/wp-content\\\/uploads\\\/2017\\\/02\\\/DSC_0709-1024x681.jpg\",\"thumb\":\"https:\\\/\\\/mandabokor.lutheran.hu\\\/wp-content\\\/uploads\\\/2017\\\/02\\\/DSC_0709-150x150.jpg\",\"title\":\"DSC_0709\",\"description\":\"\"},{\"image\":\"https:\\\/\\\/mandabokor.lutheran.hu\\\/wp-content\\\/uploads\\\/2017\\\/02\\\/DSC_0712-1024x681.jpg\",\"big\":\"https:\\\/\\\/mandabokor.lutheran.hu\\\/wp-content\\\/uploads\\\/2017\\\/02\\\/DSC_0712-1024x681.jpg\",\"thumb\":\"https:\\\/\\\/mandabokor.lutheran.hu\\\/wp-content\\\/uploads\\\/2017\\\/02\\\/DSC_0712-150x150.jpg\",\"title\":\"DSC_0712\",\"description\":\"\"}],\"width\":\"auto\",\"height\":0.76,\"autoplay\":false,\"transition\":\"slide\",\"initialTransition\":\"fade\",\"transitionSpeed\":0,\"_delayTime\":4000,\"_hideControls\":false,\"_thumbnailMode\":\"grid\",\"_captionMode\":\"on_expand\"}); });<\/script>\n","protected":false},"excerpt":{"rendered":"","protected":false},"author":2,"featured_media":0,"parent":0,"menu_order":0,"comment_status":"closed","ping_status":"closed","template":"","meta":{"_monsterinsights_skip_tracking":false,"_monsterinsights_sitenote_active":false,"_monsterinsights_sitenote_note":"","_monsterinsights_sitenote_category":0},"_links":{"self":[{"href":"https:\/\/mandabokor.lutheran.hu\/index.php?rest_route=\/wp\/v2\/pages\/901"}],"collection":[{"href":"https:\/\/mandabokor.lutheran.hu\/index.php?rest_route=\/wp\/v2\/pages"}],"about":[{"href":"https:\/\/mandabokor.lutheran.hu\/index.php?rest_route=\/wp\/v2\/types\/page"}],"author":[{"embeddable":true,"href":"https:\/\/mandabokor.lutheran.hu\/index.php?rest_route=\/wp\/v2\/users\/2"}],"replies":[{"embeddable":true,"href":"https:\/\/mandabokor.lutheran.hu\/index.php?rest_route=%2Fwp%2Fv2%2Fcomments&post=901"}],"version-history":[{"count":3,"href":"https:\/\/mandabokor.lutheran.hu\/index.php?rest_route=\/wp\/v2\/pages\/901\/revisions"}],"predecessor-version":[{"id":1646,"href":"https:\/\/mandabokor.lutheran.hu\/index.php?rest_route=\/wp\/v2\/pages\/901\/revisions\/1646"}],"wp:attachment":[{"href":"https:\/\/mandabokor.lutheran.hu\/index.php?rest_route=%2Fwp%2Fv2%2Fmedia&parent=901"}],"curies":[{"name":"wp","href":"https:\/\/api.w.org\/{rel}","templated":true}]}}