{"id":7286,"date":"2020-01-05T16:33:26","date_gmt":"2020-01-05T16:33:26","guid":{"rendered":"http:\/\/mandabokor.lutheran.hu\/?page_id=7286"},"modified":"2023-05-30T08:02:11","modified_gmt":"2023-05-30T08:02:11","slug":"videok","status":"publish","type":"page","link":"https:\/\/mandabokor.lutheran.hu\/?page_id=7286","title":{"rendered":"Vide\u00f3k"},"content":{"rendered":"<p style=\"text-align: center;\"><span style=\"font-size: 14pt;\"><strong>A gy\u00fclekezet\u00fcnkben szervezett alkalmakr\u00f3l<br \/>\nk\u00e9sz\u00fclt vide\u00f3kat tekintheti meg:<\/strong><\/span><\/p>\n<p><span style=\"color: #ff0000;\"><strong><span style=\"font-size: 18pt;\">2023. \u00e9v<\/span><\/strong><\/span><br \/>\n<strong>2023. \u00e9v Ifj\u00fas\u00e1gi &#8211; \u00e9s Konfirm\u00e1ci\u00f3s t\u00e1bor<\/strong><\/p>\n<p>&nbsp;<\/p>\n<p><strong>10 \u00e9ves a Mandabokori Imah\u00e1z<\/strong><\/p>\n<p><iframe  id=\"_ytid_87944\"  width=\"525\" height=\"295\"  data-origwidth=\"525\" data-origheight=\"295\"  src=\"https:\/\/www.youtube.com\/embed\/4TZ1G-7AuHA?enablejsapi=1&#038;autoplay=0&#038;cc_load_policy=0&#038;cc_lang_pref=&#038;iv_load_policy=1&#038;loop=0&#038;modestbranding=0&#038;rel=1&#038;fs=1&#038;playsinline=0&#038;autohide=2&#038;theme=dark&#038;color=red&#038;controls=1&#038;\" class=\"__youtube_prefs__  epyt-is-override  no-lazyload\" title=\"YouTube player\"  allow=\"autoplay; encrypted-media\" allowfullscreen data-no-lazy=\"1\" data-skipgform_ajax_framebjll=\"\"><\/iframe><\/p>\n<p><span style=\"color: #ff0000; font-size: 18pt;\"><strong>2022. \u00e9v<\/strong><\/span><\/p>\n<p><strong>2022. \u00e9v napk\u00f6zis t\u00e1bor<\/strong><\/p>\n<p><iframe  id=\"_ytid_86183\"  width=\"525\" height=\"295\"  data-origwidth=\"525\" data-origheight=\"295\"  src=\"https:\/\/www.youtube.com\/embed\/b35biOZ3a8o?enablejsapi=1&#038;autoplay=0&#038;cc_load_policy=0&#038;cc_lang_pref=&#038;iv_load_policy=1&#038;loop=0&#038;modestbranding=0&#038;rel=1&#038;fs=1&#038;playsinline=0&#038;autohide=2&#038;theme=dark&#038;color=red&#038;controls=1&#038;\" class=\"__youtube_prefs__  epyt-is-override  no-lazyload\" title=\"YouTube player\"  allow=\"autoplay; encrypted-media\" allowfullscreen data-no-lazy=\"1\" data-skipgform_ajax_framebjll=\"\"><\/iframe><\/p>\n<p><strong>2022. konfirm\u00e1ci\u00f3s &#8211; \u00e9s ifit\u00e1bor<br \/>\n<\/strong><\/p>\n<p><iframe  id=\"_ytid_19525\"  width=\"525\" height=\"295\"  data-origwidth=\"525\" data-origheight=\"295\"  src=\"https:\/\/www.youtube.com\/embed\/mXeJznXX-IQ?enablejsapi=1&#038;autoplay=0&#038;cc_load_policy=0&#038;cc_lang_pref=&#038;iv_load_policy=1&#038;loop=0&#038;modestbranding=0&#038;rel=1&#038;fs=1&#038;playsinline=0&#038;autohide=2&#038;theme=dark&#038;color=red&#038;controls=1&#038;\" class=\"__youtube_prefs__  epyt-is-override  no-lazyload\" title=\"YouTube player\"  allow=\"autoplay; encrypted-media\" allowfullscreen data-no-lazy=\"1\" data-skipgform_ajax_framebjll=\"\"><\/iframe><\/p>\n<p><strong>2022. Balatonsz\u00e1rsz\u00f3 ifj\u00fas\u00e1gi h\u00e9tv\u00e9ge<\/strong><\/p>\n<p><iframe  id=\"_ytid_52597\"  width=\"525\" height=\"295\"  data-origwidth=\"525\" data-origheight=\"295\"  src=\"https:\/\/www.youtube.com\/embed\/1gajgloOk04?enablejsapi=1&#038;autoplay=0&#038;cc_load_policy=0&#038;cc_lang_pref=&#038;iv_load_policy=1&#038;loop=0&#038;modestbranding=0&#038;rel=1&#038;fs=1&#038;playsinline=0&#038;autohide=2&#038;theme=dark&#038;color=red&#038;controls=1&#038;\" class=\"__youtube_prefs__  epyt-is-override  no-lazyload\" title=\"YouTube player\"  allow=\"autoplay; encrypted-media\" allowfullscreen data-no-lazy=\"1\" data-skipgform_ajax_framebjll=\"\"><\/iframe><\/p>\n<p><strong>2022. K\u00e1lm\u00e1nh\u00e1za 80. \u00e9ves jubileumi \u00fcnneps\u00e9g &#8211; istentisztelet<\/strong><\/p>\n<p><iframe  id=\"_ytid_20270\"  width=\"525\" height=\"295\"  data-origwidth=\"525\" data-origheight=\"295\"  src=\"https:\/\/www.youtube.com\/embed\/RY2BJnZA1Sw?enablejsapi=1&#038;autoplay=0&#038;cc_load_policy=0&#038;cc_lang_pref=&#038;iv_load_policy=1&#038;loop=0&#038;modestbranding=0&#038;rel=1&#038;fs=1&#038;playsinline=0&#038;autohide=2&#038;theme=dark&#038;color=red&#038;controls=1&#038;\" class=\"__youtube_prefs__  epyt-is-override  no-lazyload\" title=\"YouTube player\"  allow=\"autoplay; encrypted-media\" allowfullscreen data-no-lazy=\"1\" data-skipgform_ajax_framebjll=\"\"><\/iframe><\/p>\n<p><span style=\"color: #ff0000;\"><strong><span style=\"font-size: 18pt;\">2021. \u00e9v<\/span><\/strong><\/span><\/p>\n<p><strong>2021. \u00e9v napk\u00f6zis t\u00e1bor<\/strong><\/p>\n<p><iframe  id=\"_ytid_92217\"  width=\"525\" height=\"295\"  data-origwidth=\"525\" data-origheight=\"295\"  src=\"https:\/\/www.youtube.com\/embed\/PlxqcCX6ghY?enablejsapi=1&#038;autoplay=0&#038;cc_load_policy=0&#038;cc_lang_pref=&#038;iv_load_policy=1&#038;loop=0&#038;modestbranding=0&#038;rel=1&#038;fs=1&#038;playsinline=0&#038;autohide=2&#038;theme=dark&#038;color=red&#038;controls=1&#038;\" class=\"__youtube_prefs__  epyt-is-override  no-lazyload\" title=\"YouTube player\"  allow=\"autoplay; encrypted-media\" allowfullscreen data-no-lazy=\"1\" data-skipgform_ajax_framebjll=\"\"><\/iframe><\/p>\n<p><strong>2021. \u00e9v konfirm\u00e1ci\u00f3s t\u00e1bor<\/strong><\/p>\n<p><iframe  id=\"_ytid_67573\"  width=\"525\" height=\"295\"  data-origwidth=\"525\" data-origheight=\"295\"  src=\"https:\/\/www.youtube.com\/embed\/Vrs-hHiUpak?enablejsapi=1&#038;autoplay=0&#038;cc_load_policy=0&#038;cc_lang_pref=&#038;iv_load_policy=1&#038;loop=0&#038;modestbranding=0&#038;rel=1&#038;fs=1&#038;playsinline=0&#038;autohide=2&#038;theme=dark&#038;color=red&#038;controls=1&#038;\" class=\"__youtube_prefs__  epyt-is-override  no-lazyload\" title=\"YouTube player\"  allow=\"autoplay; encrypted-media\" allowfullscreen data-no-lazy=\"1\" data-skipgform_ajax_framebjll=\"\"><\/iframe><\/p>\n<p><strong>2021.\u00a0<span style=\"font-size: 1rem;\">\u00d3hutai ifj\u00fas\u00e1gi \u00e9s csal\u00e1dos t\u00e1bor<\/span><\/strong><\/p>\n<p><iframe  id=\"_ytid_32290\"  width=\"525\" height=\"295\"  data-origwidth=\"525\" data-origheight=\"295\"  src=\"https:\/\/www.youtube.com\/embed\/vVmNXjcflJg?enablejsapi=1&#038;autoplay=0&#038;cc_load_policy=0&#038;cc_lang_pref=&#038;iv_load_policy=1&#038;loop=0&#038;modestbranding=0&#038;rel=1&#038;fs=1&#038;playsinline=0&#038;autohide=2&#038;theme=dark&#038;color=red&#038;controls=1&#038;\" class=\"__youtube_prefs__  epyt-is-override  no-lazyload\" title=\"YouTube player\"  allow=\"autoplay; encrypted-media\" allowfullscreen data-no-lazy=\"1\" data-skipgform_ajax_framebjll=\"\"><\/iframe><\/p>\n<p><strong>2021. Csal\u00e1di nap<\/strong><\/p>\n<p><iframe  id=\"_ytid_98685\"  width=\"525\" height=\"295\"  data-origwidth=\"525\" data-origheight=\"295\"  src=\"https:\/\/www.youtube.com\/embed\/9-f1RebWOUk?enablejsapi=1&#038;autoplay=0&#038;cc_load_policy=0&#038;cc_lang_pref=&#038;iv_load_policy=1&#038;loop=0&#038;modestbranding=0&#038;rel=1&#038;fs=1&#038;playsinline=0&#038;autohide=2&#038;theme=dark&#038;color=red&#038;controls=1&#038;\" class=\"__youtube_prefs__  epyt-is-override  no-lazyload\" title=\"YouTube player\"  allow=\"autoplay; encrypted-media\" allowfullscreen data-no-lazy=\"1\" data-skipgform_ajax_framebjll=\"\"><\/iframe><\/p>\n<p><strong>2021. Gyermekkar\u00e1csony<\/strong><\/p>\n<p><iframe  id=\"_ytid_67518\"  width=\"525\" height=\"295\"  data-origwidth=\"525\" data-origheight=\"295\"  src=\"https:\/\/www.youtube.com\/embed\/UQMKO8uIBPc?enablejsapi=1&#038;autoplay=0&#038;cc_load_policy=0&#038;cc_lang_pref=&#038;iv_load_policy=1&#038;loop=0&#038;modestbranding=0&#038;rel=1&#038;fs=1&#038;playsinline=0&#038;autohide=2&#038;theme=dark&#038;color=red&#038;controls=1&#038;\" class=\"__youtube_prefs__  epyt-is-override  no-lazyload\" title=\"YouTube player\"  allow=\"autoplay; encrypted-media\" allowfullscreen data-no-lazy=\"1\" data-skipgform_ajax_framebjll=\"\"><\/iframe><\/p>\n<p><span style=\"font-size: 18pt; color: #ff0000;\"><strong>2020. \u00e9v<\/strong><\/span><\/p>\n<p><strong>2020. \u00e9v online gyermekkar\u00e1csony<\/strong><\/p>\n<p><iframe  id=\"_ytid_30275\"  width=\"525\" height=\"295\"  data-origwidth=\"525\" data-origheight=\"295\"  src=\"https:\/\/www.youtube.com\/embed\/G6kO884LvzA?enablejsapi=1&#038;autoplay=0&#038;cc_load_policy=0&#038;cc_lang_pref=&#038;iv_load_policy=1&#038;loop=0&#038;modestbranding=0&#038;rel=1&#038;fs=1&#038;playsinline=0&#038;autohide=2&#038;theme=dark&#038;color=red&#038;controls=1&#038;\" class=\"__youtube_prefs__  epyt-is-override  no-lazyload\" title=\"YouTube player\"  allow=\"autoplay; encrypted-media\" allowfullscreen data-no-lazy=\"1\" data-skipgform_ajax_framebjll=\"\"><\/iframe><\/p>\n<p><span style=\"font-size: 18pt; color: #ff0000;\"><strong>2019. \u00e9v<\/strong><\/span><\/p>\n<p><strong>2019. \u00e9v \u00f6sszefoglal\u00f3ja<\/strong><\/p>\n<p><iframe  id=\"_ytid_37590\"  width=\"525\" height=\"295\"  data-origwidth=\"525\" data-origheight=\"295\"  src=\"https:\/\/www.youtube.com\/embed\/cnhmRkJUQfM?enablejsapi=1&#038;autoplay=0&#038;cc_load_policy=0&#038;cc_lang_pref=&#038;iv_load_policy=1&#038;loop=0&#038;modestbranding=0&#038;rel=1&#038;fs=1&#038;playsinline=0&#038;autohide=2&#038;theme=dark&#038;color=red&#038;controls=1&#038;\" class=\"__youtube_prefs__  epyt-is-override  no-lazyload\" title=\"YouTube player\"  allow=\"autoplay; encrypted-media\" allowfullscreen data-no-lazy=\"1\" data-skipgform_ajax_framebjll=\"\"><\/iframe><\/p>\n<p><strong>2019. \u00c1dventi est\u00e9k K\u00e1d\u00e1r L\u00e1szl\u00f3val:<\/strong><\/p>\n<p><strong>1. nap<\/strong><\/p>\n<p><iframe  id=\"_ytid_12908\"  width=\"525\" height=\"295\"  data-origwidth=\"525\" data-origheight=\"295\"  src=\"https:\/\/www.youtube.com\/embed\/n0bprXtNr_s?enablejsapi=1&#038;autoplay=0&#038;cc_load_policy=0&#038;cc_lang_pref=&#038;iv_load_policy=1&#038;loop=0&#038;modestbranding=0&#038;rel=1&#038;fs=1&#038;playsinline=0&#038;autohide=2&#038;theme=dark&#038;color=red&#038;controls=1&#038;\" class=\"__youtube_prefs__  epyt-is-override  no-lazyload\" title=\"YouTube player\"  allow=\"autoplay; encrypted-media\" allowfullscreen data-no-lazy=\"1\" data-skipgform_ajax_framebjll=\"\"><\/iframe><\/p>\n<p><strong>2. nap<\/strong><\/p>\n<p><iframe  id=\"_ytid_34548\"  width=\"525\" height=\"295\"  data-origwidth=\"525\" data-origheight=\"295\"  src=\"https:\/\/www.youtube.com\/embed\/9fEW9P_rUhc?enablejsapi=1&#038;autoplay=0&#038;cc_load_policy=0&#038;cc_lang_pref=&#038;iv_load_policy=1&#038;loop=0&#038;modestbranding=0&#038;rel=1&#038;fs=1&#038;playsinline=0&#038;autohide=2&#038;theme=dark&#038;color=red&#038;controls=1&#038;\" class=\"__youtube_prefs__  epyt-is-override  no-lazyload\" title=\"YouTube player\"  allow=\"autoplay; encrypted-media\" allowfullscreen data-no-lazy=\"1\" data-skipgform_ajax_framebjll=\"\"><\/iframe><\/p>\n<p><strong>3. nap<\/strong><\/p>\n<p><iframe  id=\"_ytid_13327\"  width=\"525\" height=\"295\"  data-origwidth=\"525\" data-origheight=\"295\"  src=\"https:\/\/www.youtube.com\/embed\/clU8zfvSM-s?enablejsapi=1&#038;autoplay=0&#038;cc_load_policy=0&#038;cc_lang_pref=&#038;iv_load_policy=1&#038;loop=0&#038;modestbranding=0&#038;rel=1&#038;fs=1&#038;playsinline=0&#038;autohide=2&#038;theme=dark&#038;color=red&#038;controls=1&#038;\" class=\"__youtube_prefs__  epyt-is-override  no-lazyload\" title=\"YouTube player\"  allow=\"autoplay; encrypted-media\" allowfullscreen data-no-lazy=\"1\" data-skipgform_ajax_framebjll=\"\"><\/iframe><\/p>\n<p><strong>2019. november 7. Jo\u00f3b Oliv\u00e9r szolg\u00e1lata<\/strong><\/p>\n<p><iframe  id=\"_ytid_84847\"  width=\"525\" height=\"295\"  data-origwidth=\"525\" data-origheight=\"295\"  src=\"https:\/\/www.youtube.com\/embed\/rrrsAVNiSp8?enablejsapi=1&#038;autoplay=0&#038;cc_load_policy=0&#038;cc_lang_pref=&#038;iv_load_policy=1&#038;loop=0&#038;modestbranding=0&#038;rel=1&#038;fs=1&#038;playsinline=0&#038;autohide=2&#038;theme=dark&#038;color=red&#038;controls=1&#038;\" class=\"__youtube_prefs__  epyt-is-override  no-lazyload\" title=\"YouTube player\"  allow=\"autoplay; encrypted-media\" allowfullscreen data-no-lazy=\"1\" data-skipgform_ajax_framebjll=\"\"><\/iframe><\/p>\n<p><strong>2019. Csal\u00e1di nap<\/strong><\/p>\n<p><iframe  id=\"_ytid_86292\"  width=\"525\" height=\"295\"  data-origwidth=\"525\" data-origheight=\"295\"  src=\"https:\/\/www.youtube.com\/embed\/xEfK8StA3aA?enablejsapi=1&#038;autoplay=0&#038;cc_load_policy=0&#038;cc_lang_pref=&#038;iv_load_policy=1&#038;loop=0&#038;modestbranding=0&#038;rel=1&#038;fs=1&#038;playsinline=0&#038;autohide=2&#038;theme=dark&#038;color=red&#038;controls=1&#038;\" class=\"__youtube_prefs__  epyt-is-override  no-lazyload\" title=\"YouTube player\"  allow=\"autoplay; encrypted-media\" allowfullscreen data-no-lazy=\"1\" data-skipgform_ajax_framebjll=\"\"><\/iframe><\/p>\n<p><strong>2019. Napk\u00f6zis t\u00e1bor<\/strong><\/p>\n<p><iframe  id=\"_ytid_49332\"  width=\"525\" height=\"295\"  data-origwidth=\"525\" data-origheight=\"295\"  src=\"https:\/\/www.youtube.com\/embed\/OicOxUZpXnE?enablejsapi=1&#038;autoplay=0&#038;cc_load_policy=0&#038;cc_lang_pref=&#038;iv_load_policy=1&#038;loop=0&#038;modestbranding=0&#038;rel=1&#038;fs=1&#038;playsinline=0&#038;autohide=2&#038;theme=dark&#038;color=red&#038;controls=1&#038;\" class=\"__youtube_prefs__  epyt-is-override  no-lazyload\" title=\"YouTube player\"  allow=\"autoplay; encrypted-media\" allowfullscreen data-no-lazy=\"1\" data-skipgform_ajax_framebjll=\"\"><\/iframe><\/p>\n<p><strong>2019. B\u00f6jti est\u00e9k Orb\u00e1n Attil\u00e1val<\/strong><\/p>\n<p><strong>1. nap<\/strong><\/p>\n<p><iframe  id=\"_ytid_64212\"  width=\"525\" height=\"295\"  data-origwidth=\"525\" data-origheight=\"295\"  src=\"https:\/\/www.youtube.com\/embed\/wCAc-rUJS9I?enablejsapi=1&#038;autoplay=0&#038;cc_load_policy=0&#038;cc_lang_pref=&#038;iv_load_policy=1&#038;loop=0&#038;modestbranding=0&#038;rel=1&#038;fs=1&#038;playsinline=0&#038;autohide=2&#038;theme=dark&#038;color=red&#038;controls=1&#038;\" class=\"__youtube_prefs__  epyt-is-override  no-lazyload\" title=\"YouTube player\"  allow=\"autoplay; encrypted-media\" allowfullscreen data-no-lazy=\"1\" data-skipgform_ajax_framebjll=\"\"><\/iframe><\/p>\n<p><strong>2. nap<\/strong><\/p>\n<p><iframe  id=\"_ytid_73307\"  width=\"525\" height=\"295\"  data-origwidth=\"525\" data-origheight=\"295\"  src=\"https:\/\/www.youtube.com\/embed\/jpbrY0jwyZ4?enablejsapi=1&#038;autoplay=0&#038;cc_load_policy=0&#038;cc_lang_pref=&#038;iv_load_policy=1&#038;loop=0&#038;modestbranding=0&#038;rel=1&#038;fs=1&#038;playsinline=0&#038;autohide=2&#038;theme=dark&#038;color=red&#038;controls=1&#038;\" class=\"__youtube_prefs__  epyt-is-override  no-lazyload\" title=\"YouTube player\"  allow=\"autoplay; encrypted-media\" allowfullscreen data-no-lazy=\"1\" data-skipgform_ajax_framebjll=\"\"><\/iframe><\/p>\n<p><strong>3. nap<\/strong><\/p>\n<p><iframe  id=\"_ytid_52167\"  width=\"525\" height=\"295\"  data-origwidth=\"525\" data-origheight=\"295\"  src=\"https:\/\/www.youtube.com\/embed\/kHikNopGNaY?enablejsapi=1&#038;autoplay=0&#038;cc_load_policy=0&#038;cc_lang_pref=&#038;iv_load_policy=1&#038;loop=0&#038;modestbranding=0&#038;rel=1&#038;fs=1&#038;playsinline=0&#038;autohide=2&#038;theme=dark&#038;color=red&#038;controls=1&#038;\" class=\"__youtube_prefs__  epyt-is-override  no-lazyload\" title=\"YouTube player\"  allow=\"autoplay; encrypted-media\" allowfullscreen data-no-lazy=\"1\" data-skipgform_ajax_framebjll=\"\"><\/iframe><\/p>\n<p><strong>4. nap<\/strong><\/p>\n<p><iframe  id=\"_ytid_56438\"  width=\"525\" height=\"295\"  data-origwidth=\"525\" data-origheight=\"295\"  src=\"https:\/\/www.youtube.com\/embed\/akkezaKu8oc?enablejsapi=1&#038;autoplay=0&#038;cc_load_policy=0&#038;cc_lang_pref=&#038;iv_load_policy=1&#038;loop=0&#038;modestbranding=0&#038;rel=1&#038;fs=1&#038;playsinline=0&#038;autohide=2&#038;theme=dark&#038;color=red&#038;controls=1&#038;\" class=\"__youtube_prefs__  epyt-is-override  no-lazyload\" title=\"YouTube player\"  allow=\"autoplay; encrypted-media\" allowfullscreen data-no-lazy=\"1\" data-skipgform_ajax_framebjll=\"\"><\/iframe><\/p>\n<p><span style=\"font-size: 18pt; color: #ff0000;\"><strong>2018. \u00e9v<\/strong><\/span><\/p>\n<p><strong>2018. \u00e9v \u00f6sszefoglal\u00f3ja<\/strong><\/p>\n<p><iframe  id=\"_ytid_79485\"  width=\"525\" height=\"295\"  data-origwidth=\"525\" data-origheight=\"295\"  src=\"https:\/\/www.youtube.com\/embed\/ybb4puuqB80?enablejsapi=1&#038;autoplay=0&#038;cc_load_policy=0&#038;cc_lang_pref=&#038;iv_load_policy=1&#038;loop=0&#038;modestbranding=0&#038;rel=1&#038;fs=1&#038;playsinline=0&#038;autohide=2&#038;theme=dark&#038;color=red&#038;controls=1&#038;\" class=\"__youtube_prefs__  epyt-is-override  no-lazyload\" title=\"YouTube player\"  allow=\"autoplay; encrypted-media\" allowfullscreen data-no-lazy=\"1\" data-skipgform_ajax_framebjll=\"\"><\/iframe><\/p>\n<p><strong>Gy\u00fclekezet\u00fcnket bemutat\u00f3 film<\/strong><\/p>\n<p><iframe  id=\"_ytid_86316\"  width=\"525\" height=\"295\"  data-origwidth=\"525\" data-origheight=\"295\"  src=\"https:\/\/www.youtube.com\/embed\/A10WotPzV6g?enablejsapi=1&#038;autoplay=0&#038;cc_load_policy=0&#038;cc_lang_pref=&#038;iv_load_policy=1&#038;loop=0&#038;modestbranding=0&#038;rel=1&#038;fs=1&#038;playsinline=0&#038;autohide=2&#038;theme=dark&#038;color=red&#038;controls=1&#038;\" class=\"__youtube_prefs__  epyt-is-override  no-lazyload\" title=\"YouTube player\"  allow=\"autoplay; encrypted-media\" allowfullscreen data-no-lazy=\"1\" data-skipgform_ajax_framebjll=\"\"><\/iframe><\/p>\n<p><strong>2018. Konfirmandus t\u00e1bor<\/strong><\/p>\n<p><iframe  id=\"_ytid_72691\"  width=\"525\" height=\"295\"  data-origwidth=\"525\" data-origheight=\"295\"  src=\"https:\/\/www.youtube.com\/embed\/mXeJznXX-IQ?enablejsapi=1&#038;autoplay=0&#038;cc_load_policy=0&#038;cc_lang_pref=&#038;iv_load_policy=1&#038;loop=0&#038;modestbranding=0&#038;rel=1&#038;fs=1&#038;playsinline=0&#038;autohide=2&#038;theme=dark&#038;color=red&#038;controls=1&#038;\" class=\"__youtube_prefs__  epyt-is-override  no-lazyload\" title=\"YouTube player\"  allow=\"autoplay; encrypted-media\" allowfullscreen data-no-lazy=\"1\" data-skipgform_ajax_framebjll=\"\"><\/iframe><\/p>\n","protected":false},"excerpt":{"rendered":"<p>A gy\u00fclekezet\u00fcnkben szervezett alkalmakr\u00f3l k\u00e9sz\u00fclt vide\u00f3kat tekintheti meg: 2023. \u00e9v 2023. \u00e9v Ifj\u00fas\u00e1gi &#8211; \u00e9s Konfirm\u00e1ci\u00f3s t\u00e1bor &nbsp; 10 \u00e9ves a Mandabokori Imah\u00e1z 2022. \u00e9v 2022. \u00e9v napk\u00f6zis t\u00e1bor 2022. konfirm\u00e1ci\u00f3s &#8211; \u00e9s ifit\u00e1bor 2022. Balatonsz\u00e1rsz\u00f3 ifj\u00fas\u00e1gi h\u00e9tv\u00e9ge 2022. K\u00e1lm\u00e1nh\u00e1za 80. \u00e9ves jubileumi \u00fcnneps\u00e9g &#8211; istentisztelet 2021. \u00e9v 2021. \u00e9v napk\u00f6zis t\u00e1bor 2021. \u00e9v konfirm\u00e1ci\u00f3s &hellip; <\/p>\n<p class=\"link-more\"><a href=\"https:\/\/mandabokor.lutheran.hu\/?page_id=7286\" class=\"more-link\"><span class=\"screen-reader-text\">&#8220;Vide\u00f3k&#8221;<\/span> b\u0151vebben<\/a><\/p>\n","protected":false},"author":2,"featured_media":0,"parent":0,"menu_order":0,"comment_status":"closed","ping_status":"closed","template":"","meta":{"_monsterinsights_skip_tracking":false,"_monsterinsights_sitenote_active":false,"_monsterinsights_sitenote_note":"","_monsterinsights_sitenote_category":0},"_links":{"self":[{"href":"https:\/\/mandabokor.lutheran.hu\/index.php?rest_route=\/wp\/v2\/pages\/7286"}],"collection":[{"href":"https:\/\/mandabokor.lutheran.hu\/index.php?rest_route=\/wp\/v2\/pages"}],"about":[{"href":"https:\/\/mandabokor.lutheran.hu\/index.php?rest_route=\/wp\/v2\/types\/page"}],"author":[{"embeddable":true,"href":"https:\/\/mandabokor.lutheran.hu\/index.php?rest_route=\/wp\/v2\/users\/2"}],"replies":[{"embeddable":true,"href":"https:\/\/mandabokor.lutheran.hu\/index.php?rest_route=%2Fwp%2Fv2%2Fcomments&post=7286"}],"version-history":[{"count":15,"href":"https:\/\/mandabokor.lutheran.hu\/index.php?rest_route=\/wp\/v2\/pages\/7286\/revisions"}],"predecessor-version":[{"id":10447,"href":"https:\/\/mandabokor.lutheran.hu\/index.php?rest_route=\/wp\/v2\/pages\/7286\/revisions\/10447"}],"wp:attachment":[{"href":"https:\/\/mandabokor.lutheran.hu\/index.php?rest_route=%2Fwp%2Fv2%2Fmedia&parent=7286"}],"curies":[{"name":"wp","href":"https:\/\/api.w.org\/{rel}","templated":true}]}}