{"id":72,"date":"2017-01-30T12:54:49","date_gmt":"2017-01-30T12:54:49","guid":{"rendered":"http:\/\/mandabokor.lutheran.hu\/?page_id=72"},"modified":"2017-02-22T15:35:56","modified_gmt":"2017-02-22T15:35:56","slug":"kalmanhaza","status":"publish","type":"page","link":"https:\/\/mandabokor.lutheran.hu\/?page_id=72","title":{"rendered":"K\u00e1lm\u00e1nh\u00e1za"},"content":{"rendered":"<p><strong>Istentiszteleteink:<\/strong><\/p>\n<ul>\n<li>Minden h\u00f3nap <strong>1. \u00e9s 3. vas\u00e1rnapj\u00e1n<\/strong> 8:30 -kor istentisztelet<br \/>\nA h\u00f3nap 1. vas\u00e1rnapja <strong>\u00farvacsor\u00e1s istentisztelet<\/strong>.<\/li>\n<\/ul>\n<p><strong>Alkalmaink:<\/strong><\/p>\n<ul>\n<li>Minden h\u00e9ten hittan\u00f3ra az \u00f3vod\u00e1ban \u00e9s az iskol\u00e1ban.<\/li>\n<\/ul>\n<p><strong>Szeretettel v\u00e1runk mindenkit gy\u00fclekezeti alkalmainkra!<\/strong><\/p>\n","protected":false},"excerpt":{"rendered":"<p>Istentiszteleteink: Minden h\u00f3nap 1. \u00e9s 3. vas\u00e1rnapj\u00e1n 8:30 -kor istentisztelet A h\u00f3nap 1. vas\u00e1rnapja \u00farvacsor\u00e1s istentisztelet. Alkalmaink: Minden h\u00e9ten hittan\u00f3ra az \u00f3vod\u00e1ban \u00e9s az iskol\u00e1ban. Szeretettel v\u00e1runk mindenkit gy\u00fclekezeti alkalmainkra!<\/p>\n","protected":false},"author":1,"featured_media":0,"parent":0,"menu_order":0,"comment_status":"closed","ping_status":"closed","template":"","meta":{"_monsterinsights_skip_tracking":false,"_monsterinsights_sitenote_active":false,"_monsterinsights_sitenote_note":"","_monsterinsights_sitenote_category":0},"_links":{"self":[{"href":"https:\/\/mandabokor.lutheran.hu\/index.php?rest_route=\/wp\/v2\/pages\/72"}],"collection":[{"href":"https:\/\/mandabokor.lutheran.hu\/index.php?rest_route=\/wp\/v2\/pages"}],"about":[{"href":"https:\/\/mandabokor.lutheran.hu\/index.php?rest_route=\/wp\/v2\/types\/page"}],"author":[{"embeddable":true,"href":"https:\/\/mandabokor.lutheran.hu\/index.php?rest_route=\/wp\/v2\/users\/1"}],"replies":[{"embeddable":true,"href":"https:\/\/mandabokor.lutheran.hu\/index.php?rest_route=%2Fwp%2Fv2%2Fcomments&post=72"}],"version-history":[{"count":5,"href":"https:\/\/mandabokor.lutheran.hu\/index.php?rest_route=\/wp\/v2\/pages\/72\/revisions"}],"predecessor-version":[{"id":823,"href":"https:\/\/mandabokor.lutheran.hu\/index.php?rest_route=\/wp\/v2\/pages\/72\/revisions\/823"}],"wp:attachment":[{"href":"https:\/\/mandabokor.lutheran.hu\/index.php?rest_route=%2Fwp%2Fv2%2Fmedia&parent=72"}],"curies":[{"name":"wp","href":"https:\/\/api.w.org\/{rel}","templated":true}]}}