{"id":7024,"date":"2019-11-21T14:14:47","date_gmt":"2019-11-21T14:14:47","guid":{"rendered":"http:\/\/mandabokor.lutheran.hu\/?page_id=7024"},"modified":"2019-11-21T14:23:36","modified_gmt":"2019-11-21T14:23:36","slug":"joob-oliver-szolgalata","status":"publish","type":"page","link":"https:\/\/mandabokor.lutheran.hu\/?page_id=7024","title":{"rendered":"Jo\u00f3b Oliv\u00e9r szolg\u00e1lata"},"content":{"rendered":"<div id=\"amw_galleria_slideshow_1\" class=\"amw-galleria-slideshow\"><\/div>\n<script type=\"text\/javascript\">jQuery(document).ready(function(){ jQuery(\"#amw_galleria_slideshow_1\").galleria({\"dataSource\":[{\"image\":\"https:\\\/\\\/mandabokor.lutheran.hu\\\/wp-content\\\/uploads\\\/2019\\\/11\\\/DSC_6563-1024x683.jpg\",\"big\":\"https:\\\/\\\/mandabokor.lutheran.hu\\\/wp-content\\\/uploads\\\/2019\\\/11\\\/DSC_6563-1024x683.jpg\",\"thumb\":\"https:\\\/\\\/mandabokor.lutheran.hu\\\/wp-content\\\/uploads\\\/2019\\\/11\\\/DSC_6563-150x150.jpg\",\"title\":\"DSC_6563\",\"description\":\"\"},{\"image\":\"https:\\\/\\\/mandabokor.lutheran.hu\\\/wp-content\\\/uploads\\\/2019\\\/11\\\/DSC_6565-1024x683.jpg\",\"big\":\"https:\\\/\\\/mandabokor.lutheran.hu\\\/wp-content\\\/uploads\\\/2019\\\/11\\\/DSC_6565-1024x683.jpg\",\"thumb\":\"https:\\\/\\\/mandabokor.lutheran.hu\\\/wp-content\\\/uploads\\\/2019\\\/11\\\/DSC_6565-150x150.jpg\",\"title\":\"DSC_6565\",\"description\":\"\"},{\"image\":\"https:\\\/\\\/mandabokor.lutheran.hu\\\/wp-content\\\/uploads\\\/2019\\\/11\\\/DSC_6569-1024x683.jpg\",\"big\":\"https:\\\/\\\/mandabokor.lutheran.hu\\\/wp-content\\\/uploads\\\/2019\\\/11\\\/DSC_6569-1024x683.jpg\",\"thumb\":\"https:\\\/\\\/mandabokor.lutheran.hu\\\/wp-content\\\/uploads\\\/2019\\\/11\\\/DSC_6569-150x150.jpg\",\"title\":\"DSC_6569\",\"description\":\"\"},{\"image\":\"https:\\\/\\\/mandabokor.lutheran.hu\\\/wp-content\\\/uploads\\\/2019\\\/11\\\/DSC_6571-1024x683.jpg\",\"big\":\"https:\\\/\\\/mandabokor.lutheran.hu\\\/wp-content\\\/uploads\\\/2019\\\/11\\\/DSC_6571-1024x683.jpg\",\"thumb\":\"https:\\\/\\\/mandabokor.lutheran.hu\\\/wp-content\\\/uploads\\\/2019\\\/11\\\/DSC_6571-150x150.jpg\",\"title\":\"DSC_6571\",\"description\":\"\"},{\"image\":\"https:\\\/\\\/mandabokor.lutheran.hu\\\/wp-content\\\/uploads\\\/2019\\\/11\\\/DSC_6574-1024x683.jpg\",\"big\":\"https:\\\/\\\/mandabokor.lutheran.hu\\\/wp-content\\\/uploads\\\/2019\\\/11\\\/DSC_6574-1024x683.jpg\",\"thumb\":\"https:\\\/\\\/mandabokor.lutheran.hu\\\/wp-content\\\/uploads\\\/2019\\\/11\\\/DSC_6574-150x150.jpg\",\"title\":\"DSC_6574\",\"description\":\"\"},{\"image\":\"https:\\\/\\\/mandabokor.lutheran.hu\\\/wp-content\\\/uploads\\\/2019\\\/11\\\/DSC_6580-1024x683.jpg\",\"big\":\"https:\\\/\\\/mandabokor.lutheran.hu\\\/wp-content\\\/uploads\\\/2019\\\/11\\\/DSC_6580-1024x683.jpg\",\"thumb\":\"https:\\\/\\\/mandabokor.lutheran.hu\\\/wp-content\\\/uploads\\\/2019\\\/11\\\/DSC_6580-150x150.jpg\",\"title\":\"DSC_6580\",\"description\":\"\"},{\"image\":\"https:\\\/\\\/mandabokor.lutheran.hu\\\/wp-content\\\/uploads\\\/2019\\\/11\\\/DSC_6584-1024x683.jpg\",\"big\":\"https:\\\/\\\/mandabokor.lutheran.hu\\\/wp-content\\\/uploads\\\/2019\\\/11\\\/DSC_6584-1024x683.jpg\",\"thumb\":\"https:\\\/\\\/mandabokor.lutheran.hu\\\/wp-content\\\/uploads\\\/2019\\\/11\\\/DSC_6584-150x150.jpg\",\"title\":\"DSC_6584\",\"description\":\"\"},{\"image\":\"https:\\\/\\\/mandabokor.lutheran.hu\\\/wp-content\\\/uploads\\\/2019\\\/11\\\/DSC_6593-1024x683.jpg\",\"big\":\"https:\\\/\\\/mandabokor.lutheran.hu\\\/wp-content\\\/uploads\\\/2019\\\/11\\\/DSC_6593-1024x683.jpg\",\"thumb\":\"https:\\\/\\\/mandabokor.lutheran.hu\\\/wp-content\\\/uploads\\\/2019\\\/11\\\/DSC_6593-150x150.jpg\",\"title\":\"DSC_6593\",\"description\":\"\"},{\"image\":\"https:\\\/\\\/mandabokor.lutheran.hu\\\/wp-content\\\/uploads\\\/2019\\\/11\\\/DSC_6604-1024x683.jpg\",\"big\":\"https:\\\/\\\/mandabokor.lutheran.hu\\\/wp-content\\\/uploads\\\/2019\\\/11\\\/DSC_6604-1024x683.jpg\",\"thumb\":\"https:\\\/\\\/mandabokor.lutheran.hu\\\/wp-content\\\/uploads\\\/2019\\\/11\\\/DSC_6604-150x150.jpg\",\"title\":\"DSC_6604\",\"description\":\"\"},{\"image\":\"https:\\\/\\\/mandabokor.lutheran.hu\\\/wp-content\\\/uploads\\\/2019\\\/11\\\/DSC_6605-1024x683.jpg\",\"big\":\"https:\\\/\\\/mandabokor.lutheran.hu\\\/wp-content\\\/uploads\\\/2019\\\/11\\\/DSC_6605-1024x683.jpg\",\"thumb\":\"https:\\\/\\\/mandabokor.lutheran.hu\\\/wp-content\\\/uploads\\\/2019\\\/11\\\/DSC_6605-150x150.jpg\",\"title\":\"DSC_6605\",\"description\":\"\"},{\"image\":\"https:\\\/\\\/mandabokor.lutheran.hu\\\/wp-content\\\/uploads\\\/2019\\\/11\\\/DSC_6610-1024x683.jpg\",\"big\":\"https:\\\/\\\/mandabokor.lutheran.hu\\\/wp-content\\\/uploads\\\/2019\\\/11\\\/DSC_6610-1024x683.jpg\",\"thumb\":\"https:\\\/\\\/mandabokor.lutheran.hu\\\/wp-content\\\/uploads\\\/2019\\\/11\\\/DSC_6610-150x150.jpg\",\"title\":\"DSC_6610\",\"description\":\"\"},{\"image\":\"https:\\\/\\\/mandabokor.lutheran.hu\\\/wp-content\\\/uploads\\\/2019\\\/11\\\/DSC_6613-1024x683.jpg\",\"big\":\"https:\\\/\\\/mandabokor.lutheran.hu\\\/wp-content\\\/uploads\\\/2019\\\/11\\\/DSC_6613-1024x683.jpg\",\"thumb\":\"https:\\\/\\\/mandabokor.lutheran.hu\\\/wp-content\\\/uploads\\\/2019\\\/11\\\/DSC_6613-150x150.jpg\",\"title\":\"DSC_6613\",\"description\":\"\"},{\"image\":\"https:\\\/\\\/mandabokor.lutheran.hu\\\/wp-content\\\/uploads\\\/2019\\\/11\\\/DSC_6616-1024x683.jpg\",\"big\":\"https:\\\/\\\/mandabokor.lutheran.hu\\\/wp-content\\\/uploads\\\/2019\\\/11\\\/DSC_6616-1024x683.jpg\",\"thumb\":\"https:\\\/\\\/mandabokor.lutheran.hu\\\/wp-content\\\/uploads\\\/2019\\\/11\\\/DSC_6616-150x150.jpg\",\"title\":\"DSC_6616\",\"description\":\"\"},{\"image\":\"https:\\\/\\\/mandabokor.lutheran.hu\\\/wp-content\\\/uploads\\\/2019\\\/11\\\/DSC_6630-1024x683.jpg\",\"big\":\"https:\\\/\\\/mandabokor.lutheran.hu\\\/wp-content\\\/uploads\\\/2019\\\/11\\\/DSC_6630-1024x683.jpg\",\"thumb\":\"https:\\\/\\\/mandabokor.lutheran.hu\\\/wp-content\\\/uploads\\\/2019\\\/11\\\/DSC_6630-150x150.jpg\",\"title\":\"DSC_6630\",\"description\":\"\"},{\"image\":\"https:\\\/\\\/mandabokor.lutheran.hu\\\/wp-content\\\/uploads\\\/2019\\\/11\\\/DSC_6633-1024x683.jpg\",\"big\":\"https:\\\/\\\/mandabokor.lutheran.hu\\\/wp-content\\\/uploads\\\/2019\\\/11\\\/DSC_6633-1024x683.jpg\",\"thumb\":\"https:\\\/\\\/mandabokor.lutheran.hu\\\/wp-content\\\/uploads\\\/2019\\\/11\\\/DSC_6633-150x150.jpg\",\"title\":\"DSC_6633\",\"description\":\"\"},{\"image\":\"https:\\\/\\\/mandabokor.lutheran.hu\\\/wp-content\\\/uploads\\\/2019\\\/11\\\/DSC_6636-1024x683.jpg\",\"big\":\"https:\\\/\\\/mandabokor.lutheran.hu\\\/wp-content\\\/uploads\\\/2019\\\/11\\\/DSC_6636-1024x683.jpg\",\"thumb\":\"https:\\\/\\\/mandabokor.lutheran.hu\\\/wp-content\\\/uploads\\\/2019\\\/11\\\/DSC_6636-150x150.jpg\",\"title\":\"DSC_6636\",\"description\":\"\"},{\"image\":\"https:\\\/\\\/mandabokor.lutheran.hu\\\/wp-content\\\/uploads\\\/2019\\\/11\\\/DSC_6640-1024x683.jpg\",\"big\":\"https:\\\/\\\/mandabokor.lutheran.hu\\\/wp-content\\\/uploads\\\/2019\\\/11\\\/DSC_6640-1024x683.jpg\",\"thumb\":\"https:\\\/\\\/mandabokor.lutheran.hu\\\/wp-content\\\/uploads\\\/2019\\\/11\\\/DSC_6640-150x150.jpg\",\"title\":\"DSC_6640\",\"description\":\"\"},{\"image\":\"https:\\\/\\\/mandabokor.lutheran.hu\\\/wp-content\\\/uploads\\\/2019\\\/11\\\/DSC_6649-1024x683.jpg\",\"big\":\"https:\\\/\\\/mandabokor.lutheran.hu\\\/wp-content\\\/uploads\\\/2019\\\/11\\\/DSC_6649-1024x683.jpg\",\"thumb\":\"https:\\\/\\\/mandabokor.lutheran.hu\\\/wp-content\\\/uploads\\\/2019\\\/11\\\/DSC_6649-150x150.jpg\",\"title\":\"DSC_6649\",\"description\":\"\"},{\"image\":\"https:\\\/\\\/mandabokor.lutheran.hu\\\/wp-content\\\/uploads\\\/2019\\\/11\\\/DSC_6652-1024x683.jpg\",\"big\":\"https:\\\/\\\/mandabokor.lutheran.hu\\\/wp-content\\\/uploads\\\/2019\\\/11\\\/DSC_6652-1024x683.jpg\",\"thumb\":\"https:\\\/\\\/mandabokor.lutheran.hu\\\/wp-content\\\/uploads\\\/2019\\\/11\\\/DSC_6652-150x150.jpg\",\"title\":\"DSC_6652\",\"description\":\"\"},{\"image\":\"https:\\\/\\\/mandabokor.lutheran.hu\\\/wp-content\\\/uploads\\\/2019\\\/11\\\/IMG_0192-1024x768.jpg\",\"big\":\"https:\\\/\\\/mandabokor.lutheran.hu\\\/wp-content\\\/uploads\\\/2019\\\/11\\\/IMG_0192-1024x768.jpg\",\"thumb\":\"https:\\\/\\\/mandabokor.lutheran.hu\\\/wp-content\\\/uploads\\\/2019\\\/11\\\/IMG_0192-150x150.jpg\",\"title\":\"IMG_0192\",\"description\":\"\"}],\"width\":\"auto\",\"height\":0.76,\"autoplay\":false,\"transition\":\"slide\",\"initialTransition\":\"fade\",\"transitionSpeed\":0,\"_delayTime\":4000,\"_hideControls\":false,\"_thumbnailMode\":\"grid\",\"_captionMode\":\"on_expand\"}); });<\/script>\n","protected":false},"excerpt":{"rendered":"","protected":false},"author":2,"featured_media":0,"parent":0,"menu_order":0,"comment_status":"closed","ping_status":"closed","template":"","meta":{"_monsterinsights_skip_tracking":false,"_monsterinsights_sitenote_active":false,"_monsterinsights_sitenote_note":"","_monsterinsights_sitenote_category":0},"_links":{"self":[{"href":"https:\/\/mandabokor.lutheran.hu\/index.php?rest_route=\/wp\/v2\/pages\/7024"}],"collection":[{"href":"https:\/\/mandabokor.lutheran.hu\/index.php?rest_route=\/wp\/v2\/pages"}],"about":[{"href":"https:\/\/mandabokor.lutheran.hu\/index.php?rest_route=\/wp\/v2\/types\/page"}],"author":[{"embeddable":true,"href":"https:\/\/mandabokor.lutheran.hu\/index.php?rest_route=\/wp\/v2\/users\/2"}],"replies":[{"embeddable":true,"href":"https:\/\/mandabokor.lutheran.hu\/index.php?rest_route=%2Fwp%2Fv2%2Fcomments&post=7024"}],"version-history":[{"count":2,"href":"https:\/\/mandabokor.lutheran.hu\/index.php?rest_route=\/wp\/v2\/pages\/7024\/revisions"}],"predecessor-version":[{"id":7060,"href":"https:\/\/mandabokor.lutheran.hu\/index.php?rest_route=\/wp\/v2\/pages\/7024\/revisions\/7060"}],"wp:attachment":[{"href":"https:\/\/mandabokor.lutheran.hu\/index.php?rest_route=%2Fwp%2Fv2%2Fmedia&parent=7024"}],"curies":[{"name":"wp","href":"https:\/\/api.w.org\/{rel}","templated":true}]}}