{"id":70,"date":"2017-01-30T12:54:38","date_gmt":"2017-01-30T12:54:38","guid":{"rendered":"http:\/\/mandabokor.lutheran.hu\/?page_id=70"},"modified":"2017-02-22T15:39:53","modified_gmt":"2017-02-22T15:39:53","slug":"felsosima","status":"publish","type":"page","link":"https:\/\/mandabokor.lutheran.hu\/?page_id=70","title":{"rendered":"Fels\u0151sima"},"content":{"rendered":"<p><b>Istentiszteleteink:<\/b><\/p>\n<ul>\n<li>Minden h\u00f3nap 3. vas\u00e1rnapj\u00e1n 13:00-kor <strong>Csal\u00e1di IstenTisztelet<\/strong> (CsIT),<br \/>\nmelyen az adott h\u00f3napban sz\u00fcletetteket k\u00f6sz\u00f6ntj\u00fck.<\/li>\n<\/ul>\n<p><strong>Minden istentiszteleti alkalommal p\u00e1rhuzamosan gyermekistentiszteletet tartunk!<\/strong><\/p>\n<p><strong>Alkalmaink:<\/strong><\/p>\n<ul>\n<li>Minden h\u00e9ten <strong>hittan\u00f3ra<\/strong> az \u00f3vod\u00e1ban<\/li>\n<\/ul>\n<p><strong>Szeretettel v\u00e1runk mindenkit gy\u00fclekezeti alkalmainkra Fels\u0151sim\u00e1ra!<\/strong><\/p>\n<p><strong>Helysz\u00edn<\/strong>: Fels\u0151sima, a r\u00e9gi iskola \u00e9p\u00fclet\u00e9ben<\/p>\n","protected":false},"excerpt":{"rendered":"<p>Istentiszteleteink: Minden h\u00f3nap 3. vas\u00e1rnapj\u00e1n 13:00-kor Csal\u00e1di IstenTisztelet (CsIT), melyen az adott h\u00f3napban sz\u00fcletetteket k\u00f6sz\u00f6ntj\u00fck. Minden istentiszteleti alkalommal p\u00e1rhuzamosan gyermekistentiszteletet tartunk! Alkalmaink: Minden h\u00e9ten hittan\u00f3ra az \u00f3vod\u00e1ban Szeretettel v\u00e1runk mindenkit gy\u00fclekezeti alkalmainkra Fels\u0151sim\u00e1ra! Helysz\u00edn: Fels\u0151sima, a r\u00e9gi iskola \u00e9p\u00fclet\u00e9ben<\/p>\n","protected":false},"author":1,"featured_media":0,"parent":0,"menu_order":0,"comment_status":"closed","ping_status":"closed","template":"","meta":{"_monsterinsights_skip_tracking":false,"_monsterinsights_sitenote_active":false,"_monsterinsights_sitenote_note":"","_monsterinsights_sitenote_category":0},"_links":{"self":[{"href":"https:\/\/mandabokor.lutheran.hu\/index.php?rest_route=\/wp\/v2\/pages\/70"}],"collection":[{"href":"https:\/\/mandabokor.lutheran.hu\/index.php?rest_route=\/wp\/v2\/pages"}],"about":[{"href":"https:\/\/mandabokor.lutheran.hu\/index.php?rest_route=\/wp\/v2\/types\/page"}],"author":[{"embeddable":true,"href":"https:\/\/mandabokor.lutheran.hu\/index.php?rest_route=\/wp\/v2\/users\/1"}],"replies":[{"embeddable":true,"href":"https:\/\/mandabokor.lutheran.hu\/index.php?rest_route=%2Fwp%2Fv2%2Fcomments&post=70"}],"version-history":[{"count":6,"href":"https:\/\/mandabokor.lutheran.hu\/index.php?rest_route=\/wp\/v2\/pages\/70\/revisions"}],"predecessor-version":[{"id":827,"href":"https:\/\/mandabokor.lutheran.hu\/index.php?rest_route=\/wp\/v2\/pages\/70\/revisions\/827"}],"wp:attachment":[{"href":"https:\/\/mandabokor.lutheran.hu\/index.php?rest_route=%2Fwp%2Fv2%2Fmedia&parent=70"}],"curies":[{"name":"wp","href":"https:\/\/api.w.org\/{rel}","templated":true}]}}