{"id":6840,"date":"2019-08-22T21:26:44","date_gmt":"2019-08-22T21:26:44","guid":{"rendered":"http:\/\/mandabokor.lutheran.hu\/?page_id=6840"},"modified":"2026-03-16T07:54:10","modified_gmt":"2026-03-16T07:54:10","slug":"napkozis-tabor-2020","status":"publish","type":"page","link":"https:\/\/mandabokor.lutheran.hu\/?page_id=6840","title":{"rendered":"Napk\u00f6zis t\u00e1bor 2026"},"content":{"rendered":"<p style=\"text-align: center;\"><strong>MANDABOKORI NAPK\u00d6ZIS T\u00c1BOR<\/strong> <span style=\"font-size: 14pt; color: #ff0000;\"><strong>2026<\/strong><\/span><\/p>\n<p style=\"text-align: center;\"><span style=\"font-size: 14pt;\"><strong>2026. j\u00falius 20-24.<\/strong><\/span><\/p>\n<p>&nbsp;<\/p>\n<p><img loading=\"lazy\" class=\"alignnone size-full wp-image-12103\" src=\"http:\/\/mandabokor.lutheran.hu\/wp-content\/uploads\/2026\/03\/Napkozis-tabor.jpg\" alt=\"\" width=\"1200\" height=\"630\" srcset=\"https:\/\/mandabokor.lutheran.hu\/wp-content\/uploads\/2026\/03\/Napkozis-tabor.jpg 1200w, https:\/\/mandabokor.lutheran.hu\/wp-content\/uploads\/2026\/03\/Napkozis-tabor-300x158.jpg 300w, https:\/\/mandabokor.lutheran.hu\/wp-content\/uploads\/2026\/03\/Napkozis-tabor-1024x538.jpg 1024w, https:\/\/mandabokor.lutheran.hu\/wp-content\/uploads\/2026\/03\/Napkozis-tabor-768x403.jpg 768w\" sizes=\"(max-width: 767px) 89vw, (max-width: 1000px) 54vw, (max-width: 1071px) 543px, 580px\" \/><\/p>\n<p><a href=\"http:\/\/mandabokor.lutheran.hu\/wp-content\/uploads\/2026\/03\/Napkozis-tabor-tajekoztatas-2026.pdf\" target=\"_blank\" rel=\"noopener\">Napk\u00f6zis t\u00e1bor t\u00e1j\u00e9koztat\u00e1s 2026<\/a><br \/>\n<a href=\"https:\/\/mandabokor.lutheran.hu\/wp-content\/uploads\/2026\/03\/Napkozis-tabor-JELENTKEZESI-LAP-2026-1.docx\" target=\"_blank\" rel=\"noopener\">Napk\u00f6zis t\u00e1bor JELENTKEZ\u00c9SI LAP 2026<\/a><\/p>\n<p><a href=\"https:\/\/mandabokor.lutheran.hu\/wp-content\/uploads\/2026\/02\/Adatvedelmi-GDPR-hozzajarulo-nyilatkozat.doc\" target=\"_blank\" rel=\"noopener\">Adatv\u00e9delmi (GDPR) hozz\u00e1j\u00e1rul\u00f3 nyilatkozat<\/a><br \/>\n<a href=\"https:\/\/mandabokor.lutheran.hu\/wp-content\/uploads\/2025\/07\/Tabor-kullancs-elleni-vedekezes.docx\" target=\"_blank\" rel=\"noopener\">T\u00e1bor kullancs elleni v\u00e9dekez\u00e9s<\/a><br \/>\n<a href=\"https:\/\/mandabokor.lutheran.hu\/wp-content\/uploads\/2022\/04\/Szuloi-nyilatkozat-taborozashoz.pdf\" target=\"_blank\" rel=\"noopener\">Sz\u00fcl\u0151i nyilatkozat t\u00e1boroz\u00e1shoz<\/a><\/p>\n<p>&nbsp;<\/p>\n<p><b>Tisztelt Sz\u00fcl\u0151k! <\/b><\/p>\n<p style=\"text-align: justify;\">Nagy \u00f6r\u00f6mmel t\u00e1j\u00e9koztatom \u00d6n\u00f6ket, hogy ebben az esztend\u0151ben is lesz Napk\u00f6zis t\u00e1bor Mandabokorban. A m\u00e1r megszokott id\u0151pontt\u00f3l elt\u00e9r\u0151en id\u00e9n kor\u00e1bbra kell tenn\u00fcnk egy h\u00e9ttel az \u00f3voda bez\u00e1r\u00e1sa el\u0151tt, de b\u00edzom abban, hogy min\u00e9l t\u00f6bben \u00e9lnek a lehet\u0151s\u00e9ggel \u00e9s elj\u00f6nnek t\u00e1borunkba.<\/p>\n<p style=\"text-align: justify;\">A napk\u00f6zis t\u00e1bor <b>2026. j\u00falius 20-24-ig <\/b>(h\u00e9tf\u0151-p\u00e9ntek) tart.<\/p>\n<p style=\"text-align: justify;\">Minden <b>reggel 8 \u00f3r\u00e1ra <\/b>v\u00e1rjuk a gyermekeket (Ny\u00edregyh\u00e1za-Mandabokor, Als\u00f3baduri \u00fat), de ha \u00edgy nem megoldhat\u00f3 az \u00e9rkez\u00e9s, akkor <b>7:30-t\u00f3l <\/b>fel\u00fcgyeletet biztos\u00edtunk a gyermekeknek. A t\u00e1bor minden nap <b>16 \u00f3r\u00e1ig <\/b>tart <b>(16:30-ig <\/b><b style=\"font-size: 1rem;\">tudunk fel\u00fcgyeletet v\u00e1llalni)<\/b><span style=\"font-size: 1rem;\">, k\u00e9rj\u00fck, sz\u00edveskedjenek az \u00e9rkez\u00e9s \u00e9s t\u00e1voz\u00e1s id\u0151pontj\u00e1t betartani!<\/span><\/p>\n<p style=\"text-align: justify;\">K\u00e9rj\u00fck a sz\u00fcl\u0151ket, hogy minden nap reggel \u00e9s d\u00e9lut\u00e1n \u00edrj\u00e1k al\u00e1 a csoportbeoszt\u00e1sn\u00e1l a pap\u00edrt, valamint \u00edrj\u00e1k le az \u00e9rkez\u00e9s \u00e9s t\u00e1voz\u00e1s pontos id\u0151pontj\u00e1t.<\/p>\n<p style=\"text-align: justify;\">A gyermekek 4 csoportra lesznek beosztva sz\u00ednek szerint.<\/p>\n<p style=\"text-align: justify;\">A csendes pihen\u0151t (13 15-14 15) a legkisebbek (\u00f3vod\u00e1sok, ill. ig\u00e9ny szerint) az Imah\u00e1z be\u00e9p\u00edtett tet\u0151t\u00e9ri szob\u00e1iban, a t\u00f6bbiek a nagyteremben sz\u0151nyegen \u00e9s saj\u00e1t n\u00e9vvel ell\u00e1tott polifoamon vagy a szabadban fel\u00e1ll\u00edtott pop-up s\u00e1torokban t\u00f6lthetik el.<\/p>\n<p style=\"text-align: justify;\"><b>K\u00e9r\u00fcnk teh\u00e1t mindenkit, hogy hozzon mag\u00e1val: <\/b><\/p>\n<p style=\"text-align: justify;\">&#8211; n\u00e9vvel ell\u00e1tott polifoamot<\/p>\n<p style=\"text-align: justify;\">&#8211; sz\u00fcks\u00e9g eset\u00e9n saj\u00e1t n\u00e9vvel ell\u00e1tott pl\u00e9det \u00e9s kisp\u00e1rn\u00e1t<\/p>\n<p style=\"text-align: justify;\">&#8211; v\u00e1lt\u00e1s ruh\u00e1t \u00e9s benti cip\u0151t<\/p>\n<p style=\"text-align: justify;\">&#8211; egy sapk\u00e1t, vagy kalapot a napsz\u00far\u00e1s ellen!<\/p>\n<p style=\"text-align: justify;\">&#8211; gyorsan fel\u00e1ll\u00edthat\u00f3 un. pop-up s\u00e1trat a nagyobb gyermekek<\/p>\n<p style=\"text-align: justify;\">K\u00e9rj\u00fck \u00d6n\u00f6ket, hogy reggel otthon gyermekeiket kenj\u00e9k be naptejjel, mert a nagy l\u00e9tsz\u00e1m miatt a seg\u00edt\u0151knek erre nem lesz idej\u00fck! Akik \u00e9rz\u00e9kenyebbek a napsug\u00e1rz\u00e1sra, k\u00e9rem, tegyenek be a gyermek r\u00e9sz\u00e9re magas faktor sz\u00e1m\u00fa (35-50) naptejet.<\/p>\n<p style=\"text-align: justify;\"><b>Az Imah\u00e1z ter\u00fclet\u00e9n rengeteg j\u00e1t\u00e9k van, ez\u00e9rt nem aj\u00e1nljuk, hogy a gyermekek saj\u00e1t j\u00e1t\u00e9kot hozzanak <\/b><b style=\"font-size: 1rem;\">magukkal, felel\u0151ss\u00e9get nem tudunk v\u00e1llalni az otthonr\u00f3l hozott j\u00e1t\u00e9kok\u00e9rt! A gyermekek NE hozzanak <\/b><b>telefonk\u00e9sz\u00fcl\u00e9ket! Minden sz\u00fcl\u0151t tudunk \u00e9rtes\u00edteni b\u00e1rmilyen probl\u00e9ma eset\u00e9n, illetve a sz\u00fcl\u0151k sz\u00e1m\u00e1ra is <\/b><b style=\"font-size: 1rem;\">el\u00e9rhet\u0151v\u00e9 tessz\u00fck a csoportvezet\u0151k telefonsz\u00e1m\u00e1t.<\/b><\/p>\n<p style=\"text-align: justify;\">A gyermekek napi <b>H\u00c1ROMSZORI <\/b>\u00e9tkez\u00e9st kapnak! K\u00e9rj\u00fck \u00d6n\u00f6ket, ha gyermek\u00fcknek \u00e9tel-, gy\u00f3gyszer-, rovar-, vagy egy\u00e9b allergi\u00e1ja van, idej\u00e9ben jelezz\u00e9k fel\u00e9nk! Amennyiben a gyermeknek glut\u00e9n, lakt\u00f3z, stb. \u00e9rz\u00e9kenys\u00e9ge van, k\u00e9rj\u00fck a sz\u00fcl\u0151ket, legyenek olyan kedvesek azt jelezni, illetve az \u00e9tkeztet\u00e9sben \u00f6sszehangoltan seg\u00edts\u00e9g\u00fcnkre lenni.<\/p>\n<p style=\"text-align: justify;\"><b>A t\u00e1bor k\u00f6lts\u00e9ge: <\/b><\/p>\n<p style=\"text-align: justify;\"><b>30 000 Ft\/ f\u0151\/ h\u00e9t. <\/b>Ez tartalmazza a t\u00e1bor teljes k\u00f6lts\u00e9g\u00e9t. Mivel az eb\u00e9det nem helyben k\u00e9sz\u00edtj\u00fck, hanem megrendelj\u00fck, \u00e9ppen ez\u00e9rt a <b>JELENTKEZ\u00c9SEKET CSAK AZ EL\u0150LEG <\/b>(15 000 Ft) el\u0151re befizet\u00e9s\u00e9vel <b>(hat\u00e1rid\u0151: 2026. <\/b><b style=\"font-size: 1rem;\">j\u00fanius 1.)<\/b><span style=\"font-size: 1rem;\">, valamint a <\/span><b style=\"font-size: 1rem;\">JELENTKEZ\u00c9SI LAP kit\u00f6lt\u00e9s\u00e9vel tudjuk elfogadni, melyet az el\u0151leg befizet\u00e9s\u00e9n\u00e9l <\/b><b>lehet leadni. <\/b><b>A jelentkez\u00e9si lap let\u00f6lthet\u0151 a gy\u00fclekezet honlapj\u00e1r\u00f3l <\/b>(mandabokor.lutheran.hu napk\u00f6zis t\u00e1bor 2026)<b>! <\/b>A teljes \u00f6sszeget legk\u00e9s\u0151bb <b>2026. j\u00falius 6. <\/b>(h\u00e9tf\u0151) lehet befizetni. Mivel sok gyermek, csal\u00e1d \u00e9rdekl\u0151dik, ez\u00e9rt <b>csak <\/b><b style=\"font-size: 1rem;\">az <\/b><span style=\"color: #ff0000;\"><b style=\"font-size: 1rem;\">ELS\u0150 100 gyermek <\/b><\/span><span style=\"font-size: 1rem;\">jelentkez\u00e9s\u00e9t tudjuk elfogadni! T\u00f6bb gyermeket sajnos nem tudunk fogadni.<\/span><\/p>\n<p style=\"text-align: justify;\">Az \u00f3vod\u00e1ba is kihelyez\u00fcnk jelentkez\u00e9si lapokat, de <b>CSAK a JELENTKEZ\u00c9SI LAP visszak\u00fcld\u00e9s\u00e9vel \u00e9s az el\u0151leg <\/b><b style=\"font-size: 1rem;\">befizet\u00e9s\u00e9vel v\u00e1lik \u00e9rv\u00e9nyess\u00e9 a jelentkez\u00e9s. A jelentkez\u00e9ssel egyidej\u0171leg ki kell t\u00f6lteni a GDPR nyilatkozatot is, <\/b><b>amit szint\u00e9n le lehet t\u00f6lteni honlapunkr\u00f3l. <\/b><\/p>\n<p style=\"text-align: justify;\"><b>A befizet\u00e9s m\u00f3dja k\u00e9szp\u00e9nzben <\/b>lehets\u00e9ges:<\/p>\n<p style=\"text-align: justify;\"><b>&#8211; a Ny\u00edregyh\u00e1zi Evang\u00e9likus Egyh\u00e1zk\u00f6zs\u00e9g Lelk\u00e9szi hivatal\u00e1ban folyamatosan <\/b>(Ny\u00edregyh\u00e1za, Luther t\u00e9r 14.) <b>h\u00e9tk\u00f6znap 8 \u00f3r\u00e1t\u00f3l 17 \u00f3r\u00e1ig Horv\u00e1th Editn\u00e9l. <\/b><\/p>\n<p style=\"text-align: justify;\"><b>K\u00e9rj\u00fck a Sz\u00fcl\u0151ket, a megadott id\u0151pontokban fizess\u00e9k be a t\u00e1bor teljes k\u00f6lts\u00e9g\u00e9t, mivel az eb\u00e9det el\u0151re meg kell <\/b><b style=\"font-size: 1rem;\">rendeln\u00fcnk! Aki ezt nem teszi meg, annak a jelentkez\u00e9s\u00e9t nem tudjuk elfogadni! P\u00e9nzt visszafizet\u00e9s\u00e9re nincsen <\/b><b>lehet\u0151s\u00e9g\u00fcnk. A program v\u00e1ltoztat\u00e1s\u00e1nak jog\u00e1t fenntartjuk! <\/b><\/p>\n<p style=\"text-align: justify;\"><b>Napirend: <\/b><\/p>\n<p style=\"text-align: justify;\"><b>8:00-t\u00f3l <\/b>egy 15 perces zen\u00e9s reggeli torn\u00e1val kezdj\u00fck a napot<\/p>\n<p style=\"text-align: justify;\"><b>8:15-t\u0151l 8:25-ig <\/b>k\u00e9zmos\u00e1s, k\u00e9sz\u00fcl\u0151d\u00e9s a reggelihez<\/p>\n<p style=\"text-align: justify;\"><b>8:30-t\u00f3l 9:00-ig <\/b>reggeli<\/p>\n<p style=\"text-align: justify;\"><b>9:00-t\u00f3l 9:15-ig <\/b>k\u00e9zmos\u00e1s, k\u00e9sz\u00fcl\u0151d\u00e9s a tan\u00edt\u00e1sra<\/p>\n<p style=\"text-align: justify;\"><b>9:15-t\u00f3l 10:00-ig <\/b>\u00e9nekl\u00e9s, aranymond\u00e1s tanul\u00e1s, illetve Bibliai lecke megtan\u00edt\u00e1sa<\/p>\n<p style=\"text-align: justify;\"><b>10:00-t\u00f3l 12:15-ig <\/b>forg\u00f3 rendszerben, csoportok szerint 3 helysz\u00ednen biztos\u00edtunk programokat a<\/p>\n<p style=\"text-align: justify;\">gyermekeknek. (k\u00e9zm\u0171ves foglalkoz\u00e1s, udvari szabad j\u00e1t\u00e9k, sportvet\u00e9lked\u0151)<\/p>\n<p style=\"text-align: justify;\"><b>12:15-t\u0151l 12:30-ig <\/b>k\u00e9zmos\u00e1s, k\u00e9sz\u00fcl\u0151d\u00e9s az eb\u00e9dhez<\/p>\n<p style=\"text-align: justify;\"><b>12:30-t\u00f3l 13:00-ig <\/b>eb\u00e9d<\/p>\n<p style=\"text-align: justify;\"><b>13:00-t\u00f3l 13:15-ig <\/b>k\u00e9sz\u00fcl\u0151d\u00e9s a csendes pihen\u0151re<\/p>\n<p style=\"text-align: justify;\"><b>13:15-t\u0151l 14:15-ig <\/b>k\u00f6telez\u0151 csendes pihen\u0151 minden gyermeknek<\/p>\n<p style=\"text-align: justify;\"><b>14:30-t\u00f3l 15:15 -ig <\/b>minden nap m\u00e1s-m\u00e1s d\u00e9lut\u00e1ni program<\/p>\n<p style=\"text-align: justify;\"><b>15:15 \u2013t\u0151l 15:45-ig <\/b>uzsonna<\/p>\n<p style=\"text-align: justify;\"><b>15:45-t\u0151l 16:00-ig <\/b>szabad j\u00e1t\u00e9k<\/p>\n<p style=\"text-align: justify;\">Az el\u0151z\u0151 \u00e9vekhez hasonl\u00f3an k\u00e9sz\u00edt\u00fcnk nagyobb m\u00e9ret\u0171 h\u0171t\u0151m\u00e1gnest is, ennek \u00e1ra 1600 Ft. Ennek a rendel\u00e9s\u00e9t legk\u00e9s\u0151bb a t\u00e1bor idej\u00e9n, <b>2026.07.20-ig <\/b>lehet leadni a csoportvezet\u0151kn\u00e9l.<\/p>\n<p style=\"text-align: justify;\">Ny\u00edregyh\u00e1za &#8211; Mandabokor t\u00e9rk\u00e9pet csatoltunk a le\u00edr\u00e1shoz!<\/p>\n<p style=\"text-align: justify;\">Ha b\u00e1rmilyen k\u00e9rd\u00e9se van, k\u00e9rj\u00fck, jelezze!<\/p>\n<p><b>El\u00e9rhet\u0151s\u00e9gek: <\/b><\/p>\n<p><b>Zsarnai Kriszti\u00e1n: +36-20\/369-24-87 <\/b><\/p>\n<p><b>JELENTKEZ\u00c9S: <\/b><\/p>\n<p><b>mandabokor2013@gmail.com <\/b><\/p>\n<p><b>Honlap: <\/b><\/p>\n<p>mandabokor.lutheran.hu (napk\u00f6zis t\u00e1bor 2026)<\/p>\n<p>&nbsp;<\/p>\n<p>&nbsp;<\/p>\n<p>&nbsp;<\/p>\n<p>&nbsp;<\/p>\n","protected":false},"excerpt":{"rendered":"<p>MANDABOKORI NAPK\u00d6ZIS T\u00c1BOR 2026 2026. j\u00falius 20-24. &nbsp; Napk\u00f6zis t\u00e1bor t\u00e1j\u00e9koztat\u00e1s 2026 Napk\u00f6zis t\u00e1bor JELENTKEZ\u00c9SI LAP 2026 Adatv\u00e9delmi (GDPR) hozz\u00e1j\u00e1rul\u00f3 nyilatkozat T\u00e1bor kullancs elleni v\u00e9dekez\u00e9s Sz\u00fcl\u0151i nyilatkozat t\u00e1boroz\u00e1shoz &nbsp; Tisztelt Sz\u00fcl\u0151k! Nagy \u00f6r\u00f6mmel t\u00e1j\u00e9koztatom \u00d6n\u00f6ket, hogy ebben az esztend\u0151ben is lesz Napk\u00f6zis t\u00e1bor Mandabokorban. A m\u00e1r megszokott id\u0151pontt\u00f3l elt\u00e9r\u0151en id\u00e9n kor\u00e1bbra kell tenn\u00fcnk egy h\u00e9ttel &hellip; <\/p>\n<p class=\"link-more\"><a href=\"https:\/\/mandabokor.lutheran.hu\/?page_id=6840\" class=\"more-link\"><span class=\"screen-reader-text\">&#8220;Napk\u00f6zis t\u00e1bor 2026&#8221;<\/span> b\u0151vebben<\/a><\/p>\n","protected":false},"author":2,"featured_media":0,"parent":0,"menu_order":0,"comment_status":"closed","ping_status":"closed","template":"","meta":{"_monsterinsights_skip_tracking":false,"_monsterinsights_sitenote_active":false,"_monsterinsights_sitenote_note":"","_monsterinsights_sitenote_category":0},"_links":{"self":[{"href":"https:\/\/mandabokor.lutheran.hu\/index.php?rest_route=\/wp\/v2\/pages\/6840"}],"collection":[{"href":"https:\/\/mandabokor.lutheran.hu\/index.php?rest_route=\/wp\/v2\/pages"}],"about":[{"href":"https:\/\/mandabokor.lutheran.hu\/index.php?rest_route=\/wp\/v2\/types\/page"}],"author":[{"embeddable":true,"href":"https:\/\/mandabokor.lutheran.hu\/index.php?rest_route=\/wp\/v2\/users\/2"}],"replies":[{"embeddable":true,"href":"https:\/\/mandabokor.lutheran.hu\/index.php?rest_route=%2Fwp%2Fv2%2Fcomments&post=6840"}],"version-history":[{"count":46,"href":"https:\/\/mandabokor.lutheran.hu\/index.php?rest_route=\/wp\/v2\/pages\/6840\/revisions"}],"predecessor-version":[{"id":12128,"href":"https:\/\/mandabokor.lutheran.hu\/index.php?rest_route=\/wp\/v2\/pages\/6840\/revisions\/12128"}],"wp:attachment":[{"href":"https:\/\/mandabokor.lutheran.hu\/index.php?rest_route=%2Fwp%2Fv2%2Fmedia&parent=6840"}],"curies":[{"name":"wp","href":"https:\/\/api.w.org\/{rel}","templated":true}]}}