{"id":68,"date":"2017-01-30T12:24:22","date_gmt":"2017-01-30T12:24:22","guid":{"rendered":"http:\/\/mandabokor.lutheran.hu\/?page_id=68"},"modified":"2017-02-22T15:47:04","modified_gmt":"2017-02-22T15:47:04","slug":"balintbokor","status":"publish","type":"page","link":"https:\/\/mandabokor.lutheran.hu\/?page_id=68","title":{"rendered":"B\u00e1lintbokor"},"content":{"rendered":"<p><strong>Istentiszteleteink:<\/strong><\/p>\n<ul>\n<li>Minden h\u00f3nap 2. vas\u00e1rnapj\u00e1n 8:30-kor <strong>Csal\u00e1di IstenTisztelet<\/strong> (CsIT),<br \/>\nmelyen az adott h\u00f3napban sz\u00fcletetteket k\u00f6sz\u00f6ntj\u00fck.<\/li>\n<\/ul>\n<p><strong>Szeretettel v\u00e1runk mindenkit gy\u00fclekezeti alkalmainkra B\u00e1lintbokorba!<\/strong><\/p>\n<p><strong>Helysz\u00edn<\/strong>: Ny\u00edregyh\u00e1za-B\u00e1lintbokor, B\u00e1lintbokor 8., a Dank\u00f3 csal\u00e1dn\u00e1l<\/p>\n","protected":false},"excerpt":{"rendered":"<p>Istentiszteleteink: Minden h\u00f3nap 2. vas\u00e1rnapj\u00e1n 8:30-kor Csal\u00e1di IstenTisztelet (CsIT), melyen az adott h\u00f3napban sz\u00fcletetteket k\u00f6sz\u00f6ntj\u00fck. Szeretettel v\u00e1runk mindenkit gy\u00fclekezeti alkalmainkra B\u00e1lintbokorba! Helysz\u00edn: Ny\u00edregyh\u00e1za-B\u00e1lintbokor, B\u00e1lintbokor 8., a Dank\u00f3 csal\u00e1dn\u00e1l<\/p>\n","protected":false},"author":1,"featured_media":0,"parent":0,"menu_order":0,"comment_status":"closed","ping_status":"closed","template":"","meta":{"_monsterinsights_skip_tracking":false,"_monsterinsights_sitenote_active":false,"_monsterinsights_sitenote_note":"","_monsterinsights_sitenote_category":0},"_links":{"self":[{"href":"https:\/\/mandabokor.lutheran.hu\/index.php?rest_route=\/wp\/v2\/pages\/68"}],"collection":[{"href":"https:\/\/mandabokor.lutheran.hu\/index.php?rest_route=\/wp\/v2\/pages"}],"about":[{"href":"https:\/\/mandabokor.lutheran.hu\/index.php?rest_route=\/wp\/v2\/types\/page"}],"author":[{"embeddable":true,"href":"https:\/\/mandabokor.lutheran.hu\/index.php?rest_route=\/wp\/v2\/users\/1"}],"replies":[{"embeddable":true,"href":"https:\/\/mandabokor.lutheran.hu\/index.php?rest_route=%2Fwp%2Fv2%2Fcomments&post=68"}],"version-history":[{"count":4,"href":"https:\/\/mandabokor.lutheran.hu\/index.php?rest_route=\/wp\/v2\/pages\/68\/revisions"}],"predecessor-version":[{"id":829,"href":"https:\/\/mandabokor.lutheran.hu\/index.php?rest_route=\/wp\/v2\/pages\/68\/revisions\/829"}],"wp:attachment":[{"href":"https:\/\/mandabokor.lutheran.hu\/index.php?rest_route=%2Fwp%2Fv2%2Fmedia&parent=68"}],"curies":[{"name":"wp","href":"https:\/\/api.w.org\/{rel}","templated":true}]}}