{"id":66,"date":"2017-01-30T12:24:09","date_gmt":"2017-01-30T12:24:09","guid":{"rendered":"http:\/\/mandabokor.lutheran.hu\/?page_id=66"},"modified":"2023-05-13T09:09:33","modified_gmt":"2023-05-13T09:09:33","slug":"mandabokor","status":"publish","type":"page","link":"https:\/\/mandabokor.lutheran.hu\/?page_id=66","title":{"rendered":"Mandabokor"},"content":{"rendered":"<p><strong>Istentiszteleteink:<\/strong><\/p>\n<ul>\n<li>Minden h\u00f3nap 1. vas\u00e1rnapj\u00e1n 10:00-kor <strong>\u00farvacsor\u00e1s istentisztelet<\/strong><\/li>\n<li>Minden h\u00f3nap 2. vas\u00e1rnapj\u00e1n 10:00-kor <strong>zenei istentisztelet<\/strong><\/li>\n<li>Minden h\u00f3nap 3. vas\u00e1rnapj\u00e1n 10:00-kor <strong>Csal\u00e1di IstenTisztelet<\/strong> (CsIT),<br \/>\nmelyen az adott h\u00f3napban sz\u00fcletetteket k\u00f6sz\u00f6ntj\u00fck<\/li>\n<li>Minden h\u00f3nap 4. vas\u00e1rnapj\u00e1n 10:00-kor <strong>laikus istentisztelet<\/strong><\/li>\n<li>Minden 5. vas\u00e1rnap 10:00-kor \u00f6sszgy\u00fclekezeti istentisztelet <strong>CSAK<\/strong> a Nagytemplomban<\/li>\n<\/ul>\n<p><strong>Minden istentiszteleti alkalommal p\u00e1rhuzamosan gyermekistentiszteletet tartunk!<\/strong><\/p>\n<p><strong>Alkalmaink:<\/strong><\/p>\n<ul>\n<li>Minden h\u00f3nap 1. p\u00e9nteken 17:30-kor <strong>F\u00e9rfi k\u00f6r<\/strong><\/li>\n<li>Minden h\u00f3nap 3. p\u00e9nteken 17:30-kor <strong>N\u0151i k\u00f6r<\/strong><\/li>\n<li>Minden h\u00e9ten p\u00e9nteken 19:00-kor<strong>\u00a0nagyifi <\/strong>(16-30 \u00e9vesek sz\u00e1m\u00e1ra)<\/li>\n<li>Minden h\u00f3nap 2. vas\u00e1rnapj\u00e1n az istentisztelet ut\u00e1n <strong>H\u00e1zasp\u00e1ri &#8211; \u00e9s Csal\u00e1dos Bibliak\u00f6r<\/strong><\/li>\n<li>Minden h\u00e9ten <strong>hittan\u00f3ra<\/strong> az \u00f3vod\u00e1ban<\/li>\n<\/ul>\n<p><strong>Szeretettel v\u00e1runk mindenkit gy\u00fclekezeti alkalmainkra Mandabokorba!<\/strong><\/p>\n<p><strong>Helysz\u00edn<\/strong>: Ny\u00edregyh\u00e1za-Mandabokor, Als\u00f3baduri \u00fat, Mandabokori Imah\u00e1z<br \/>\n<a href=\"https:\/\/www.google.com\/maps\/place\/Mandabokor+templom\/@47.9175193,21.6743459,18z\/data=!4m5!3m4!1s0x4747606b6927d505:0xcfc14449554e1e88!8m2!3d47.9176775!4d21.6754081\" target=\"_blank\" rel=\"noopener\"><strong>T\u00c9RK\u00c9P<br \/>\n<\/strong><\/a><a href=\"https:\/\/www.google.com\/maps\/place\/Mandabokor+templom\/@47.9176775,21.6754081,3a,75y,90t\/data=!3m8!1e2!3m6!1sAF1QipOcmWkU4lTi7KXd9r6N1ss49_KKohNd0a6nJjpV!2e10!3e12!6shttps:%2F%2Flh5.googleusercontent.com%2Fp%2FAF1QipOcmWkU4lTi7KXd9r6N1ss49_KKohNd0a6nJjpV%3Dw213-h120-k-no!7i3264!8i1836!4m12!1m6!3m5!1s0x4747606b6927d505:0xcfc14449554e1e88!2sMandabokor+templom!8m2!3d47.9176775!4d21.6754081!3m4!1s0x4747606b6927d505:0xcfc14449554e1e88!8m2!3d47.9176775!4d21.6754081\" target=\"_blank\" rel=\"noopener\"><strong>K\u00c9P<\/strong><\/a><\/p>\n","protected":false},"excerpt":{"rendered":"<p>Istentiszteleteink: Minden h\u00f3nap 1. vas\u00e1rnapj\u00e1n 10:00-kor \u00farvacsor\u00e1s istentisztelet Minden h\u00f3nap 2. vas\u00e1rnapj\u00e1n 10:00-kor zenei istentisztelet Minden h\u00f3nap 3. vas\u00e1rnapj\u00e1n 10:00-kor Csal\u00e1di IstenTisztelet (CsIT), melyen az adott h\u00f3napban sz\u00fcletetteket k\u00f6sz\u00f6ntj\u00fck Minden h\u00f3nap 4. vas\u00e1rnapj\u00e1n 10:00-kor laikus istentisztelet Minden 5. vas\u00e1rnap 10:00-kor \u00f6sszgy\u00fclekezeti istentisztelet CSAK a Nagytemplomban Minden istentiszteleti alkalommal p\u00e1rhuzamosan gyermekistentiszteletet tartunk! Alkalmaink: Minden h\u00f3nap 1. &hellip; <\/p>\n<p class=\"link-more\"><a href=\"https:\/\/mandabokor.lutheran.hu\/?page_id=66\" class=\"more-link\"><span class=\"screen-reader-text\">&#8220;Mandabokor&#8221;<\/span> b\u0151vebben<\/a><\/p>\n","protected":false},"author":1,"featured_media":0,"parent":0,"menu_order":0,"comment_status":"closed","ping_status":"closed","template":"","meta":{"_monsterinsights_skip_tracking":false,"_monsterinsights_sitenote_active":false,"_monsterinsights_sitenote_note":"","_monsterinsights_sitenote_category":0},"_links":{"self":[{"href":"https:\/\/mandabokor.lutheran.hu\/index.php?rest_route=\/wp\/v2\/pages\/66"}],"collection":[{"href":"https:\/\/mandabokor.lutheran.hu\/index.php?rest_route=\/wp\/v2\/pages"}],"about":[{"href":"https:\/\/mandabokor.lutheran.hu\/index.php?rest_route=\/wp\/v2\/types\/page"}],"author":[{"embeddable":true,"href":"https:\/\/mandabokor.lutheran.hu\/index.php?rest_route=\/wp\/v2\/users\/1"}],"replies":[{"embeddable":true,"href":"https:\/\/mandabokor.lutheran.hu\/index.php?rest_route=%2Fwp%2Fv2%2Fcomments&post=66"}],"version-history":[{"count":34,"href":"https:\/\/mandabokor.lutheran.hu\/index.php?rest_route=\/wp\/v2\/pages\/66\/revisions"}],"predecessor-version":[{"id":10410,"href":"https:\/\/mandabokor.lutheran.hu\/index.php?rest_route=\/wp\/v2\/pages\/66\/revisions\/10410"}],"wp:attachment":[{"href":"https:\/\/mandabokor.lutheran.hu\/index.php?rest_route=%2Fwp%2Fv2%2Fmedia&parent=66"}],"curies":[{"name":"wp","href":"https:\/\/api.w.org\/{rel}","templated":true}]}}