{"id":58,"date":"2017-01-30T12:19:05","date_gmt":"2017-01-30T12:19:05","guid":{"rendered":"http:\/\/mandabokor.lutheran.hu\/?page_id=58"},"modified":"2019-11-03T15:22:11","modified_gmt":"2019-11-03T15:22:11","slug":"kalmanhaza-70-eves-evfordulo","status":"publish","type":"page","link":"https:\/\/mandabokor.lutheran.hu\/?page_id=58","title":{"rendered":"K\u00e1lm\u00e1nh\u00e1za &#8211; 70 \u00e9ves \u00e9vfordul\u00f3"},"content":{"rendered":"<div id=\"plone-document-byline\">\n<p>MI NEM A MEGH\u00c1TR\u00c1L\u00c1S EMBEREI VAGYUNK, HANEM A HIT\u00c9I!<br \/>\n70 \u00c9VES A K\u00c1LM\u00c1NH\u00c1ZI EVANG\u00c9LIKUS TEMPLOM<\/p>\n<\/div>\n<div><\/div>\n<div id=\"parent-fieldname-description\">\n<p>Luther sz\u00fclet\u00e9snapj\u00e1n (2012. 11. 10.), d\u00e9lut\u00e1n tartott\u00e1k meg a jubileumi \u00fcnneps\u00e9get a Ny\u00edregyh\u00e1zi Egyh\u00e1zk\u00f6zs\u00e9g h\u00edveinek \u00e9s lelk\u00e9szeinek r\u00e9szv\u00e9tel\u00e9vel az \u00f6t\u00f6dik k\u00f6rzet templom\u00e1ban. A h\u00e1laad\u00f3 istentiszteleten dr. Fabiny Tam\u00e1s p\u00fcsp\u00f6k ugyanazt az alapig\u00e9t olvasta fel, mint amir\u0151l 70 \u00e9vvel ezel\u0151tt el\u0151dje, T\u00far\u00f3czy Zolt\u00e1n p\u00fcsp\u00f6k pr\u00e9dik\u00e1lt a templomszentel\u00e9si \u00fcnnepen. Az olt\u00e1ri szolg\u00e1latban a k\u00f6rzeti lelk\u00e9sz; Zsarnai Kriszti\u00e1n esperes \u00e9s az 53 \u00e9ve, a lelk\u00e9szi szolg\u00e1lat\u00e1t itt elkezd\u0151 Labossa L\u00e1szl\u00f3 nyugalmazott lelk\u00e9sz is r\u00e9szt vett.<\/p>\n<\/div>\n<div id=\"amw_galleria_slideshow_1\" class=\"amw-galleria-slideshow\"><\/div>\n<script type=\"text\/javascript\">jQuery(document).ready(function(){ jQuery(\"#amw_galleria_slideshow_1\").galleria({\"dataSource\":[{\"image\":\"https:\\\/\\\/mandabokor.lutheran.hu\\\/wp-content\\\/uploads\\\/2017\\\/01\\\/kalmanhaza70_01.jpg\",\"big\":\"https:\\\/\\\/mandabokor.lutheran.hu\\\/wp-content\\\/uploads\\\/2017\\\/01\\\/kalmanhaza70_01.jpg\",\"thumb\":\"https:\\\/\\\/mandabokor.lutheran.hu\\\/wp-content\\\/uploads\\\/2017\\\/01\\\/kalmanhaza70_01-150x150.jpg\",\"title\":\"kalmanhaza70_01\",\"description\":\"\"},{\"image\":\"https:\\\/\\\/mandabokor.lutheran.hu\\\/wp-content\\\/uploads\\\/2017\\\/01\\\/kalmanhaza70_02.jpg\",\"big\":\"https:\\\/\\\/mandabokor.lutheran.hu\\\/wp-content\\\/uploads\\\/2017\\\/01\\\/kalmanhaza70_02.jpg\",\"thumb\":\"https:\\\/\\\/mandabokor.lutheran.hu\\\/wp-content\\\/uploads\\\/2017\\\/01\\\/kalmanhaza70_02-150x150.jpg\",\"title\":\"kalmanhaza70_02\",\"description\":\"\"},{\"image\":\"https:\\\/\\\/mandabokor.lutheran.hu\\\/wp-content\\\/uploads\\\/2017\\\/01\\\/kalmanhaza70_03.jpg\",\"big\":\"https:\\\/\\\/mandabokor.lutheran.hu\\\/wp-content\\\/uploads\\\/2017\\\/01\\\/kalmanhaza70_03.jpg\",\"thumb\":\"https:\\\/\\\/mandabokor.lutheran.hu\\\/wp-content\\\/uploads\\\/2017\\\/01\\\/kalmanhaza70_03-150x150.jpg\",\"title\":\"kalmanhaza70_03\",\"description\":\"\"},{\"image\":\"https:\\\/\\\/mandabokor.lutheran.hu\\\/wp-content\\\/uploads\\\/2017\\\/01\\\/kalmanhaza70_04.jpg\",\"big\":\"https:\\\/\\\/mandabokor.lutheran.hu\\\/wp-content\\\/uploads\\\/2017\\\/01\\\/kalmanhaza70_04.jpg\",\"thumb\":\"https:\\\/\\\/mandabokor.lutheran.hu\\\/wp-content\\\/uploads\\\/2017\\\/01\\\/kalmanhaza70_04-150x150.jpg\",\"title\":\"kalmanhaza70_04\",\"description\":\"\"},{\"image\":\"https:\\\/\\\/mandabokor.lutheran.hu\\\/wp-content\\\/uploads\\\/2017\\\/01\\\/kalmanhaza70_05.jpg\",\"big\":\"https:\\\/\\\/mandabokor.lutheran.hu\\\/wp-content\\\/uploads\\\/2017\\\/01\\\/kalmanhaza70_05.jpg\",\"thumb\":\"https:\\\/\\\/mandabokor.lutheran.hu\\\/wp-content\\\/uploads\\\/2017\\\/01\\\/kalmanhaza70_05-150x150.jpg\",\"title\":\"kalmanhaza70_05\",\"description\":\"\"},{\"image\":\"https:\\\/\\\/mandabokor.lutheran.hu\\\/wp-content\\\/uploads\\\/2017\\\/01\\\/kalmanhaza70_06.jpg\",\"big\":\"https:\\\/\\\/mandabokor.lutheran.hu\\\/wp-content\\\/uploads\\\/2017\\\/01\\\/kalmanhaza70_06.jpg\",\"thumb\":\"https:\\\/\\\/mandabokor.lutheran.hu\\\/wp-content\\\/uploads\\\/2017\\\/01\\\/kalmanhaza70_06-150x150.jpg\",\"title\":\"kalmanhaza70_06\",\"description\":\"\"},{\"image\":\"https:\\\/\\\/mandabokor.lutheran.hu\\\/wp-content\\\/uploads\\\/2017\\\/01\\\/kalmanhaza70_07.jpg\",\"big\":\"https:\\\/\\\/mandabokor.lutheran.hu\\\/wp-content\\\/uploads\\\/2017\\\/01\\\/kalmanhaza70_07.jpg\",\"thumb\":\"https:\\\/\\\/mandabokor.lutheran.hu\\\/wp-content\\\/uploads\\\/2017\\\/01\\\/kalmanhaza70_07-150x150.jpg\",\"title\":\"kalmanhaza70_07\",\"description\":\"\"},{\"image\":\"https:\\\/\\\/mandabokor.lutheran.hu\\\/wp-content\\\/uploads\\\/2017\\\/01\\\/kalmanhaza70_08.jpg\",\"big\":\"https:\\\/\\\/mandabokor.lutheran.hu\\\/wp-content\\\/uploads\\\/2017\\\/01\\\/kalmanhaza70_08.jpg\",\"thumb\":\"https:\\\/\\\/mandabokor.lutheran.hu\\\/wp-content\\\/uploads\\\/2017\\\/01\\\/kalmanhaza70_08-150x150.jpg\",\"title\":\"kalmanhaza70_08\",\"description\":\"\"},{\"image\":\"https:\\\/\\\/mandabokor.lutheran.hu\\\/wp-content\\\/uploads\\\/2017\\\/01\\\/kalmanhaza70_09.jpg\",\"big\":\"https:\\\/\\\/mandabokor.lutheran.hu\\\/wp-content\\\/uploads\\\/2017\\\/01\\\/kalmanhaza70_09.jpg\",\"thumb\":\"https:\\\/\\\/mandabokor.lutheran.hu\\\/wp-content\\\/uploads\\\/2017\\\/01\\\/kalmanhaza70_09-150x150.jpg\",\"title\":\"kalmanhaza70_09\",\"description\":\"\"},{\"image\":\"https:\\\/\\\/mandabokor.lutheran.hu\\\/wp-content\\\/uploads\\\/2017\\\/01\\\/kalmanhaza70_10.jpg\",\"big\":\"https:\\\/\\\/mandabokor.lutheran.hu\\\/wp-content\\\/uploads\\\/2017\\\/01\\\/kalmanhaza70_10.jpg\",\"thumb\":\"https:\\\/\\\/mandabokor.lutheran.hu\\\/wp-content\\\/uploads\\\/2017\\\/01\\\/kalmanhaza70_10-150x150.jpg\",\"title\":\"kalmanhaza70_10\",\"description\":\"\"},{\"image\":\"https:\\\/\\\/mandabokor.lutheran.hu\\\/wp-content\\\/uploads\\\/2017\\\/01\\\/kalmanhaza70_11.jpg\",\"big\":\"https:\\\/\\\/mandabokor.lutheran.hu\\\/wp-content\\\/uploads\\\/2017\\\/01\\\/kalmanhaza70_11.jpg\",\"thumb\":\"https:\\\/\\\/mandabokor.lutheran.hu\\\/wp-content\\\/uploads\\\/2017\\\/01\\\/kalmanhaza70_11-150x150.jpg\",\"title\":\"kalmanhaza70_11\",\"description\":\"\"},{\"image\":\"https:\\\/\\\/mandabokor.lutheran.hu\\\/wp-content\\\/uploads\\\/2017\\\/01\\\/kalmanhaza70_12.jpg\",\"big\":\"https:\\\/\\\/mandabokor.lutheran.hu\\\/wp-content\\\/uploads\\\/2017\\\/01\\\/kalmanhaza70_12.jpg\",\"thumb\":\"https:\\\/\\\/mandabokor.lutheran.hu\\\/wp-content\\\/uploads\\\/2017\\\/01\\\/kalmanhaza70_12-150x150.jpg\",\"title\":\"kalmanhaza70_12\",\"description\":\"\"},{\"image\":\"https:\\\/\\\/mandabokor.lutheran.hu\\\/wp-content\\\/uploads\\\/2017\\\/01\\\/kalmanhaza70_13.jpg\",\"big\":\"https:\\\/\\\/mandabokor.lutheran.hu\\\/wp-content\\\/uploads\\\/2017\\\/01\\\/kalmanhaza70_13.jpg\",\"thumb\":\"https:\\\/\\\/mandabokor.lutheran.hu\\\/wp-content\\\/uploads\\\/2017\\\/01\\\/kalmanhaza70_13-150x150.jpg\",\"title\":\"kalmanhaza70_13\",\"description\":\"\"},{\"image\":\"https:\\\/\\\/mandabokor.lutheran.hu\\\/wp-content\\\/uploads\\\/2017\\\/01\\\/kalmanhaza70_14.jpg\",\"big\":\"https:\\\/\\\/mandabokor.lutheran.hu\\\/wp-content\\\/uploads\\\/2017\\\/01\\\/kalmanhaza70_14.jpg\",\"thumb\":\"https:\\\/\\\/mandabokor.lutheran.hu\\\/wp-content\\\/uploads\\\/2017\\\/01\\\/kalmanhaza70_14-150x150.jpg\",\"title\":\"kalmanhaza70_14\",\"description\":\"\"},{\"image\":\"https:\\\/\\\/mandabokor.lutheran.hu\\\/wp-content\\\/uploads\\\/2017\\\/01\\\/kalmanhaza70_15.jpg\",\"big\":\"https:\\\/\\\/mandabokor.lutheran.hu\\\/wp-content\\\/uploads\\\/2017\\\/01\\\/kalmanhaza70_15.jpg\",\"thumb\":\"https:\\\/\\\/mandabokor.lutheran.hu\\\/wp-content\\\/uploads\\\/2017\\\/01\\\/kalmanhaza70_15-150x150.jpg\",\"title\":\"kalmanhaza70_15\",\"description\":\"\"},{\"image\":\"https:\\\/\\\/mandabokor.lutheran.hu\\\/wp-content\\\/uploads\\\/2017\\\/01\\\/kalmanhaza70_16.jpg\",\"big\":\"https:\\\/\\\/mandabokor.lutheran.hu\\\/wp-content\\\/uploads\\\/2017\\\/01\\\/kalmanhaza70_16.jpg\",\"thumb\":\"https:\\\/\\\/mandabokor.lutheran.hu\\\/wp-content\\\/uploads\\\/2017\\\/01\\\/kalmanhaza70_16-150x150.jpg\",\"title\":\"kalmanhaza70_16\",\"description\":\"\"},{\"image\":\"https:\\\/\\\/mandabokor.lutheran.hu\\\/wp-content\\\/uploads\\\/2017\\\/01\\\/kalmanhaza70_17.jpg\",\"big\":\"https:\\\/\\\/mandabokor.lutheran.hu\\\/wp-content\\\/uploads\\\/2017\\\/01\\\/kalmanhaza70_17.jpg\",\"thumb\":\"https:\\\/\\\/mandabokor.lutheran.hu\\\/wp-content\\\/uploads\\\/2017\\\/01\\\/kalmanhaza70_17-150x150.jpg\",\"title\":\"kalmanhaza70_17\",\"description\":\"\"},{\"image\":\"https:\\\/\\\/mandabokor.lutheran.hu\\\/wp-content\\\/uploads\\\/2017\\\/01\\\/kalmanhaza70_18.jpg\",\"big\":\"https:\\\/\\\/mandabokor.lutheran.hu\\\/wp-content\\\/uploads\\\/2017\\\/01\\\/kalmanhaza70_18.jpg\",\"thumb\":\"https:\\\/\\\/mandabokor.lutheran.hu\\\/wp-content\\\/uploads\\\/2017\\\/01\\\/kalmanhaza70_18-150x150.jpg\",\"title\":\"kalmanhaza70_18\",\"description\":\"\"},{\"image\":\"https:\\\/\\\/mandabokor.lutheran.hu\\\/wp-content\\\/uploads\\\/2017\\\/01\\\/kalmanhaza70_19.jpg\",\"big\":\"https:\\\/\\\/mandabokor.lutheran.hu\\\/wp-content\\\/uploads\\\/2017\\\/01\\\/kalmanhaza70_19.jpg\",\"thumb\":\"https:\\\/\\\/mandabokor.lutheran.hu\\\/wp-content\\\/uploads\\\/2017\\\/01\\\/kalmanhaza70_19-150x150.jpg\",\"title\":\"kalmanhaza70_19\",\"description\":\"\"},{\"image\":\"https:\\\/\\\/mandabokor.lutheran.hu\\\/wp-content\\\/uploads\\\/2017\\\/01\\\/kalmanhaza70_20.jpg\",\"big\":\"https:\\\/\\\/mandabokor.lutheran.hu\\\/wp-content\\\/uploads\\\/2017\\\/01\\\/kalmanhaza70_20.jpg\",\"thumb\":\"https:\\\/\\\/mandabokor.lutheran.hu\\\/wp-content\\\/uploads\\\/2017\\\/01\\\/kalmanhaza70_20-150x150.jpg\",\"title\":\"kalmanhaza70_20\",\"description\":\"\"},{\"image\":\"https:\\\/\\\/mandabokor.lutheran.hu\\\/wp-content\\\/uploads\\\/2017\\\/01\\\/kalmanhaza70_21.jpg\",\"big\":\"https:\\\/\\\/mandabokor.lutheran.hu\\\/wp-content\\\/uploads\\\/2017\\\/01\\\/kalmanhaza70_21.jpg\",\"thumb\":\"https:\\\/\\\/mandabokor.lutheran.hu\\\/wp-content\\\/uploads\\\/2017\\\/01\\\/kalmanhaza70_21-150x150.jpg\",\"title\":\"kalmanhaza70_21\",\"description\":\"\"},{\"image\":\"https:\\\/\\\/mandabokor.lutheran.hu\\\/wp-content\\\/uploads\\\/2017\\\/01\\\/kalmanhaza70_22.jpg\",\"big\":\"https:\\\/\\\/mandabokor.lutheran.hu\\\/wp-content\\\/uploads\\\/2017\\\/01\\\/kalmanhaza70_22.jpg\",\"thumb\":\"https:\\\/\\\/mandabokor.lutheran.hu\\\/wp-content\\\/uploads\\\/2017\\\/01\\\/kalmanhaza70_22-150x150.jpg\",\"title\":\"kalmanhaza70_22\",\"description\":\"\"},{\"image\":\"https:\\\/\\\/mandabokor.lutheran.hu\\\/wp-content\\\/uploads\\\/2017\\\/01\\\/kalmanhaza70_23.jpg\",\"big\":\"https:\\\/\\\/mandabokor.lutheran.hu\\\/wp-content\\\/uploads\\\/2017\\\/01\\\/kalmanhaza70_23.jpg\",\"thumb\":\"https:\\\/\\\/mandabokor.lutheran.hu\\\/wp-content\\\/uploads\\\/2017\\\/01\\\/kalmanhaza70_23-150x150.jpg\",\"title\":\"kalmanhaza70_23\",\"description\":\"\"},{\"image\":\"https:\\\/\\\/mandabokor.lutheran.hu\\\/wp-content\\\/uploads\\\/2017\\\/01\\\/kalmanhaza70_24.jpg\",\"big\":\"https:\\\/\\\/mandabokor.lutheran.hu\\\/wp-content\\\/uploads\\\/2017\\\/01\\\/kalmanhaza70_24.jpg\",\"thumb\":\"https:\\\/\\\/mandabokor.lutheran.hu\\\/wp-content\\\/uploads\\\/2017\\\/01\\\/kalmanhaza70_24-150x150.jpg\",\"title\":\"kalmanhaza70_24\",\"description\":\"\"},{\"image\":\"https:\\\/\\\/mandabokor.lutheran.hu\\\/wp-content\\\/uploads\\\/2017\\\/01\\\/kalmanhaza70_25.jpg\",\"big\":\"https:\\\/\\\/mandabokor.lutheran.hu\\\/wp-content\\\/uploads\\\/2017\\\/01\\\/kalmanhaza70_25.jpg\",\"thumb\":\"https:\\\/\\\/mandabokor.lutheran.hu\\\/wp-content\\\/uploads\\\/2017\\\/01\\\/kalmanhaza70_25-150x150.jpg\",\"title\":\"kalmanhaza70_25\",\"description\":\"\"},{\"image\":\"https:\\\/\\\/mandabokor.lutheran.hu\\\/wp-content\\\/uploads\\\/2017\\\/01\\\/kalmanhaza70_26.jpg\",\"big\":\"https:\\\/\\\/mandabokor.lutheran.hu\\\/wp-content\\\/uploads\\\/2017\\\/01\\\/kalmanhaza70_26.jpg\",\"thumb\":\"https:\\\/\\\/mandabokor.lutheran.hu\\\/wp-content\\\/uploads\\\/2017\\\/01\\\/kalmanhaza70_26-150x150.jpg\",\"title\":\"kalmanhaza70_26\",\"description\":\"\"},{\"image\":\"https:\\\/\\\/mandabokor.lutheran.hu\\\/wp-content\\\/uploads\\\/2017\\\/01\\\/kalmanhaza70_27.jpg\",\"big\":\"https:\\\/\\\/mandabokor.lutheran.hu\\\/wp-content\\\/uploads\\\/2017\\\/01\\\/kalmanhaza70_27.jpg\",\"thumb\":\"https:\\\/\\\/mandabokor.lutheran.hu\\\/wp-content\\\/uploads\\\/2017\\\/01\\\/kalmanhaza70_27-150x150.jpg\",\"title\":\"kalmanhaza70_27\",\"description\":\"\"},{\"image\":\"https:\\\/\\\/mandabokor.lutheran.hu\\\/wp-content\\\/uploads\\\/2017\\\/01\\\/kalmanhaza70_28.jpg\",\"big\":\"https:\\\/\\\/mandabokor.lutheran.hu\\\/wp-content\\\/uploads\\\/2017\\\/01\\\/kalmanhaza70_28.jpg\",\"thumb\":\"https:\\\/\\\/mandabokor.lutheran.hu\\\/wp-content\\\/uploads\\\/2017\\\/01\\\/kalmanhaza70_28-150x150.jpg\",\"title\":\"kalmanhaza70_28\",\"description\":\"\"},{\"image\":\"https:\\\/\\\/mandabokor.lutheran.hu\\\/wp-content\\\/uploads\\\/2017\\\/01\\\/kalmanhaza70_29.jpg\",\"big\":\"https:\\\/\\\/mandabokor.lutheran.hu\\\/wp-content\\\/uploads\\\/2017\\\/01\\\/kalmanhaza70_29.jpg\",\"thumb\":\"https:\\\/\\\/mandabokor.lutheran.hu\\\/wp-content\\\/uploads\\\/2017\\\/01\\\/kalmanhaza70_29-150x150.jpg\",\"title\":\"kalmanhaza70_29\",\"description\":\"\"},{\"image\":\"https:\\\/\\\/mandabokor.lutheran.hu\\\/wp-content\\\/uploads\\\/2017\\\/01\\\/kalmanhaza70_30.jpg\",\"big\":\"https:\\\/\\\/mandabokor.lutheran.hu\\\/wp-content\\\/uploads\\\/2017\\\/01\\\/kalmanhaza70_30.jpg\",\"thumb\":\"https:\\\/\\\/mandabokor.lutheran.hu\\\/wp-content\\\/uploads\\\/2017\\\/01\\\/kalmanhaza70_30-150x150.jpg\",\"title\":\"kalmanhaza70_30\",\"description\":\"\"},{\"image\":\"https:\\\/\\\/mandabokor.lutheran.hu\\\/wp-content\\\/uploads\\\/2017\\\/01\\\/kalmanhaza70_31-1.jpg\",\"big\":\"https:\\\/\\\/mandabokor.lutheran.hu\\\/wp-content\\\/uploads\\\/2017\\\/01\\\/kalmanhaza70_31-1.jpg\",\"thumb\":\"https:\\\/\\\/mandabokor.lutheran.hu\\\/wp-content\\\/uploads\\\/2017\\\/01\\\/kalmanhaza70_31-1-150x150.jpg\",\"title\":\"kalmanhaza70_31\",\"description\":\"\"},{\"image\":\"https:\\\/\\\/mandabokor.lutheran.hu\\\/wp-content\\\/uploads\\\/2017\\\/01\\\/kalmanhaza70_32-1.jpg\",\"big\":\"https:\\\/\\\/mandabokor.lutheran.hu\\\/wp-content\\\/uploads\\\/2017\\\/01\\\/kalmanhaza70_32-1.jpg\",\"thumb\":\"https:\\\/\\\/mandabokor.lutheran.hu\\\/wp-content\\\/uploads\\\/2017\\\/01\\\/kalmanhaza70_32-1-150x150.jpg\",\"title\":\"kalmanhaza70_32\",\"description\":\"\"},{\"image\":\"https:\\\/\\\/mandabokor.lutheran.hu\\\/wp-content\\\/uploads\\\/2017\\\/01\\\/kalmanhaza70_33.jpg\",\"big\":\"https:\\\/\\\/mandabokor.lutheran.hu\\\/wp-content\\\/uploads\\\/2017\\\/01\\\/kalmanhaza70_33.jpg\",\"thumb\":\"https:\\\/\\\/mandabokor.lutheran.hu\\\/wp-content\\\/uploads\\\/2017\\\/01\\\/kalmanhaza70_33-150x150.jpg\",\"title\":\"kalmanhaza70_33\",\"description\":\"\"},{\"image\":\"https:\\\/\\\/mandabokor.lutheran.hu\\\/wp-content\\\/uploads\\\/2017\\\/01\\\/kalmanhaza70_34.jpg\",\"big\":\"https:\\\/\\\/mandabokor.lutheran.hu\\\/wp-content\\\/uploads\\\/2017\\\/01\\\/kalmanhaza70_34.jpg\",\"thumb\":\"https:\\\/\\\/mandabokor.lutheran.hu\\\/wp-content\\\/uploads\\\/2017\\\/01\\\/kalmanhaza70_34-150x150.jpg\",\"title\":\"kalmanhaza70_34\",\"description\":\"\"},{\"image\":\"https:\\\/\\\/mandabokor.lutheran.hu\\\/wp-content\\\/uploads\\\/2017\\\/01\\\/kalmanhaza70_35.jpg\",\"big\":\"https:\\\/\\\/mandabokor.lutheran.hu\\\/wp-content\\\/uploads\\\/2017\\\/01\\\/kalmanhaza70_35.jpg\",\"thumb\":\"https:\\\/\\\/mandabokor.lutheran.hu\\\/wp-content\\\/uploads\\\/2017\\\/01\\\/kalmanhaza70_35-150x150.jpg\",\"title\":\"kalmanhaza70_35\",\"description\":\"\"},{\"image\":\"https:\\\/\\\/mandabokor.lutheran.hu\\\/wp-content\\\/uploads\\\/2017\\\/01\\\/kalmanhaza70_36.jpg\",\"big\":\"https:\\\/\\\/mandabokor.lutheran.hu\\\/wp-content\\\/uploads\\\/2017\\\/01\\\/kalmanhaza70_36.jpg\",\"thumb\":\"https:\\\/\\\/mandabokor.lutheran.hu\\\/wp-content\\\/uploads\\\/2017\\\/01\\\/kalmanhaza70_36-150x150.jpg\",\"title\":\"kalmanhaza70_36\",\"description\":\"\"}],\"width\":\"auto\",\"height\":0.76,\"autoplay\":false,\"transition\":\"slide\",\"initialTransition\":\"fade\",\"transitionSpeed\":0,\"_delayTime\":4000,\"_hideControls\":false,\"_thumbnailMode\":\"grid\",\"_captionMode\":\"on_expand\"}); });<\/script>\n<p>&nbsp;<\/p>\n<p>Az \u00f6tsz\u00e1z f\u0151t befogad\u00f3 templom alapk\u00f6v\u00e9t 1938. \u00e1prilis 10-\u00e9n, vir\u00e1gvas\u00e1rnap\u00a0<em>dr. Domj\u00e1n Elek<\/em>\u00a0p\u00fcsp\u00f6k \u00e9s\u00a0<em>dr. Pass L\u00e1szl\u00f3<\/em>\u00a0esperes helyezte el, melynek tervrajz\u00e1t\u00a0<em>dr. S\u00e1ndy Gyula<\/em>\u00a0m\u0171egyetemi tan\u00e1r k\u00e9sz\u00edtette. \u00c9p\u00edt\u00e9s\u00e9nek lebonyol\u00edt\u00e1s\u00e1t\u00a0<em>Tarj\u00e1n B\u00e9la<\/em>, majd\u00a0<em>Megyer Lajos<\/em>\u00a0lelk\u00e9szek v\u00e9gezt\u00e9k. P\u00e9nzhi\u00e1ny miatt, a torony csak 1949. november 20-ra \u00e9p\u00fclhetett fel, de a templomot m\u00e1r 1942. november 8-\u00e1n felszentelte a Tiszai Egyh\u00e1zker\u00fclet p\u00fcsp\u00f6ke; amely a\u00a0Ny\u00edregyh\u00e1z\u00e1t\u00a0k\u00f6rbevev\u0151 tanyabokrok h\u00edveinek ny\u00fajt lelki otthont, imm\u00e1r h\u00e9t \u00e9vtizede, s amely ezen az istentiszteleten zs\u00fafol\u00e1sig megtelt.<\/p>\n<p>Fabiny p\u00fcsp\u00f6k, el\u0151dj\u00e9nek, az\u00a0<em>Isten embere<\/em>\u00a0szolg\u00e1lat\u00e1ra is eml\u00e9kezve; Zsid 10,38\u201339 versei alapj\u00e1n hirdette: mi nem a megh\u00e1tr\u00e1l\u00e1s emberei vagyunk, hanem a hit\u00e9i! Nek\u00fcnk is misszi\u00f3i k\u00fcldet\u00e9s\u00fcnk van; mert csak ilyen lelk\u00fclettel tudunk el\u00e9rni embereket. \u0150seink l\u00e9trehozt\u00e1k a D\u00e9lszabolcsi Misszi\u00f3i Egyh\u00e1zk\u00f6zs\u00e9get, hogy ne csak Ny\u00edregyh\u00e1za v\u00e1ros tirp\u00e1k lakoss\u00e1g\u00e1t, de a telep\u00fcl\u00e9st k\u00f6r\u00fcl\u00f6lel\u0151 bokortany\u00e1kban s a t\u00e1volabb \u00e9l\u0151ket is el\u00e9rhess\u00e9k az evang\u00e9lium \u00fczenet\u00e9vel. Ide h\u00edvt\u00e1k meg\u00a0<em>Jo\u00f3b Oliv\u00e9rt<\/em>, majd\u00a0<em>Tarj\u00e1n B\u00e9l\u00e1t<\/em>\u00a0is a szolg\u00e1latba.<\/p>\n<p>Isten ma is elh\u00edv \u00e9s elk\u00fcld az \u0151 tan\u00faik\u00e9nt. K\u00f6vess engem a hit \u00fatj\u00e1n! Az igaz ember hitb\u0151l \u00e9l! S el is k\u00fcld a misszi\u00f3i parancsa alapj\u00e1n, hogy mi is tan\u00edtv\u00e1nyokk\u00e1 tehess\u00fcnk m\u00e1sokat. Nemcsak hivat\u00e1sunk van, hanem k\u00fcldet\u00e9s\u00fcnk is. Az evang\u00e9likus kereszty\u00e9n nem h\u00e1tr\u00e1lhat meg!\u00a0<em>Luther M\u00e1rton<\/em>sem h\u00e1tr\u00e1lt meg. A h\u00e1romszor p\u00fcsp\u00f6kk\u00e9 v\u00e1lasztott \u00e9s h\u00e1romszor elmozd\u00edtott\u00a0<em>T\u00far\u00f3czy Zolt\u00e1n<\/em>\u00a0sem h\u00e1tr\u00e1lt meg. Mi se legy\u00fcnk a megh\u00e1tr\u00e1l\u00e1s emberei. Az igehirdet\u0151 utalt az olt\u00e1rt\u00e9r k\u00e9t oldal\u00e1n l\u00e1that\u00f3 fresk\u00f3ra, melyen egy korabeli dolgos paraszt csal\u00e1d tagjai tekintenek fel a megfesz\u00edtett J\u00e9zust \u00e1br\u00e1zol\u00f3 olt\u00e1rk\u00e9pre. Templom\u00e9p\u00edt\u0151 \u0151seink sem h\u00e1tr\u00e1ltak meg semmilyen neh\u00e9zs\u00e9g ellen\u00e9re; a h\u00e1bor\u00fas id\u0151kben templomot \u00e9p\u00edtettek \u2013 nek\u00fcnk is.<em>\u201eMinden lehets\u00e9ges a h\u00edv\u0151nek.\u201d<\/em>\u00a0(Mk 9,23) Ez az ige olvashat\u00f3 a jubileumi megh\u00edv\u00f3n.<\/p>\n<p>Az \u00f6sszgy\u00fclekezeti \u00e9nekkar szolg\u00e1lata \u00e9s\u00a0<em>Megyer M\u00e1rta<\/em>\u00a0sz\u00f3l\u00f3\u00e9neke ut\u00e1n, a helyi \u00f3vod\u00e1sok, majd iskol\u00e1sok versben, \u00e9nekben felcsend\u00fcl\u0151 bizonys\u00e1gt\u00e9teleiben gy\u00f6ny\u00f6rk\u00f6dhetek a gy\u00fclekezet feln\u0151tt tagjai.\u00a0<em>Zsarnai Kriszti\u00e1n<\/em>\u00a0vide\u00f3 filmj\u00e9ben a templom\u00e9p\u00edt\u00e9s esem\u00e9nyeit eleven\u00edtette fel; id\u0151s, helyi egyh\u00e1ztagok szem\u00e9lyes visszaeml\u00e9kez\u00e9sei \u00e1ltal. S arch\u00edv felv\u00e9telekr\u0151l az \u00e9p\u00fcl\u0151 templom k\u00e9peit is felvillantotta. Meghat\u00f3 mondatok, eml\u00e9k-mozaikok hiteles\u00edtett\u00e9k ezeket a bizony, nem k\u00f6nny\u0171 \u00e9veket, amelyekben a templom\u00e9p\u00edt\u00e9s folyt; p\u00e9ld\u00e1ul a harang megszerz\u00e9s\u00e9nek t\u00f6rt\u00e9net\u00e9t sem lehetett \u00f6r\u00f6mk\u00f6nnyek n\u00e9lk\u00fcl v\u00e9gign\u00e9zni\u2026 Az itt szolg\u00e1lt valamennyi lelk\u00e9sz f\u00e9nyk\u00e9pe \u00e9s szolg\u00e1lati ideje is l\u00e1that\u00f3 volt a vide\u00f3 \u00f6ssze\u00e1ll\u00edt\u00e1sban, \u00e9s ezek sok kedves eml\u00e9ket id\u00e9ztek fel az id\u0151sebb temploml\u00e1togat\u00f3k sz\u00edv\u00e9ben. S ebben az ig\u00e9ben fogalmaz\u00f3dhat meg bizonys\u00e1gt\u00e9tel\u00fck:\u00a0<em>\u201eMindeddig megseg\u00edtett minket az \u00dar!\u201d<\/em>\u00a0(1S\u00e1m 7,12)<\/p>\n<p>A templomi \u00fcnnepi k\u00f6zgy\u0171l\u00e9sen a jelenlegi k\u00f6rzeti lelk\u00e9sz visszaeml\u00e9kez\u00e9s\u00e9t k\u00f6vet\u0151en\u00a0<em>Labossa L\u00e1szl\u00f3<\/em>\u00a0\u00e9s\u00a0<em>dr. Endreffy Ildik\u00f3<\/em>\u00a0k\u00f6sz\u00f6nt\u00e9se hangzott el. Lev\u00e9lben \u00fcdv\u00f6z\u00f6lte az \u00fcnnepl\u0151ket\u00a0<em>D. Szebik Imr\u00e9n\u00e9 Ferenczy M\u00e1ria<\/em>.\u00a0<em>Ferenczy Mih\u00e1ly<\/em>\u00a0\u00e9s\u00a0<em>Fazekas L\u00e1szl\u00f3<\/em>\u00a0ny\u00edregyh\u00e1zi m\u00e9rn\u00f6k\u00f6k v\u00e9gezt\u00e9k az \u00e9p\u00edtkez\u00e9s ellen\u0151rz\u00e9s\u00e9t.\u00a0<em>dr. Domj\u00e1n Elek<\/em>\u00a0p\u00fcsp\u00f6k lesz\u00e1rmazottai m\u00e1r az \u00fcnneps\u00e9get k\u00f6vet\u0151 \u00e1ll\u00f3fogad\u00e1son folytatt\u00e1k a visszaeml\u00e9kez\u00e9st, az itt szolg\u00e1l\u00f3 lelkip\u00e1sztorok megjelent ut\u00f3daival egy\u00fctt. A szeretetvend\u00e9gs\u00e9get a helyi M\u0171vel\u0151d\u00e9si h\u00e1z nagyterm\u00e9ben rendezt\u00e9k meg valamennyi templomi \u00fcnnepl\u0151 sz\u00e1m\u00e1ra, akik\u00a0<em>T\u00farmezei Erzs\u00e9bet<\/em>\u00a0vers\u00e9nek e gondolat\u00e1val adtak h\u00e1l\u00e1t a 70 \u00e9ves lelki otthon\u00e9rt:\u00a0<em>\u201eM\u00edg egykor mennyei hajl\u00e9kod befogad, k\u00f6sz\u00f6n\u00f6m, Istenem, f\u00f6ldi hajl\u00e9kodat.\u201d\u00a0<\/em><\/p>\n<p><iframe  id=\"_ytid_31149\"  width=\"525\" height=\"394\"  data-origwidth=\"525\" data-origheight=\"394\"  src=\"https:\/\/www.youtube.com\/embed\/SeGISqensrs?enablejsapi=1&#038;autoplay=0&#038;cc_load_policy=0&#038;cc_lang_pref=&#038;iv_load_policy=1&#038;loop=0&#038;modestbranding=0&#038;rel=1&#038;fs=1&#038;playsinline=0&#038;autohide=2&#038;theme=dark&#038;color=red&#038;controls=1&#038;\" class=\"__youtube_prefs__  epyt-is-override  no-lazyload\" title=\"YouTube player\"  allow=\"autoplay; encrypted-media\" allowfullscreen data-no-lazy=\"1\" data-skipgform_ajax_framebjll=\"\"><\/iframe><\/p>\n<p>&nbsp;<\/p>\n<p align=\"center\">Forr\u00e1s: <a href=\"http:\/\/archiv.evangelikus.hu\/aktualis\/mi-nem-a-meghatralas-emberei-vagyunk-hanem-a-hitei-2013-70-eves-a-kalmanhazi-evangelikus-templom-2013-hangos-kepes-tudositas\">http:\/\/www.evangelikus.hu\/<\/a><\/p>\n","protected":false},"excerpt":{"rendered":"<p>MI NEM A MEGH\u00c1TR\u00c1L\u00c1S EMBEREI VAGYUNK, HANEM A HIT\u00c9I! 70 \u00c9VES A K\u00c1LM\u00c1NH\u00c1ZI EVANG\u00c9LIKUS TEMPLOM Luther sz\u00fclet\u00e9snapj\u00e1n (2012. 11. 10.), d\u00e9lut\u00e1n tartott\u00e1k meg a jubileumi \u00fcnneps\u00e9get a Ny\u00edregyh\u00e1zi Egyh\u00e1zk\u00f6zs\u00e9g h\u00edveinek \u00e9s lelk\u00e9szeinek r\u00e9szv\u00e9tel\u00e9vel az \u00f6t\u00f6dik k\u00f6rzet templom\u00e1ban. A h\u00e1laad\u00f3 istentiszteleten dr. Fabiny Tam\u00e1s p\u00fcsp\u00f6k ugyanazt az alapig\u00e9t olvasta fel, mint amir\u0151l 70 \u00e9vvel ezel\u0151tt el\u0151dje, &hellip; <\/p>\n<p class=\"link-more\"><a href=\"https:\/\/mandabokor.lutheran.hu\/?page_id=58\" class=\"more-link\"><span class=\"screen-reader-text\">&#8220;K\u00e1lm\u00e1nh\u00e1za &#8211; 70 \u00e9ves \u00e9vfordul\u00f3&#8221;<\/span> b\u0151vebben<\/a><\/p>\n","protected":false},"author":1,"featured_media":0,"parent":0,"menu_order":0,"comment_status":"closed","ping_status":"closed","template":"","meta":{"_monsterinsights_skip_tracking":false,"_monsterinsights_sitenote_active":false,"_monsterinsights_sitenote_note":"","_monsterinsights_sitenote_category":0},"_links":{"self":[{"href":"https:\/\/mandabokor.lutheran.hu\/index.php?rest_route=\/wp\/v2\/pages\/58"}],"collection":[{"href":"https:\/\/mandabokor.lutheran.hu\/index.php?rest_route=\/wp\/v2\/pages"}],"about":[{"href":"https:\/\/mandabokor.lutheran.hu\/index.php?rest_route=\/wp\/v2\/types\/page"}],"author":[{"embeddable":true,"href":"https:\/\/mandabokor.lutheran.hu\/index.php?rest_route=\/wp\/v2\/users\/1"}],"replies":[{"embeddable":true,"href":"https:\/\/mandabokor.lutheran.hu\/index.php?rest_route=%2Fwp%2Fv2%2Fcomments&post=58"}],"version-history":[{"count":9,"href":"https:\/\/mandabokor.lutheran.hu\/index.php?rest_route=\/wp\/v2\/pages\/58\/revisions"}],"predecessor-version":[{"id":6998,"href":"https:\/\/mandabokor.lutheran.hu\/index.php?rest_route=\/wp\/v2\/pages\/58\/revisions\/6998"}],"wp:attachment":[{"href":"https:\/\/mandabokor.lutheran.hu\/index.php?rest_route=%2Fwp%2Fv2%2Fmedia&parent=58"}],"curies":[{"name":"wp","href":"https:\/\/api.w.org\/{rel}","templated":true}]}}