{"id":384,"date":"2017-02-11T13:06:49","date_gmt":"2017-02-11T13:06:49","guid":{"rendered":"http:\/\/mandabokor.lutheran.hu\/?page_id=384"},"modified":"2026-02-18T06:44:10","modified_gmt":"2026-02-18T06:44:10","slug":"lelkeszi-jelentes","status":"publish","type":"page","link":"https:\/\/mandabokor.lutheran.hu\/?page_id=384","title":{"rendered":"Lelk\u00e9szi jelent\u00e9s"},"content":{"rendered":"<p><a href=\"http:\/\/mandabokor.lutheran.hu\/wp-content\/uploads\/2026\/02\/2025.-evi-Lelkeszi-jelentes.pdf\" target=\"_blank\" rel=\"noopener\">2025. \u00e9vi Lelk\u00e9szi jelent\u00e9s<\/a><\/p>\n<p><a href=\"http:\/\/mandabokor.lutheran.hu\/wp-content\/uploads\/2025\/02\/2024.-evi-Lelkeszi-jelentes.pdf\" target=\"_blank\" rel=\"noopener\">2024. \u00e9vi Lelk\u00e9szi jelent\u00e9s<\/a><\/p>\n<p><a href=\"http:\/\/mandabokor.lutheran.hu\/wp-content\/uploads\/2024\/03\/2023.-evi-Lelkeszi-jelentes.pdf\">2023. \u00e9vi Lelk\u00e9szi jelent\u00e9s<\/a><\/p>\n<p><a href=\"http:\/\/mandabokor.lutheran.hu\/wp-content\/uploads\/2023\/01\/2022.-evi-Lelkeszi-jelentes.pdf\" target=\"_blank\" rel=\"noopener\">2022. \u00e9vi Lelk\u00e9szi jelent\u00e9s<\/a><\/p>\n<p><a href=\"http:\/\/mandabokor.lutheran.hu\/wp-content\/uploads\/2023\/01\/2021.-evi-Lelkeszi-jelentes.pdf\" target=\"_blank\" rel=\"noopener\">2021. \u00e9vi Lelk\u00e9szi jelent\u00e9s<\/a><\/p>\n<p><a href=\"http:\/\/mandabokor.lutheran.hu\/wp-content\/uploads\/2021\/02\/2020.-\u00e9vi-Lelk\u00e9szi-jelent\u00e9s.pdf\">2020. \u00e9vi Lelk\u00e9szi jelent\u00e9s<\/a><\/p>\n<p><a href=\"http:\/\/mandabokor.lutheran.hu\/wp-content\/uploads\/2020\/02\/2019.-\u00e9vi-Lelk\u00e9szi-jelent\u00e9s.pdf\" target=\"_blank\" rel=\"noopener\">2019. \u00e9vi Lelk\u00e9szi jelent\u00e9s<\/a><\/p>\n<p><a href=\"http:\/\/mandabokor.lutheran.hu\/wp-content\/uploads\/2019\/02\/2018.-\u00e9vi-Lelk\u00e9szi-jelent\u00e9s.pdf\" target=\"_blank\" rel=\"noopener\">2018. \u00e9vi Lelk\u00e9szi jelent\u00e9s<\/a><\/p>\n<p><a href=\"http:\/\/mandabokor.lutheran.hu\/wp-content\/uploads\/2017\/02\/2017.-\u00e9vi-Lelke\u0301szi-jelente\u0301s.pdf\" target=\"_blank\" rel=\"noopener\">2017. \u00e9vi Lelke\u0301szi jelente\u0301s<\/a><\/p>\n<p><a href=\"http:\/\/mandabokor.lutheran.hu\/wp-content\/uploads\/2017\/02\/2016-os-Lelk\u00e9szi-jelent\u00e9s.pdf\" target=\"_blank\" rel=\"noopener\">2016. \u00e9vi\u00a0<\/a><a href=\"http:\/\/mandabokor.lutheran.hu\/wp-content\/uploads\/2017\/02\/2016-os-Lelk\u00e9szi-jelent\u00e9s.pdf\">Lelk\u00e9szi jelent\u00e9s<\/a><\/p>\n<p><a href=\"http:\/\/mandabokor.lutheran.hu\/wp-content\/uploads\/2017\/02\/2015-\u00f6s-lelk\u00e9szi-jelent\u00e9s.pdf\" target=\"_blank\" rel=\"noopener\">2015. \u00e9vi Lelk\u00e9szi jelent\u00e9s<\/a><\/p>\n<p><a href=\"http:\/\/mandabokor.lutheran.hu\/wp-content\/uploads\/2017\/02\/2014-es-esztend\u0151-lelk\u00e9szi-jelent\u00e9se.pdf\" target=\"_blank\" rel=\"noopener\">2014. \u00e9vi Lelk\u00e9szi jelent\u00e9s<\/a><\/p>\n<p><a href=\"http:\/\/mandabokor.lutheran.hu\/wp-content\/uploads\/2017\/02\/2013.-\u00e9vi-Lelk\u00e9szi-jelent\u00e9s.pdf\">2013. \u00e9vi Lelk\u00e9szi jelent\u00e9s<\/a><\/p>\n<p>2012. \u00e9vi Lelk\u00e9szi jelent\u00e9s<\/p>\n<p><a href=\"http:\/\/mandabokor.lutheran.hu\/wp-content\/uploads\/2017\/02\/2011.-\u00e9vi-Lelk\u00e9szi-jelent\u00e9s.pdf\">2011. \u00e9vi Lelk\u00e9szi jelent\u00e9s<\/a><\/p>\n<p>&nbsp;<\/p>\n","protected":false},"excerpt":{"rendered":"<p>2025. \u00e9vi Lelk\u00e9szi jelent\u00e9s 2024. \u00e9vi Lelk\u00e9szi jelent\u00e9s 2023. \u00e9vi Lelk\u00e9szi jelent\u00e9s 2022. \u00e9vi Lelk\u00e9szi jelent\u00e9s 2021. \u00e9vi Lelk\u00e9szi jelent\u00e9s 2020. \u00e9vi Lelk\u00e9szi jelent\u00e9s 2019. \u00e9vi Lelk\u00e9szi jelent\u00e9s 2018. \u00e9vi Lelk\u00e9szi jelent\u00e9s 2017. \u00e9vi Lelke\u0301szi jelente\u0301s 2016. \u00e9vi\u00a0Lelk\u00e9szi jelent\u00e9s 2015. \u00e9vi Lelk\u00e9szi jelent\u00e9s 2014. \u00e9vi Lelk\u00e9szi jelent\u00e9s 2013. \u00e9vi Lelk\u00e9szi jelent\u00e9s 2012. \u00e9vi Lelk\u00e9szi jelent\u00e9s &hellip; <\/p>\n<p class=\"link-more\"><a href=\"https:\/\/mandabokor.lutheran.hu\/?page_id=384\" class=\"more-link\"><span class=\"screen-reader-text\">&#8220;Lelk\u00e9szi jelent\u00e9s&#8221;<\/span> b\u0151vebben<\/a><\/p>\n","protected":false},"author":2,"featured_media":0,"parent":0,"menu_order":0,"comment_status":"closed","ping_status":"closed","template":"","meta":{"_monsterinsights_skip_tracking":false,"_monsterinsights_sitenote_active":false,"_monsterinsights_sitenote_note":"","_monsterinsights_sitenote_category":0},"_links":{"self":[{"href":"https:\/\/mandabokor.lutheran.hu\/index.php?rest_route=\/wp\/v2\/pages\/384"}],"collection":[{"href":"https:\/\/mandabokor.lutheran.hu\/index.php?rest_route=\/wp\/v2\/pages"}],"about":[{"href":"https:\/\/mandabokor.lutheran.hu\/index.php?rest_route=\/wp\/v2\/types\/page"}],"author":[{"embeddable":true,"href":"https:\/\/mandabokor.lutheran.hu\/index.php?rest_route=\/wp\/v2\/users\/2"}],"replies":[{"embeddable":true,"href":"https:\/\/mandabokor.lutheran.hu\/index.php?rest_route=%2Fwp%2Fv2%2Fcomments&post=384"}],"version-history":[{"count":22,"href":"https:\/\/mandabokor.lutheran.hu\/index.php?rest_route=\/wp\/v2\/pages\/384\/revisions"}],"predecessor-version":[{"id":12093,"href":"https:\/\/mandabokor.lutheran.hu\/index.php?rest_route=\/wp\/v2\/pages\/384\/revisions\/12093"}],"wp:attachment":[{"href":"https:\/\/mandabokor.lutheran.hu\/index.php?rest_route=%2Fwp%2Fv2%2Fmedia&parent=384"}],"curies":[{"name":"wp","href":"https:\/\/api.w.org\/{rel}","templated":true}]}}