{"id":3497,"date":"2017-04-03T21:35:16","date_gmt":"2017-04-03T21:35:16","guid":{"rendered":"http:\/\/mandabokor.lutheran.hu\/?page_id=3497"},"modified":"2017-04-04T06:24:47","modified_gmt":"2017-04-04T06:24:47","slug":"gyulekezeti-kirandulas-borto","status":"publish","type":"page","link":"https:\/\/mandabokor.lutheran.hu\/?page_id=3497","title":{"rendered":"Gy\u00fclekezeti kir\u00e1ndul\u00e1s (Bort\u00f3)"},"content":{"rendered":"<div id=\"amw_galleria_slideshow_1\" class=\"amw-galleria-slideshow\"><\/div>\n<script type=\"text\/javascript\">jQuery(document).ready(function(){ jQuery(\"#amw_galleria_slideshow_1\").galleria({\"dataSource\":[{\"image\":\"https:\\\/\\\/mandabokor.lutheran.hu\\\/wp-content\\\/uploads\\\/2017\\\/04\\\/Bort\\u00f3i-kir\\u00e1ndul\\u00e1s-3-1024x681.jpg\",\"big\":\"https:\\\/\\\/mandabokor.lutheran.hu\\\/wp-content\\\/uploads\\\/2017\\\/04\\\/Bort\\u00f3i-kir\\u00e1ndul\\u00e1s-3-1024x681.jpg\",\"thumb\":\"https:\\\/\\\/mandabokor.lutheran.hu\\\/wp-content\\\/uploads\\\/2017\\\/04\\\/Bort\\u00f3i-kir\\u00e1ndul\\u00e1s-3-150x150.jpg\",\"title\":\"Bort\\u00f3i kir\\u00e1ndul\\u00e1s (3)\",\"description\":\"\"},{\"image\":\"https:\\\/\\\/mandabokor.lutheran.hu\\\/wp-content\\\/uploads\\\/2017\\\/04\\\/Bort\\u00f3i-kir\\u00e1ndul\\u00e1s-4-681x1024.jpg\",\"big\":\"https:\\\/\\\/mandabokor.lutheran.hu\\\/wp-content\\\/uploads\\\/2017\\\/04\\\/Bort\\u00f3i-kir\\u00e1ndul\\u00e1s-4-681x1024.jpg\",\"thumb\":\"https:\\\/\\\/mandabokor.lutheran.hu\\\/wp-content\\\/uploads\\\/2017\\\/04\\\/Bort\\u00f3i-kir\\u00e1ndul\\u00e1s-4-150x150.jpg\",\"title\":\"Bort\\u00f3i kir\\u00e1ndul\\u00e1s (4)\",\"description\":\"\"},{\"image\":\"https:\\\/\\\/mandabokor.lutheran.hu\\\/wp-content\\\/uploads\\\/2017\\\/04\\\/Bort\\u00f3i-kir\\u00e1ndul\\u00e1s-7-1024x681.jpg\",\"big\":\"https:\\\/\\\/mandabokor.lutheran.hu\\\/wp-content\\\/uploads\\\/2017\\\/04\\\/Bort\\u00f3i-kir\\u00e1ndul\\u00e1s-7-1024x681.jpg\",\"thumb\":\"https:\\\/\\\/mandabokor.lutheran.hu\\\/wp-content\\\/uploads\\\/2017\\\/04\\\/Bort\\u00f3i-kir\\u00e1ndul\\u00e1s-7-150x150.jpg\",\"title\":\"Bort\\u00f3i kir\\u00e1ndul\\u00e1s (7)\",\"description\":\"\"},{\"image\":\"https:\\\/\\\/mandabokor.lutheran.hu\\\/wp-content\\\/uploads\\\/2017\\\/04\\\/Bort\\u00f3i-kir\\u00e1ndul\\u00e1s-9-1024x681.jpg\",\"big\":\"https:\\\/\\\/mandabokor.lutheran.hu\\\/wp-content\\\/uploads\\\/2017\\\/04\\\/Bort\\u00f3i-kir\\u00e1ndul\\u00e1s-9-1024x681.jpg\",\"thumb\":\"https:\\\/\\\/mandabokor.lutheran.hu\\\/wp-content\\\/uploads\\\/2017\\\/04\\\/Bort\\u00f3i-kir\\u00e1ndul\\u00e1s-9-150x150.jpg\",\"title\":\"Bort\\u00f3i kir\\u00e1ndul\\u00e1s (9)\",\"description\":\"\"},{\"image\":\"https:\\\/\\\/mandabokor.lutheran.hu\\\/wp-content\\\/uploads\\\/2017\\\/04\\\/Bort\\u00f3i-kir\\u00e1ndul\\u00e1s-10-1024x681.jpg\",\"big\":\"https:\\\/\\\/mandabokor.lutheran.hu\\\/wp-content\\\/uploads\\\/2017\\\/04\\\/Bort\\u00f3i-kir\\u00e1ndul\\u00e1s-10-1024x681.jpg\",\"thumb\":\"https:\\\/\\\/mandabokor.lutheran.hu\\\/wp-content\\\/uploads\\\/2017\\\/04\\\/Bort\\u00f3i-kir\\u00e1ndul\\u00e1s-10-150x150.jpg\",\"title\":\"Bort\\u00f3i kir\\u00e1ndul\\u00e1s (10)\",\"description\":\"\"},{\"image\":\"https:\\\/\\\/mandabokor.lutheran.hu\\\/wp-content\\\/uploads\\\/2017\\\/04\\\/Bort\\u00f3i-kir\\u00e1ndul\\u00e1s-11-1024x681.jpg\",\"big\":\"https:\\\/\\\/mandabokor.lutheran.hu\\\/wp-content\\\/uploads\\\/2017\\\/04\\\/Bort\\u00f3i-kir\\u00e1ndul\\u00e1s-11-1024x681.jpg\",\"thumb\":\"https:\\\/\\\/mandabokor.lutheran.hu\\\/wp-content\\\/uploads\\\/2017\\\/04\\\/Bort\\u00f3i-kir\\u00e1ndul\\u00e1s-11-150x150.jpg\",\"title\":\"Bort\\u00f3i kir\\u00e1ndul\\u00e1s (11)\",\"description\":\"\"},{\"image\":\"https:\\\/\\\/mandabokor.lutheran.hu\\\/wp-content\\\/uploads\\\/2017\\\/04\\\/Bort\\u00f3i-kir\\u00e1ndul\\u00e1s-13-1024x681.jpg\",\"big\":\"https:\\\/\\\/mandabokor.lutheran.hu\\\/wp-content\\\/uploads\\\/2017\\\/04\\\/Bort\\u00f3i-kir\\u00e1ndul\\u00e1s-13-1024x681.jpg\",\"thumb\":\"https:\\\/\\\/mandabokor.lutheran.hu\\\/wp-content\\\/uploads\\\/2017\\\/04\\\/Bort\\u00f3i-kir\\u00e1ndul\\u00e1s-13-150x150.jpg\",\"title\":\"Bort\\u00f3i kir\\u00e1ndul\\u00e1s (13)\",\"description\":\"\"},{\"image\":\"https:\\\/\\\/mandabokor.lutheran.hu\\\/wp-content\\\/uploads\\\/2017\\\/04\\\/Bort\\u00f3i-kir\\u00e1ndul\\u00e1s-14-1024x681.jpg\",\"big\":\"https:\\\/\\\/mandabokor.lutheran.hu\\\/wp-content\\\/uploads\\\/2017\\\/04\\\/Bort\\u00f3i-kir\\u00e1ndul\\u00e1s-14-1024x681.jpg\",\"thumb\":\"https:\\\/\\\/mandabokor.lutheran.hu\\\/wp-content\\\/uploads\\\/2017\\\/04\\\/Bort\\u00f3i-kir\\u00e1ndul\\u00e1s-14-150x150.jpg\",\"title\":\"Bort\\u00f3i kir\\u00e1ndul\\u00e1s (14)\",\"description\":\"\"},{\"image\":\"https:\\\/\\\/mandabokor.lutheran.hu\\\/wp-content\\\/uploads\\\/2017\\\/04\\\/Bort\\u00f3i-kir\\u00e1ndul\\u00e1s-17-1024x681.jpg\",\"big\":\"https:\\\/\\\/mandabokor.lutheran.hu\\\/wp-content\\\/uploads\\\/2017\\\/04\\\/Bort\\u00f3i-kir\\u00e1ndul\\u00e1s-17-1024x681.jpg\",\"thumb\":\"https:\\\/\\\/mandabokor.lutheran.hu\\\/wp-content\\\/uploads\\\/2017\\\/04\\\/Bort\\u00f3i-kir\\u00e1ndul\\u00e1s-17-150x150.jpg\",\"title\":\"Bort\\u00f3i kir\\u00e1ndul\\u00e1s (17)\",\"description\":\"\"},{\"image\":\"https:\\\/\\\/mandabokor.lutheran.hu\\\/wp-content\\\/uploads\\\/2017\\\/04\\\/Bort\\u00f3i-kir\\u00e1ndul\\u00e1s-18-1024x681.jpg\",\"big\":\"https:\\\/\\\/mandabokor.lutheran.hu\\\/wp-content\\\/uploads\\\/2017\\\/04\\\/Bort\\u00f3i-kir\\u00e1ndul\\u00e1s-18-1024x681.jpg\",\"thumb\":\"https:\\\/\\\/mandabokor.lutheran.hu\\\/wp-content\\\/uploads\\\/2017\\\/04\\\/Bort\\u00f3i-kir\\u00e1ndul\\u00e1s-18-150x150.jpg\",\"title\":\"Bort\\u00f3i kir\\u00e1ndul\\u00e1s (18)\",\"description\":\"\"},{\"image\":\"https:\\\/\\\/mandabokor.lutheran.hu\\\/wp-content\\\/uploads\\\/2017\\\/04\\\/Bort\\u00f3i-kir\\u00e1ndul\\u00e1s-20-1024x681.jpg\",\"big\":\"https:\\\/\\\/mandabokor.lutheran.hu\\\/wp-content\\\/uploads\\\/2017\\\/04\\\/Bort\\u00f3i-kir\\u00e1ndul\\u00e1s-20-1024x681.jpg\",\"thumb\":\"https:\\\/\\\/mandabokor.lutheran.hu\\\/wp-content\\\/uploads\\\/2017\\\/04\\\/Bort\\u00f3i-kir\\u00e1ndul\\u00e1s-20-150x150.jpg\",\"title\":\"Bort\\u00f3i kir\\u00e1ndul\\u00e1s (20)\",\"description\":\"\"},{\"image\":\"https:\\\/\\\/mandabokor.lutheran.hu\\\/wp-content\\\/uploads\\\/2017\\\/04\\\/Bort\\u00f3i-kir\\u00e1ndul\\u00e1s-22-1024x681.jpg\",\"big\":\"https:\\\/\\\/mandabokor.lutheran.hu\\\/wp-content\\\/uploads\\\/2017\\\/04\\\/Bort\\u00f3i-kir\\u00e1ndul\\u00e1s-22-1024x681.jpg\",\"thumb\":\"https:\\\/\\\/mandabokor.lutheran.hu\\\/wp-content\\\/uploads\\\/2017\\\/04\\\/Bort\\u00f3i-kir\\u00e1ndul\\u00e1s-22-150x150.jpg\",\"title\":\"Bort\\u00f3i kir\\u00e1ndul\\u00e1s (22)\",\"description\":\"\"},{\"image\":\"https:\\\/\\\/mandabokor.lutheran.hu\\\/wp-content\\\/uploads\\\/2017\\\/04\\\/Bort\\u00f3i-kir\\u00e1ndul\\u00e1s-27-1024x681.jpg\",\"big\":\"https:\\\/\\\/mandabokor.lutheran.hu\\\/wp-content\\\/uploads\\\/2017\\\/04\\\/Bort\\u00f3i-kir\\u00e1ndul\\u00e1s-27-1024x681.jpg\",\"thumb\":\"https:\\\/\\\/mandabokor.lutheran.hu\\\/wp-content\\\/uploads\\\/2017\\\/04\\\/Bort\\u00f3i-kir\\u00e1ndul\\u00e1s-27-150x150.jpg\",\"title\":\"Bort\\u00f3i kir\\u00e1ndul\\u00e1s (27)\",\"description\":\"\"},{\"image\":\"https:\\\/\\\/mandabokor.lutheran.hu\\\/wp-content\\\/uploads\\\/2017\\\/04\\\/Bort\\u00f3i-kir\\u00e1ndul\\u00e1s-31-1024x681.jpg\",\"big\":\"https:\\\/\\\/mandabokor.lutheran.hu\\\/wp-content\\\/uploads\\\/2017\\\/04\\\/Bort\\u00f3i-kir\\u00e1ndul\\u00e1s-31-1024x681.jpg\",\"thumb\":\"https:\\\/\\\/mandabokor.lutheran.hu\\\/wp-content\\\/uploads\\\/2017\\\/04\\\/Bort\\u00f3i-kir\\u00e1ndul\\u00e1s-31-150x150.jpg\",\"title\":\"Bort\\u00f3i kir\\u00e1ndul\\u00e1s (31)\",\"description\":\"\"},{\"image\":\"https:\\\/\\\/mandabokor.lutheran.hu\\\/wp-content\\\/uploads\\\/2017\\\/04\\\/Bort\\u00f3i-kir\\u00e1ndul\\u00e1s-34-1024x681.jpg\",\"big\":\"https:\\\/\\\/mandabokor.lutheran.hu\\\/wp-content\\\/uploads\\\/2017\\\/04\\\/Bort\\u00f3i-kir\\u00e1ndul\\u00e1s-34-1024x681.jpg\",\"thumb\":\"https:\\\/\\\/mandabokor.lutheran.hu\\\/wp-content\\\/uploads\\\/2017\\\/04\\\/Bort\\u00f3i-kir\\u00e1ndul\\u00e1s-34-150x150.jpg\",\"title\":\"Bort\\u00f3i kir\\u00e1ndul\\u00e1s (34)\",\"description\":\"\"},{\"image\":\"https:\\\/\\\/mandabokor.lutheran.hu\\\/wp-content\\\/uploads\\\/2017\\\/04\\\/Bort\\u00f3i-kir\\u00e1ndul\\u00e1s-37-1024x681.jpg\",\"big\":\"https:\\\/\\\/mandabokor.lutheran.hu\\\/wp-content\\\/uploads\\\/2017\\\/04\\\/Bort\\u00f3i-kir\\u00e1ndul\\u00e1s-37-1024x681.jpg\",\"thumb\":\"https:\\\/\\\/mandabokor.lutheran.hu\\\/wp-content\\\/uploads\\\/2017\\\/04\\\/Bort\\u00f3i-kir\\u00e1ndul\\u00e1s-37-150x150.jpg\",\"title\":\"Bort\\u00f3i kir\\u00e1ndul\\u00e1s (37)\",\"description\":\"\"},{\"image\":\"https:\\\/\\\/mandabokor.lutheran.hu\\\/wp-content\\\/uploads\\\/2017\\\/04\\\/Bort\\u00f3i-kir\\u00e1ndul\\u00e1s-39-1024x681.jpg\",\"big\":\"https:\\\/\\\/mandabokor.lutheran.hu\\\/wp-content\\\/uploads\\\/2017\\\/04\\\/Bort\\u00f3i-kir\\u00e1ndul\\u00e1s-39-1024x681.jpg\",\"thumb\":\"https:\\\/\\\/mandabokor.lutheran.hu\\\/wp-content\\\/uploads\\\/2017\\\/04\\\/Bort\\u00f3i-kir\\u00e1ndul\\u00e1s-39-150x150.jpg\",\"title\":\"Bort\\u00f3i kir\\u00e1ndul\\u00e1s (39)\",\"description\":\"\"},{\"image\":\"https:\\\/\\\/mandabokor.lutheran.hu\\\/wp-content\\\/uploads\\\/2017\\\/04\\\/Bort\\u00f3i-kir\\u00e1ndul\\u00e1s-40-1024x681.jpg\",\"big\":\"https:\\\/\\\/mandabokor.lutheran.hu\\\/wp-content\\\/uploads\\\/2017\\\/04\\\/Bort\\u00f3i-kir\\u00e1ndul\\u00e1s-40-1024x681.jpg\",\"thumb\":\"https:\\\/\\\/mandabokor.lutheran.hu\\\/wp-content\\\/uploads\\\/2017\\\/04\\\/Bort\\u00f3i-kir\\u00e1ndul\\u00e1s-40-150x150.jpg\",\"title\":\"Bort\\u00f3i kir\\u00e1ndul\\u00e1s (40)\",\"description\":\"\"},{\"image\":\"https:\\\/\\\/mandabokor.lutheran.hu\\\/wp-content\\\/uploads\\\/2017\\\/04\\\/Bort\\u00f3i-kir\\u00e1ndul\\u00e1s-1024x681.jpg\",\"big\":\"https:\\\/\\\/mandabokor.lutheran.hu\\\/wp-content\\\/uploads\\\/2017\\\/04\\\/Bort\\u00f3i-kir\\u00e1ndul\\u00e1s-1024x681.jpg\",\"thumb\":\"https:\\\/\\\/mandabokor.lutheran.hu\\\/wp-content\\\/uploads\\\/2017\\\/04\\\/Bort\\u00f3i-kir\\u00e1ndul\\u00e1s-150x150.jpg\",\"title\":\"Bort\\u00f3i kir\\u00e1ndul\\u00e1s\",\"description\":\"\"}],\"width\":\"auto\",\"height\":0.76,\"autoplay\":false,\"transition\":\"slide\",\"initialTransition\":\"fade\",\"transitionSpeed\":0,\"_delayTime\":4000,\"_hideControls\":false,\"_thumbnailMode\":\"grid\",\"_captionMode\":\"on_expand\"}); });<\/script>\n","protected":false},"excerpt":{"rendered":"","protected":false},"author":2,"featured_media":0,"parent":0,"menu_order":0,"comment_status":"closed","ping_status":"closed","template":"","meta":{"_monsterinsights_skip_tracking":false,"_monsterinsights_sitenote_active":false,"_monsterinsights_sitenote_note":"","_monsterinsights_sitenote_category":0},"_links":{"self":[{"href":"https:\/\/mandabokor.lutheran.hu\/index.php?rest_route=\/wp\/v2\/pages\/3497"}],"collection":[{"href":"https:\/\/mandabokor.lutheran.hu\/index.php?rest_route=\/wp\/v2\/pages"}],"about":[{"href":"https:\/\/mandabokor.lutheran.hu\/index.php?rest_route=\/wp\/v2\/types\/page"}],"author":[{"embeddable":true,"href":"https:\/\/mandabokor.lutheran.hu\/index.php?rest_route=\/wp\/v2\/users\/2"}],"replies":[{"embeddable":true,"href":"https:\/\/mandabokor.lutheran.hu\/index.php?rest_route=%2Fwp%2Fv2%2Fcomments&post=3497"}],"version-history":[{"count":2,"href":"https:\/\/mandabokor.lutheran.hu\/index.php?rest_route=\/wp\/v2\/pages\/3497\/revisions"}],"predecessor-version":[{"id":3618,"href":"https:\/\/mandabokor.lutheran.hu\/index.php?rest_route=\/wp\/v2\/pages\/3497\/revisions\/3618"}],"wp:attachment":[{"href":"https:\/\/mandabokor.lutheran.hu\/index.php?rest_route=%2Fwp%2Fv2%2Fmedia&parent=3497"}],"curies":[{"name":"wp","href":"https:\/\/api.w.org\/{rel}","templated":true}]}}