{"id":3049,"date":"2017-03-12T21:43:02","date_gmt":"2017-03-12T21:43:02","guid":{"rendered":"http:\/\/mandabokor.lutheran.hu\/?page_id=3049"},"modified":"2018-03-27T06:42:32","modified_gmt":"2018-03-27T06:42:32","slug":"2015-ev","status":"publish","type":"page","link":"https:\/\/mandabokor.lutheran.hu\/?page_id=3049","title":{"rendered":"2015. \u00e9v"},"content":{"rendered":"<p><strong>Az \u00edr\u00f3asztal el\u0151tt t\u00e9rden \u00e1llva megharcolt \u00edrott igehirdet\u00e9s nem mindig egyezik meg a sz\u00f3sz\u00e9ken a Szentl\u00e9lek \u00e1ltal megsz\u00fcletett, elmondott igehirdet\u00e9ssel.<\/strong><\/p>\n<p>&nbsp;<\/p>\n<ul>\n<li><span style=\"color: #ff0000;\"><strong>2015. december.25.<\/strong><\/span><br \/>\n<a href=\"http:\/\/mandabokor.lutheran.hu\/wp-content\/uploads\/2017\/03\/Mandabokor-Kar\u00e1csonyi-it-Lk-21-14-Isten-\u00f6r\u00f6mh\u00edre-az-ember-\u00f6r\u00f6me-lett-1.pdf\">Isten \u00f6r\u00f6mh\u00edre az ember \u00f6r\u00f6me lett.PDF &#8211;\u00a0<strong>Lk 2,1-14<\/strong><br \/>\n<\/a><em>Zsarnai Kriszti\u00e1n<\/em> \u2013 Mandabokori istentisztelet<br \/>\n<!--[if lt IE 9]><script>document.createElement('audio');<\/script><![endif]-->\n<audio class=\"wp-audio-shortcode\" id=\"audio-3049-1\" preload=\"none\" style=\"width: 100%;\" controls=\"controls\"><source type=\"audio\/mpeg\" src=\"http:\/\/mandabokor.lutheran.hu\/wp-content\/uploads\/2018\/03\/2015.12.25.-Kar\u00e1csonyi-istentisztelet-Lk-21-14-Isten-\u00f6r\u00f6mh\u00edre-az-ember-\u00f6r\u00f6me-lett.mp3?_=1\" \/><a href=\"http:\/\/mandabokor.lutheran.hu\/wp-content\/uploads\/2018\/03\/2015.12.25.-Kar\u00e1csonyi-istentisztelet-Lk-21-14-Isten-\u00f6r\u00f6mh\u00edre-az-ember-\u00f6r\u00f6me-lett.mp3\">http:\/\/mandabokor.lutheran.hu\/wp-content\/uploads\/2018\/03\/2015.12.25.-Kar\u00e1csonyi-istentisztelet-Lk-21-14-Isten-\u00f6r\u00f6mh\u00edre-az-ember-\u00f6r\u00f6me-lett.mp3<\/a><\/audio><\/li>\n<li><span style=\"color: #ff0000;\"><strong>2015. december 20.<\/strong><\/span><br \/>\n<a href=\"http:\/\/mandabokor.lutheran.hu\/wp-content\/uploads\/2017\/03\/Mandabokor-Mt-613b-Mert-Ti\u00e9d-az-orsz\u00e1g-a-hatalom-\u00e9s-a-dics\u0151s\u00e9g-mind\u00f6r\u00f6kk\u00e9.pdf\">Mert Ti\u00e9d az orsz\u00e1g, a hatalom \u00e9s a dics\u0151s\u00e9g mind\u00f6r\u00f6kk\u00e9\u00a0&#8211;\u00a0<strong>Mt 6,13b\u00a0<\/strong><\/a><br \/>\n<em>Zsarnai Kriszti\u00e1n<\/em> \u2013 Mandabokori istentisztelet<\/li>\n<li><strong><span style=\"color: #ff0000;\">2015. december 13.<\/span><br \/>\n<\/strong><a href=\"http:\/\/mandabokor.lutheran.hu\/wp-content\/uploads\/2017\/03\/B\u00e1lintbokor-it-\u00c9zs-401-10-A-vigasztal\u00e1s-Istene.pdf\">A vigasztal\u00e1s Istene &#8211;\u00a0<strong>\u00c9zs 40,1-10<\/strong><br \/>\n<\/a><em>Zsarnai Kriszti\u00e1n<\/em> \u2013 B\u00e1lintbokori istentisztelet<\/li>\n<li><a href=\"http:\/\/mandabokor.lutheran.hu\/wp-content\/uploads\/2017\/03\/B\u00e1lintbokor-it-\u00c9zs-401-10-A-vigasztal\u00e1s-Istene.pdf\"><span style=\"color: #ff0000;\"><strong>2015. december 6.<\/strong><\/span><br \/>\n<\/a><a href=\"http:\/\/mandabokor.lutheran.hu\/wp-content\/uploads\/2017\/03\/Mandabokor-it-\u00c9zs-6315-643-A-hatalmas-Isten-\u00e9s-a-par\u00e1nyi-ember.pdf\">A hatalmas Isten \u00e9s a par\u00e1nyi ember- <strong>\u00c9zs 63,15 &#8211; 64,3<\/strong><br \/>\n<\/a><a href=\"http:\/\/mandabokor.lutheran.hu\/wp-content\/uploads\/2017\/03\/B\u00e1lintbokor-it-\u00c9zs-401-10-A-vigasztal\u00e1s-Istene.pdf\"><em>Zsarnai Kriszti\u00e1n<\/em> \u2013 Mandabokori istentisztelet<br \/>\n<\/a><\/li>\n<li><span style=\"color: #ff0000;\"><strong>2015. november.01.<\/strong><\/span><br \/>\n<strong><a href=\"http:\/\/mandabokor.lutheran.hu\/wp-content\/uploads\/2017\/03\/R\u00f3m-321-31.pdf\">R\u00f3m 3,21 &#8211; 31<\/a><\/strong><br \/>\n<em>Zsarnai Kriszti\u00e1n<\/em> \u2013 Mandabokori istentisztelet<\/li>\n<li><span style=\"color: #ff0000;\"><strong>2015. okt\u00f3ber 18.<\/strong><\/span><br \/>\n<a href=\"http:\/\/mandabokor.lutheran.hu\/wp-content\/uploads\/2017\/03\/Mandabokor-CsIT-Mt-613a-\u00e9s-ne-vigy-minket-k\u00eds\u00e9rt\u00e9sbe-de-szabad\u00edts-meg-a-gonoszt\u00f3l.pdf\">\u00e9s ne vigy minket k\u00eds\u00e9rt\u00e9sbe, de szabad\u00edts meg a gonoszt\u00f3l &#8211; <strong>Mt 6,13a<\/strong>\u00a0<\/a><br \/>\n<em>Zsarnai Kriszti\u00e1n<\/em> \u2013 Mandabokori istentisztelet<\/li>\n<li><strong><span style=\"color: #ff0000;\">2015. okt\u00f3ber 11.<\/span><\/strong><br \/>\n<strong><a href=\"http:\/\/mandabokor.lutheran.hu\/wp-content\/uploads\/2017\/03\/B\u00e1lintbokor-Ef-417-28.pdf\">Ef 4,17-28<\/a><\/strong><br \/>\n<em>Zsarnai Kriszti\u00e1n<\/em> \u2013 B\u00e1lintbokori istentisztelet<\/li>\n<li><span style=\"color: #ff0000;\"><strong>2015. szeptember 20.<br \/>\n<\/strong><\/span><a href=\"http:\/\/mandabokor.lutheran.hu\/wp-content\/uploads\/2017\/03\/Mandabokor-CsIT-Mt-612-Megbocs\u00e1tott-azaz-MEG-NEM-T\u00d6RT\u00c9NT\u00c9-TETTE.pdf\">Megbocs\u00e1tott, azaz MEG NEM T\u00d6RT\u00c9NT\u00c9 TETTE! &#8211;\u00a0\u00a0<strong>Mt 6,12<\/strong><\/a><br \/>\n<em>Zsarnai Kriszti\u00e1n<\/em>\u2013 Mandabokori istentisztelet<\/li>\n<li><span style=\"color: #ff0000;\"><strong>2015. szeptember 13.<\/strong><\/span><br \/>\n<a href=\"http:\/\/mandabokor.lutheran.hu\/wp-content\/uploads\/2017\/03\/B\u00e1lintbokor-it-R\u00f3m-824-27-\u00c9l\u0151-Krisztusunk-van.pdf\">\u00c9l\u0151 Krisztusunk van! &#8211; <strong>R\u00f3m 8,24-27<\/strong><\/a><br \/>\n<em>Zsarnai Kriszti\u00e1n<\/em> \u2013 B\u00e1lintbokori istentisztelet<\/li>\n<li><span style=\"color: #ff0000;\"><strong>2015. szeptember 6.<br \/>\n<\/strong><\/span><a href=\"http:\/\/mandabokor.lutheran.hu\/wp-content\/uploads\/2017\/03\/Mandabokor-it.-Zsolt-784-A-szavak-a-hit-\u00e9s-a-tettek-ember\u00e9re-van-ma-sz\u00fcks\u00e9g.pdf\">A szavak, a hit \u00e9s a tettek ember\u00e9re van ma sz\u00fcks\u00e9g! &#8211;\u00a0\u00a0<strong>Zsolt 78,4<\/strong><\/a><br \/>\n<em>Zsarnai Kriszti\u00e1n<\/em> \u2013 Mandabokori istentisztelet<\/li>\n<li><strong><span style=\"color: #ff0000;\">2015. augusztus 30.<br \/>\n<\/span><\/strong><span style=\"color: #ff0000;\"><a href=\"http:\/\/mandabokor.lutheran.hu\/wp-content\/uploads\/2017\/03\/K\u00e1lm\u00e1nh\u00e1za-istentisztelet-1-Pt-57-Minden-gonddal-menj-\u0150hozz\u00e1.pdf\">Minden gonddal menj \u0150hozz\u00e1! &#8211; <strong>1 Pt 5,7<\/strong><\/a><\/span><strong><span style=\"color: #ff0000;\"><br \/>\n<\/span><\/strong><em>Zsarnai Kriszti\u00e1n<\/em> \u2013 K\u00e1lm\u00e1nh\u00e1zi istentisztelet<strong><span style=\"color: #ff0000;\"><br \/>\n<\/span><\/strong><\/li>\n<li><span style=\"color: #ff0000;\"><strong>2015. j\u00falius 19.<\/strong><\/span><br \/>\n<a href=\"http:\/\/mandabokor.lutheran.hu\/wp-content\/uploads\/2017\/03\/Mandabokor-CsIT-Mt-611-Mindennapi-kenyer\u00fcnket-add-meg-nek\u00fcnk....pdf\">Mindennapi kenyer\u00fcnket add meg nek\u00fcnk&#8230; &#8211; <strong>Mt 6,11<\/strong><br \/>\n<\/a><em>Zsarnai Kriszti\u00e1n<\/em> \u2013 Mandabokori istentisztelet<\/li>\n<li><span style=\"color: #ff0000;\"><strong>2015. m\u00e1jus 24.<\/strong><\/span><br \/>\n<a href=\"http:\/\/mandabokor.lutheran.hu\/wp-content\/uploads\/2017\/03\/Mandabokor-P\u00fcnk\u00f6sdi-it-ApCsel-21-13.pdf\"><strong>ApCsel 2,1-13<br \/>\n<\/strong><\/a><em>Zsarnai Kriszti\u00e1n<\/em> \u2013 Mandabokori istentisztelet<\/li>\n<li><span style=\"color: #ff0000;\"><strong>2015. \u00e1prilis 5.<\/strong><\/span><br \/>\n<a href=\"http:\/\/mandabokor.lutheran.hu\/wp-content\/uploads\/2017\/03\/Mandabokor-h\u00fasv\u00e9ti-it-Mk-161-8.pdf\"><strong>Mk 16,1-8<\/strong><\/a><br \/>\n<em>Zsarnai Kriszti\u00e1n<\/em> \u2013 Mandabokori istentisztelet<\/li>\n<li><span style=\"color: #ff0000;\"><strong>2015. m\u00e1rcius 15.<\/strong><\/span><br \/>\n<a href=\"http:\/\/mandabokor.lutheran.hu\/wp-content\/uploads\/2017\/03\/Mandabokor-CsIT-_Mt-610b_-legyen-meg-a-Te-akaratod...pdf\">Legyen meg a Te akaratod.. &#8211; <strong>Mt 6,10b<\/strong><\/a><br \/>\n<em>Zsarnai Kriszti\u00e1n<\/em> \u2013 Mandabokori istentisztelet<\/li>\n<li><span style=\"color: #ff0000;\"><strong>2015. febru\u00e1r 22.<\/strong><\/span><br \/>\n<a href=\"http:\/\/mandabokor.lutheran.hu\/wp-content\/uploads\/2017\/03\/B\u0171nbees\u00e9s.PDF-I-M\u00f3z-31-13.pdf\">B\u0171nbees\u00e9s.PDF- <strong>IM\u00f3z 3,1-13<\/strong>\u00a0<\/a><strong><a href=\"http:\/\/mandabokor.lutheran.hu\/wp-content\/uploads\/2017\/03\/B\u0171nbees\u00e9s.PDF-I-M\u00f3z-31-13.pdf\"><br \/>\n<\/a><\/strong><em>Zsarnai Kriszti\u00e1n<\/em> &#8211; Ny\u00edregyh\u00e1zi istentisztelet<\/li>\n<li><span style=\"color: #ff0000;\"><strong>2015. febru\u00e1r 15.<\/strong><\/span><br \/>\n<a href=\"http:\/\/mandabokor.lutheran.hu\/wp-content\/uploads\/2017\/03\/Mandabokor-CsIT-Mt-610a-J\u00f6jj\u00f6n-el-a-Te-orsz\u00e1god.pdf\">J\u00f6jj\u00f6n el a Te orsz\u00e1god &#8211; <strong>Mt 6,10a<\/strong><br \/>\n<\/a><em>Zsarnai Kriszti\u00e1n<\/em> \u2013 Mandabokori istentisztelet<\/li>\n<li><strong><span style=\"color: #ff0000;\">2015. febru\u00e1r 9.<\/span><br \/>\n<\/strong><a href=\"http:\/\/mandabokor.lutheran.hu\/wp-content\/uploads\/2017\/03\/K\u00e1lm\u00e1nh\u00e1za-Jn-41-42-\u00d6kumenikus-imah\u00e9t.pdf\">\u00d6kumenikus imah\u00e9t &#8211; <strong>Jn 4,1-42<\/strong><br \/>\n<\/a><em>Zsarnai Kriszti\u00e1n<\/em> \u2013 K\u00e1lm\u00e1nh\u00e1zi istentisztelet<\/li>\n<li><span style=\"color: #ff0000;\"><strong>2015. febru\u00e1r 8.<\/strong><\/span><br \/>\n<a href=\"http:\/\/mandabokor.lutheran.hu\/wp-content\/uploads\/2017\/03\/K\u00e1lm\u00e1nh\u00e1za-Lk-84-15-Igeszer\u0171-\u00e9let.pdf\">Igeszer\u0171 \u00e9let &#8211; <strong>Lk 8,4-15<\/strong><\/a><br \/>\n<em>Zsarnai Kriszti\u00e1n<\/em> \u2013 K\u00e1lm\u00e1nh\u00e1zi istentisztelet<\/li>\n<li><span style=\"color: #ff0000;\"><strong>2015. janu\u00e1r 18.<br \/>\n<\/strong><span style=\"color: #000000;\"><a style=\"color: #000000;\" href=\"http:\/\/mandabokor.lutheran.hu\/wp-content\/uploads\/2017\/03\/Mandabokor-CsIT-Mt-69b-Szenteltess\u00e9k-meg-a-te-neved.pdf\">Szenteltess\u00e9k meg a te neved &#8211; <strong>Mt 6,9b<\/strong><\/a><br \/>\n<\/span><span style=\"color: #000000;\"><em>Zsarnai Kriszti\u00e1n<\/em> \u2013 Mandabokori istentisztelet<\/span><\/span><\/li>\n<li><span style=\"color: #ff0000;\"><strong>2015. janu\u00e1r 11.<\/strong><\/span><br \/>\n<a href=\"http:\/\/mandabokor.lutheran.hu\/wp-content\/uploads\/2017\/03\/K\u00e1lm\u00e1nh\u00e1za-it-\u00c9zs-421-9-Megrepedt-n\u00e1dsz\u00e1lat-nem-t\u00f6ri-\u00f6ssze.pdf\">Megrepedt n\u00e1dsz\u00e1lat nem t\u00f6ri \u00f6ssze &#8211; <strong>\u00c9zs 42,1-9<\/strong><\/a><br \/>\n<em>Zsarnai Kriszti\u00e1n<\/em> \u2013 K\u00e1lm\u00e1nh\u00e1zi istentisztelet<\/li>\n<li><strong><span style=\"color: #ff0000;\">2015. janu\u00e1r 4.<\/span><\/strong><br \/>\n<a href=\"http:\/\/mandabokor.lutheran.hu\/wp-content\/uploads\/2017\/03\/Mandabokor-Aliansz-imah\u00e9t-Mt-69a-Miaty\u00e1nk-aki-a-mennyekben-vagy.pdf\">Miaty\u00e1nk, aki a mennyekben vagy &#8211; <strong>Mt 6,9a<\/strong><br \/>\n<\/a>Zsarnai Kriszti\u00e1n \u2013 Mandabokori istentisztelet<\/li>\n<\/ul>\n","protected":false},"excerpt":{"rendered":"<p>Az \u00edr\u00f3asztal el\u0151tt t\u00e9rden \u00e1llva megharcolt \u00edrott igehirdet\u00e9s nem mindig egyezik meg a sz\u00f3sz\u00e9ken a Szentl\u00e9lek \u00e1ltal megsz\u00fcletett, elmondott igehirdet\u00e9ssel. &nbsp; 2015. december.25. Isten \u00f6r\u00f6mh\u00edre az ember \u00f6r\u00f6me lett.PDF &#8211;\u00a0Lk 2,1-14 Zsarnai Kriszti\u00e1n \u2013 Mandabokori istentisztelet 2015. december 20. Mert Ti\u00e9d az orsz\u00e1g, a hatalom \u00e9s a dics\u0151s\u00e9g mind\u00f6r\u00f6kk\u00e9\u00a0&#8211;\u00a0Mt 6,13b\u00a0 Zsarnai Kriszti\u00e1n \u2013 Mandabokori istentisztelet &hellip; <\/p>\n<p class=\"link-more\"><a href=\"https:\/\/mandabokor.lutheran.hu\/?page_id=3049\" class=\"more-link\"><span class=\"screen-reader-text\">&#8220;2015. \u00e9v&#8221;<\/span> b\u0151vebben<\/a><\/p>\n","protected":false},"author":2,"featured_media":0,"parent":0,"menu_order":0,"comment_status":"closed","ping_status":"closed","template":"","meta":{"_monsterinsights_skip_tracking":false,"_monsterinsights_sitenote_active":false,"_monsterinsights_sitenote_note":"","_monsterinsights_sitenote_category":0},"_links":{"self":[{"href":"https:\/\/mandabokor.lutheran.hu\/index.php?rest_route=\/wp\/v2\/pages\/3049"}],"collection":[{"href":"https:\/\/mandabokor.lutheran.hu\/index.php?rest_route=\/wp\/v2\/pages"}],"about":[{"href":"https:\/\/mandabokor.lutheran.hu\/index.php?rest_route=\/wp\/v2\/types\/page"}],"author":[{"embeddable":true,"href":"https:\/\/mandabokor.lutheran.hu\/index.php?rest_route=\/wp\/v2\/users\/2"}],"replies":[{"embeddable":true,"href":"https:\/\/mandabokor.lutheran.hu\/index.php?rest_route=%2Fwp%2Fv2%2Fcomments&post=3049"}],"version-history":[{"count":24,"href":"https:\/\/mandabokor.lutheran.hu\/index.php?rest_route=\/wp\/v2\/pages\/3049\/revisions"}],"predecessor-version":[{"id":5278,"href":"https:\/\/mandabokor.lutheran.hu\/index.php?rest_route=\/wp\/v2\/pages\/3049\/revisions\/5278"}],"wp:attachment":[{"href":"https:\/\/mandabokor.lutheran.hu\/index.php?rest_route=%2Fwp%2Fv2%2Fmedia&parent=3049"}],"curies":[{"name":"wp","href":"https:\/\/api.w.org\/{rel}","templated":true}]}}