{"id":30,"date":"2017-01-30T10:08:17","date_gmt":"2017-01-30T10:08:17","guid":{"rendered":"http:\/\/mandabokor.lutheran.hu\/?page_id=30"},"modified":"2026-02-22T07:16:43","modified_gmt":"2026-02-22T07:16:43","slug":"bemutatkozas","status":"publish","type":"page","link":"https:\/\/mandabokor.lutheran.hu\/","title":{"rendered":"Isten hozta oldalunkon!"},"content":{"rendered":"<div class=\"header_01\" style=\"text-align: center;\">Szeretettel k\u00f6sz\u00f6ntj\u00fck kedves l\u00e1togat\u00f3inkat<br \/>\na 2026-os esztend\u0151 ig\u00e9j\u00e9vel:<\/div>\n<div><\/div>\n<div class=\"header_01\" style=\"text-align: center;\">\n<p><strong>\u201e\u00cdme, \u00fajj\u00e1teremtek mindent!<\/strong><strong>\u201d<\/strong><br \/>\nJelen\u00e9sek k\u00f6nyve 21,5a<\/p>\n<\/div>\n<p>&nbsp;<\/p>\n<div class=\"header_01\">\n<p style=\"text-align: center;\">Nagy szeretett\u00fcl k\u00f6sz\u00f6ntj\u00fck a Ny\u00edregyh\u00e1zi Evang\u00e9likus Egyh\u00e1zk\u00f6zs\u00e9g V. k\u00f6rzet\u00e9nek honlapj\u00e1n. Az V. k\u00f6rzet Ny\u00edregyh\u00e1za D-Ny ter\u00fclet\u00e9n fekszik, melyhez Ny\u00edregyh\u00e1za v\u00e1rosa egy r\u00e9sze (Iskola utca \u00e9s a Debreceni \u00fat p\u00e1ratlan oldala k\u00f6z\u00f6tti ter\u00fclet), valamint a D-Ny-i ter\u00fcleten fekv\u0151 telep\u00fcl\u00e9sek (Mandabokor, B\u00e1lintbokor, Als\u00f3badur, L\u00f3czibokor, Fels\u0151sima, K\u00e1lm\u00e1nh\u00e1za, Pet\u0151fi tanya) tartozik. Jelenleg k\u00e9t istentiszteleti hellyel rendelkezik, K\u00e1lm\u00e1nh\u00e1z\u00e1n templom, Mandabokorban imah\u00e1z van.<br \/>\nNagy szeretettel v\u00e1rjuk istentiszteleti alkalmainkra!<\/p>\n<\/div>\n<p>&nbsp;<\/p>\n<p>&nbsp;<\/p>\n<p>&nbsp;<\/p>\n<div class=\"header_01\">\n<p><span style=\"font-size: 1rem;\">ISTENTISZTELETEINK:<\/span><\/p>\n<\/div>\n<p class=\"em_text\"><em><strong>Mandabokor\u00a0<\/strong><\/em>a h\u00f3nap:<br \/>\n1. vas\u00e1rnap <strong>10:00<\/strong> \u00f3rakor \u00farvacsor\u00e1s Istentisztelet<br \/>\n2. vas\u00e1rnap <strong>10:00<\/strong> \u00f3rakor Zen\u00e9s istentisztelet<br \/>\n3. vas\u00e1rnap <strong>10:00<\/strong> \u00f3rakor Csal\u00e1di Istentisztelet (CsIT)<br \/>\n4. vas\u00e1rnap <strong>10:00<\/strong> \u00f3rakor laikus vas\u00e1rnap<br \/>\n5. vas\u00e1rnap <strong>10:00<\/strong> \u00f3rakor \u00f6sszgy\u00fclekezeti istentisztelet <strong>CSAK<\/strong> a Nagytemplomban<\/p>\n<p class=\"em_text\"><em><strong>K\u00e1lm\u00e1nh\u00e1za<\/strong><\/em>:<br \/>\nMinden h\u00f3nap 1. \u00e9s 3. vas\u00e1rnapj\u00e1n <strong>8:30<\/strong>-kor.<\/p>\n","protected":false},"excerpt":{"rendered":"<p>Szeretettel k\u00f6sz\u00f6ntj\u00fck kedves l\u00e1togat\u00f3inkat a 2026-os esztend\u0151 ig\u00e9j\u00e9vel: \u201e\u00cdme, \u00fajj\u00e1teremtek mindent!\u201d Jelen\u00e9sek k\u00f6nyve 21,5a &nbsp; Nagy szeretett\u00fcl k\u00f6sz\u00f6ntj\u00fck a Ny\u00edregyh\u00e1zi Evang\u00e9likus Egyh\u00e1zk\u00f6zs\u00e9g V. k\u00f6rzet\u00e9nek honlapj\u00e1n. Az V. k\u00f6rzet Ny\u00edregyh\u00e1za D-Ny ter\u00fclet\u00e9n fekszik, melyhez Ny\u00edregyh\u00e1za v\u00e1rosa egy r\u00e9sze (Iskola utca \u00e9s a Debreceni \u00fat p\u00e1ratlan oldala k\u00f6z\u00f6tti ter\u00fclet), valamint a D-Ny-i ter\u00fcleten fekv\u0151 telep\u00fcl\u00e9sek (Mandabokor, B\u00e1lintbokor, &hellip; <\/p>\n<p class=\"link-more\"><a href=\"https:\/\/mandabokor.lutheran.hu\/\" class=\"more-link\"><span class=\"screen-reader-text\">&#8220;Isten hozta oldalunkon!&#8221;<\/span> b\u0151vebben<\/a><\/p>\n","protected":false},"author":1,"featured_media":0,"parent":0,"menu_order":5,"comment_status":"closed","ping_status":"closed","template":"","meta":{"_monsterinsights_skip_tracking":false,"_monsterinsights_sitenote_active":false,"_monsterinsights_sitenote_note":"","_monsterinsights_sitenote_category":0},"_links":{"self":[{"href":"https:\/\/mandabokor.lutheran.hu\/index.php?rest_route=\/wp\/v2\/pages\/30"}],"collection":[{"href":"https:\/\/mandabokor.lutheran.hu\/index.php?rest_route=\/wp\/v2\/pages"}],"about":[{"href":"https:\/\/mandabokor.lutheran.hu\/index.php?rest_route=\/wp\/v2\/types\/page"}],"author":[{"embeddable":true,"href":"https:\/\/mandabokor.lutheran.hu\/index.php?rest_route=\/wp\/v2\/users\/1"}],"replies":[{"embeddable":true,"href":"https:\/\/mandabokor.lutheran.hu\/index.php?rest_route=%2Fwp%2Fv2%2Fcomments&post=30"}],"version-history":[{"count":954,"href":"https:\/\/mandabokor.lutheran.hu\/index.php?rest_route=\/wp\/v2\/pages\/30\/revisions"}],"predecessor-version":[{"id":12101,"href":"https:\/\/mandabokor.lutheran.hu\/index.php?rest_route=\/wp\/v2\/pages\/30\/revisions\/12101"}],"wp:attachment":[{"href":"https:\/\/mandabokor.lutheran.hu\/index.php?rest_route=%2Fwp%2Fv2%2Fmedia&parent=30"}],"curies":[{"name":"wp","href":"https:\/\/api.w.org\/{rel}","templated":true}]}}