{"id":26,"date":"2017-01-30T10:06:58","date_gmt":"2017-01-30T10:06:58","guid":{"rendered":"http:\/\/mandabokor.lutheran.hu\/?page_id=26"},"modified":"2021-07-31T12:29:11","modified_gmt":"2021-07-31T12:29:11","slug":"kapcsolat","status":"publish","type":"page","link":"https:\/\/mandabokor.lutheran.hu\/?page_id=26","title":{"rendered":"Kapcsolat"},"content":{"rendered":"<p align=\"center\">Mandabokori\u00a0K\u00f6z\u00f6ss\u00e9gi \u00c9p\u00fclet<\/p>\n<p style=\"text-align: center;\" align=\"center\"><iframe style=\"border: 0;\" src=\"https:\/\/www.google.com\/maps\/embed?pb=!1m20!1m11!1m3!1d21528.935258784746!2d21.68711956457485!3d47.93172719335269!2m2!1f0!2f0!3m2!1i1024!2i768!4f13.1!4m6!3e6!4m0!4m3!3m2!1d47.9176225!2d21.6761239!5e1!3m2!1shu!2shu!4v1485782175499\" width=\"600\" height=\"450\" frameborder=\"0\" allowfullscreen=\"allowfullscreen\"><\/iframe><\/p>\n<p align=\"center\">Zsarnai Kriszti\u00e1n<br \/>\nevang\u00e9likus lelk\u00e9sz<\/p>\n<p align=\"center\">Telefon: 06-20\/369-2487<br \/>\nE-mail: <a href=\"mailto:krisztian.zsarnai@gmail.com\">krisztian.zsarnai@gmail.com<\/a><\/p>\n<p align=\"center\">Gy\u00fclekezet\u00fcnk e-mail c\u00edme:<br \/>\n<a href=\"mailto:mandabokor2013@gmail.com\">mandabokor2013@gmail.com<\/a><\/p>\n","protected":false},"excerpt":{"rendered":"<p>Mandabokori\u00a0K\u00f6z\u00f6ss\u00e9gi \u00c9p\u00fclet Zsarnai Kriszti\u00e1n evang\u00e9likus lelk\u00e9sz Telefon: 06-20\/369-2487 E-mail: krisztian.zsarnai@gmail.com Gy\u00fclekezet\u00fcnk e-mail c\u00edme: mandabokor2013@gmail.com<\/p>\n","protected":false},"author":1,"featured_media":0,"parent":0,"menu_order":0,"comment_status":"closed","ping_status":"closed","template":"","meta":{"_monsterinsights_skip_tracking":false,"_monsterinsights_sitenote_active":false,"_monsterinsights_sitenote_note":"","_monsterinsights_sitenote_category":0},"_links":{"self":[{"href":"https:\/\/mandabokor.lutheran.hu\/index.php?rest_route=\/wp\/v2\/pages\/26"}],"collection":[{"href":"https:\/\/mandabokor.lutheran.hu\/index.php?rest_route=\/wp\/v2\/pages"}],"about":[{"href":"https:\/\/mandabokor.lutheran.hu\/index.php?rest_route=\/wp\/v2\/types\/page"}],"author":[{"embeddable":true,"href":"https:\/\/mandabokor.lutheran.hu\/index.php?rest_route=\/wp\/v2\/users\/1"}],"replies":[{"embeddable":true,"href":"https:\/\/mandabokor.lutheran.hu\/index.php?rest_route=%2Fwp%2Fv2%2Fcomments&post=26"}],"version-history":[{"count":6,"href":"https:\/\/mandabokor.lutheran.hu\/index.php?rest_route=\/wp\/v2\/pages\/26\/revisions"}],"predecessor-version":[{"id":8390,"href":"https:\/\/mandabokor.lutheran.hu\/index.php?rest_route=\/wp\/v2\/pages\/26\/revisions\/8390"}],"wp:attachment":[{"href":"https:\/\/mandabokor.lutheran.hu\/index.php?rest_route=%2Fwp%2Fv2%2Fmedia&parent=26"}],"curies":[{"name":"wp","href":"https:\/\/api.w.org\/{rel}","templated":true}]}}