{"id":24,"date":"2017-01-30T10:06:51","date_gmt":"2017-01-30T10:06:51","guid":{"rendered":"http:\/\/mandabokor.lutheran.hu\/?page_id=24"},"modified":"2021-07-12T17:03:14","modified_gmt":"2021-07-12T17:03:14","slug":"palyazatok","status":"publish","type":"page","link":"https:\/\/mandabokor.lutheran.hu\/?page_id=24","title":{"rendered":"P\u00e1ly\u00e1zatok"},"content":{"rendered":"<p align=\"center\">Egyh\u00e1zk\u00f6zs\u00e9g\u00fcnk az elm\u00falt \u00e9vekben t\u00f6bb sikeres p\u00e1ly\u00e1zatot<br \/>\nbonyol\u00edthatott le az V. k\u00f6rzetben:<\/p>\n<p align=\"center\">\u00c9szak-Alf\u00f6ldi Operat\u00edv Program<br \/>\n<strong>\u00c9AOP-5.1.3.-11-2011-0007<\/strong><\/p>\n<p align=\"center\"><strong>\u201eBokortany\u00e1kon \u00e9l\u0151k t\u00e1rsadalmi es\u00e9lyegyenl\u0151s\u00e9g\u00e9\u00e9rt\u201d <\/strong>p\u00e1ly\u00e1zat keretein bel\u00fcl \u00e9p\u00fclt Mandabokorban a T\u00f6bbfunkci\u00f3s K\u00f6z\u00f6ss\u00e9gi \u00c9p\u00fclet.<br \/>\n<img loading=\"lazy\" src=\"http:\/\/mandabokor.lutheran.hu\/palyazat_clip_image002_0002.jpg\" width=\"530\" height=\"358\" \/><\/p>\n<p align=\"center\"><strong>Tov\u00e1bbi nyertes p\u00e1ly\u00e1zataink:<\/strong><\/p>\n<p align=\"center\"><img loading=\"lazy\" src=\"http:\/\/mandabokor.lutheran.hu\/palyazat_clip_image004_0002.jpg\" width=\"144\" height=\"95\" align=\"left\" hspace=\"12\" \/>Ifj\u00fas\u00e1gi p\u00e1ly\u00e1zat<strong> IFJ-KX-10-C<\/strong><br \/>\n\u201e\u00cdg\u00e9retes j\u00f6v\u0151\u201d c\u00edmmel <strong>350\u00a0000 Ft<\/strong>-ot nyert a gy\u00fclekezet.<\/p>\n<p align=\"center\"><img loading=\"lazy\" src=\"http:\/\/mandabokor.lutheran.hu\/palyazat_clip_image006_0002.jpg\" width=\"168\" height=\"70\" align=\"left\" hspace=\"12\" \/><br \/>\nEvang\u00e9likus Gyermek \u00e9s ifj\u00fas\u00e1gi p\u00e1ly\u00e1zat<\/p>\n<p align=\"center\"><img loading=\"lazy\" src=\"http:\/\/mandabokor.lutheran.hu\/palyazat_clip_image008_0002.jpg\" width=\"144\" height=\"144\" align=\"left\" hspace=\"12\" \/><\/p>\n<p>&nbsp;<\/p>\n<p>Evang\u00e9likus Misszi\u00f3i K\u00f6zpont<\/p>\n<p>&nbsp;<\/p>\n<p>&nbsp;<\/p>\n<p align=\"center\"><img loading=\"lazy\" src=\"http:\/\/mandabokor.lutheran.hu\/palyazat_clip_image010_0002.jpg\" width=\"324\" height=\"91\" align=\"left\" hspace=\"12\" \/><strong>EGYH-KCP-14-0209<\/strong><br \/>\nInfrastrukt\u00fara fejleszt\u00e9s<br \/>\n<strong>2\u00a0000\u00a0000 Ft<\/strong><\/p>\n<p align=\"center\"><strong><br \/>\nEGYH-KCP-17-EPER-0447<br \/>\n<\/strong>Csal\u00e1di koh\u00e9zi\u00f3 \u00e9s a bokortany\u00e1kon \u00e9l\u0151k t\u00e1rsadalmi<br \/>\nes\u00e9lyegyenl\u0151s\u00e9g\u00e9nek megteremt\u00e9se<strong><br \/>\n2\u00a0236\u00a0457 Ft<br \/>\n<\/strong><\/p>\n<p align=\"center\"><img loading=\"lazy\" class=\"alignnone size-full wp-image-7599\" src=\"http:\/\/mandabokor.lutheran.hu\/wp-content\/uploads\/2020\/07\/megvalosult_magyarorszag_kormanyanak_tamogatasaval_2017.jpg\" alt=\"\" width=\"2362\" height=\"613\" srcset=\"https:\/\/mandabokor.lutheran.hu\/wp-content\/uploads\/2020\/07\/megvalosult_magyarorszag_kormanyanak_tamogatasaval_2017.jpg 2362w, https:\/\/mandabokor.lutheran.hu\/wp-content\/uploads\/2020\/07\/megvalosult_magyarorszag_kormanyanak_tamogatasaval_2017-300x78.jpg 300w, https:\/\/mandabokor.lutheran.hu\/wp-content\/uploads\/2020\/07\/megvalosult_magyarorszag_kormanyanak_tamogatasaval_2017-768x199.jpg 768w, https:\/\/mandabokor.lutheran.hu\/wp-content\/uploads\/2020\/07\/megvalosult_magyarorszag_kormanyanak_tamogatasaval_2017-1024x266.jpg 1024w\" sizes=\"(max-width: 767px) 89vw, (max-width: 1000px) 54vw, (max-width: 1071px) 543px, 580px\" \/><\/p>\n<p style=\"text-align: center;\" tabindex=\"0\" role=\"tab\" aria-expanded=\"false\" aria-selected=\"false\"><strong>Magyar Falu Program MFP-EKT\/2019 &#8211; 3005372747<\/strong><br \/>\n<strong>&#8220;A helyi egyh\u00e1zi k\u00f6z\u00f6ss\u00e9gi terek fejleszt\u00e9se&#8221;<\/strong> c\u00edm\u0171<br \/>\nprojektet Magyarorsz\u00e1g Korm\u00e1nya<br \/>\n<strong>4 034 488 Ft-tal<\/strong> t\u00e1mogatta<br \/>\n<img loading=\"lazy\" class=\"\" src=\"https:\/\/bgazrt.hu\/wp-content\/uploads\/2020\/06\/magyar_falu_program_logo_1200x710.jpg\" alt=\"\u00daj felh\u00edv\u00e1sok a Magyar Falu Program Falusi Civil Alap keret\u00e9ben  (FCA-KP-1-2021) \u2013 bgazrt.hu\" width=\"384\" height=\"227\" \/><\/p>\n<p class=\"ui-accordion-header ui-helper-reset ui-state-default ui-tabs-outline ui-corner-all\" style=\"text-align: center;\" tabindex=\"0\" role=\"tab\" aria-expanded=\"false\" aria-selected=\"false\"><span id=\"form1:ugyletTab:palyazat_fejlec:h_header_ugyletszam\" class=\"noprint\"><strong>EKCP-KP-1-2021\/1-000512<\/strong><br \/>\n<\/span><strong>&#8220;Egyh\u00e1zi k\u00f6z\u00f6ss\u00e9gi c\u00e9l\u00fa programok t\u00e1mogat\u00e1sa&#8221;<\/strong><br \/>\nprojektet Magyarorsz\u00e1g Korm\u00e1nya<br \/>\n<strong>400 000 Ft-tal<\/strong> t\u00e1mogatta<\/p>\n<p><img class=\"aligncenter\" src=\"https:\/\/bgazrt.hu\/wp-content\/uploads\/2019\/05\/megvalosult_a_magyar_kormany_tamogatasaval_bga_alap.jpg\" alt=\"Let\u00f6lthet\u0151 log\u00f3k \u2013 bgazrt.hu\" \/><\/p>\n","protected":false},"excerpt":{"rendered":"<p>Egyh\u00e1zk\u00f6zs\u00e9g\u00fcnk az elm\u00falt \u00e9vekben t\u00f6bb sikeres p\u00e1ly\u00e1zatot bonyol\u00edthatott le az V. k\u00f6rzetben: \u00c9szak-Alf\u00f6ldi Operat\u00edv Program \u00c9AOP-5.1.3.-11-2011-0007 \u201eBokortany\u00e1kon \u00e9l\u0151k t\u00e1rsadalmi es\u00e9lyegyenl\u0151s\u00e9g\u00e9\u00e9rt\u201d p\u00e1ly\u00e1zat keretein bel\u00fcl \u00e9p\u00fclt Mandabokorban a T\u00f6bbfunkci\u00f3s K\u00f6z\u00f6ss\u00e9gi \u00c9p\u00fclet. Tov\u00e1bbi nyertes p\u00e1ly\u00e1zataink: Ifj\u00fas\u00e1gi p\u00e1ly\u00e1zat IFJ-KX-10-C \u201e\u00cdg\u00e9retes j\u00f6v\u0151\u201d c\u00edmmel 350\u00a0000 Ft-ot nyert a gy\u00fclekezet. Evang\u00e9likus Gyermek \u00e9s ifj\u00fas\u00e1gi p\u00e1ly\u00e1zat &nbsp; Evang\u00e9likus Misszi\u00f3i K\u00f6zpont &nbsp; &nbsp; EGYH-KCP-14-0209 &hellip; <\/p>\n<p class=\"link-more\"><a href=\"https:\/\/mandabokor.lutheran.hu\/?page_id=24\" class=\"more-link\"><span class=\"screen-reader-text\">&#8220;P\u00e1ly\u00e1zatok&#8221;<\/span> b\u0151vebben<\/a><\/p>\n","protected":false},"author":1,"featured_media":0,"parent":0,"menu_order":0,"comment_status":"closed","ping_status":"closed","template":"","meta":{"_monsterinsights_skip_tracking":false,"_monsterinsights_sitenote_active":false,"_monsterinsights_sitenote_note":"","_monsterinsights_sitenote_category":0},"_links":{"self":[{"href":"https:\/\/mandabokor.lutheran.hu\/index.php?rest_route=\/wp\/v2\/pages\/24"}],"collection":[{"href":"https:\/\/mandabokor.lutheran.hu\/index.php?rest_route=\/wp\/v2\/pages"}],"about":[{"href":"https:\/\/mandabokor.lutheran.hu\/index.php?rest_route=\/wp\/v2\/types\/page"}],"author":[{"embeddable":true,"href":"https:\/\/mandabokor.lutheran.hu\/index.php?rest_route=\/wp\/v2\/users\/1"}],"replies":[{"embeddable":true,"href":"https:\/\/mandabokor.lutheran.hu\/index.php?rest_route=%2Fwp%2Fv2%2Fcomments&post=24"}],"version-history":[{"count":18,"href":"https:\/\/mandabokor.lutheran.hu\/index.php?rest_route=\/wp\/v2\/pages\/24\/revisions"}],"predecessor-version":[{"id":8352,"href":"https:\/\/mandabokor.lutheran.hu\/index.php?rest_route=\/wp\/v2\/pages\/24\/revisions\/8352"}],"wp:attachment":[{"href":"https:\/\/mandabokor.lutheran.hu\/index.php?rest_route=%2Fwp%2Fv2%2Fmedia&parent=24"}],"curies":[{"name":"wp","href":"https:\/\/api.w.org\/{rel}","templated":true}]}}