{"id":20,"date":"2017-01-30T10:06:33","date_gmt":"2017-01-30T10:06:33","guid":{"rendered":"http:\/\/mandabokor.lutheran.hu\/?page_id=20"},"modified":"2017-02-22T15:48:29","modified_gmt":"2017-02-22T15:48:29","slug":"v-korzet","status":"publish","type":"page","link":"https:\/\/mandabokor.lutheran.hu\/?page_id=20","title":{"rendered":"Az V. k\u00f6rzetr\u0151l"},"content":{"rendered":"<p align=\"center\">K\u00f6rzet\u00fcnk a Ny\u00edregyh\u00e1zi Evang\u00e9likus Egyh\u00e1zk\u00f6zs\u00e9ghez tartozik. Az egyh\u00e1zk\u00f6zs\u00e9g n\u00e9gy k\u00f6rzetre (<span class=\"abc\">I. k\u00f6rzet Kistemplom, lelk\u00e9sze Kov\u00e1cs L\u00e1szl\u00f3 Attila, III. k\u00f6rzet Borb\u00e1nya, Vargabokor, Ludast\u00f3, Nagyk\u00e1ll\u00f3, Ny\u00edrb\u00e1tor, lelk\u00e9sze Ad\u00e1mi L\u00e1szl\u00f3, IV. k\u00f6rzet Rozsr\u00e9tsz\u0151l\u0151, Butyka, Kisteleki sz\u0151l\u0151, \u00dajfeh\u00e9rt\u00f3, lelk\u00e9sze Sztank\u00f3 Gy\u00f6ngyi<\/span>) van felosztva. Ny\u00edregyh\u00e1z\u00e1t\u00f3l D-Ny-i ir\u00e1nyba fekv\u0151 ter\u00fclet tartozik az V. k\u00f6rzethez. Pet\u0151fi tanya, K\u00e1lm\u00e1nh\u00e1za, Fels\u0151sima, B\u00e1lintbokor, Mandabokor ter\u00fcleteken vannak alkalmak, de gy\u00fclekezeti tagok \u00e9lnek L\u00f3czibokor, Sz\u00e9ls\u0151bokor, \u00dajtelekbokor, Kordov\u00e1nbokor \u00e9s Als\u00f3badur bokortany\u00e1kon.<\/p>\n<p align=\"center\">K\u00f6zel 1100 ember \u00e9l az V. k\u00f6rzet ter\u00fclet\u00e9n, akik n\u00e9vt\u00e1runkban szerepelnek.<br \/>\n\u0150ket igyeksz\u00fcnk \u00e9vr\u0151l-\u00e9vre l\u00e1togatni, megsz\u00f3l\u00edtani, h\u00edvni alkalmainkra,<br \/>\nJ\u00e9zus Krisztushoz vezetni.<\/p>\n<p align=\"center\">Mandabokori\u00a0K\u00f6z\u00f6ss\u00e9gi \u00c9p\u00fclet megk\u00f6zel\u00edthet\u0151s\u00e9ge:<\/p>\n<p style=\"text-align: center;\" align=\"center\"><iframe style=\"border: 0;\" src=\"https:\/\/www.google.com\/maps\/embed?pb=!1m20!1m11!1m3!1d21528.935258784746!2d21.68711956457485!3d47.93172719335269!2m2!1f0!2f0!3m2!1i1024!2i768!4f13.1!4m6!3e6!4m0!4m3!3m2!1d47.9176225!2d21.6761239!5e1!3m2!1shu!2shu!4v1485782175499\" width=\"600\" height=\"450\" frameborder=\"0\" allowfullscreen=\"allowfullscreen\"><\/iframe><\/p>\n","protected":false},"excerpt":{"rendered":"<p>K\u00f6rzet\u00fcnk a Ny\u00edregyh\u00e1zi Evang\u00e9likus Egyh\u00e1zk\u00f6zs\u00e9ghez tartozik. Az egyh\u00e1zk\u00f6zs\u00e9g n\u00e9gy k\u00f6rzetre (I. k\u00f6rzet Kistemplom, lelk\u00e9sze Kov\u00e1cs L\u00e1szl\u00f3 Attila, III. k\u00f6rzet Borb\u00e1nya, Vargabokor, Ludast\u00f3, Nagyk\u00e1ll\u00f3, Ny\u00edrb\u00e1tor, lelk\u00e9sze Ad\u00e1mi L\u00e1szl\u00f3, IV. k\u00f6rzet Rozsr\u00e9tsz\u0151l\u0151, Butyka, Kisteleki sz\u0151l\u0151, \u00dajfeh\u00e9rt\u00f3, lelk\u00e9sze Sztank\u00f3 Gy\u00f6ngyi) van felosztva. Ny\u00edregyh\u00e1z\u00e1t\u00f3l D-Ny-i ir\u00e1nyba fekv\u0151 ter\u00fclet tartozik az V. k\u00f6rzethez. Pet\u0151fi tanya, K\u00e1lm\u00e1nh\u00e1za, Fels\u0151sima, B\u00e1lintbokor, Mandabokor ter\u00fcleteken &hellip; <\/p>\n<p class=\"link-more\"><a href=\"https:\/\/mandabokor.lutheran.hu\/?page_id=20\" class=\"more-link\"><span class=\"screen-reader-text\">&#8220;Az V. k\u00f6rzetr\u0151l&#8221;<\/span> b\u0151vebben<\/a><\/p>\n","protected":false},"author":1,"featured_media":0,"parent":0,"menu_order":0,"comment_status":"closed","ping_status":"closed","template":"","meta":{"_monsterinsights_skip_tracking":false,"_monsterinsights_sitenote_active":false,"_monsterinsights_sitenote_note":"","_monsterinsights_sitenote_category":0},"_links":{"self":[{"href":"https:\/\/mandabokor.lutheran.hu\/index.php?rest_route=\/wp\/v2\/pages\/20"}],"collection":[{"href":"https:\/\/mandabokor.lutheran.hu\/index.php?rest_route=\/wp\/v2\/pages"}],"about":[{"href":"https:\/\/mandabokor.lutheran.hu\/index.php?rest_route=\/wp\/v2\/types\/page"}],"author":[{"embeddable":true,"href":"https:\/\/mandabokor.lutheran.hu\/index.php?rest_route=\/wp\/v2\/users\/1"}],"replies":[{"embeddable":true,"href":"https:\/\/mandabokor.lutheran.hu\/index.php?rest_route=%2Fwp%2Fv2%2Fcomments&post=20"}],"version-history":[{"count":6,"href":"https:\/\/mandabokor.lutheran.hu\/index.php?rest_route=\/wp\/v2\/pages\/20\/revisions"}],"predecessor-version":[{"id":832,"href":"https:\/\/mandabokor.lutheran.hu\/index.php?rest_route=\/wp\/v2\/pages\/20\/revisions\/832"}],"wp:attachment":[{"href":"https:\/\/mandabokor.lutheran.hu\/index.php?rest_route=%2Fwp%2Fv2%2Fmedia&parent=20"}],"curies":[{"name":"wp","href":"https:\/\/api.w.org\/{rel}","templated":true}]}}