{"id":18,"date":"2017-01-30T10:05:57","date_gmt":"2017-01-30T10:05:57","guid":{"rendered":"http:\/\/mandabokor.lutheran.hu\/?page_id=18"},"modified":"2017-02-04T13:54:04","modified_gmt":"2017-02-04T13:54:04","slug":"tortenetunk","status":"publish","type":"page","link":"https:\/\/mandabokor.lutheran.hu\/?page_id=18","title":{"rendered":"V. k\u00f6rzet lelk\u00e9szei"},"content":{"rendered":"<p align=\"center\">Egyh\u00e1zk\u00f6zs\u00e9g\u00fcnk lelk\u00e9szei, akik az V. k\u00f6rzetben szolg\u00e1ltak:<\/p>\n<p align=\"center\"><img loading=\"lazy\" src=\"http:\/\/mandabokor.lutheran.hu\/story_clip_image002_0001.jpg\" alt=\"joob.jpg\" width=\"217\" height=\"344\" \/><br \/>\nJo\u00f3b Oliv\u00e9r<br \/>\n1939 &#8211; 1969<\/p>\n<p align=\"center\"><img loading=\"lazy\" src=\"http:\/\/mandabokor.lutheran.hu\/story_clip_image002_0002.jpg\" alt=\"tarjanbela.jpg\" width=\"256\" height=\"286\" \/><br \/>\nTarj\u00e1n B\u00e9la<br \/>\n1964 &#8211; 1981<\/p>\n<p align=\"center\"><img loading=\"lazy\" src=\"http:\/\/mandabokor.lutheran.hu\/story_clip_image002_0003.jpg\" alt=\"Megyer Lajos.JPG\" width=\"266\" height=\"408\" \/><br \/>\nMegyer Lajos<br \/>\n1963 &#8211; 1984<\/p>\n<p align=\"center\"><img loading=\"lazy\" src=\"http:\/\/mandabokor.lutheran.hu\/story_clip_image002_0004.jpg\" alt=\"fabryistvan.jpg\" width=\"300\" height=\"273\" \/><br \/>\nF\u00e1bry Istv\u00e1n<br \/>\n1948 &#8211; 1959<\/p>\n<p align=\"center\"><img loading=\"lazy\" src=\"http:\/\/mandabokor.lutheran.hu\/story_clip_image002_0005.jpg\" alt=\"szabovilmos.jpg\" width=\"293\" height=\"336\" \/><br \/>\nSzab\u00f3 Vilmos<br \/>\n1966 &#8211; 1976<\/p>\n<p align=\"center\"><img loading=\"lazy\" src=\"http:\/\/mandabokor.lutheran.hu\/story_clip_image002_0006.jpg\" alt=\"benkoczydaniel.jpg\" width=\"313\" height=\"360\" \/><br \/>\nBenk\u00f3czy D\u00e1niel<br \/>\n1966 &#8211; 1977<\/p>\n<p align=\"center\"><img loading=\"lazy\" src=\"http:\/\/mandabokor.lutheran.hu\/story_clip_image002_0007.jpg\" alt=\"szalaytamas.jpg\" width=\"301\" height=\"347\" \/><br \/>\nSzalay Tam\u00e1s<br \/>\n1969 &#8211; 1978<\/p>\n<p align=\"center\"><img loading=\"lazy\" src=\"http:\/\/mandabokor.lutheran.hu\/story_clip_image002_0008.jpg\" alt=\"endreffyzoltan.jpg\" width=\"329\" height=\"265\" \/><br \/>\nEndreffy Zolt\u00e1n<br \/>\n1948 &#8211; 1987<\/p>\n<p align=\"center\"><img loading=\"lazy\" src=\"http:\/\/mandabokor.lutheran.hu\/story_clip_image002_0009.jpg\" alt=\"Bozor\u00e1dy Zolt\u00e1n.jpg\" width=\"222\" height=\"252\" \/><br \/>\nBozor\u00e1dy Zolt\u00e1n<br \/>\n1978 &#8211; 2006<\/p>\n<p align=\"center\"><img loading=\"lazy\" src=\"http:\/\/mandabokor.lutheran.hu\/story_clip_image002_0010.jpg\" alt=\"Bozor\u00e1dy Zolt\u00e1nn\u00e9.jpg\" width=\"263\" height=\"382\" \/><br \/>\nBozor\u00e1dy Zolt\u00e1nn\u00e9<br \/>\n1987 &#8211; 2007<\/p>\n<p align=\"center\"><img loading=\"lazy\" src=\"http:\/\/mandabokor.lutheran.hu\/story_clip_image002_0011.jpg\" alt=\"zsarnaikrisztian.jpg\" width=\"225\" height=\"301\" \/><br \/>\nZsarnai Kriszti\u00e1n<br \/>\n2007 &#8211;<\/p>\n","protected":false},"excerpt":{"rendered":"<p>Egyh\u00e1zk\u00f6zs\u00e9g\u00fcnk lelk\u00e9szei, akik az V. k\u00f6rzetben szolg\u00e1ltak: Jo\u00f3b Oliv\u00e9r 1939 &#8211; 1969 Tarj\u00e1n B\u00e9la 1964 &#8211; 1981 Megyer Lajos 1963 &#8211; 1984 F\u00e1bry Istv\u00e1n 1948 &#8211; 1959 Szab\u00f3 Vilmos 1966 &#8211; 1976 Benk\u00f3czy D\u00e1niel 1966 &#8211; 1977 Szalay Tam\u00e1s 1969 &#8211; 1978 Endreffy Zolt\u00e1n 1948 &#8211; 1987 Bozor\u00e1dy Zolt\u00e1n 1978 &#8211; 2006 Bozor\u00e1dy Zolt\u00e1nn\u00e9 1987 &hellip; <\/p>\n<p class=\"link-more\"><a href=\"https:\/\/mandabokor.lutheran.hu\/?page_id=18\" class=\"more-link\"><span class=\"screen-reader-text\">&#8220;V. k\u00f6rzet lelk\u00e9szei&#8221;<\/span> b\u0151vebben<\/a><\/p>\n","protected":false},"author":1,"featured_media":0,"parent":0,"menu_order":0,"comment_status":"closed","ping_status":"closed","template":"","meta":{"_monsterinsights_skip_tracking":false,"_monsterinsights_sitenote_active":false,"_monsterinsights_sitenote_note":"","_monsterinsights_sitenote_category":0},"_links":{"self":[{"href":"https:\/\/mandabokor.lutheran.hu\/index.php?rest_route=\/wp\/v2\/pages\/18"}],"collection":[{"href":"https:\/\/mandabokor.lutheran.hu\/index.php?rest_route=\/wp\/v2\/pages"}],"about":[{"href":"https:\/\/mandabokor.lutheran.hu\/index.php?rest_route=\/wp\/v2\/types\/page"}],"author":[{"embeddable":true,"href":"https:\/\/mandabokor.lutheran.hu\/index.php?rest_route=\/wp\/v2\/users\/1"}],"replies":[{"embeddable":true,"href":"https:\/\/mandabokor.lutheran.hu\/index.php?rest_route=%2Fwp%2Fv2%2Fcomments&post=18"}],"version-history":[{"count":3,"href":"https:\/\/mandabokor.lutheran.hu\/index.php?rest_route=\/wp\/v2\/pages\/18\/revisions"}],"predecessor-version":[{"id":171,"href":"https:\/\/mandabokor.lutheran.hu\/index.php?rest_route=\/wp\/v2\/pages\/18\/revisions\/171"}],"wp:attachment":[{"href":"https:\/\/mandabokor.lutheran.hu\/index.php?rest_route=%2Fwp%2Fv2%2Fmedia&parent=18"}],"curies":[{"name":"wp","href":"https:\/\/api.w.org\/{rel}","templated":true}]}}