{"id":1609,"date":"2017-02-23T10:00:52","date_gmt":"2017-02-23T10:00:52","guid":{"rendered":"http:\/\/mandabokor.lutheran.hu\/?page_id=1609"},"modified":"2018-04-30T17:13:49","modified_gmt":"2018-04-30T17:13:49","slug":"oromhir-hirlevel","status":"publish","type":"page","link":"https:\/\/mandabokor.lutheran.hu\/?page_id=1609","title":{"rendered":"\u00d6r\u00f6mH\u00edr-H\u00edrlev\u00e9l"},"content":{"rendered":"<p><a href=\"http:\/\/mandabokor.lutheran.hu\/wp-content\/uploads\/2018\/03\/\u00d6r\u00f6mh\u00edr-H\u00edrlev\u00e9l-2018.03.11..pdf\">\u00d6r\u00f6mh\u00edr-H\u00edrlev\u00e9l 2018.03.11.<\/a><\/p>\n<p>&nbsp;<\/p>\n<p><a href=\"http:\/\/mandabokor.lutheran.hu\/wp-content\/uploads\/2017\/02\/\u00d6r\u00f6mH\u00edr-H\u00edrlev\u00e9l-2017.-04.16.-1.pdf\">\u00d6r\u00f6mH\u00edr-H\u00edrlev\u00e9l 2017.04.16.<\/a><\/p>\n<p><a href=\"http:\/\/mandabokor.lutheran.hu\/wp-content\/uploads\/2017\/02\/\u00d6r\u00f6mH\u00edr-H\u00edrlev\u00e9l-2017.07.09.-1.pdf\">\u00d6r\u00f6mH\u00edr-H\u00edrlev\u00e9l 2017.07.09.<\/a><\/p>\n<p><a href=\"http:\/\/mandabokor.lutheran.hu\/wp-content\/uploads\/2017\/02\/\u00d6r\u00f6mH\u00edr-H\u00edrlev\u00e9l-2017.11.12-3.pdf\">\u00d6r\u00f6mH\u00edr-H\u00edrlev\u00e9l 2017.11.12<\/a>.<\/p>\n<p>&nbsp;<\/p>\n<p><a href=\"http:\/\/mandabokor.lutheran.hu\/wp-content\/uploads\/2017\/02\/\u00d6r\u00f6mH\u00edr-H\u00edrlev\u00e9l-2016.03.27..pdf\">\u00d6r\u00f6mH\u00edr H\u00edrlev\u00e9l 2016.03.27.<\/a><\/p>\n<p><a href=\"http:\/\/mandabokor.lutheran.hu\/wp-content\/uploads\/2017\/02\/\u00d6r\u00f6mH\u00edr-H\u00edrlev\u00e9l-2016.07.17..pdf\">\u00d6r\u00f6mH\u00edr H\u00edrlev\u00e9l 2016.07.17.<\/a><\/p>\n<p><a href=\"http:\/\/mandabokor.lutheran.hu\/wp-content\/uploads\/2017\/02\/\u00d6r\u00f6mH\u00edr-H\u00edrlev\u00e9l-2016.12.24..pdf\">\u00d6r\u00f6mH\u00edr H\u00edrlev\u00e9l 2016.12.24.<\/a><\/p>\n<p>&nbsp;<\/p>\n","protected":false},"excerpt":{"rendered":"<p>\u00d6r\u00f6mh\u00edr-H\u00edrlev\u00e9l 2018.03.11. &nbsp; \u00d6r\u00f6mH\u00edr-H\u00edrlev\u00e9l 2017.04.16. \u00d6r\u00f6mH\u00edr-H\u00edrlev\u00e9l 2017.07.09. \u00d6r\u00f6mH\u00edr-H\u00edrlev\u00e9l 2017.11.12. &nbsp; \u00d6r\u00f6mH\u00edr H\u00edrlev\u00e9l 2016.03.27. \u00d6r\u00f6mH\u00edr H\u00edrlev\u00e9l 2016.07.17. \u00d6r\u00f6mH\u00edr H\u00edrlev\u00e9l 2016.12.24. &nbsp;<\/p>\n","protected":false},"author":2,"featured_media":0,"parent":0,"menu_order":0,"comment_status":"closed","ping_status":"closed","template":"","meta":{"_monsterinsights_skip_tracking":false,"_monsterinsights_sitenote_active":false,"_monsterinsights_sitenote_note":"","_monsterinsights_sitenote_category":0},"_links":{"self":[{"href":"https:\/\/mandabokor.lutheran.hu\/index.php?rest_route=\/wp\/v2\/pages\/1609"}],"collection":[{"href":"https:\/\/mandabokor.lutheran.hu\/index.php?rest_route=\/wp\/v2\/pages"}],"about":[{"href":"https:\/\/mandabokor.lutheran.hu\/index.php?rest_route=\/wp\/v2\/types\/page"}],"author":[{"embeddable":true,"href":"https:\/\/mandabokor.lutheran.hu\/index.php?rest_route=\/wp\/v2\/users\/2"}],"replies":[{"embeddable":true,"href":"https:\/\/mandabokor.lutheran.hu\/index.php?rest_route=%2Fwp%2Fv2%2Fcomments&post=1609"}],"version-history":[{"count":15,"href":"https:\/\/mandabokor.lutheran.hu\/index.php?rest_route=\/wp\/v2\/pages\/1609\/revisions"}],"predecessor-version":[{"id":5527,"href":"https:\/\/mandabokor.lutheran.hu\/index.php?rest_route=\/wp\/v2\/pages\/1609\/revisions\/5527"}],"wp:attachment":[{"href":"https:\/\/mandabokor.lutheran.hu\/index.php?rest_route=%2Fwp%2Fv2%2Fmedia&parent=1609"}],"curies":[{"name":"wp","href":"https:\/\/api.w.org\/{rel}","templated":true}]}}