{"id":1177,"date":"2017-02-22T23:07:32","date_gmt":"2017-02-22T23:07:32","guid":{"rendered":"http:\/\/mandabokor.lutheran.hu\/?page_id=1177"},"modified":"2017-03-02T05:51:29","modified_gmt":"2017-03-02T05:51:29","slug":"halaado-istentisztelet-a-tetoter-beepiteseert","status":"publish","type":"page","link":"https:\/\/mandabokor.lutheran.hu\/?page_id=1177","title":{"rendered":"H\u00e1laad\u00f3 istentisztelet a tet\u0151t\u00e9r be\u00e9p\u00edt\u00e9s\u00e9\u00e9rt"},"content":{"rendered":"<div id=\"amw_galleria_slideshow_1\" class=\"amw-galleria-slideshow\"><\/div>\n<script type=\"text\/javascript\">jQuery(document).ready(function(){ jQuery(\"#amw_galleria_slideshow_1\").galleria({\"dataSource\":[{\"image\":\"https:\\\/\\\/mandabokor.lutheran.hu\\\/wp-content\\\/uploads\\\/2017\\\/02\\\/DSC_0601-1024x683.jpg\",\"big\":\"https:\\\/\\\/mandabokor.lutheran.hu\\\/wp-content\\\/uploads\\\/2017\\\/02\\\/DSC_0601-1024x683.jpg\",\"thumb\":\"https:\\\/\\\/mandabokor.lutheran.hu\\\/wp-content\\\/uploads\\\/2017\\\/02\\\/DSC_0601-150x150.jpg\",\"title\":\"DSC_0601\",\"description\":\"\"},{\"image\":\"https:\\\/\\\/mandabokor.lutheran.hu\\\/wp-content\\\/uploads\\\/2017\\\/02\\\/DSC_0602-1024x683.jpg\",\"big\":\"https:\\\/\\\/mandabokor.lutheran.hu\\\/wp-content\\\/uploads\\\/2017\\\/02\\\/DSC_0602-1024x683.jpg\",\"thumb\":\"https:\\\/\\\/mandabokor.lutheran.hu\\\/wp-content\\\/uploads\\\/2017\\\/02\\\/DSC_0602-150x150.jpg\",\"title\":\"DSC_0602\",\"description\":\"\"},{\"image\":\"https:\\\/\\\/mandabokor.lutheran.hu\\\/wp-content\\\/uploads\\\/2017\\\/02\\\/DSC_0605-1024x683.jpg\",\"big\":\"https:\\\/\\\/mandabokor.lutheran.hu\\\/wp-content\\\/uploads\\\/2017\\\/02\\\/DSC_0605-1024x683.jpg\",\"thumb\":\"https:\\\/\\\/mandabokor.lutheran.hu\\\/wp-content\\\/uploads\\\/2017\\\/02\\\/DSC_0605-150x150.jpg\",\"title\":\"DSC_0605\",\"description\":\"\"},{\"image\":\"https:\\\/\\\/mandabokor.lutheran.hu\\\/wp-content\\\/uploads\\\/2017\\\/02\\\/DSC_0607-1-1024x683.jpg\",\"big\":\"https:\\\/\\\/mandabokor.lutheran.hu\\\/wp-content\\\/uploads\\\/2017\\\/02\\\/DSC_0607-1-1024x683.jpg\",\"thumb\":\"https:\\\/\\\/mandabokor.lutheran.hu\\\/wp-content\\\/uploads\\\/2017\\\/02\\\/DSC_0607-1-150x150.jpg\",\"title\":\"DSC_0607\",\"description\":\"\"},{\"image\":\"https:\\\/\\\/mandabokor.lutheran.hu\\\/wp-content\\\/uploads\\\/2017\\\/02\\\/DSC_0628-1024x683.jpg\",\"big\":\"https:\\\/\\\/mandabokor.lutheran.hu\\\/wp-content\\\/uploads\\\/2017\\\/02\\\/DSC_0628-1024x683.jpg\",\"thumb\":\"https:\\\/\\\/mandabokor.lutheran.hu\\\/wp-content\\\/uploads\\\/2017\\\/02\\\/DSC_0628-150x150.jpg\",\"title\":\"DSC_0628\",\"description\":\"\"},{\"image\":\"https:\\\/\\\/mandabokor.lutheran.hu\\\/wp-content\\\/uploads\\\/2017\\\/02\\\/DSC_0631-1-1024x683.jpg\",\"big\":\"https:\\\/\\\/mandabokor.lutheran.hu\\\/wp-content\\\/uploads\\\/2017\\\/02\\\/DSC_0631-1-1024x683.jpg\",\"thumb\":\"https:\\\/\\\/mandabokor.lutheran.hu\\\/wp-content\\\/uploads\\\/2017\\\/02\\\/DSC_0631-1-150x150.jpg\",\"title\":\"DSC_0631\",\"description\":\"\"},{\"image\":\"https:\\\/\\\/mandabokor.lutheran.hu\\\/wp-content\\\/uploads\\\/2017\\\/02\\\/DSC_0634-1-1024x683.jpg\",\"big\":\"https:\\\/\\\/mandabokor.lutheran.hu\\\/wp-content\\\/uploads\\\/2017\\\/02\\\/DSC_0634-1-1024x683.jpg\",\"thumb\":\"https:\\\/\\\/mandabokor.lutheran.hu\\\/wp-content\\\/uploads\\\/2017\\\/02\\\/DSC_0634-1-150x150.jpg\",\"title\":\"DSC_0634\",\"description\":\"\"},{\"image\":\"https:\\\/\\\/mandabokor.lutheran.hu\\\/wp-content\\\/uploads\\\/2017\\\/02\\\/DSC_0638-1-1024x683.jpg\",\"big\":\"https:\\\/\\\/mandabokor.lutheran.hu\\\/wp-content\\\/uploads\\\/2017\\\/02\\\/DSC_0638-1-1024x683.jpg\",\"thumb\":\"https:\\\/\\\/mandabokor.lutheran.hu\\\/wp-content\\\/uploads\\\/2017\\\/02\\\/DSC_0638-1-150x150.jpg\",\"title\":\"DSC_0638\",\"description\":\"\"},{\"image\":\"https:\\\/\\\/mandabokor.lutheran.hu\\\/wp-content\\\/uploads\\\/2017\\\/02\\\/DSC_0647-1024x683.jpg\",\"big\":\"https:\\\/\\\/mandabokor.lutheran.hu\\\/wp-content\\\/uploads\\\/2017\\\/02\\\/DSC_0647-1024x683.jpg\",\"thumb\":\"https:\\\/\\\/mandabokor.lutheran.hu\\\/wp-content\\\/uploads\\\/2017\\\/02\\\/DSC_0647-150x150.jpg\",\"title\":\"DSC_0647\",\"description\":\"\"},{\"image\":\"https:\\\/\\\/mandabokor.lutheran.hu\\\/wp-content\\\/uploads\\\/2017\\\/02\\\/DSC_0648-1024x683.jpg\",\"big\":\"https:\\\/\\\/mandabokor.lutheran.hu\\\/wp-content\\\/uploads\\\/2017\\\/02\\\/DSC_0648-1024x683.jpg\",\"thumb\":\"https:\\\/\\\/mandabokor.lutheran.hu\\\/wp-content\\\/uploads\\\/2017\\\/02\\\/DSC_0648-150x150.jpg\",\"title\":\"DSC_0648\",\"description\":\"\"},{\"image\":\"https:\\\/\\\/mandabokor.lutheran.hu\\\/wp-content\\\/uploads\\\/2017\\\/02\\\/DSC_0650-1024x683.jpg\",\"big\":\"https:\\\/\\\/mandabokor.lutheran.hu\\\/wp-content\\\/uploads\\\/2017\\\/02\\\/DSC_0650-1024x683.jpg\",\"thumb\":\"https:\\\/\\\/mandabokor.lutheran.hu\\\/wp-content\\\/uploads\\\/2017\\\/02\\\/DSC_0650-150x150.jpg\",\"title\":\"DSC_0650\",\"description\":\"\"},{\"image\":\"https:\\\/\\\/mandabokor.lutheran.hu\\\/wp-content\\\/uploads\\\/2017\\\/02\\\/DSC_0655-1-1024x683.jpg\",\"big\":\"https:\\\/\\\/mandabokor.lutheran.hu\\\/wp-content\\\/uploads\\\/2017\\\/02\\\/DSC_0655-1-1024x683.jpg\",\"thumb\":\"https:\\\/\\\/mandabokor.lutheran.hu\\\/wp-content\\\/uploads\\\/2017\\\/02\\\/DSC_0655-1-150x150.jpg\",\"title\":\"DSC_0655\",\"description\":\"\"},{\"image\":\"https:\\\/\\\/mandabokor.lutheran.hu\\\/wp-content\\\/uploads\\\/2017\\\/02\\\/DSC_0659-1024x683.jpg\",\"big\":\"https:\\\/\\\/mandabokor.lutheran.hu\\\/wp-content\\\/uploads\\\/2017\\\/02\\\/DSC_0659-1024x683.jpg\",\"thumb\":\"https:\\\/\\\/mandabokor.lutheran.hu\\\/wp-content\\\/uploads\\\/2017\\\/02\\\/DSC_0659-150x150.jpg\",\"title\":\"DSC_0659\",\"description\":\"\"},{\"image\":\"https:\\\/\\\/mandabokor.lutheran.hu\\\/wp-content\\\/uploads\\\/2017\\\/02\\\/DSC_0662-1024x683.jpg\",\"big\":\"https:\\\/\\\/mandabokor.lutheran.hu\\\/wp-content\\\/uploads\\\/2017\\\/02\\\/DSC_0662-1024x683.jpg\",\"thumb\":\"https:\\\/\\\/mandabokor.lutheran.hu\\\/wp-content\\\/uploads\\\/2017\\\/02\\\/DSC_0662-150x150.jpg\",\"title\":\"DSC_0662\",\"description\":\"\"},{\"image\":\"https:\\\/\\\/mandabokor.lutheran.hu\\\/wp-content\\\/uploads\\\/2017\\\/02\\\/DSC_0665-1-1024x683.jpg\",\"big\":\"https:\\\/\\\/mandabokor.lutheran.hu\\\/wp-content\\\/uploads\\\/2017\\\/02\\\/DSC_0665-1-1024x683.jpg\",\"thumb\":\"https:\\\/\\\/mandabokor.lutheran.hu\\\/wp-content\\\/uploads\\\/2017\\\/02\\\/DSC_0665-1-150x150.jpg\",\"title\":\"DSC_0665\",\"description\":\"\"},{\"image\":\"https:\\\/\\\/mandabokor.lutheran.hu\\\/wp-content\\\/uploads\\\/2017\\\/02\\\/DSC_0674-1-1024x683.jpg\",\"big\":\"https:\\\/\\\/mandabokor.lutheran.hu\\\/wp-content\\\/uploads\\\/2017\\\/02\\\/DSC_0674-1-1024x683.jpg\",\"thumb\":\"https:\\\/\\\/mandabokor.lutheran.hu\\\/wp-content\\\/uploads\\\/2017\\\/02\\\/DSC_0674-1-150x150.jpg\",\"title\":\"DSC_0674\",\"description\":\"\"},{\"image\":\"https:\\\/\\\/mandabokor.lutheran.hu\\\/wp-content\\\/uploads\\\/2017\\\/02\\\/DSC_0680-1-1024x683.jpg\",\"big\":\"https:\\\/\\\/mandabokor.lutheran.hu\\\/wp-content\\\/uploads\\\/2017\\\/02\\\/DSC_0680-1-1024x683.jpg\",\"thumb\":\"https:\\\/\\\/mandabokor.lutheran.hu\\\/wp-content\\\/uploads\\\/2017\\\/02\\\/DSC_0680-1-150x150.jpg\",\"title\":\"DSC_0680\",\"description\":\"\"},{\"image\":\"https:\\\/\\\/mandabokor.lutheran.hu\\\/wp-content\\\/uploads\\\/2017\\\/02\\\/DSC_0702-1-1024x683.jpg\",\"big\":\"https:\\\/\\\/mandabokor.lutheran.hu\\\/wp-content\\\/uploads\\\/2017\\\/02\\\/DSC_0702-1-1024x683.jpg\",\"thumb\":\"https:\\\/\\\/mandabokor.lutheran.hu\\\/wp-content\\\/uploads\\\/2017\\\/02\\\/DSC_0702-1-150x150.jpg\",\"title\":\"DSC_0702\",\"description\":\"\"},{\"image\":\"https:\\\/\\\/mandabokor.lutheran.hu\\\/wp-content\\\/uploads\\\/2017\\\/02\\\/DSC_0705-3-1024x683.jpg\",\"big\":\"https:\\\/\\\/mandabokor.lutheran.hu\\\/wp-content\\\/uploads\\\/2017\\\/02\\\/DSC_0705-3-1024x683.jpg\",\"thumb\":\"https:\\\/\\\/mandabokor.lutheran.hu\\\/wp-content\\\/uploads\\\/2017\\\/02\\\/DSC_0705-3-150x150.jpg\",\"title\":\"DSC_0705\",\"description\":\"\"},{\"image\":\"https:\\\/\\\/mandabokor.lutheran.hu\\\/wp-content\\\/uploads\\\/2017\\\/02\\\/DSC_0710-1-1024x683.jpg\",\"big\":\"https:\\\/\\\/mandabokor.lutheran.hu\\\/wp-content\\\/uploads\\\/2017\\\/02\\\/DSC_0710-1-1024x683.jpg\",\"thumb\":\"https:\\\/\\\/mandabokor.lutheran.hu\\\/wp-content\\\/uploads\\\/2017\\\/02\\\/DSC_0710-1-150x150.jpg\",\"title\":\"DSC_0710\",\"description\":\"\"},{\"image\":\"https:\\\/\\\/mandabokor.lutheran.hu\\\/wp-content\\\/uploads\\\/2017\\\/02\\\/DSC_0714-1-1024x683.jpg\",\"big\":\"https:\\\/\\\/mandabokor.lutheran.hu\\\/wp-content\\\/uploads\\\/2017\\\/02\\\/DSC_0714-1-1024x683.jpg\",\"thumb\":\"https:\\\/\\\/mandabokor.lutheran.hu\\\/wp-content\\\/uploads\\\/2017\\\/02\\\/DSC_0714-1-150x150.jpg\",\"title\":\"DSC_0714\",\"description\":\"\"},{\"image\":\"https:\\\/\\\/mandabokor.lutheran.hu\\\/wp-content\\\/uploads\\\/2017\\\/02\\\/DSC_0716-1-1024x683.jpg\",\"big\":\"https:\\\/\\\/mandabokor.lutheran.hu\\\/wp-content\\\/uploads\\\/2017\\\/02\\\/DSC_0716-1-1024x683.jpg\",\"thumb\":\"https:\\\/\\\/mandabokor.lutheran.hu\\\/wp-content\\\/uploads\\\/2017\\\/02\\\/DSC_0716-1-150x150.jpg\",\"title\":\"DSC_0716\",\"description\":\"\"},{\"image\":\"https:\\\/\\\/mandabokor.lutheran.hu\\\/wp-content\\\/uploads\\\/2017\\\/02\\\/DSC_0718-1-1024x683.jpg\",\"big\":\"https:\\\/\\\/mandabokor.lutheran.hu\\\/wp-content\\\/uploads\\\/2017\\\/02\\\/DSC_0718-1-1024x683.jpg\",\"thumb\":\"https:\\\/\\\/mandabokor.lutheran.hu\\\/wp-content\\\/uploads\\\/2017\\\/02\\\/DSC_0718-1-150x150.jpg\",\"title\":\"DSC_0718\",\"description\":\"\"},{\"image\":\"https:\\\/\\\/mandabokor.lutheran.hu\\\/wp-content\\\/uploads\\\/2017\\\/02\\\/DSC_0728-2-1024x683.jpg\",\"big\":\"https:\\\/\\\/mandabokor.lutheran.hu\\\/wp-content\\\/uploads\\\/2017\\\/02\\\/DSC_0728-2-1024x683.jpg\",\"thumb\":\"https:\\\/\\\/mandabokor.lutheran.hu\\\/wp-content\\\/uploads\\\/2017\\\/02\\\/DSC_0728-2-150x150.jpg\",\"title\":\"DSC_0728\",\"description\":\"\"},{\"image\":\"https:\\\/\\\/mandabokor.lutheran.hu\\\/wp-content\\\/uploads\\\/2017\\\/02\\\/DSC_0729-1-1024x683.jpg\",\"big\":\"https:\\\/\\\/mandabokor.lutheran.hu\\\/wp-content\\\/uploads\\\/2017\\\/02\\\/DSC_0729-1-1024x683.jpg\",\"thumb\":\"https:\\\/\\\/mandabokor.lutheran.hu\\\/wp-content\\\/uploads\\\/2017\\\/02\\\/DSC_0729-1-150x150.jpg\",\"title\":\"DSC_0729\",\"description\":\"\"},{\"image\":\"https:\\\/\\\/mandabokor.lutheran.hu\\\/wp-content\\\/uploads\\\/2017\\\/02\\\/DSC_0734-2-1024x683.jpg\",\"big\":\"https:\\\/\\\/mandabokor.lutheran.hu\\\/wp-content\\\/uploads\\\/2017\\\/02\\\/DSC_0734-2-1024x683.jpg\",\"thumb\":\"https:\\\/\\\/mandabokor.lutheran.hu\\\/wp-content\\\/uploads\\\/2017\\\/02\\\/DSC_0734-2-150x150.jpg\",\"title\":\"DSC_0734\",\"description\":\"\"},{\"image\":\"https:\\\/\\\/mandabokor.lutheran.hu\\\/wp-content\\\/uploads\\\/2017\\\/02\\\/DSC_0739-1-1024x683.jpg\",\"big\":\"https:\\\/\\\/mandabokor.lutheran.hu\\\/wp-content\\\/uploads\\\/2017\\\/02\\\/DSC_0739-1-1024x683.jpg\",\"thumb\":\"https:\\\/\\\/mandabokor.lutheran.hu\\\/wp-content\\\/uploads\\\/2017\\\/02\\\/DSC_0739-1-150x150.jpg\",\"title\":\"DSC_0739\",\"description\":\"\"},{\"image\":\"https:\\\/\\\/mandabokor.lutheran.hu\\\/wp-content\\\/uploads\\\/2017\\\/02\\\/DSC_0745-2-1024x683.jpg\",\"big\":\"https:\\\/\\\/mandabokor.lutheran.hu\\\/wp-content\\\/uploads\\\/2017\\\/02\\\/DSC_0745-2-1024x683.jpg\",\"thumb\":\"https:\\\/\\\/mandabokor.lutheran.hu\\\/wp-content\\\/uploads\\\/2017\\\/02\\\/DSC_0745-2-150x150.jpg\",\"title\":\"DSC_0745\",\"description\":\"\"},{\"image\":\"https:\\\/\\\/mandabokor.lutheran.hu\\\/wp-content\\\/uploads\\\/2017\\\/02\\\/DSC_0746-1-1024x683.jpg\",\"big\":\"https:\\\/\\\/mandabokor.lutheran.hu\\\/wp-content\\\/uploads\\\/2017\\\/02\\\/DSC_0746-1-1024x683.jpg\",\"thumb\":\"https:\\\/\\\/mandabokor.lutheran.hu\\\/wp-content\\\/uploads\\\/2017\\\/02\\\/DSC_0746-1-150x150.jpg\",\"title\":\"DSC_0746\",\"description\":\"\"},{\"image\":\"https:\\\/\\\/mandabokor.lutheran.hu\\\/wp-content\\\/uploads\\\/2017\\\/02\\\/DSC_0751-1-1024x683.jpg\",\"big\":\"https:\\\/\\\/mandabokor.lutheran.hu\\\/wp-content\\\/uploads\\\/2017\\\/02\\\/DSC_0751-1-1024x683.jpg\",\"thumb\":\"https:\\\/\\\/mandabokor.lutheran.hu\\\/wp-content\\\/uploads\\\/2017\\\/02\\\/DSC_0751-1-150x150.jpg\",\"title\":\"DSC_0751\",\"description\":\"\"},{\"image\":\"https:\\\/\\\/mandabokor.lutheran.hu\\\/wp-content\\\/uploads\\\/2017\\\/02\\\/DSC_0752-2-1024x683.jpg\",\"big\":\"https:\\\/\\\/mandabokor.lutheran.hu\\\/wp-content\\\/uploads\\\/2017\\\/02\\\/DSC_0752-2-1024x683.jpg\",\"thumb\":\"https:\\\/\\\/mandabokor.lutheran.hu\\\/wp-content\\\/uploads\\\/2017\\\/02\\\/DSC_0752-2-150x150.jpg\",\"title\":\"DSC_0752\",\"description\":\"\"},{\"image\":\"https:\\\/\\\/mandabokor.lutheran.hu\\\/wp-content\\\/uploads\\\/2017\\\/02\\\/DSC_0753-1-1024x683.jpg\",\"big\":\"https:\\\/\\\/mandabokor.lutheran.hu\\\/wp-content\\\/uploads\\\/2017\\\/02\\\/DSC_0753-1-1024x683.jpg\",\"thumb\":\"https:\\\/\\\/mandabokor.lutheran.hu\\\/wp-content\\\/uploads\\\/2017\\\/02\\\/DSC_0753-1-150x150.jpg\",\"title\":\"DSC_0753\",\"description\":\"\"},{\"image\":\"https:\\\/\\\/mandabokor.lutheran.hu\\\/wp-content\\\/uploads\\\/2017\\\/02\\\/DSC_0755-2-1024x683.jpg\",\"big\":\"https:\\\/\\\/mandabokor.lutheran.hu\\\/wp-content\\\/uploads\\\/2017\\\/02\\\/DSC_0755-2-1024x683.jpg\",\"thumb\":\"https:\\\/\\\/mandabokor.lutheran.hu\\\/wp-content\\\/uploads\\\/2017\\\/02\\\/DSC_0755-2-150x150.jpg\",\"title\":\"DSC_0755\",\"description\":\"\"},{\"image\":\"https:\\\/\\\/mandabokor.lutheran.hu\\\/wp-content\\\/uploads\\\/2017\\\/02\\\/DSC_0760-2-1024x683.jpg\",\"big\":\"https:\\\/\\\/mandabokor.lutheran.hu\\\/wp-content\\\/uploads\\\/2017\\\/02\\\/DSC_0760-2-1024x683.jpg\",\"thumb\":\"https:\\\/\\\/mandabokor.lutheran.hu\\\/wp-content\\\/uploads\\\/2017\\\/02\\\/DSC_0760-2-150x150.jpg\",\"title\":\"DSC_0760\",\"description\":\"\"},{\"image\":\"https:\\\/\\\/mandabokor.lutheran.hu\\\/wp-content\\\/uploads\\\/2017\\\/02\\\/DSC_0765-1-1024x683.jpg\",\"big\":\"https:\\\/\\\/mandabokor.lutheran.hu\\\/wp-content\\\/uploads\\\/2017\\\/02\\\/DSC_0765-1-1024x683.jpg\",\"thumb\":\"https:\\\/\\\/mandabokor.lutheran.hu\\\/wp-content\\\/uploads\\\/2017\\\/02\\\/DSC_0765-1-150x150.jpg\",\"title\":\"DSC_0765\",\"description\":\"\"},{\"image\":\"https:\\\/\\\/mandabokor.lutheran.hu\\\/wp-content\\\/uploads\\\/2017\\\/02\\\/DSC_0768-1-1024x683.jpg\",\"big\":\"https:\\\/\\\/mandabokor.lutheran.hu\\\/wp-content\\\/uploads\\\/2017\\\/02\\\/DSC_0768-1-1024x683.jpg\",\"thumb\":\"https:\\\/\\\/mandabokor.lutheran.hu\\\/wp-content\\\/uploads\\\/2017\\\/02\\\/DSC_0768-1-150x150.jpg\",\"title\":\"DSC_0768\",\"description\":\"\"},{\"image\":\"https:\\\/\\\/mandabokor.lutheran.hu\\\/wp-content\\\/uploads\\\/2017\\\/02\\\/DSC_0774-2-1024x683.jpg\",\"big\":\"https:\\\/\\\/mandabokor.lutheran.hu\\\/wp-content\\\/uploads\\\/2017\\\/02\\\/DSC_0774-2-1024x683.jpg\",\"thumb\":\"https:\\\/\\\/mandabokor.lutheran.hu\\\/wp-content\\\/uploads\\\/2017\\\/02\\\/DSC_0774-2-150x150.jpg\",\"title\":\"DSC_0774\",\"description\":\"\"},{\"image\":\"https:\\\/\\\/mandabokor.lutheran.hu\\\/wp-content\\\/uploads\\\/2017\\\/02\\\/DSC_0786-1-1024x683.jpg\",\"big\":\"https:\\\/\\\/mandabokor.lutheran.hu\\\/wp-content\\\/uploads\\\/2017\\\/02\\\/DSC_0786-1-1024x683.jpg\",\"thumb\":\"https:\\\/\\\/mandabokor.lutheran.hu\\\/wp-content\\\/uploads\\\/2017\\\/02\\\/DSC_0786-1-150x150.jpg\",\"title\":\"DSC_0786\",\"description\":\"\"},{\"image\":\"https:\\\/\\\/mandabokor.lutheran.hu\\\/wp-content\\\/uploads\\\/2017\\\/02\\\/DSC_0788-1024x683.jpg\",\"big\":\"https:\\\/\\\/mandabokor.lutheran.hu\\\/wp-content\\\/uploads\\\/2017\\\/02\\\/DSC_0788-1024x683.jpg\",\"thumb\":\"https:\\\/\\\/mandabokor.lutheran.hu\\\/wp-content\\\/uploads\\\/2017\\\/02\\\/DSC_0788-150x150.jpg\",\"title\":\"DSC_0788\",\"description\":\"\"},{\"image\":\"https:\\\/\\\/mandabokor.lutheran.hu\\\/wp-content\\\/uploads\\\/2017\\\/02\\\/DSC_0790-2-683x1024.jpg\",\"big\":\"https:\\\/\\\/mandabokor.lutheran.hu\\\/wp-content\\\/uploads\\\/2017\\\/02\\\/DSC_0790-2-683x1024.jpg\",\"thumb\":\"https:\\\/\\\/mandabokor.lutheran.hu\\\/wp-content\\\/uploads\\\/2017\\\/02\\\/DSC_0790-2-150x150.jpg\",\"title\":\"DSC_0790\",\"description\":\"\"},{\"image\":\"https:\\\/\\\/mandabokor.lutheran.hu\\\/wp-content\\\/uploads\\\/2017\\\/02\\\/DSC_0791-1024x683.jpg\",\"big\":\"https:\\\/\\\/mandabokor.lutheran.hu\\\/wp-content\\\/uploads\\\/2017\\\/02\\\/DSC_0791-1024x683.jpg\",\"thumb\":\"https:\\\/\\\/mandabokor.lutheran.hu\\\/wp-content\\\/uploads\\\/2017\\\/02\\\/DSC_0791-150x150.jpg\",\"title\":\"DSC_0791\",\"description\":\"\"},{\"image\":\"https:\\\/\\\/mandabokor.lutheran.hu\\\/wp-content\\\/uploads\\\/2017\\\/02\\\/DSC_0796-1-1024x683.jpg\",\"big\":\"https:\\\/\\\/mandabokor.lutheran.hu\\\/wp-content\\\/uploads\\\/2017\\\/02\\\/DSC_0796-1-1024x683.jpg\",\"thumb\":\"https:\\\/\\\/mandabokor.lutheran.hu\\\/wp-content\\\/uploads\\\/2017\\\/02\\\/DSC_0796-1-150x150.jpg\",\"title\":\"DSC_0796\",\"description\":\"\"},{\"image\":\"https:\\\/\\\/mandabokor.lutheran.hu\\\/wp-content\\\/uploads\\\/2017\\\/02\\\/DSC_0797-1024x683.jpg\",\"big\":\"https:\\\/\\\/mandabokor.lutheran.hu\\\/wp-content\\\/uploads\\\/2017\\\/02\\\/DSC_0797-1024x683.jpg\",\"thumb\":\"https:\\\/\\\/mandabokor.lutheran.hu\\\/wp-content\\\/uploads\\\/2017\\\/02\\\/DSC_0797-150x150.jpg\",\"title\":\"DSC_0797\",\"description\":\"\"},{\"image\":\"https:\\\/\\\/mandabokor.lutheran.hu\\\/wp-content\\\/uploads\\\/2017\\\/02\\\/DSC_0802-1-683x1024.jpg\",\"big\":\"https:\\\/\\\/mandabokor.lutheran.hu\\\/wp-content\\\/uploads\\\/2017\\\/02\\\/DSC_0802-1-683x1024.jpg\",\"thumb\":\"https:\\\/\\\/mandabokor.lutheran.hu\\\/wp-content\\\/uploads\\\/2017\\\/02\\\/DSC_0802-1-150x150.jpg\",\"title\":\"DSC_0802\",\"description\":\"\"},{\"image\":\"https:\\\/\\\/mandabokor.lutheran.hu\\\/wp-content\\\/uploads\\\/2017\\\/02\\\/DSC_0804-1024x683.jpg\",\"big\":\"https:\\\/\\\/mandabokor.lutheran.hu\\\/wp-content\\\/uploads\\\/2017\\\/02\\\/DSC_0804-1024x683.jpg\",\"thumb\":\"https:\\\/\\\/mandabokor.lutheran.hu\\\/wp-content\\\/uploads\\\/2017\\\/02\\\/DSC_0804-150x150.jpg\",\"title\":\"DSC_0804\",\"description\":\"\"},{\"image\":\"https:\\\/\\\/mandabokor.lutheran.hu\\\/wp-content\\\/uploads\\\/2017\\\/02\\\/DSC_0807-1-1024x683.jpg\",\"big\":\"https:\\\/\\\/mandabokor.lutheran.hu\\\/wp-content\\\/uploads\\\/2017\\\/02\\\/DSC_0807-1-1024x683.jpg\",\"thumb\":\"https:\\\/\\\/mandabokor.lutheran.hu\\\/wp-content\\\/uploads\\\/2017\\\/02\\\/DSC_0807-1-150x150.jpg\",\"title\":\"DSC_0807\",\"description\":\"\"},{\"image\":\"https:\\\/\\\/mandabokor.lutheran.hu\\\/wp-content\\\/uploads\\\/2017\\\/02\\\/DSC_0812-1024x683.jpg\",\"big\":\"https:\\\/\\\/mandabokor.lutheran.hu\\\/wp-content\\\/uploads\\\/2017\\\/02\\\/DSC_0812-1024x683.jpg\",\"thumb\":\"https:\\\/\\\/mandabokor.lutheran.hu\\\/wp-content\\\/uploads\\\/2017\\\/02\\\/DSC_0812-150x150.jpg\",\"title\":\"DSC_0812\",\"description\":\"\"},{\"image\":\"https:\\\/\\\/mandabokor.lutheran.hu\\\/wp-content\\\/uploads\\\/2017\\\/02\\\/DSC_0814-1024x683.jpg\",\"big\":\"https:\\\/\\\/mandabokor.lutheran.hu\\\/wp-content\\\/uploads\\\/2017\\\/02\\\/DSC_0814-1024x683.jpg\",\"thumb\":\"https:\\\/\\\/mandabokor.lutheran.hu\\\/wp-content\\\/uploads\\\/2017\\\/02\\\/DSC_0814-150x150.jpg\",\"title\":\"DSC_0814\",\"description\":\"\"},{\"image\":\"https:\\\/\\\/mandabokor.lutheran.hu\\\/wp-content\\\/uploads\\\/2017\\\/02\\\/DSC_0819-1-1024x683.jpg\",\"big\":\"https:\\\/\\\/mandabokor.lutheran.hu\\\/wp-content\\\/uploads\\\/2017\\\/02\\\/DSC_0819-1-1024x683.jpg\",\"thumb\":\"https:\\\/\\\/mandabokor.lutheran.hu\\\/wp-content\\\/uploads\\\/2017\\\/02\\\/DSC_0819-1-150x150.jpg\",\"title\":\"DSC_0819\",\"description\":\"\"},{\"image\":\"https:\\\/\\\/mandabokor.lutheran.hu\\\/wp-content\\\/uploads\\\/2017\\\/02\\\/DSC_0831-1024x683.jpg\",\"big\":\"https:\\\/\\\/mandabokor.lutheran.hu\\\/wp-content\\\/uploads\\\/2017\\\/02\\\/DSC_0831-1024x683.jpg\",\"thumb\":\"https:\\\/\\\/mandabokor.lutheran.hu\\\/wp-content\\\/uploads\\\/2017\\\/02\\\/DSC_0831-150x150.jpg\",\"title\":\"DSC_0831\",\"description\":\"\"}],\"width\":\"auto\",\"height\":0.76,\"autoplay\":false,\"transition\":\"slide\",\"initialTransition\":\"fade\",\"transitionSpeed\":0,\"_delayTime\":4000,\"_hideControls\":false,\"_thumbnailMode\":\"grid\",\"_captionMode\":\"on_expand\"}); });<\/script>\n","protected":false},"excerpt":{"rendered":"","protected":false},"author":2,"featured_media":0,"parent":0,"menu_order":0,"comment_status":"closed","ping_status":"closed","template":"","meta":{"_monsterinsights_skip_tracking":false,"_monsterinsights_sitenote_active":false,"_monsterinsights_sitenote_note":"","_monsterinsights_sitenote_category":0},"_links":{"self":[{"href":"https:\/\/mandabokor.lutheran.hu\/index.php?rest_route=\/wp\/v2\/pages\/1177"}],"collection":[{"href":"https:\/\/mandabokor.lutheran.hu\/index.php?rest_route=\/wp\/v2\/pages"}],"about":[{"href":"https:\/\/mandabokor.lutheran.hu\/index.php?rest_route=\/wp\/v2\/types\/page"}],"author":[{"embeddable":true,"href":"https:\/\/mandabokor.lutheran.hu\/index.php?rest_route=\/wp\/v2\/users\/2"}],"replies":[{"embeddable":true,"href":"https:\/\/mandabokor.lutheran.hu\/index.php?rest_route=%2Fwp%2Fv2%2Fcomments&post=1177"}],"version-history":[{"count":2,"href":"https:\/\/mandabokor.lutheran.hu\/index.php?rest_route=\/wp\/v2\/pages\/1177\/revisions"}],"predecessor-version":[{"id":2788,"href":"https:\/\/mandabokor.lutheran.hu\/index.php?rest_route=\/wp\/v2\/pages\/1177\/revisions\/2788"}],"wp:attachment":[{"href":"https:\/\/mandabokor.lutheran.hu\/index.php?rest_route=%2Fwp%2Fv2%2Fmedia&parent=1177"}],"curies":[{"name":"wp","href":"https:\/\/api.w.org\/{rel}","templated":true}]}}