{"id":11558,"date":"2025-01-27T07:58:07","date_gmt":"2025-01-27T07:58:07","guid":{"rendered":"http:\/\/mandabokor.lutheran.hu\/?page_id=11558"},"modified":"2025-03-31T15:42:57","modified_gmt":"2025-03-31T15:42:57","slug":"hazas-es-csalados-hetvege","status":"publish","type":"page","link":"https:\/\/mandabokor.lutheran.hu\/?page_id=11558","title":{"rendered":"H\u00e1zas &#8211; \u00e9s Csal\u00e1dos h\u00e9tv\u00e9ge"},"content":{"rendered":"<div id=\"amw_galleria_slideshow_1\" class=\"amw-galleria-slideshow\"><\/div>\n<script type=\"text\/javascript\">jQuery(document).ready(function(){ jQuery(\"#amw_galleria_slideshow_1\").galleria({\"dataSource\":[{\"image\":\"https:\\\/\\\/mandabokor.lutheran.hu\\\/wp-content\\\/uploads\\\/2025\\\/03\\\/IMG_9310-1024x576.jpg\",\"big\":\"https:\\\/\\\/mandabokor.lutheran.hu\\\/wp-content\\\/uploads\\\/2025\\\/03\\\/IMG_9310-1024x576.jpg\",\"thumb\":\"https:\\\/\\\/mandabokor.lutheran.hu\\\/wp-content\\\/uploads\\\/2025\\\/03\\\/IMG_9310-150x150.jpg\",\"title\":\"IMG_9310\",\"description\":\"\"},{\"image\":\"https:\\\/\\\/mandabokor.lutheran.hu\\\/wp-content\\\/uploads\\\/2025\\\/03\\\/IMG_9298-768x1024.jpg\",\"big\":\"https:\\\/\\\/mandabokor.lutheran.hu\\\/wp-content\\\/uploads\\\/2025\\\/03\\\/IMG_9298-768x1024.jpg\",\"thumb\":\"https:\\\/\\\/mandabokor.lutheran.hu\\\/wp-content\\\/uploads\\\/2025\\\/03\\\/IMG_9298-150x150.jpg\",\"title\":\"IMG_9298\",\"description\":\"\"},{\"image\":\"https:\\\/\\\/mandabokor.lutheran.hu\\\/wp-content\\\/uploads\\\/2025\\\/03\\\/IMG_9295-1024x576.jpg\",\"big\":\"https:\\\/\\\/mandabokor.lutheran.hu\\\/wp-content\\\/uploads\\\/2025\\\/03\\\/IMG_9295-1024x576.jpg\",\"thumb\":\"https:\\\/\\\/mandabokor.lutheran.hu\\\/wp-content\\\/uploads\\\/2025\\\/03\\\/IMG_9295-150x150.jpg\",\"title\":\"IMG_9295\",\"description\":\"\"},{\"image\":\"https:\\\/\\\/mandabokor.lutheran.hu\\\/wp-content\\\/uploads\\\/2025\\\/03\\\/IMG_9294-1024x576.jpg\",\"big\":\"https:\\\/\\\/mandabokor.lutheran.hu\\\/wp-content\\\/uploads\\\/2025\\\/03\\\/IMG_9294-1024x576.jpg\",\"thumb\":\"https:\\\/\\\/mandabokor.lutheran.hu\\\/wp-content\\\/uploads\\\/2025\\\/03\\\/IMG_9294-150x150.jpg\",\"title\":\"IMG_9294\",\"description\":\"\"},{\"image\":\"https:\\\/\\\/mandabokor.lutheran.hu\\\/wp-content\\\/uploads\\\/2025\\\/03\\\/IMG_9292-1024x768.jpg\",\"big\":\"https:\\\/\\\/mandabokor.lutheran.hu\\\/wp-content\\\/uploads\\\/2025\\\/03\\\/IMG_9292-1024x768.jpg\",\"thumb\":\"https:\\\/\\\/mandabokor.lutheran.hu\\\/wp-content\\\/uploads\\\/2025\\\/03\\\/IMG_9292-150x150.jpg\",\"title\":\"IMG_9292\",\"description\":\"\"},{\"image\":\"https:\\\/\\\/mandabokor.lutheran.hu\\\/wp-content\\\/uploads\\\/2025\\\/03\\\/IMG_9291-1024x768.jpg\",\"big\":\"https:\\\/\\\/mandabokor.lutheran.hu\\\/wp-content\\\/uploads\\\/2025\\\/03\\\/IMG_9291-1024x768.jpg\",\"thumb\":\"https:\\\/\\\/mandabokor.lutheran.hu\\\/wp-content\\\/uploads\\\/2025\\\/03\\\/IMG_9291-150x150.jpg\",\"title\":\"IMG_9291\",\"description\":\"\"},{\"image\":\"https:\\\/\\\/mandabokor.lutheran.hu\\\/wp-content\\\/uploads\\\/2025\\\/03\\\/IMG_9285-1024x768.jpg\",\"big\":\"https:\\\/\\\/mandabokor.lutheran.hu\\\/wp-content\\\/uploads\\\/2025\\\/03\\\/IMG_9285-1024x768.jpg\",\"thumb\":\"https:\\\/\\\/mandabokor.lutheran.hu\\\/wp-content\\\/uploads\\\/2025\\\/03\\\/IMG_9285-150x150.jpg\",\"title\":\"IMG_9285\",\"description\":\"\"},{\"image\":\"https:\\\/\\\/mandabokor.lutheran.hu\\\/wp-content\\\/uploads\\\/2025\\\/03\\\/IMG_9282-1024x576.jpg\",\"big\":\"https:\\\/\\\/mandabokor.lutheran.hu\\\/wp-content\\\/uploads\\\/2025\\\/03\\\/IMG_9282-1024x576.jpg\",\"thumb\":\"https:\\\/\\\/mandabokor.lutheran.hu\\\/wp-content\\\/uploads\\\/2025\\\/03\\\/IMG_9282-150x150.jpg\",\"title\":\"IMG_9282\",\"description\":\"\"},{\"image\":\"https:\\\/\\\/mandabokor.lutheran.hu\\\/wp-content\\\/uploads\\\/2025\\\/03\\\/IMG_9280-1024x576.jpg\",\"big\":\"https:\\\/\\\/mandabokor.lutheran.hu\\\/wp-content\\\/uploads\\\/2025\\\/03\\\/IMG_9280-1024x576.jpg\",\"thumb\":\"https:\\\/\\\/mandabokor.lutheran.hu\\\/wp-content\\\/uploads\\\/2025\\\/03\\\/IMG_9280-150x150.jpg\",\"title\":\"IMG_9280\",\"description\":\"\"},{\"image\":\"https:\\\/\\\/mandabokor.lutheran.hu\\\/wp-content\\\/uploads\\\/2025\\\/03\\\/IMG_9256-1024x576.jpg\",\"big\":\"https:\\\/\\\/mandabokor.lutheran.hu\\\/wp-content\\\/uploads\\\/2025\\\/03\\\/IMG_9256-1024x576.jpg\",\"thumb\":\"https:\\\/\\\/mandabokor.lutheran.hu\\\/wp-content\\\/uploads\\\/2025\\\/03\\\/IMG_9256-150x150.jpg\",\"title\":\"IMG_9256\",\"description\":\"\"},{\"image\":\"https:\\\/\\\/mandabokor.lutheran.hu\\\/wp-content\\\/uploads\\\/2025\\\/03\\\/IMG_9250-1024x768.jpg\",\"big\":\"https:\\\/\\\/mandabokor.lutheran.hu\\\/wp-content\\\/uploads\\\/2025\\\/03\\\/IMG_9250-1024x768.jpg\",\"thumb\":\"https:\\\/\\\/mandabokor.lutheran.hu\\\/wp-content\\\/uploads\\\/2025\\\/03\\\/IMG_9250-150x150.jpg\",\"title\":\"IMG_9250\",\"description\":\"\"},{\"image\":\"https:\\\/\\\/mandabokor.lutheran.hu\\\/wp-content\\\/uploads\\\/2025\\\/03\\\/IMG_9239-1024x768.jpg\",\"big\":\"https:\\\/\\\/mandabokor.lutheran.hu\\\/wp-content\\\/uploads\\\/2025\\\/03\\\/IMG_9239-1024x768.jpg\",\"thumb\":\"https:\\\/\\\/mandabokor.lutheran.hu\\\/wp-content\\\/uploads\\\/2025\\\/03\\\/IMG_9239-150x150.jpg\",\"title\":\"IMG_9239\",\"description\":\"\"},{\"image\":\"https:\\\/\\\/mandabokor.lutheran.hu\\\/wp-content\\\/uploads\\\/2025\\\/03\\\/IMG_9183-1024x576.jpg\",\"big\":\"https:\\\/\\\/mandabokor.lutheran.hu\\\/wp-content\\\/uploads\\\/2025\\\/03\\\/IMG_9183-1024x576.jpg\",\"thumb\":\"https:\\\/\\\/mandabokor.lutheran.hu\\\/wp-content\\\/uploads\\\/2025\\\/03\\\/IMG_9183-150x150.jpg\",\"title\":\"IMG_9183\",\"description\":\"\"},{\"image\":\"https:\\\/\\\/mandabokor.lutheran.hu\\\/wp-content\\\/uploads\\\/2025\\\/03\\\/IMG_9191-1024x576.jpg\",\"big\":\"https:\\\/\\\/mandabokor.lutheran.hu\\\/wp-content\\\/uploads\\\/2025\\\/03\\\/IMG_9191-1024x576.jpg\",\"thumb\":\"https:\\\/\\\/mandabokor.lutheran.hu\\\/wp-content\\\/uploads\\\/2025\\\/03\\\/IMG_9191-150x150.jpg\",\"title\":\"IMG_9191\",\"description\":\"\"},{\"image\":\"https:\\\/\\\/mandabokor.lutheran.hu\\\/wp-content\\\/uploads\\\/2025\\\/03\\\/IMG_9193-1024x576.jpg\",\"big\":\"https:\\\/\\\/mandabokor.lutheran.hu\\\/wp-content\\\/uploads\\\/2025\\\/03\\\/IMG_9193-1024x576.jpg\",\"thumb\":\"https:\\\/\\\/mandabokor.lutheran.hu\\\/wp-content\\\/uploads\\\/2025\\\/03\\\/IMG_9193-150x150.jpg\",\"title\":\"IMG_9193\",\"description\":\"\"},{\"image\":\"https:\\\/\\\/mandabokor.lutheran.hu\\\/wp-content\\\/uploads\\\/2025\\\/03\\\/IMG_9194-1024x768.jpg\",\"big\":\"https:\\\/\\\/mandabokor.lutheran.hu\\\/wp-content\\\/uploads\\\/2025\\\/03\\\/IMG_9194-1024x768.jpg\",\"thumb\":\"https:\\\/\\\/mandabokor.lutheran.hu\\\/wp-content\\\/uploads\\\/2025\\\/03\\\/IMG_9194-150x150.jpg\",\"title\":\"IMG_9194\",\"description\":\"\"},{\"image\":\"https:\\\/\\\/mandabokor.lutheran.hu\\\/wp-content\\\/uploads\\\/2025\\\/03\\\/IMG_9199-1024x576.jpg\",\"big\":\"https:\\\/\\\/mandabokor.lutheran.hu\\\/wp-content\\\/uploads\\\/2025\\\/03\\\/IMG_9199-1024x576.jpg\",\"thumb\":\"https:\\\/\\\/mandabokor.lutheran.hu\\\/wp-content\\\/uploads\\\/2025\\\/03\\\/IMG_9199-150x150.jpg\",\"title\":\"IMG_9199\",\"description\":\"\"},{\"image\":\"https:\\\/\\\/mandabokor.lutheran.hu\\\/wp-content\\\/uploads\\\/2025\\\/03\\\/IMG_9206-1024x768.jpg\",\"big\":\"https:\\\/\\\/mandabokor.lutheran.hu\\\/wp-content\\\/uploads\\\/2025\\\/03\\\/IMG_9206-1024x768.jpg\",\"thumb\":\"https:\\\/\\\/mandabokor.lutheran.hu\\\/wp-content\\\/uploads\\\/2025\\\/03\\\/IMG_9206-150x150.jpg\",\"title\":\"IMG_9206\",\"description\":\"\"},{\"image\":\"https:\\\/\\\/mandabokor.lutheran.hu\\\/wp-content\\\/uploads\\\/2025\\\/03\\\/IMG_9210-768x1024.jpg\",\"big\":\"https:\\\/\\\/mandabokor.lutheran.hu\\\/wp-content\\\/uploads\\\/2025\\\/03\\\/IMG_9210-768x1024.jpg\",\"thumb\":\"https:\\\/\\\/mandabokor.lutheran.hu\\\/wp-content\\\/uploads\\\/2025\\\/03\\\/IMG_9210-150x150.jpg\",\"title\":\"IMG_9210\",\"description\":\"\"},{\"image\":\"https:\\\/\\\/mandabokor.lutheran.hu\\\/wp-content\\\/uploads\\\/2025\\\/03\\\/IMG_9212-1024x768.jpg\",\"big\":\"https:\\\/\\\/mandabokor.lutheran.hu\\\/wp-content\\\/uploads\\\/2025\\\/03\\\/IMG_9212-1024x768.jpg\",\"thumb\":\"https:\\\/\\\/mandabokor.lutheran.hu\\\/wp-content\\\/uploads\\\/2025\\\/03\\\/IMG_9212-150x150.jpg\",\"title\":\"IMG_9212\",\"description\":\"\"},{\"image\":\"https:\\\/\\\/mandabokor.lutheran.hu\\\/wp-content\\\/uploads\\\/2025\\\/03\\\/IMG_9217-1024x768.jpg\",\"big\":\"https:\\\/\\\/mandabokor.lutheran.hu\\\/wp-content\\\/uploads\\\/2025\\\/03\\\/IMG_9217-1024x768.jpg\",\"thumb\":\"https:\\\/\\\/mandabokor.lutheran.hu\\\/wp-content\\\/uploads\\\/2025\\\/03\\\/IMG_9217-150x150.jpg\",\"title\":\"IMG_9217\",\"description\":\"\"},{\"image\":\"https:\\\/\\\/mandabokor.lutheran.hu\\\/wp-content\\\/uploads\\\/2025\\\/03\\\/IMG_9220-1024x768.jpg\",\"big\":\"https:\\\/\\\/mandabokor.lutheran.hu\\\/wp-content\\\/uploads\\\/2025\\\/03\\\/IMG_9220-1024x768.jpg\",\"thumb\":\"https:\\\/\\\/mandabokor.lutheran.hu\\\/wp-content\\\/uploads\\\/2025\\\/03\\\/IMG_9220-150x150.jpg\",\"title\":\"IMG_9220\",\"description\":\"\"},{\"image\":\"https:\\\/\\\/mandabokor.lutheran.hu\\\/wp-content\\\/uploads\\\/2025\\\/03\\\/IMG_9234-768x1024.jpg\",\"big\":\"https:\\\/\\\/mandabokor.lutheran.hu\\\/wp-content\\\/uploads\\\/2025\\\/03\\\/IMG_9234-768x1024.jpg\",\"thumb\":\"https:\\\/\\\/mandabokor.lutheran.hu\\\/wp-content\\\/uploads\\\/2025\\\/03\\\/IMG_9234-150x150.jpg\",\"title\":\"IMG_9234\",\"description\":\"\"},{\"image\":\"https:\\\/\\\/mandabokor.lutheran.hu\\\/wp-content\\\/uploads\\\/2025\\\/03\\\/IMG_9235-1024x768.jpg\",\"big\":\"https:\\\/\\\/mandabokor.lutheran.hu\\\/wp-content\\\/uploads\\\/2025\\\/03\\\/IMG_9235-1024x768.jpg\",\"thumb\":\"https:\\\/\\\/mandabokor.lutheran.hu\\\/wp-content\\\/uploads\\\/2025\\\/03\\\/IMG_9235-150x150.jpg\",\"title\":\"IMG_9235\",\"description\":\"\"},{\"image\":\"https:\\\/\\\/mandabokor.lutheran.hu\\\/wp-content\\\/uploads\\\/2025\\\/03\\\/IMG_9182-1024x768.jpg\",\"big\":\"https:\\\/\\\/mandabokor.lutheran.hu\\\/wp-content\\\/uploads\\\/2025\\\/03\\\/IMG_9182-1024x768.jpg\",\"thumb\":\"https:\\\/\\\/mandabokor.lutheran.hu\\\/wp-content\\\/uploads\\\/2025\\\/03\\\/IMG_9182-150x150.jpg\",\"title\":\"IMG_9182\",\"description\":\"\"},{\"image\":\"https:\\\/\\\/mandabokor.lutheran.hu\\\/wp-content\\\/uploads\\\/2025\\\/03\\\/IMG_9181-1024x576.jpg\",\"big\":\"https:\\\/\\\/mandabokor.lutheran.hu\\\/wp-content\\\/uploads\\\/2025\\\/03\\\/IMG_9181-1024x576.jpg\",\"thumb\":\"https:\\\/\\\/mandabokor.lutheran.hu\\\/wp-content\\\/uploads\\\/2025\\\/03\\\/IMG_9181-150x150.jpg\",\"title\":\"IMG_9181\",\"description\":\"\"},{\"image\":\"https:\\\/\\\/mandabokor.lutheran.hu\\\/wp-content\\\/uploads\\\/2025\\\/03\\\/IMG_9179-1024x576.jpg\",\"big\":\"https:\\\/\\\/mandabokor.lutheran.hu\\\/wp-content\\\/uploads\\\/2025\\\/03\\\/IMG_9179-1024x576.jpg\",\"thumb\":\"https:\\\/\\\/mandabokor.lutheran.hu\\\/wp-content\\\/uploads\\\/2025\\\/03\\\/IMG_9179-150x150.jpg\",\"title\":\"IMG_9179\",\"description\":\"\"},{\"image\":\"https:\\\/\\\/mandabokor.lutheran.hu\\\/wp-content\\\/uploads\\\/2025\\\/03\\\/IMG_9176-1024x576.jpg\",\"big\":\"https:\\\/\\\/mandabokor.lutheran.hu\\\/wp-content\\\/uploads\\\/2025\\\/03\\\/IMG_9176-1024x576.jpg\",\"thumb\":\"https:\\\/\\\/mandabokor.lutheran.hu\\\/wp-content\\\/uploads\\\/2025\\\/03\\\/IMG_9176-150x150.jpg\",\"title\":\"IMG_9176\",\"description\":\"\"},{\"image\":\"https:\\\/\\\/mandabokor.lutheran.hu\\\/wp-content\\\/uploads\\\/2025\\\/03\\\/IMG_9174-1024x576.jpg\",\"big\":\"https:\\\/\\\/mandabokor.lutheran.hu\\\/wp-content\\\/uploads\\\/2025\\\/03\\\/IMG_9174-1024x576.jpg\",\"thumb\":\"https:\\\/\\\/mandabokor.lutheran.hu\\\/wp-content\\\/uploads\\\/2025\\\/03\\\/IMG_9174-150x150.jpg\",\"title\":\"IMG_9174\",\"description\":\"\"},{\"image\":\"https:\\\/\\\/mandabokor.lutheran.hu\\\/wp-content\\\/uploads\\\/2025\\\/03\\\/IMG_9173-1024x576.jpg\",\"big\":\"https:\\\/\\\/mandabokor.lutheran.hu\\\/wp-content\\\/uploads\\\/2025\\\/03\\\/IMG_9173-1024x576.jpg\",\"thumb\":\"https:\\\/\\\/mandabokor.lutheran.hu\\\/wp-content\\\/uploads\\\/2025\\\/03\\\/IMG_9173-150x150.jpg\",\"title\":\"IMG_9173\",\"description\":\"\"},{\"image\":\"https:\\\/\\\/mandabokor.lutheran.hu\\\/wp-content\\\/uploads\\\/2025\\\/03\\\/IMG_1386-2-1024x768.jpeg\",\"big\":\"https:\\\/\\\/mandabokor.lutheran.hu\\\/wp-content\\\/uploads\\\/2025\\\/03\\\/IMG_1386-2-1024x768.jpeg\",\"thumb\":\"https:\\\/\\\/mandabokor.lutheran.hu\\\/wp-content\\\/uploads\\\/2025\\\/03\\\/IMG_1386-2-150x150.jpeg\",\"title\":\"IMG_1386 2\",\"description\":\"\"},{\"image\":\"https:\\\/\\\/mandabokor.lutheran.hu\\\/wp-content\\\/uploads\\\/2025\\\/03\\\/IMG_1385-2-1024x768.jpeg\",\"big\":\"https:\\\/\\\/mandabokor.lutheran.hu\\\/wp-content\\\/uploads\\\/2025\\\/03\\\/IMG_1385-2-1024x768.jpeg\",\"thumb\":\"https:\\\/\\\/mandabokor.lutheran.hu\\\/wp-content\\\/uploads\\\/2025\\\/03\\\/IMG_1385-2-150x150.jpeg\",\"title\":\"IMG_1385 2\",\"description\":\"\"},{\"image\":\"https:\\\/\\\/mandabokor.lutheran.hu\\\/wp-content\\\/uploads\\\/2025\\\/03\\\/IMG_1384-1-2-1024x768.jpeg\",\"big\":\"https:\\\/\\\/mandabokor.lutheran.hu\\\/wp-content\\\/uploads\\\/2025\\\/03\\\/IMG_1384-1-2-1024x768.jpeg\",\"thumb\":\"https:\\\/\\\/mandabokor.lutheran.hu\\\/wp-content\\\/uploads\\\/2025\\\/03\\\/IMG_1384-1-2-150x150.jpeg\",\"title\":\"IMG_1384 (1) 2\",\"description\":\"\"},{\"image\":\"https:\\\/\\\/mandabokor.lutheran.hu\\\/wp-content\\\/uploads\\\/2025\\\/03\\\/IMG_1383-1024x768.jpeg\",\"big\":\"https:\\\/\\\/mandabokor.lutheran.hu\\\/wp-content\\\/uploads\\\/2025\\\/03\\\/IMG_1383-1024x768.jpeg\",\"thumb\":\"https:\\\/\\\/mandabokor.lutheran.hu\\\/wp-content\\\/uploads\\\/2025\\\/03\\\/IMG_1383-150x150.jpeg\",\"title\":\"IMG_1383\",\"description\":\"\"},{\"image\":\"https:\\\/\\\/mandabokor.lutheran.hu\\\/wp-content\\\/uploads\\\/2025\\\/03\\\/IMG_1382-2-1024x768.jpeg\",\"big\":\"https:\\\/\\\/mandabokor.lutheran.hu\\\/wp-content\\\/uploads\\\/2025\\\/03\\\/IMG_1382-2-1024x768.jpeg\",\"thumb\":\"https:\\\/\\\/mandabokor.lutheran.hu\\\/wp-content\\\/uploads\\\/2025\\\/03\\\/IMG_1382-2-150x150.jpeg\",\"title\":\"IMG_1382 2\",\"description\":\"\"},{\"image\":\"https:\\\/\\\/mandabokor.lutheran.hu\\\/wp-content\\\/uploads\\\/2025\\\/03\\\/IMG_1380-1-1024x768.jpeg\",\"big\":\"https:\\\/\\\/mandabokor.lutheran.hu\\\/wp-content\\\/uploads\\\/2025\\\/03\\\/IMG_1380-1-1024x768.jpeg\",\"thumb\":\"https:\\\/\\\/mandabokor.lutheran.hu\\\/wp-content\\\/uploads\\\/2025\\\/03\\\/IMG_1380-1-150x150.jpeg\",\"title\":\"IMG_1380 (1)\",\"description\":\"\"},{\"image\":\"https:\\\/\\\/mandabokor.lutheran.hu\\\/wp-content\\\/uploads\\\/2025\\\/03\\\/IMG_1379-2-1024x768.jpeg\",\"big\":\"https:\\\/\\\/mandabokor.lutheran.hu\\\/wp-content\\\/uploads\\\/2025\\\/03\\\/IMG_1379-2-1024x768.jpeg\",\"thumb\":\"https:\\\/\\\/mandabokor.lutheran.hu\\\/wp-content\\\/uploads\\\/2025\\\/03\\\/IMG_1379-2-150x150.jpeg\",\"title\":\"IMG_1379 2\",\"description\":\"\"},{\"image\":\"https:\\\/\\\/mandabokor.lutheran.hu\\\/wp-content\\\/uploads\\\/2025\\\/03\\\/455832094_525601226627176_5404790855279525461_n-1024x767.jpg\",\"big\":\"https:\\\/\\\/mandabokor.lutheran.hu\\\/wp-content\\\/uploads\\\/2025\\\/03\\\/455832094_525601226627176_5404790855279525461_n-1024x767.jpg\",\"thumb\":\"https:\\\/\\\/mandabokor.lutheran.hu\\\/wp-content\\\/uploads\\\/2025\\\/03\\\/455832094_525601226627176_5404790855279525461_n-150x150.jpg\",\"title\":\"455832094_525601226627176_5404790855279525461_n\",\"description\":\"\"}],\"width\":\"auto\",\"height\":0.76,\"autoplay\":false,\"transition\":\"slide\",\"initialTransition\":\"fade\",\"transitionSpeed\":0,\"_delayTime\":4000,\"_hideControls\":false,\"_thumbnailMode\":\"grid\",\"_captionMode\":\"on_expand\"}); });<\/script>\n","protected":false},"excerpt":{"rendered":"","protected":false},"author":2,"featured_media":0,"parent":0,"menu_order":0,"comment_status":"closed","ping_status":"closed","template":"","meta":{"_monsterinsights_skip_tracking":false,"_monsterinsights_sitenote_active":false,"_monsterinsights_sitenote_note":"","_monsterinsights_sitenote_category":0},"_links":{"self":[{"href":"https:\/\/mandabokor.lutheran.hu\/index.php?rest_route=\/wp\/v2\/pages\/11558"}],"collection":[{"href":"https:\/\/mandabokor.lutheran.hu\/index.php?rest_route=\/wp\/v2\/pages"}],"about":[{"href":"https:\/\/mandabokor.lutheran.hu\/index.php?rest_route=\/wp\/v2\/types\/page"}],"author":[{"embeddable":true,"href":"https:\/\/mandabokor.lutheran.hu\/index.php?rest_route=\/wp\/v2\/users\/2"}],"replies":[{"embeddable":true,"href":"https:\/\/mandabokor.lutheran.hu\/index.php?rest_route=%2Fwp%2Fv2%2Fcomments&post=11558"}],"version-history":[{"count":4,"href":"https:\/\/mandabokor.lutheran.hu\/index.php?rest_route=\/wp\/v2\/pages\/11558\/revisions"}],"predecessor-version":[{"id":11809,"href":"https:\/\/mandabokor.lutheran.hu\/index.php?rest_route=\/wp\/v2\/pages\/11558\/revisions\/11809"}],"wp:attachment":[{"href":"https:\/\/mandabokor.lutheran.hu\/index.php?rest_route=%2Fwp%2Fv2%2Fmedia&parent=11558"}],"curies":[{"name":"wp","href":"https:\/\/api.w.org\/{rel}","templated":true}]}}