{"id":11540,"date":"2025-01-27T07:43:33","date_gmt":"2025-01-27T07:43:33","guid":{"rendered":"http:\/\/mandabokor.lutheran.hu\/?page_id=11540"},"modified":"2025-02-24T17:10:35","modified_gmt":"2025-02-24T17:10:35","slug":"csaladbarat-sziget-kialakitasa","status":"publish","type":"page","link":"https:\/\/mandabokor.lutheran.hu\/?page_id=11540","title":{"rendered":"Csal\u00e1dbar\u00e1t sziget kialak\u00edt\u00e1sa"},"content":{"rendered":"<div id=\"amw_galleria_slideshow_1\" class=\"amw-galleria-slideshow\"><\/div>\n<script type=\"text\/javascript\">jQuery(document).ready(function(){ jQuery(\"#amw_galleria_slideshow_1\").galleria({\"dataSource\":[{\"image\":\"https:\\\/\\\/mandabokor.lutheran.hu\\\/wp-content\\\/uploads\\\/2025\\\/02\\\/IMG_0195-1024x768.jpeg\",\"big\":\"https:\\\/\\\/mandabokor.lutheran.hu\\\/wp-content\\\/uploads\\\/2025\\\/02\\\/IMG_0195-1024x768.jpeg\",\"thumb\":\"https:\\\/\\\/mandabokor.lutheran.hu\\\/wp-content\\\/uploads\\\/2025\\\/02\\\/IMG_0195-150x150.jpeg\",\"title\":\"IMG_0195\",\"description\":\"\"},{\"image\":\"https:\\\/\\\/mandabokor.lutheran.hu\\\/wp-content\\\/uploads\\\/2025\\\/02\\\/IMG_0196-768x1024.jpeg\",\"big\":\"https:\\\/\\\/mandabokor.lutheran.hu\\\/wp-content\\\/uploads\\\/2025\\\/02\\\/IMG_0196-768x1024.jpeg\",\"thumb\":\"https:\\\/\\\/mandabokor.lutheran.hu\\\/wp-content\\\/uploads\\\/2025\\\/02\\\/IMG_0196-150x150.jpeg\",\"title\":\"IMG_0196\",\"description\":\"\"},{\"image\":\"https:\\\/\\\/mandabokor.lutheran.hu\\\/wp-content\\\/uploads\\\/2025\\\/02\\\/IMG_0200-1024x768.jpeg\",\"big\":\"https:\\\/\\\/mandabokor.lutheran.hu\\\/wp-content\\\/uploads\\\/2025\\\/02\\\/IMG_0200-1024x768.jpeg\",\"thumb\":\"https:\\\/\\\/mandabokor.lutheran.hu\\\/wp-content\\\/uploads\\\/2025\\\/02\\\/IMG_0200-150x150.jpeg\",\"title\":\"IMG_0200\",\"description\":\"\"},{\"image\":\"https:\\\/\\\/mandabokor.lutheran.hu\\\/wp-content\\\/uploads\\\/2025\\\/02\\\/IMG_0638-1024x768.jpeg\",\"big\":\"https:\\\/\\\/mandabokor.lutheran.hu\\\/wp-content\\\/uploads\\\/2025\\\/02\\\/IMG_0638-1024x768.jpeg\",\"thumb\":\"https:\\\/\\\/mandabokor.lutheran.hu\\\/wp-content\\\/uploads\\\/2025\\\/02\\\/IMG_0638-150x150.jpeg\",\"title\":\"IMG_0638\",\"description\":\"\"},{\"image\":\"https:\\\/\\\/mandabokor.lutheran.hu\\\/wp-content\\\/uploads\\\/2025\\\/02\\\/IMG_0639-1024x768.jpeg\",\"big\":\"https:\\\/\\\/mandabokor.lutheran.hu\\\/wp-content\\\/uploads\\\/2025\\\/02\\\/IMG_0639-1024x768.jpeg\",\"thumb\":\"https:\\\/\\\/mandabokor.lutheran.hu\\\/wp-content\\\/uploads\\\/2025\\\/02\\\/IMG_0639-150x150.jpeg\",\"title\":\"IMG_0639\",\"description\":\"\"},{\"image\":\"https:\\\/\\\/mandabokor.lutheran.hu\\\/wp-content\\\/uploads\\\/2025\\\/02\\\/IMG_0641-1024x768.jpeg\",\"big\":\"https:\\\/\\\/mandabokor.lutheran.hu\\\/wp-content\\\/uploads\\\/2025\\\/02\\\/IMG_0641-1024x768.jpeg\",\"thumb\":\"https:\\\/\\\/mandabokor.lutheran.hu\\\/wp-content\\\/uploads\\\/2025\\\/02\\\/IMG_0641-150x150.jpeg\",\"title\":\"IMG_0641\",\"description\":\"\"},{\"image\":\"https:\\\/\\\/mandabokor.lutheran.hu\\\/wp-content\\\/uploads\\\/2025\\\/02\\\/IMG_0642-1024x768.jpeg\",\"big\":\"https:\\\/\\\/mandabokor.lutheran.hu\\\/wp-content\\\/uploads\\\/2025\\\/02\\\/IMG_0642-1024x768.jpeg\",\"thumb\":\"https:\\\/\\\/mandabokor.lutheran.hu\\\/wp-content\\\/uploads\\\/2025\\\/02\\\/IMG_0642-150x150.jpeg\",\"title\":\"IMG_0642\",\"description\":\"\"},{\"image\":\"https:\\\/\\\/mandabokor.lutheran.hu\\\/wp-content\\\/uploads\\\/2025\\\/02\\\/IMG_0643-1024x768.jpeg\",\"big\":\"https:\\\/\\\/mandabokor.lutheran.hu\\\/wp-content\\\/uploads\\\/2025\\\/02\\\/IMG_0643-1024x768.jpeg\",\"thumb\":\"https:\\\/\\\/mandabokor.lutheran.hu\\\/wp-content\\\/uploads\\\/2025\\\/02\\\/IMG_0643-150x150.jpeg\",\"title\":\"IMG_0643\",\"description\":\"\"},{\"image\":\"https:\\\/\\\/mandabokor.lutheran.hu\\\/wp-content\\\/uploads\\\/2025\\\/02\\\/IMG_0644-1024x768.jpeg\",\"big\":\"https:\\\/\\\/mandabokor.lutheran.hu\\\/wp-content\\\/uploads\\\/2025\\\/02\\\/IMG_0644-1024x768.jpeg\",\"thumb\":\"https:\\\/\\\/mandabokor.lutheran.hu\\\/wp-content\\\/uploads\\\/2025\\\/02\\\/IMG_0644-150x150.jpeg\",\"title\":\"IMG_0644\",\"description\":\"\"},{\"image\":\"https:\\\/\\\/mandabokor.lutheran.hu\\\/wp-content\\\/uploads\\\/2025\\\/02\\\/IMG_0645-768x1024.jpeg\",\"big\":\"https:\\\/\\\/mandabokor.lutheran.hu\\\/wp-content\\\/uploads\\\/2025\\\/02\\\/IMG_0645-768x1024.jpeg\",\"thumb\":\"https:\\\/\\\/mandabokor.lutheran.hu\\\/wp-content\\\/uploads\\\/2025\\\/02\\\/IMG_0645-150x150.jpeg\",\"title\":\"IMG_0645\",\"description\":\"\"},{\"image\":\"https:\\\/\\\/mandabokor.lutheran.hu\\\/wp-content\\\/uploads\\\/2025\\\/02\\\/IMG_0646-1024x768.jpeg\",\"big\":\"https:\\\/\\\/mandabokor.lutheran.hu\\\/wp-content\\\/uploads\\\/2025\\\/02\\\/IMG_0646-1024x768.jpeg\",\"thumb\":\"https:\\\/\\\/mandabokor.lutheran.hu\\\/wp-content\\\/uploads\\\/2025\\\/02\\\/IMG_0646-150x150.jpeg\",\"title\":\"IMG_0646\",\"description\":\"\"},{\"image\":\"https:\\\/\\\/mandabokor.lutheran.hu\\\/wp-content\\\/uploads\\\/2025\\\/02\\\/IMG_0658-1024x768.jpeg\",\"big\":\"https:\\\/\\\/mandabokor.lutheran.hu\\\/wp-content\\\/uploads\\\/2025\\\/02\\\/IMG_0658-1024x768.jpeg\",\"thumb\":\"https:\\\/\\\/mandabokor.lutheran.hu\\\/wp-content\\\/uploads\\\/2025\\\/02\\\/IMG_0658-150x150.jpeg\",\"title\":\"IMG_0658\",\"description\":\"\"},{\"image\":\"https:\\\/\\\/mandabokor.lutheran.hu\\\/wp-content\\\/uploads\\\/2025\\\/02\\\/IMG_0658-1024x768.jpg\",\"big\":\"https:\\\/\\\/mandabokor.lutheran.hu\\\/wp-content\\\/uploads\\\/2025\\\/02\\\/IMG_0658-1024x768.jpg\",\"thumb\":\"https:\\\/\\\/mandabokor.lutheran.hu\\\/wp-content\\\/uploads\\\/2025\\\/02\\\/IMG_0658-150x150.jpg\",\"title\":\"IMG_0658\",\"description\":\"\"},{\"image\":\"https:\\\/\\\/mandabokor.lutheran.hu\\\/wp-content\\\/uploads\\\/2025\\\/02\\\/IMG_0659-1-1024x768.jpg\",\"big\":\"https:\\\/\\\/mandabokor.lutheran.hu\\\/wp-content\\\/uploads\\\/2025\\\/02\\\/IMG_0659-1-1024x768.jpg\",\"thumb\":\"https:\\\/\\\/mandabokor.lutheran.hu\\\/wp-content\\\/uploads\\\/2025\\\/02\\\/IMG_0659-1-150x150.jpg\",\"title\":\"IMG_0659 (1)\",\"description\":\"\"},{\"image\":\"https:\\\/\\\/mandabokor.lutheran.hu\\\/wp-content\\\/uploads\\\/2025\\\/02\\\/IMG_0659-1024x768.jpeg\",\"big\":\"https:\\\/\\\/mandabokor.lutheran.hu\\\/wp-content\\\/uploads\\\/2025\\\/02\\\/IMG_0659-1024x768.jpeg\",\"thumb\":\"https:\\\/\\\/mandabokor.lutheran.hu\\\/wp-content\\\/uploads\\\/2025\\\/02\\\/IMG_0659-150x150.jpeg\",\"title\":\"IMG_0659\",\"description\":\"\"},{\"image\":\"https:\\\/\\\/mandabokor.lutheran.hu\\\/wp-content\\\/uploads\\\/2025\\\/02\\\/IMG_9195-1024x768.jpeg\",\"big\":\"https:\\\/\\\/mandabokor.lutheran.hu\\\/wp-content\\\/uploads\\\/2025\\\/02\\\/IMG_9195-1024x768.jpeg\",\"thumb\":\"https:\\\/\\\/mandabokor.lutheran.hu\\\/wp-content\\\/uploads\\\/2025\\\/02\\\/IMG_9195-150x150.jpeg\",\"title\":\"IMG_9195\",\"description\":\"\"},{\"image\":\"https:\\\/\\\/mandabokor.lutheran.hu\\\/wp-content\\\/uploads\\\/2025\\\/02\\\/IMG_9196-1024x768.jpeg\",\"big\":\"https:\\\/\\\/mandabokor.lutheran.hu\\\/wp-content\\\/uploads\\\/2025\\\/02\\\/IMG_9196-1024x768.jpeg\",\"thumb\":\"https:\\\/\\\/mandabokor.lutheran.hu\\\/wp-content\\\/uploads\\\/2025\\\/02\\\/IMG_9196-150x150.jpeg\",\"title\":\"IMG_9196\",\"description\":\"\"},{\"image\":\"https:\\\/\\\/mandabokor.lutheran.hu\\\/wp-content\\\/uploads\\\/2025\\\/02\\\/IMG_9198-1024x768.jpeg\",\"big\":\"https:\\\/\\\/mandabokor.lutheran.hu\\\/wp-content\\\/uploads\\\/2025\\\/02\\\/IMG_9198-1024x768.jpeg\",\"thumb\":\"https:\\\/\\\/mandabokor.lutheran.hu\\\/wp-content\\\/uploads\\\/2025\\\/02\\\/IMG_9198-150x150.jpeg\",\"title\":\"IMG_9198\",\"description\":\"\"},{\"image\":\"https:\\\/\\\/mandabokor.lutheran.hu\\\/wp-content\\\/uploads\\\/2025\\\/02\\\/IMG_9199-1024x768.jpeg\",\"big\":\"https:\\\/\\\/mandabokor.lutheran.hu\\\/wp-content\\\/uploads\\\/2025\\\/02\\\/IMG_9199-1024x768.jpeg\",\"thumb\":\"https:\\\/\\\/mandabokor.lutheran.hu\\\/wp-content\\\/uploads\\\/2025\\\/02\\\/IMG_9199-150x150.jpeg\",\"title\":\"IMG_9199\",\"description\":\"\"},{\"image\":\"https:\\\/\\\/mandabokor.lutheran.hu\\\/wp-content\\\/uploads\\\/2025\\\/02\\\/IMG_9201-1024x768.jpeg\",\"big\":\"https:\\\/\\\/mandabokor.lutheran.hu\\\/wp-content\\\/uploads\\\/2025\\\/02\\\/IMG_9201-1024x768.jpeg\",\"thumb\":\"https:\\\/\\\/mandabokor.lutheran.hu\\\/wp-content\\\/uploads\\\/2025\\\/02\\\/IMG_9201-150x150.jpeg\",\"title\":\"IMG_9201\",\"description\":\"\"},{\"image\":\"https:\\\/\\\/mandabokor.lutheran.hu\\\/wp-content\\\/uploads\\\/2025\\\/02\\\/IMG_9202-1024x768.jpeg\",\"big\":\"https:\\\/\\\/mandabokor.lutheran.hu\\\/wp-content\\\/uploads\\\/2025\\\/02\\\/IMG_9202-1024x768.jpeg\",\"thumb\":\"https:\\\/\\\/mandabokor.lutheran.hu\\\/wp-content\\\/uploads\\\/2025\\\/02\\\/IMG_9202-150x150.jpeg\",\"title\":\"IMG_9202\",\"description\":\"\"},{\"image\":\"https:\\\/\\\/mandabokor.lutheran.hu\\\/wp-content\\\/uploads\\\/2025\\\/02\\\/IMG_9333-1024x768.jpeg\",\"big\":\"https:\\\/\\\/mandabokor.lutheran.hu\\\/wp-content\\\/uploads\\\/2025\\\/02\\\/IMG_9333-1024x768.jpeg\",\"thumb\":\"https:\\\/\\\/mandabokor.lutheran.hu\\\/wp-content\\\/uploads\\\/2025\\\/02\\\/IMG_9333-150x150.jpeg\",\"title\":\"IMG_9333\",\"description\":\"\"},{\"image\":\"https:\\\/\\\/mandabokor.lutheran.hu\\\/wp-content\\\/uploads\\\/2025\\\/02\\\/IMG_9337-1024x768.jpeg\",\"big\":\"https:\\\/\\\/mandabokor.lutheran.hu\\\/wp-content\\\/uploads\\\/2025\\\/02\\\/IMG_9337-1024x768.jpeg\",\"thumb\":\"https:\\\/\\\/mandabokor.lutheran.hu\\\/wp-content\\\/uploads\\\/2025\\\/02\\\/IMG_9337-150x150.jpeg\",\"title\":\"IMG_9337\",\"description\":\"\"},{\"image\":\"https:\\\/\\\/mandabokor.lutheran.hu\\\/wp-content\\\/uploads\\\/2025\\\/02\\\/IMG_9347-1024x768.jpeg\",\"big\":\"https:\\\/\\\/mandabokor.lutheran.hu\\\/wp-content\\\/uploads\\\/2025\\\/02\\\/IMG_9347-1024x768.jpeg\",\"thumb\":\"https:\\\/\\\/mandabokor.lutheran.hu\\\/wp-content\\\/uploads\\\/2025\\\/02\\\/IMG_9347-150x150.jpeg\",\"title\":\"IMG_9347\",\"description\":\"\"},{\"image\":\"https:\\\/\\\/mandabokor.lutheran.hu\\\/wp-content\\\/uploads\\\/2025\\\/02\\\/IMG_9350-1024x768.jpeg\",\"big\":\"https:\\\/\\\/mandabokor.lutheran.hu\\\/wp-content\\\/uploads\\\/2025\\\/02\\\/IMG_9350-1024x768.jpeg\",\"thumb\":\"https:\\\/\\\/mandabokor.lutheran.hu\\\/wp-content\\\/uploads\\\/2025\\\/02\\\/IMG_9350-150x150.jpeg\",\"title\":\"IMG_9350\",\"description\":\"\"},{\"image\":\"https:\\\/\\\/mandabokor.lutheran.hu\\\/wp-content\\\/uploads\\\/2025\\\/02\\\/IMG_9351-1024x768.jpeg\",\"big\":\"https:\\\/\\\/mandabokor.lutheran.hu\\\/wp-content\\\/uploads\\\/2025\\\/02\\\/IMG_9351-1024x768.jpeg\",\"thumb\":\"https:\\\/\\\/mandabokor.lutheran.hu\\\/wp-content\\\/uploads\\\/2025\\\/02\\\/IMG_9351-150x150.jpeg\",\"title\":\"IMG_9351\",\"description\":\"\"},{\"image\":\"https:\\\/\\\/mandabokor.lutheran.hu\\\/wp-content\\\/uploads\\\/2025\\\/02\\\/IMG_9356-1024x768.jpeg\",\"big\":\"https:\\\/\\\/mandabokor.lutheran.hu\\\/wp-content\\\/uploads\\\/2025\\\/02\\\/IMG_9356-1024x768.jpeg\",\"thumb\":\"https:\\\/\\\/mandabokor.lutheran.hu\\\/wp-content\\\/uploads\\\/2025\\\/02\\\/IMG_9356-150x150.jpeg\",\"title\":\"IMG_9356\",\"description\":\"\"},{\"image\":\"https:\\\/\\\/mandabokor.lutheran.hu\\\/wp-content\\\/uploads\\\/2025\\\/02\\\/IMG_9357-1024x768.jpeg\",\"big\":\"https:\\\/\\\/mandabokor.lutheran.hu\\\/wp-content\\\/uploads\\\/2025\\\/02\\\/IMG_9357-1024x768.jpeg\",\"thumb\":\"https:\\\/\\\/mandabokor.lutheran.hu\\\/wp-content\\\/uploads\\\/2025\\\/02\\\/IMG_9357-150x150.jpeg\",\"title\":\"IMG_9357\",\"description\":\"\"},{\"image\":\"https:\\\/\\\/mandabokor.lutheran.hu\\\/wp-content\\\/uploads\\\/2025\\\/02\\\/IMG_9359-1024x768.jpeg\",\"big\":\"https:\\\/\\\/mandabokor.lutheran.hu\\\/wp-content\\\/uploads\\\/2025\\\/02\\\/IMG_9359-1024x768.jpeg\",\"thumb\":\"https:\\\/\\\/mandabokor.lutheran.hu\\\/wp-content\\\/uploads\\\/2025\\\/02\\\/IMG_9359-150x150.jpeg\",\"title\":\"IMG_9359\",\"description\":\"\"},{\"image\":\"https:\\\/\\\/mandabokor.lutheran.hu\\\/wp-content\\\/uploads\\\/2025\\\/02\\\/IMG_9361-1024x768.jpeg\",\"big\":\"https:\\\/\\\/mandabokor.lutheran.hu\\\/wp-content\\\/uploads\\\/2025\\\/02\\\/IMG_9361-1024x768.jpeg\",\"thumb\":\"https:\\\/\\\/mandabokor.lutheran.hu\\\/wp-content\\\/uploads\\\/2025\\\/02\\\/IMG_9361-150x150.jpeg\",\"title\":\"IMG_9361\",\"description\":\"\"},{\"image\":\"https:\\\/\\\/mandabokor.lutheran.hu\\\/wp-content\\\/uploads\\\/2025\\\/02\\\/IMG_9366-1024x768.jpeg\",\"big\":\"https:\\\/\\\/mandabokor.lutheran.hu\\\/wp-content\\\/uploads\\\/2025\\\/02\\\/IMG_9366-1024x768.jpeg\",\"thumb\":\"https:\\\/\\\/mandabokor.lutheran.hu\\\/wp-content\\\/uploads\\\/2025\\\/02\\\/IMG_9366-150x150.jpeg\",\"title\":\"IMG_9366\",\"description\":\"\"},{\"image\":\"https:\\\/\\\/mandabokor.lutheran.hu\\\/wp-content\\\/uploads\\\/2025\\\/02\\\/IMG_9383-1024x768.jpeg\",\"big\":\"https:\\\/\\\/mandabokor.lutheran.hu\\\/wp-content\\\/uploads\\\/2025\\\/02\\\/IMG_9383-1024x768.jpeg\",\"thumb\":\"https:\\\/\\\/mandabokor.lutheran.hu\\\/wp-content\\\/uploads\\\/2025\\\/02\\\/IMG_9383-150x150.jpeg\",\"title\":\"IMG_9383\",\"description\":\"\"},{\"image\":\"https:\\\/\\\/mandabokor.lutheran.hu\\\/wp-content\\\/uploads\\\/2025\\\/02\\\/IMG_9385-1024x768.jpeg\",\"big\":\"https:\\\/\\\/mandabokor.lutheran.hu\\\/wp-content\\\/uploads\\\/2025\\\/02\\\/IMG_9385-1024x768.jpeg\",\"thumb\":\"https:\\\/\\\/mandabokor.lutheran.hu\\\/wp-content\\\/uploads\\\/2025\\\/02\\\/IMG_9385-150x150.jpeg\",\"title\":\"IMG_9385\",\"description\":\"\"},{\"image\":\"https:\\\/\\\/mandabokor.lutheran.hu\\\/wp-content\\\/uploads\\\/2025\\\/02\\\/IMG_9757-1024x768.jpeg\",\"big\":\"https:\\\/\\\/mandabokor.lutheran.hu\\\/wp-content\\\/uploads\\\/2025\\\/02\\\/IMG_9757-1024x768.jpeg\",\"thumb\":\"https:\\\/\\\/mandabokor.lutheran.hu\\\/wp-content\\\/uploads\\\/2025\\\/02\\\/IMG_9757-150x150.jpeg\",\"title\":\"IMG_9757\",\"description\":\"\"},{\"image\":\"https:\\\/\\\/mandabokor.lutheran.hu\\\/wp-content\\\/uploads\\\/2025\\\/02\\\/IMG_9759-1024x768.jpeg\",\"big\":\"https:\\\/\\\/mandabokor.lutheran.hu\\\/wp-content\\\/uploads\\\/2025\\\/02\\\/IMG_9759-1024x768.jpeg\",\"thumb\":\"https:\\\/\\\/mandabokor.lutheran.hu\\\/wp-content\\\/uploads\\\/2025\\\/02\\\/IMG_9759-150x150.jpeg\",\"title\":\"IMG_9759\",\"description\":\"\"},{\"image\":\"https:\\\/\\\/mandabokor.lutheran.hu\\\/wp-content\\\/uploads\\\/2025\\\/02\\\/IMG_9762-1024x768.jpeg\",\"big\":\"https:\\\/\\\/mandabokor.lutheran.hu\\\/wp-content\\\/uploads\\\/2025\\\/02\\\/IMG_9762-1024x768.jpeg\",\"thumb\":\"https:\\\/\\\/mandabokor.lutheran.hu\\\/wp-content\\\/uploads\\\/2025\\\/02\\\/IMG_9762-150x150.jpeg\",\"title\":\"IMG_9762\",\"description\":\"\"},{\"image\":\"https:\\\/\\\/mandabokor.lutheran.hu\\\/wp-content\\\/uploads\\\/2025\\\/02\\\/IMG_9763-1024x768.jpeg\",\"big\":\"https:\\\/\\\/mandabokor.lutheran.hu\\\/wp-content\\\/uploads\\\/2025\\\/02\\\/IMG_9763-1024x768.jpeg\",\"thumb\":\"https:\\\/\\\/mandabokor.lutheran.hu\\\/wp-content\\\/uploads\\\/2025\\\/02\\\/IMG_9763-150x150.jpeg\",\"title\":\"IMG_9763\",\"description\":\"\"}],\"width\":\"auto\",\"height\":0.76,\"autoplay\":false,\"transition\":\"slide\",\"initialTransition\":\"fade\",\"transitionSpeed\":0,\"_delayTime\":4000,\"_hideControls\":false,\"_thumbnailMode\":\"grid\",\"_captionMode\":\"on_expand\"}); });<\/script>\n","protected":false},"excerpt":{"rendered":"","protected":false},"author":2,"featured_media":0,"parent":0,"menu_order":0,"comment_status":"closed","ping_status":"closed","template":"","meta":{"_monsterinsights_skip_tracking":false,"_monsterinsights_sitenote_active":false,"_monsterinsights_sitenote_note":"","_monsterinsights_sitenote_category":0},"_links":{"self":[{"href":"https:\/\/mandabokor.lutheran.hu\/index.php?rest_route=\/wp\/v2\/pages\/11540"}],"collection":[{"href":"https:\/\/mandabokor.lutheran.hu\/index.php?rest_route=\/wp\/v2\/pages"}],"about":[{"href":"https:\/\/mandabokor.lutheran.hu\/index.php?rest_route=\/wp\/v2\/types\/page"}],"author":[{"embeddable":true,"href":"https:\/\/mandabokor.lutheran.hu\/index.php?rest_route=\/wp\/v2\/users\/2"}],"replies":[{"embeddable":true,"href":"https:\/\/mandabokor.lutheran.hu\/index.php?rest_route=%2Fwp%2Fv2%2Fcomments&post=11540"}],"version-history":[{"count":2,"href":"https:\/\/mandabokor.lutheran.hu\/index.php?rest_route=\/wp\/v2\/pages\/11540\/revisions"}],"predecessor-version":[{"id":11697,"href":"https:\/\/mandabokor.lutheran.hu\/index.php?rest_route=\/wp\/v2\/pages\/11540\/revisions\/11697"}],"wp:attachment":[{"href":"https:\/\/mandabokor.lutheran.hu\/index.php?rest_route=%2Fwp%2Fv2%2Fmedia&parent=11540"}],"curies":[{"name":"wp","href":"https:\/\/api.w.org\/{rel}","templated":true}]}}