{"id":11002,"date":"2024-03-18T15:46:32","date_gmt":"2024-03-18T15:46:32","guid":{"rendered":"http:\/\/mandabokor.lutheran.hu\/?page_id=11002"},"modified":"2024-03-18T19:38:55","modified_gmt":"2024-03-18T19:38:55","slug":"uj-oltar-imahazba-vitele","status":"publish","type":"page","link":"https:\/\/mandabokor.lutheran.hu\/?page_id=11002","title":{"rendered":"\u00daj olt\u00e1r imah\u00e1zba vitele"},"content":{"rendered":"<!--[if lt IE 9]><script>document.createElement('video');<\/script><![endif]-->\n\t<div class=\"wp-playlist wp-video-playlist wp-playlist-light\">\n\t\t<video controls=\"controls\" preload=\"none\" width=\"503\"\n\t\t height=\"283\"\t><\/video>\n\t<div class=\"wp-playlist-next\"><\/div>\n\t<div class=\"wp-playlist-prev\"><\/div>\n\t<noscript>\n\t<ol>\n\t\t<li><a href='https:\/\/mandabokor.lutheran.hu\/wp-content\/uploads\/2024\/03\/IMG_1997.mov'>IMG_1997<\/a><\/li><li><a href='https:\/\/mandabokor.lutheran.hu\/wp-content\/uploads\/2024\/03\/IMG_1998.mov'>IMG_1998<\/a><\/li><li><a href='https:\/\/mandabokor.lutheran.hu\/wp-content\/uploads\/2024\/03\/IMG_2002.mov'>IMG_2002<\/a><\/li><li><a href='https:\/\/mandabokor.lutheran.hu\/wp-content\/uploads\/2024\/03\/IMG_2003.mov'>IMG_2003<\/a><\/li><li><a href='https:\/\/mandabokor.lutheran.hu\/wp-content\/uploads\/2024\/03\/IMG_2008.mov'>IMG_2008<\/a><\/li><li><a href='https:\/\/mandabokor.lutheran.hu\/wp-content\/uploads\/2024\/03\/IMG_2012.mov'>IMG_2012<\/a><\/li><li><a href='https:\/\/mandabokor.lutheran.hu\/wp-content\/uploads\/2024\/03\/IMG_2017.mov'>IMG_2017<\/a><\/li>\t<\/ol>\n\t<\/noscript>\n\t<script type=\"application\/json\" class=\"wp-playlist-script\">{\"type\":\"video\",\"tracklist\":true,\"tracknumbers\":true,\"images\":true,\"artists\":true,\"tracks\":[{\"src\":\"https:\\\/\\\/mandabokor.lutheran.hu\\\/wp-content\\\/uploads\\\/2024\\\/03\\\/IMG_1997.mov\",\"type\":\"video\\\/quicktime\",\"title\":\"IMG_1997\",\"caption\":\"\",\"description\":\"\",\"meta\":{\"length_formatted\":\"0:11\"},\"dimensions\":{\"original\":{\"width\":1920,\"height\":1080},\"resized\":{\"width\":503,\"height\":283}},\"image\":{\"src\":\"https:\\\/\\\/mandabokor.lutheran.hu\\\/wp-includes\\\/images\\\/media\\\/video.png\",\"width\":48,\"height\":64},\"thumb\":{\"src\":\"https:\\\/\\\/mandabokor.lutheran.hu\\\/wp-includes\\\/images\\\/media\\\/video.png\",\"width\":48,\"height\":64}},{\"src\":\"https:\\\/\\\/mandabokor.lutheran.hu\\\/wp-content\\\/uploads\\\/2024\\\/03\\\/IMG_1998.mov\",\"type\":\"video\\\/quicktime\",\"title\":\"IMG_1998\",\"caption\":\"\",\"description\":\"\",\"meta\":{\"length_formatted\":\"0:02\"},\"dimensions\":{\"original\":{\"width\":1920,\"height\":1080},\"resized\":{\"width\":503,\"height\":283}},\"image\":{\"src\":\"https:\\\/\\\/mandabokor.lutheran.hu\\\/wp-includes\\\/images\\\/media\\\/video.png\",\"width\":48,\"height\":64},\"thumb\":{\"src\":\"https:\\\/\\\/mandabokor.lutheran.hu\\\/wp-includes\\\/images\\\/media\\\/video.png\",\"width\":48,\"height\":64}},{\"src\":\"https:\\\/\\\/mandabokor.lutheran.hu\\\/wp-content\\\/uploads\\\/2024\\\/03\\\/IMG_2002.mov\",\"type\":\"video\\\/quicktime\",\"title\":\"IMG_2002\",\"caption\":\"\",\"description\":\"\",\"meta\":{\"length_formatted\":\"0:33\"},\"dimensions\":{\"original\":{\"width\":1920,\"height\":1080},\"resized\":{\"width\":503,\"height\":283}},\"image\":{\"src\":\"https:\\\/\\\/mandabokor.lutheran.hu\\\/wp-includes\\\/images\\\/media\\\/video.png\",\"width\":48,\"height\":64},\"thumb\":{\"src\":\"https:\\\/\\\/mandabokor.lutheran.hu\\\/wp-includes\\\/images\\\/media\\\/video.png\",\"width\":48,\"height\":64}},{\"src\":\"https:\\\/\\\/mandabokor.lutheran.hu\\\/wp-content\\\/uploads\\\/2024\\\/03\\\/IMG_2003.mov\",\"type\":\"video\\\/quicktime\",\"title\":\"IMG_2003\",\"caption\":\"\",\"description\":\"\",\"meta\":{\"length_formatted\":\"0:53\"},\"dimensions\":{\"original\":{\"width\":1920,\"height\":1080},\"resized\":{\"width\":503,\"height\":283}},\"image\":{\"src\":\"https:\\\/\\\/mandabokor.lutheran.hu\\\/wp-includes\\\/images\\\/media\\\/video.png\",\"width\":48,\"height\":64},\"thumb\":{\"src\":\"https:\\\/\\\/mandabokor.lutheran.hu\\\/wp-includes\\\/images\\\/media\\\/video.png\",\"width\":48,\"height\":64}},{\"src\":\"https:\\\/\\\/mandabokor.lutheran.hu\\\/wp-content\\\/uploads\\\/2024\\\/03\\\/IMG_2008.mov\",\"type\":\"video\\\/quicktime\",\"title\":\"IMG_2008\",\"caption\":\"\",\"description\":\"\",\"meta\":{\"length_formatted\":\"1:03\"},\"dimensions\":{\"original\":{\"width\":1920,\"height\":1080},\"resized\":{\"width\":503,\"height\":283}},\"image\":{\"src\":\"https:\\\/\\\/mandabokor.lutheran.hu\\\/wp-includes\\\/images\\\/media\\\/video.png\",\"width\":48,\"height\":64},\"thumb\":{\"src\":\"https:\\\/\\\/mandabokor.lutheran.hu\\\/wp-includes\\\/images\\\/media\\\/video.png\",\"width\":48,\"height\":64}},{\"src\":\"https:\\\/\\\/mandabokor.lutheran.hu\\\/wp-content\\\/uploads\\\/2024\\\/03\\\/IMG_2012.mov\",\"type\":\"video\\\/quicktime\",\"title\":\"IMG_2012\",\"caption\":\"\",\"description\":\"\",\"meta\":{\"length_formatted\":\"0:59\"},\"dimensions\":{\"original\":{\"width\":1920,\"height\":1080},\"resized\":{\"width\":503,\"height\":283}},\"image\":{\"src\":\"https:\\\/\\\/mandabokor.lutheran.hu\\\/wp-includes\\\/images\\\/media\\\/video.png\",\"width\":48,\"height\":64},\"thumb\":{\"src\":\"https:\\\/\\\/mandabokor.lutheran.hu\\\/wp-includes\\\/images\\\/media\\\/video.png\",\"width\":48,\"height\":64}},{\"src\":\"https:\\\/\\\/mandabokor.lutheran.hu\\\/wp-content\\\/uploads\\\/2024\\\/03\\\/IMG_2017.mov\",\"type\":\"video\\\/quicktime\",\"title\":\"IMG_2017\",\"caption\":\"\",\"description\":\"\",\"meta\":{\"length_formatted\":\"1:05\"},\"dimensions\":{\"original\":{\"width\":1920,\"height\":1080},\"resized\":{\"width\":503,\"height\":283}},\"image\":{\"src\":\"https:\\\/\\\/mandabokor.lutheran.hu\\\/wp-includes\\\/images\\\/media\\\/video.png\",\"width\":48,\"height\":64},\"thumb\":{\"src\":\"https:\\\/\\\/mandabokor.lutheran.hu\\\/wp-includes\\\/images\\\/media\\\/video.png\",\"width\":48,\"height\":64}}]}<\/script>\n<\/div>\n\t\n","protected":false},"excerpt":{"rendered":"","protected":false},"author":2,"featured_media":0,"parent":0,"menu_order":0,"comment_status":"closed","ping_status":"closed","template":"","meta":{"_monsterinsights_skip_tracking":false,"_monsterinsights_sitenote_active":false,"_monsterinsights_sitenote_note":"","_monsterinsights_sitenote_category":0},"_links":{"self":[{"href":"https:\/\/mandabokor.lutheran.hu\/index.php?rest_route=\/wp\/v2\/pages\/11002"}],"collection":[{"href":"https:\/\/mandabokor.lutheran.hu\/index.php?rest_route=\/wp\/v2\/pages"}],"about":[{"href":"https:\/\/mandabokor.lutheran.hu\/index.php?rest_route=\/wp\/v2\/types\/page"}],"author":[{"embeddable":true,"href":"https:\/\/mandabokor.lutheran.hu\/index.php?rest_route=\/wp\/v2\/users\/2"}],"replies":[{"embeddable":true,"href":"https:\/\/mandabokor.lutheran.hu\/index.php?rest_route=%2Fwp%2Fv2%2Fcomments&post=11002"}],"version-history":[{"count":2,"href":"https:\/\/mandabokor.lutheran.hu\/index.php?rest_route=\/wp\/v2\/pages\/11002\/revisions"}],"predecessor-version":[{"id":11015,"href":"https:\/\/mandabokor.lutheran.hu\/index.php?rest_route=\/wp\/v2\/pages\/11002\/revisions\/11015"}],"wp:attachment":[{"href":"https:\/\/mandabokor.lutheran.hu\/index.php?rest_route=%2Fwp%2Fv2%2Fmedia&parent=11002"}],"curies":[{"name":"wp","href":"https:\/\/api.w.org\/{rel}","templated":true}]}}