{"id":10989,"date":"2024-03-18T15:42:27","date_gmt":"2024-03-18T15:42:27","guid":{"rendered":"http:\/\/mandabokor.lutheran.hu\/?page_id=10989"},"modified":"2024-03-18T15:42:27","modified_gmt":"2024-03-18T15:42:27","slug":"csalados-es-ifjusagi-het","status":"publish","type":"page","link":"https:\/\/mandabokor.lutheran.hu\/?page_id=10989","title":{"rendered":"Csal\u00e1dos &#8211; \u00e9s Ifj\u00fas\u00e1gi h\u00e9t"},"content":{"rendered":"","protected":false},"excerpt":{"rendered":"","protected":false},"author":2,"featured_media":0,"parent":0,"menu_order":0,"comment_status":"closed","ping_status":"closed","template":"","meta":{"_monsterinsights_skip_tracking":false,"_monsterinsights_sitenote_active":false,"_monsterinsights_sitenote_note":"","_monsterinsights_sitenote_category":0},"_links":{"self":[{"href":"https:\/\/mandabokor.lutheran.hu\/index.php?rest_route=\/wp\/v2\/pages\/10989"}],"collection":[{"href":"https:\/\/mandabokor.lutheran.hu\/index.php?rest_route=\/wp\/v2\/pages"}],"about":[{"href":"https:\/\/mandabokor.lutheran.hu\/index.php?rest_route=\/wp\/v2\/types\/page"}],"author":[{"embeddable":true,"href":"https:\/\/mandabokor.lutheran.hu\/index.php?rest_route=\/wp\/v2\/users\/2"}],"replies":[{"embeddable":true,"href":"https:\/\/mandabokor.lutheran.hu\/index.php?rest_route=%2Fwp%2Fv2%2Fcomments&post=10989"}],"version-history":[{"count":1,"href":"https:\/\/mandabokor.lutheran.hu\/index.php?rest_route=\/wp\/v2\/pages\/10989\/revisions"}],"predecessor-version":[{"id":10990,"href":"https:\/\/mandabokor.lutheran.hu\/index.php?rest_route=\/wp\/v2\/pages\/10989\/revisions\/10990"}],"wp:attachment":[{"href":"https:\/\/mandabokor.lutheran.hu\/index.php?rest_route=%2Fwp%2Fv2%2Fmedia&parent=10989"}],"curies":[{"name":"wp","href":"https:\/\/api.w.org\/{rel}","templated":true}]}}