{"id":10796,"date":"2024-03-04T14:33:19","date_gmt":"2024-03-04T14:33:19","guid":{"rendered":"http:\/\/mandabokor.lutheran.hu\/?page_id=10796"},"modified":"2024-03-04T14:54:09","modified_gmt":"2024-03-04T14:54:09","slug":"hazas-es-csaladoskor","status":"publish","type":"page","link":"https:\/\/mandabokor.lutheran.hu\/?page_id=10796","title":{"rendered":"H\u00e1zas &#8211; \u00e9s Csal\u00e1dosk\u00f6r"},"content":{"rendered":"","protected":false},"excerpt":{"rendered":"","protected":false},"author":2,"featured_media":0,"parent":0,"menu_order":0,"comment_status":"closed","ping_status":"closed","template":"","meta":{"_monsterinsights_skip_tracking":false,"_monsterinsights_sitenote_active":false,"_monsterinsights_sitenote_note":"","_monsterinsights_sitenote_category":0},"_links":{"self":[{"href":"https:\/\/mandabokor.lutheran.hu\/index.php?rest_route=\/wp\/v2\/pages\/10796"}],"collection":[{"href":"https:\/\/mandabokor.lutheran.hu\/index.php?rest_route=\/wp\/v2\/pages"}],"about":[{"href":"https:\/\/mandabokor.lutheran.hu\/index.php?rest_route=\/wp\/v2\/types\/page"}],"author":[{"embeddable":true,"href":"https:\/\/mandabokor.lutheran.hu\/index.php?rest_route=\/wp\/v2\/users\/2"}],"replies":[{"embeddable":true,"href":"https:\/\/mandabokor.lutheran.hu\/index.php?rest_route=%2Fwp%2Fv2%2Fcomments&post=10796"}],"version-history":[{"count":3,"href":"https:\/\/mandabokor.lutheran.hu\/index.php?rest_route=\/wp\/v2\/pages\/10796\/revisions"}],"predecessor-version":[{"id":10863,"href":"https:\/\/mandabokor.lutheran.hu\/index.php?rest_route=\/wp\/v2\/pages\/10796\/revisions\/10863"}],"wp:attachment":[{"href":"https:\/\/mandabokor.lutheran.hu\/index.php?rest_route=%2Fwp%2Fv2%2Fmedia&parent=10796"}],"curies":[{"name":"wp","href":"https:\/\/api.w.org\/{rel}","templated":true}]}}