{"id":106,"date":"2017-01-30T13:33:57","date_gmt":"2017-01-30T13:33:57","guid":{"rendered":"http:\/\/mandabokor.lutheran.hu\/?page_id=106"},"modified":"2017-01-30T13:33:57","modified_gmt":"2017-01-30T13:33:57","slug":"linkek","status":"publish","type":"page","link":"https:\/\/mandabokor.lutheran.hu\/?page_id=106","title":{"rendered":"Linkek"},"content":{"rendered":"<p>K\u00f6rzet\u00fcnk facebook oldala: <a href=\"https:\/\/www.facebook.com\/mandabokor\">Kattintson ide!<\/a><\/p>\n<p>Egyh\u00e1zk\u00f6zs\u00e9g\u00fcnk facebook oldala:<a href=\"https:\/\/www.facebook.com\/evnyiregyhaza\"> Kattintson ide!<\/a><\/p>\n<p>Seg\u00edts\u00e9g H\u00e1za Alap\u00edtv\u00e1ny weboldala:\u00a0<a href=\"http:\/\/tirpak.lutheran.hu\/\">Kattintson ide!<\/a><\/p>\n<p>Egyh\u00e1zk\u00f6zs\u00e9g weboldala:\u00a0<a href=\"http:\/\/nyiregyhaza.lutheran.hu\/\">Kattintson ide!<\/a><\/p>\n<p>Evang\u00e9likusok K\u00f6z\u00f6ss\u00e9ge az Evang\u00e9lium\u00e9rt (EKE) weboldala:\u00a0<a href=\"http:\/\/eke.lutheran.hu\/index.php\">Kattintson ide!<\/a><\/p>\n<p>Garai Andr\u00e1s weboldala:\u00a0<a href=\"http:\/\/web.t-online.hu\/garainyh\/\">Kattintson ide!<\/a><\/p>\n","protected":false},"excerpt":{"rendered":"<p>K\u00f6rzet\u00fcnk facebook oldala: Kattintson ide! Egyh\u00e1zk\u00f6zs\u00e9g\u00fcnk facebook oldala: Kattintson ide! Seg\u00edts\u00e9g H\u00e1za Alap\u00edtv\u00e1ny weboldala:\u00a0Kattintson ide! Egyh\u00e1zk\u00f6zs\u00e9g weboldala:\u00a0Kattintson ide! Evang\u00e9likusok K\u00f6z\u00f6ss\u00e9ge az Evang\u00e9lium\u00e9rt (EKE) weboldala:\u00a0Kattintson ide! Garai Andr\u00e1s weboldala:\u00a0Kattintson ide!<\/p>\n","protected":false},"author":1,"featured_media":0,"parent":0,"menu_order":0,"comment_status":"closed","ping_status":"closed","template":"","meta":{"_monsterinsights_skip_tracking":false,"_monsterinsights_sitenote_active":false,"_monsterinsights_sitenote_note":"","_monsterinsights_sitenote_category":0},"_links":{"self":[{"href":"https:\/\/mandabokor.lutheran.hu\/index.php?rest_route=\/wp\/v2\/pages\/106"}],"collection":[{"href":"https:\/\/mandabokor.lutheran.hu\/index.php?rest_route=\/wp\/v2\/pages"}],"about":[{"href":"https:\/\/mandabokor.lutheran.hu\/index.php?rest_route=\/wp\/v2\/types\/page"}],"author":[{"embeddable":true,"href":"https:\/\/mandabokor.lutheran.hu\/index.php?rest_route=\/wp\/v2\/users\/1"}],"replies":[{"embeddable":true,"href":"https:\/\/mandabokor.lutheran.hu\/index.php?rest_route=%2Fwp%2Fv2%2Fcomments&post=106"}],"version-history":[{"count":1,"href":"https:\/\/mandabokor.lutheran.hu\/index.php?rest_route=\/wp\/v2\/pages\/106\/revisions"}],"predecessor-version":[{"id":107,"href":"https:\/\/mandabokor.lutheran.hu\/index.php?rest_route=\/wp\/v2\/pages\/106\/revisions\/107"}],"wp:attachment":[{"href":"https:\/\/mandabokor.lutheran.hu\/index.php?rest_route=%2Fwp%2Fv2%2Fmedia&parent=106"}],"curies":[{"name":"wp","href":"https:\/\/api.w.org\/{rel}","templated":true}]}}