{"id":104,"date":"2017-01-30T13:33:09","date_gmt":"2017-01-30T13:33:09","guid":{"rendered":"http:\/\/mandabokor.lutheran.hu\/?page_id=104"},"modified":"2019-06-06T21:08:17","modified_gmt":"2019-06-06T21:08:17","slug":"szamlaszamok","status":"publish","type":"page","link":"https:\/\/mandabokor.lutheran.hu\/?page_id=104","title":{"rendered":"Sz\u00e1mlasz\u00e1mok"},"content":{"rendered":"<p><em><strong>Ny\u00edregyh\u00e1zi Evang\u00e9likus Egyh\u00e1zk\u00f6zs\u00e9g<\/strong><\/em><\/p>\n<p><strong>Sz\u00e1mlasz\u00e1m: <\/strong>11100702-19861274-36000001<\/p>\n<p><strong>Ad\u00f3sz\u00e1m:<\/strong> 19861274-1-15<\/p>\n<p><strong>Honlap:<\/strong> nyiregyhaza.lutheran.hu<\/p>\n<p>&nbsp;<\/p>\n<p><strong><span style=\"color: #ff0000;\">Mandabokori Imah\u00e1z b\u0151v\u00edt\u00e9s\u00e9re<\/span> t\u00f6rt\u00e9n\u0151 felaj\u00e1nl\u00e1s banksz\u00e1mlasz\u00e1ma<\/strong><\/p>\n<div><strong>CIB Bank<\/strong><\/div>\n<div>\n<p><strong>10702071-19861274-51200002<\/strong><\/p>\n<p>&nbsp;<\/p>\n<\/div>\n<div><\/div>\n<p>Az egyh\u00e1zk\u00f6zs\u00e9g az\u00e9rt hozta l\u00e9tre az Alap\u00edtv\u00e1nyt, hogy a gy\u00fclekezet hit\u00e9leti tev\u00e9kenys\u00e9g\u00e9t, gyermekek t\u00e1boroztat\u00e1s\u00e1t, gy\u00fclekezeti programokat megval\u00f3s\u00edtson:<\/p>\n<p><strong><em>Seg\u00edts\u00e9g H\u00e1za a tirp\u00e1k ut\u00f3dok\u00e9rt Alap\u00edtv\u00e1ny <\/em><\/strong><\/p>\n<p><strong><em>Sz\u00e1mlasz\u00e1ma:\u00a0<\/em><\/strong>10702071-66219381-51100005<\/p>\n<p><strong>Ad\u00f3sz\u00e1ma:<\/strong>\u00a018151053-1-15<\/p>\n<p><strong>Honlap:<\/strong> tirpak.lutheran.hu<\/p>\n<p>&nbsp;<\/p>\n<p>Az Egyh\u00e1zk\u00f6zs\u00e9g az\u00e9rt hozta l\u00e9tre az Alap\u00edtv\u00e1nyt, hogy az Evang\u00e9likus Nagytemplom fel\u00faj\u00edt\u00e1s\u00e1t, fenntart\u00e1s\u00e1t t\u00e1mogassa:<\/p>\n<p><strong><em>Ny\u00edregyh\u00e1zi Evang\u00e9likus Nagytemplom\u00e9rt Alap\u00edtv\u00e1ny<\/em><\/strong><\/p>\n<p><strong>Sz\u00e1mlasz\u00e1m:<\/strong> 11100702-18801703-10000001<\/p>\n<p><strong>Ad\u00f3sz\u00e1m: <\/strong>18801703-1-15<\/p>\n<p><strong>Honlap:<\/strong> &#8211;<\/p>\n<p><strong>Evang\u00e9likus Egyh\u00e1z technikai sz\u00e1ma<\/strong><\/p>\n<h1><span style=\"color: #ff0000;\"><strong>0035<\/strong><\/span><\/h1>\n","protected":false},"excerpt":{"rendered":"<p>Ny\u00edregyh\u00e1zi Evang\u00e9likus Egyh\u00e1zk\u00f6zs\u00e9g Sz\u00e1mlasz\u00e1m: 11100702-19861274-36000001 Ad\u00f3sz\u00e1m: 19861274-1-15 Honlap: nyiregyhaza.lutheran.hu &nbsp; Mandabokori Imah\u00e1z b\u0151v\u00edt\u00e9s\u00e9re t\u00f6rt\u00e9n\u0151 felaj\u00e1nl\u00e1s banksz\u00e1mlasz\u00e1ma CIB Bank 10702071-19861274-51200002 &nbsp; Az egyh\u00e1zk\u00f6zs\u00e9g az\u00e9rt hozta l\u00e9tre az Alap\u00edtv\u00e1nyt, hogy a gy\u00fclekezet hit\u00e9leti tev\u00e9kenys\u00e9g\u00e9t, gyermekek t\u00e1boroztat\u00e1s\u00e1t, gy\u00fclekezeti programokat megval\u00f3s\u00edtson: Seg\u00edts\u00e9g H\u00e1za a tirp\u00e1k ut\u00f3dok\u00e9rt Alap\u00edtv\u00e1ny Sz\u00e1mlasz\u00e1ma:\u00a010702071-66219381-51100005 Ad\u00f3sz\u00e1ma:\u00a018151053-1-15 Honlap: tirpak.lutheran.hu &nbsp; Az Egyh\u00e1zk\u00f6zs\u00e9g az\u00e9rt hozta l\u00e9tre az Alap\u00edtv\u00e1nyt, &hellip; <\/p>\n<p class=\"link-more\"><a href=\"https:\/\/mandabokor.lutheran.hu\/?page_id=104\" class=\"more-link\"><span class=\"screen-reader-text\">&#8220;Sz\u00e1mlasz\u00e1mok&#8221;<\/span> b\u0151vebben<\/a><\/p>\n","protected":false},"author":1,"featured_media":0,"parent":0,"menu_order":0,"comment_status":"closed","ping_status":"closed","template":"","meta":{"_monsterinsights_skip_tracking":false,"_monsterinsights_sitenote_active":false,"_monsterinsights_sitenote_note":"","_monsterinsights_sitenote_category":0},"_links":{"self":[{"href":"https:\/\/mandabokor.lutheran.hu\/index.php?rest_route=\/wp\/v2\/pages\/104"}],"collection":[{"href":"https:\/\/mandabokor.lutheran.hu\/index.php?rest_route=\/wp\/v2\/pages"}],"about":[{"href":"https:\/\/mandabokor.lutheran.hu\/index.php?rest_route=\/wp\/v2\/types\/page"}],"author":[{"embeddable":true,"href":"https:\/\/mandabokor.lutheran.hu\/index.php?rest_route=\/wp\/v2\/users\/1"}],"replies":[{"embeddable":true,"href":"https:\/\/mandabokor.lutheran.hu\/index.php?rest_route=%2Fwp%2Fv2%2Fcomments&post=104"}],"version-history":[{"count":9,"href":"https:\/\/mandabokor.lutheran.hu\/index.php?rest_route=\/wp\/v2\/pages\/104\/revisions"}],"predecessor-version":[{"id":6695,"href":"https:\/\/mandabokor.lutheran.hu\/index.php?rest_route=\/wp\/v2\/pages\/104\/revisions\/6695"}],"wp:attachment":[{"href":"https:\/\/mandabokor.lutheran.hu\/index.php?rest_route=%2Fwp%2Fv2%2Fmedia&parent=104"}],"curies":[{"name":"wp","href":"https:\/\/api.w.org\/{rel}","templated":true}]}}