{"id":10314,"date":"2023-03-24T07:15:21","date_gmt":"2023-03-24T07:15:21","guid":{"rendered":"http:\/\/mandabokor.lutheran.hu\/?page_id=10314"},"modified":"2024-12-18T16:31:51","modified_gmt":"2024-12-18T16:31:51","slug":"okkultizmus-babonasag","status":"publish","type":"page","link":"https:\/\/mandabokor.lutheran.hu\/?page_id=10314","title":{"rendered":"Okkultizmus &#8211; babonas\u00e1g"},"content":{"rendered":"<table style=\"width: 236.034%; height: 200px;\">\n<tbody>\n<tr>\n<td style=\"text-align: center;\"><strong>Okkultizmnus, babonas\u00e1g<\/strong><\/p>\n<p><strong>Az \u00edr\u00f3asztal el\u0151tt t\u00e9rden \u00e1llva megharcolt \u00edrott igehirdet\u00e9s<br \/>\nnem mindig egyezik meg a sz\u00f3sz\u00e9ken a Szentl\u00e9lek \u00e1ltal megsz\u00fcletett, elmondott igehirdet\u00e9ssel.<\/strong><\/td>\n<\/tr>\n<\/tbody>\n<\/table>\n<table class=\"aligncenter\" style=\"width: 236.551%;\" border=\"1\">\n<tbody>\n<tr style=\"border-color: #000000;\">\n<td style=\"width: 10.5172%;\"><span style=\"color: #ff0000;\"><b>\u00a0 \u00a0 \u00a0 \u00a02019.03.10.<\/b><\/span><\/td>\n<td style=\"width: 10%;\"><a style=\"color: #000000;\" href=\"http:\/\/mandabokor.lutheran.hu\/wp-content\/uploads\/2024\/12\/PDF-6.pdf\" target=\"_blank\" rel=\"noopener\">PDF<\/a><br \/>\n<a href=\"https:\/\/mandabokor.lutheran.hu\/wp-content\/uploads\/2024\/12\/PPT-4.ppsx\" target=\"_blank\" rel=\"noopener\">PPT<\/a><\/td>\n<td style=\"width: 23.6207%;\"><strong>V M\u00f3z 7,25-26; V M\u00f3z 13,7-9; V M\u00f3z 18,10-12.14; \u00c9zs 8,19; Gal 5,20-21<\/strong><\/td>\n<td style=\"width: 14.3103%; padding-left: 40px;\">Zsarnai Kriszti\u00e1n<\/td>\n<td style=\"width: 29.6552%;\"><strong>Mivel v\u00e1llalsz k\u00f6z\u00f6ss\u00e9get Babonas\u00e1g &#8211; b\u00e1lv\u00e1nyok<\/strong><\/td>\n<td style=\"width: 148.103%;\"><\/td>\n<\/tr>\n<tr style=\"border-color: #000000;\">\n<td style=\"width: 10.5172%;\"><span style=\"color: #ff0000;\"><strong>\u00a0 \u00a0 \u00a0 \u00a02018.05.13.<\/strong><\/span><\/td>\n<td style=\"width: 10%;\"><a href=\"http:\/\/mandabokor.lutheran.hu\/wp-content\/uploads\/2024\/12\/Labossane-Kovago-Anita-van-e-keresztyen-joga-termeszetgyogyaszat.pdf\" target=\"_blank\" rel=\"noopener\">PDF<\/a><\/td>\n<td style=\"width: 23.6207%; text-align: left;\"><strong>\u00a0 \u00a0 \u00a0 \u00a0 \u00a0 \u00a0 \u00a0 \u00a0 \u00a0 \u00a0 \u00a0 \u00a0 \u00a0 \u00a0 \u00a0 \u00a0 \u00a0 Lk 8,43-44<\/strong><\/td>\n<td style=\"width: 14.3103%;\">\u00a0 \u00a0 \u00a0Laboss\u00e1n\u00e9 K\u0151v\u00e1g\u00f3\u00a0 \u00a0 \u00a0 \u00a0 \u00a0 \u00a0 \u00a0 \u00a0 \u00a0 \u00a0 \u00a0 \u00a0 \u00a0Anita<\/td>\n<td style=\"width: 29.6552%;\"><strong>Van-e kereszty\u00e9n j\u00f3ga, term\u00e9szetgy\u00f3gy\u00e1szat?<\/strong><\/td>\n<td style=\"width: 148.103%;\"><\/td>\n<\/tr>\n<tr style=\"border-color: #000000;\">\n<td style=\"width: 10.5172%;\"><span style=\"color: #ff0000;\"><strong>\u00a0 \u00a0 \u00a0 \u00a02017.11.12.<\/strong><\/span><\/td>\n<td style=\"width: 10%;\"><a href=\"http:\/\/mandabokor.lutheran.hu\/wp-content\/uploads\/2024\/12\/PDF-4.pdf\" target=\"_blank\" rel=\"noopener\">PDF<\/a><\/td>\n<td style=\"width: 23.6207%;\"><strong>\u00a0 \u00a0 \u00a0 \u00a0 \u00a0 \u00a0 \u00a0 \u00a0 \u00a0 \u00a0 \u00a0 \u00a0 \u00a0 \u00a0 \u00a0 I S\u00e1m 28,1-20<\/strong><\/td>\n<td style=\"width: 14.3103%; padding-left: 40px;\">Zsarnai Kriszti\u00e1n<\/td>\n<td style=\"width: 29.6552%;\"><strong>Kinek nyitsz ajt\u00f3t babonas\u00e1g &#8211; okkultizmus<\/strong><\/td>\n<td style=\"width: 148.103%;\"><\/td>\n<\/tr>\n<\/tbody>\n<\/table>\n","protected":false},"excerpt":{"rendered":"<p>Okkultizmnus, babonas\u00e1g Az \u00edr\u00f3asztal el\u0151tt t\u00e9rden \u00e1llva megharcolt \u00edrott igehirdet\u00e9s nem mindig egyezik meg a sz\u00f3sz\u00e9ken a Szentl\u00e9lek \u00e1ltal megsz\u00fcletett, elmondott igehirdet\u00e9ssel. \u00a0 \u00a0 \u00a0 \u00a02019.03.10. PDF PPT V M\u00f3z 7,25-26; V M\u00f3z 13,7-9; V M\u00f3z 18,10-12.14; \u00c9zs 8,19; Gal 5,20-21 Zsarnai Kriszti\u00e1n Mivel v\u00e1llalsz k\u00f6z\u00f6ss\u00e9get Babonas\u00e1g &#8211; b\u00e1lv\u00e1nyok \u00a0 \u00a0 \u00a0 \u00a02018.05.13. PDF \u00a0 &hellip; <\/p>\n<p class=\"link-more\"><a href=\"https:\/\/mandabokor.lutheran.hu\/?page_id=10314\" class=\"more-link\"><span class=\"screen-reader-text\">&#8220;Okkultizmus &#8211; babonas\u00e1g&#8221;<\/span> b\u0151vebben<\/a><\/p>\n","protected":false},"author":2,"featured_media":0,"parent":0,"menu_order":0,"comment_status":"closed","ping_status":"closed","template":"","meta":{"_monsterinsights_skip_tracking":false,"_monsterinsights_sitenote_active":false,"_monsterinsights_sitenote_note":"","_monsterinsights_sitenote_category":0},"_links":{"self":[{"href":"https:\/\/mandabokor.lutheran.hu\/index.php?rest_route=\/wp\/v2\/pages\/10314"}],"collection":[{"href":"https:\/\/mandabokor.lutheran.hu\/index.php?rest_route=\/wp\/v2\/pages"}],"about":[{"href":"https:\/\/mandabokor.lutheran.hu\/index.php?rest_route=\/wp\/v2\/types\/page"}],"author":[{"embeddable":true,"href":"https:\/\/mandabokor.lutheran.hu\/index.php?rest_route=\/wp\/v2\/users\/2"}],"replies":[{"embeddable":true,"href":"https:\/\/mandabokor.lutheran.hu\/index.php?rest_route=%2Fwp%2Fv2%2Fcomments&post=10314"}],"version-history":[{"count":9,"href":"https:\/\/mandabokor.lutheran.hu\/index.php?rest_route=\/wp\/v2\/pages\/10314\/revisions"}],"predecessor-version":[{"id":11486,"href":"https:\/\/mandabokor.lutheran.hu\/index.php?rest_route=\/wp\/v2\/pages\/10314\/revisions\/11486"}],"wp:attachment":[{"href":"https:\/\/mandabokor.lutheran.hu\/index.php?rest_route=%2Fwp%2Fv2%2Fmedia&parent=10314"}],"curies":[{"name":"wp","href":"https:\/\/api.w.org\/{rel}","templated":true}]}}